{"id":953,"date":"2020-06-21T23:16:09","date_gmt":"2020-06-21T20:16:09","guid":{"rendered":"https:\/\/www.taksvarkki.fi\/nepal2020\/?page_id=953"},"modified":"2021-02-01T12:24:32","modified_gmt":"2021-02-01T10:24:32","slug":"for-teachers","status":"publish","type":"page","link":"https:\/\/www.taksvarkki.fi\/nepal2020\/en\/for-teachers\/","title":{"rendered":"For teachers"},"content":{"rendered":"\t\t<div data-elementor-type=\"wp-page\" data-elementor-id=\"953\" class=\"elementor elementor-953\">\n\t\t\t\t\t\t<section class=\"elementor-section elementor-top-section elementor-element elementor-element-0a555e0 elementor-section-boxed elementor-section-height-default elementor-section-height-default\" data-id=\"0a555e0\" data-element_type=\"section\" data-e-type=\"section\">\n\t\t\t\t\t\t<div class=\"elementor-container elementor-column-gap-default\">\n\t\t\t\t\t<div class=\"elementor-column elementor-col-100 elementor-top-column elementor-element elementor-element-6354823\" data-id=\"6354823\" data-element_type=\"column\" data-e-type=\"column\">\n\t\t\t<div class=\"elementor-widget-wrap elementor-element-populated\">\n\t\t\t\t\t\t<div class=\"elementor-element elementor-element-15cc36f elementor-widget elementor-widget-heading\" data-id=\"15cc36f\" data-element_type=\"widget\" data-e-type=\"widget\" data-widget_type=\"heading.default\">\n\t\t\t\t<div class=\"elementor-widget-container\">\n\t\t\t\t\t<h2 class=\"elementor-heading-title elementor-size-default\">The Taksv\u00e4rkki campaign has a strong Global citizenship education component<\/h2>\t\t\t\t<\/div>\n\t\t\t\t<\/div>\n\t\t\t\t<div class=\"elementor-element elementor-element-62d2f02 elementor-widget elementor-widget-text-editor\" data-id=\"62d2f02\" data-element_type=\"widget\" data-e-type=\"widget\" data-widget_type=\"text-editor.default\">\n\t\t\t\t<div class=\"elementor-widget-container\">\n\t\t\t\t\t\t\t\t\t<p>The goal of Taksv\u00e4rkki\u00b4s global citizenship education is to raise a sense of global responsibility in Finnish young people and to build links between youth in Finland and in Nepal.<\/p><p>Taksv\u00e4rkki\u2019s volunteer Global Educators visit elementary and secondary schools in different parts of Finland and hold workshops on equality, well-being, active youth in Nepal, and children\u2019s rights. These participatory workshops are complemented by high-quality learning materials and study packages for teachers.\u00a0<\/p><p>Currently the learning materials of Right to be me campaign are not available in English. You can find the campaign&#8217;s <span style=\"text-decoration: underline;\"><a href=\"https:\/\/www.taksvarkki.fi\/nepal2020\/oppitunnille\/\" target=\"_blank\" rel=\"noopener\">learning material in Finnish<\/a><\/span>\u00a0and the same\u00a0<span style=\"text-decoration: underline;\"><a href=\"https:\/\/www.taksvarkki.fi\/nepal2020\/sv\/material-for-lektioner\/\" target=\"_blank\" rel=\"noopener\">learning material in Swedish<\/a><\/span>.<\/p><p>Read more about Taksv\u00e4rkki&#8217;s <a style=\"background-color: #ffffff;\" href=\"https:\/\/www.taksvarkki.fi\/en\/global-education\" target=\"_blank\" rel=\"noopener\"><span style=\"text-decoration: underline;\">global<\/span> <\/a><span style=\"text-decoration: underline;\"><a style=\"background-color: #ffffff;\" href=\"https:\/\/www.taksvarkki.fi\/en\/global-education\" target=\"_blank\" rel=\"noopener\">citizenship education<\/a><\/span>.<\/p><p><strong><em>Aura Alarto<br \/><\/em><\/strong><em>Global education officer<br \/><\/em><em>050 348 5668, <span style=\"text-decoration: underline;\"><a href=\"mailto:aura.alarto@taksvarkki.fi\">aura.alarto@taksvarkki.fi<\/a><\/span><\/em><\/p>\t\t\t\t\t\t\t\t<\/div>\n\t\t\t\t<\/div>\n\t\t\t\t\t<\/div>\n\t\t<\/div>\n\t\t\t\t\t<\/div>\n\t\t<\/section>\n\t\t\t\t<section class=\"elementor-section elementor-top-section elementor-element elementor-element-6aa9543 elementor-section-boxed elementor-section-height-default elementor-section-height-default\" data-id=\"6aa9543\" data-element_type=\"section\" data-e-type=\"section\">\n\t\t\t\t\t\t<div class=\"elementor-container elementor-column-gap-default\">\n\t\t\t\t\t<div class=\"elementor-column elementor-col-100 elementor-top-column elementor-element elementor-element-4b74ef0\" data-id=\"4b74ef0\" data-element_type=\"column\" data-e-type=\"column\">\n\t\t\t<div class=\"elementor-widget-wrap elementor-element-populated\">\n\t\t\t\t\t\t<div class=\"elementor-element elementor-element-9b36a17 elementor-widget elementor-widget-heading\" data-id=\"9b36a17\" data-element_type=\"widget\" data-e-type=\"widget\" data-widget_type=\"heading.default\">\n\t\t\t\t<div class=\"elementor-widget-container\">\n\t\t\t\t\t<h2 class=\"elementor-heading-title elementor-size-default\">Read and download Taksv\u00e4rkki\u2019s popular handbooks<\/h2>\t\t\t\t<\/div>\n\t\t\t\t<\/div>\n\t\t\t\t<div class=\"elementor-element elementor-element-001fafa elementor-widget elementor-widget-text-editor\" data-id=\"001fafa\" data-element_type=\"widget\" data-e-type=\"widget\" data-widget_type=\"text-editor.default\">\n\t\t\t\t<div class=\"elementor-widget-container\">\n\t\t\t\t\t\t\t\t\t<p><span style=\"text-decoration: underline;\"><a style=\"background-color: #ffffff;\" href=\"https:\/\/www.taksvarkki.fi\/tv\/wp-content\/uploads\/2013\/08\/make_a_difference_web.pdf\" target=\"_blank\" rel=\"noopener\">Make a difference!<\/a><\/span> Critical pedagogy: insight and tools for youth for making societal change.<\/p>\t\t\t\t\t\t\t\t<\/div>\n\t\t\t\t<\/div>\n\t\t\t\t<div class=\"elementor-element elementor-element-a290c78 elementor-widget elementor-widget-heading\" data-id=\"a290c78\" data-element_type=\"widget\" data-e-type=\"widget\" data-widget_type=\"heading.default\">\n\t\t\t\t<div class=\"elementor-widget-container\">\n\t\t\t\t\t<h2 class=\"elementor-heading-title elementor-size-default\">Pictures from Nepal<\/h2>\t\t\t\t<\/div>\n\t\t\t\t<\/div>\n\t\t\t\t<div class=\"elementor-element elementor-element-37e6058 elementor-widget elementor-widget-image-gallery\" data-id=\"37e6058\" data-element_type=\"widget\" data-e-type=\"widget\" data-widget_type=\"image-gallery.default\">\n\t\t\t\t<div class=\"elementor-widget-container\">\n\t\t\t\t\t\t\t<div class=\"elementor-image-gallery\">\n\t\t\t<div id='gallery-1' class='gallery galleryid-953 gallery-columns-2 gallery-size-medium_large'><figure class='gallery-item'>\n\t\t\t<div class='gallery-icon landscape'>\n\t\t\t\t<a data-elementor-open-lightbox=\"yes\" data-elementor-lightbox-slideshow=\"37e6058\" data-elementor-lightbox-title=\"Nepal_vuoristo\" data-e-action-hash=\"#elementor-action%3Aaction%3Dlightbox%26settings%3DeyJpZCI6ODI3LCJ1cmwiOiJodHRwczpcL1wvd3d3LnRha3N2YXJra2kuZmlcL25lcGFsMjAyMFwvd3AtY29udGVudFwvdXBsb2Fkc1wvc2l0ZXNcLzhcLzIwMjBcLzA2XC9OZXBhbF92dW9yaXN0by1zY2FsZWQuanBnIiwic2xpZGVzaG93IjoiMzdlNjA1OCJ9\" href='https:\/\/www.taksvarkki.fi\/nepal2020\/wp-content\/uploads\/sites\/8\/2020\/06\/Nepal_vuoristo-scaled.jpg'><img fetchpriority=\"high\" decoding=\"async\" width=\"768\" height=\"512\" src=\"https:\/\/www.taksvarkki.fi\/nepal2020\/wp-content\/uploads\/sites\/8\/2020\/06\/Nepal_vuoristo-768x512.jpg\" class=\"attachment-medium_large size-medium_large\" alt=\"Sinis\u00e4vyinen vuoristomaisema Nepalista.\" aria-describedby=\"gallery-1-827\" srcset=\"https:\/\/www.taksvarkki.fi\/nepal2020\/wp-content\/uploads\/sites\/8\/2020\/06\/Nepal_vuoristo-768x512.jpg 768w, https:\/\/www.taksvarkki.fi\/nepal2020\/wp-content\/uploads\/sites\/8\/2020\/06\/Nepal_vuoristo-300x200.jpg 300w, https:\/\/www.taksvarkki.fi\/nepal2020\/wp-content\/uploads\/sites\/8\/2020\/06\/Nepal_vuoristo-1024x683.jpg 1024w, https:\/\/www.taksvarkki.fi\/nepal2020\/wp-content\/uploads\/sites\/8\/2020\/06\/Nepal_vuoristo-1536x1024.jpg 1536w, https:\/\/www.taksvarkki.fi\/nepal2020\/wp-content\/uploads\/sites\/8\/2020\/06\/Nepal_vuoristo-2048x1365.jpg 2048w\" sizes=\"(max-width: 768px) 100vw, 768px\" \/><\/a>\n\t\t\t<\/div>\n\t\t\t\t<figcaption class='wp-caption-text gallery-caption' id='gallery-1-827'>\n\t\t\t\tHimalajan vuoristoa.\n\t\t\t\t<\/figcaption><\/figure><figure class='gallery-item'>\n\t\t\t<div class='gallery-icon landscape'>\n\t\t\t\t<a data-elementor-open-lightbox=\"yes\" data-elementor-lightbox-slideshow=\"37e6058\" data-elementor-lightbox-title=\"Nepal_maisema\" data-e-action-hash=\"#elementor-action%3Aaction%3Dlightbox%26settings%3DeyJpZCI6NzcwLCJ1cmwiOiJodHRwczpcL1wvd3d3LnRha3N2YXJra2kuZmlcL25lcGFsMjAyMFwvd3AtY29udGVudFwvdXBsb2Fkc1wvc2l0ZXNcLzhcLzIwMjBcLzA2XC9OZXBhbF9tYWlzZW1hLXNjYWxlZC5qcGciLCJzbGlkZXNob3ciOiIzN2U2MDU4In0%3D\" href='https:\/\/www.taksvarkki.fi\/nepal2020\/wp-content\/uploads\/sites\/8\/2020\/06\/Nepal_maisema-scaled.jpg'><img decoding=\"async\" width=\"768\" height=\"512\" src=\"https:\/\/www.taksvarkki.fi\/nepal2020\/wp-content\/uploads\/sites\/8\/2020\/06\/Nepal_maisema-768x512.jpg\" class=\"attachment-medium_large size-medium_large\" alt=\"Vihre\u00e4\u00e4 vuoristoista maisemaa Nepalissa.\" aria-describedby=\"gallery-1-770\" srcset=\"https:\/\/www.taksvarkki.fi\/nepal2020\/wp-content\/uploads\/sites\/8\/2020\/06\/Nepal_maisema-768x512.jpg 768w, https:\/\/www.taksvarkki.fi\/nepal2020\/wp-content\/uploads\/sites\/8\/2020\/06\/Nepal_maisema-300x200.jpg 300w, https:\/\/www.taksvarkki.fi\/nepal2020\/wp-content\/uploads\/sites\/8\/2020\/06\/Nepal_maisema-1024x683.jpg 1024w, https:\/\/www.taksvarkki.fi\/nepal2020\/wp-content\/uploads\/sites\/8\/2020\/06\/Nepal_maisema-1536x1024.jpg 1536w, https:\/\/www.taksvarkki.fi\/nepal2020\/wp-content\/uploads\/sites\/8\/2020\/06\/Nepal_maisema-2048x1365.jpg 2048w\" sizes=\"(max-width: 768px) 100vw, 768px\" \/><\/a>\n\t\t\t<\/div>\n\t\t\t\t<figcaption class='wp-caption-text gallery-caption' id='gallery-1-770'>\n\t\t\t\tPolku koululle vuoristossa sijaitsevassa kyl\u00e4ss\u00e4.\n\t\t\t\t<\/figcaption><\/figure><figure class='gallery-item'>\n\t\t\t<div class='gallery-icon landscape'>\n\t\t\t\t<a data-elementor-open-lightbox=\"yes\" data-elementor-lightbox-slideshow=\"37e6058\" data-elementor-lightbox-title=\"Nepal_kokous\" data-e-action-hash=\"#elementor-action%3Aaction%3Dlightbox%26settings%3DeyJpZCI6ODExLCJ1cmwiOiJodHRwczpcL1wvd3d3LnRha3N2YXJra2kuZmlcL25lcGFsMjAyMFwvd3AtY29udGVudFwvdXBsb2Fkc1wvc2l0ZXNcLzhcLzIwMjBcLzA2XC9rb2tva291cy5qcGciLCJzbGlkZXNob3ciOiIzN2U2MDU4In0%3D\" href='https:\/\/www.taksvarkki.fi\/nepal2020\/wp-content\/uploads\/sites\/8\/2020\/06\/kokokous.jpg'><img decoding=\"async\" width=\"768\" height=\"432\" src=\"https:\/\/www.taksvarkki.fi\/nepal2020\/wp-content\/uploads\/sites\/8\/2020\/06\/kokokous-768x432.jpg\" class=\"attachment-medium_large size-medium_large\" alt=\"Nepalilaisia nuoria ja opettaja pohtimassa ryhm\u00e4ty\u00f6n \u00e4\u00e4ress\u00e4.\" aria-describedby=\"gallery-1-811\" srcset=\"https:\/\/www.taksvarkki.fi\/nepal2020\/wp-content\/uploads\/sites\/8\/2020\/06\/kokokous-768x432.jpg 768w, https:\/\/www.taksvarkki.fi\/nepal2020\/wp-content\/uploads\/sites\/8\/2020\/06\/kokokous-300x169.jpg 300w, https:\/\/www.taksvarkki.fi\/nepal2020\/wp-content\/uploads\/sites\/8\/2020\/06\/kokokous-1024x576.jpg 1024w, https:\/\/www.taksvarkki.fi\/nepal2020\/wp-content\/uploads\/sites\/8\/2020\/06\/kokokous-1536x865.jpg 1536w, https:\/\/www.taksvarkki.fi\/nepal2020\/wp-content\/uploads\/sites\/8\/2020\/06\/kokokous.jpg 1599w\" sizes=\"(max-width: 768px) 100vw, 768px\" \/><\/a>\n\t\t\t<\/div>\n\t\t\t\t<figcaption class='wp-caption-text gallery-caption' id='gallery-1-811'>\n\t\t\t\tOppilaskuntien j\u00e4seni\u00e4.\n\t\t\t\t<\/figcaption><\/figure><figure class='gallery-item'>\n\t\t\t<div class='gallery-icon landscape'>\n\t\t\t\t<a data-elementor-open-lightbox=\"yes\" data-elementor-lightbox-slideshow=\"37e6058\" data-elementor-lightbox-title=\"Nepal_luokka\" data-e-action-hash=\"#elementor-action%3Aaction%3Dlightbox%26settings%3DeyJpZCI6ODMzLCJ1cmwiOiJodHRwczpcL1wvd3d3LnRha3N2YXJra2kuZmlcL25lcGFsMjAyMFwvd3AtY29udGVudFwvdXBsb2Fkc1wvc2l0ZXNcLzhcLzIwMjBcLzA2XC9sdW9ra2EuanBnIiwic2xpZGVzaG93IjoiMzdlNjA1OCJ9\" href='https:\/\/www.taksvarkki.fi\/nepal2020\/wp-content\/uploads\/sites\/8\/2020\/06\/luokka.jpg'><img loading=\"lazy\" decoding=\"async\" width=\"768\" height=\"432\" src=\"https:\/\/www.taksvarkki.fi\/nepal2020\/wp-content\/uploads\/sites\/8\/2020\/06\/luokka-768x432.jpg\" class=\"attachment-medium_large size-medium_large\" alt=\"Nepalilaisia nuoria koululuokassa.\" aria-describedby=\"gallery-1-833\" srcset=\"https:\/\/www.taksvarkki.fi\/nepal2020\/wp-content\/uploads\/sites\/8\/2020\/06\/luokka-768x432.jpg 768w, https:\/\/www.taksvarkki.fi\/nepal2020\/wp-content\/uploads\/sites\/8\/2020\/06\/luokka-300x169.jpg 300w, https:\/\/www.taksvarkki.fi\/nepal2020\/wp-content\/uploads\/sites\/8\/2020\/06\/luokka-1024x576.jpg 1024w, https:\/\/www.taksvarkki.fi\/nepal2020\/wp-content\/uploads\/sites\/8\/2020\/06\/luokka-1536x865.jpg 1536w, https:\/\/www.taksvarkki.fi\/nepal2020\/wp-content\/uploads\/sites\/8\/2020\/06\/luokka.jpg 1599w\" sizes=\"(max-width: 768px) 100vw, 768px\" \/><\/a>\n\t\t\t<\/div>\n\t\t\t\t<figcaption class='wp-caption-text gallery-caption' id='gallery-1-833'>\n\t\t\t\tKoululuokka.\n\t\t\t\t<\/figcaption><\/figure>\n\t\t<\/div>\n\t\t<\/div>\n\t\t\t\t\t\t<\/div>\n\t\t\t\t<\/div>\n\t\t\t\t\t<\/div>\n\t\t<\/div>\n\t\t\t\t\t<\/div>\n\t\t<\/section>\n\t\t\t\t<section class=\"elementor-section elementor-top-section elementor-element elementor-element-b2d817f elementor-section-boxed elementor-section-height-default elementor-section-height-default\" data-id=\"b2d817f\" data-element_type=\"section\" data-e-type=\"section\">\n\t\t\t\t\t\t<div class=\"elementor-container elementor-column-gap-default\">\n\t\t\t\t\t<div class=\"elementor-column elementor-col-100 elementor-top-column elementor-element elementor-element-5c72621\" data-id=\"5c72621\" data-element_type=\"column\" data-e-type=\"column\" data-settings=\"{&quot;background_background&quot;:&quot;classic&quot;}\">\n\t\t\t<div class=\"elementor-widget-wrap elementor-element-populated\">\n\t\t\t\t\t\t<section class=\"elementor-section elementor-inner-section elementor-element elementor-element-d1c30e7 elementor-section-boxed elementor-section-height-default elementor-section-height-default\" data-id=\"d1c30e7\" data-element_type=\"section\" data-e-type=\"section\">\n\t\t\t\t\t\t<div class=\"elementor-container elementor-column-gap-default\">\n\t\t\t\t\t<div class=\"elementor-column elementor-col-33 elementor-inner-column elementor-element elementor-element-cb0d7c8\" data-id=\"cb0d7c8\" data-element_type=\"column\" data-e-type=\"column\">\n\t\t\t<div class=\"elementor-widget-wrap elementor-element-populated\">\n\t\t\t\t\t\t<div class=\"elementor-element elementor-element-a3b1e37 elementor-widget elementor-widget-image\" data-id=\"a3b1e37\" data-element_type=\"widget\" data-e-type=\"widget\" data-widget_type=\"image.default\">\n\t\t\t\t<div class=\"elementor-widget-container\">\n\t\t\t\t\t\t\t\t\t\t\t\t\t\t\t<img loading=\"lazy\" decoding=\"async\" width=\"400\" height=\"400\" src=\"https:\/\/www.taksvarkki.fi\/nepal2020\/wp-content\/uploads\/sites\/8\/2020\/08\/nuoret_ashmita.jpg\" class=\"attachment-large size-large wp-image-1299\" alt=\"Nepalilainen nuori l\u00e4hikuvassa.\" srcset=\"https:\/\/www.taksvarkki.fi\/nepal2020\/wp-content\/uploads\/sites\/8\/2020\/08\/nuoret_ashmita.jpg 400w, https:\/\/www.taksvarkki.fi\/nepal2020\/wp-content\/uploads\/sites\/8\/2020\/08\/nuoret_ashmita-300x300.jpg 300w, https:\/\/www.taksvarkki.fi\/nepal2020\/wp-content\/uploads\/sites\/8\/2020\/08\/nuoret_ashmita-150x150.jpg 150w\" sizes=\"(max-width: 400px) 100vw, 400px\" \/>\t\t\t\t\t\t\t\t\t\t\t\t\t\t\t<\/div>\n\t\t\t\t<\/div>\n\t\t\t\t\t<\/div>\n\t\t<\/div>\n\t\t\t\t<div class=\"elementor-column elementor-col-66 elementor-inner-column elementor-element elementor-element-d1ee7f7\" data-id=\"d1ee7f7\" data-element_type=\"column\" data-e-type=\"column\">\n\t\t\t<div class=\"elementor-widget-wrap elementor-element-populated\">\n\t\t\t\t\t\t<div class=\"elementor-element elementor-element-6165242 elementor-widget elementor-widget-text-editor\" data-id=\"6165242\" data-element_type=\"widget\" data-e-type=\"widget\" data-widget_type=\"text-editor.default\">\n\t\t\t\t<div class=\"elementor-widget-container\">\n\t\t\t\t\t\t\t\t\t<p>\u201dIf someone is being bullied, they can tell it to any student council member. We will help to solve the problem.\u201d<\/p><p><strong>Ashmita, 14, Jhapa, Nepal<\/strong><\/p>\t\t\t\t\t\t\t\t<\/div>\n\t\t\t\t<\/div>\n\t\t\t\t\t<\/div>\n\t\t<\/div>\n\t\t\t\t\t<\/div>\n\t\t<\/section>\n\t\t\t\t\t<\/div>\n\t\t<\/div>\n\t\t\t\t\t<\/div>\n\t\t<\/section>\n\t\t\t\t<\/div>\n\t\t","protected":false},"excerpt":{"rendered":"<p>The Taksv\u00e4rkki campaign has a strong Global citizenship education component The goal of Taksv\u00e4rkki\u00b4s global citizenship education is to raise a sense of global responsibility in Finnish young people and to build links between youth in Finland and in Nepal. Taksv\u00e4rkki\u2019s volunteer Global Educators visit elementary and secondary schools in different parts of Finland and &#8230; <a title=\"For teachers\" class=\"read-more\" href=\"https:\/\/www.taksvarkki.fi\/nepal2020\/en\/for-teachers\/\" aria-label=\"Lue lis\u00e4\u00e4 aiheesta For teachers\">Lue lis\u00e4\u00e4<\/a><\/p>\n","protected":false},"author":5,"featured_media":0,"parent":0,"menu_order":0,"comment_status":"closed","ping_status":"closed","template":"","meta":{"footnotes":""},"class_list":["post-953","page","type-page","status-publish"],"yoast_head":"<!-- This site is optimized with the Yoast SEO plugin v27.3 - https:\/\/yoast.com\/product\/yoast-seo-wordpress\/ -->\n<title>Material for teachers - Global citizenship education - Participatory workshops<\/title>\n<meta name=\"description\" content=\"Taksv\u00e4rkki campaigns have a strong global citizenship education component. Global equality, active citizenship, participatory workshops...\" \/>\n<meta name=\"robots\" content=\"index, follow, max-snippet:-1, max-image-preview:large, max-video-preview:-1\" \/>\n<link rel=\"canonical\" href=\"https:\/\/www.taksvarkki.fi\/nepal2020\/en\/for-teachers\/\" \/>\n<meta property=\"og:locale\" content=\"fi_FI\" \/>\n<meta property=\"og:type\" content=\"article\" \/>\n<meta property=\"og:title\" content=\"Material for teachers \u2013 Global citizenship education\" \/>\n<meta property=\"og:description\" content=\"Taksv\u00e4rkki campaigns have a strong global citizenship education component. Global equality, active citizenship, participatory workshops...\" \/>\n<meta property=\"og:url\" content=\"https:\/\/www.taksvarkki.fi\/nepal2020\/en\/for-teachers\/\" \/>\n<meta property=\"og:site_name\" content=\"Oikeus olla min\u00e4\" \/>\n<meta property=\"article:publisher\" content=\"https:\/\/www.facebook.com\/Taksvarkki\" \/>\n<meta property=\"article:modified_time\" content=\"2021-02-01T10:24:32+00:00\" \/>\n<meta property=\"og:image\" content=\"https:\/\/www.taksvarkki.fi\/nepal2020\/wp-content\/uploads\/sites\/8\/2020\/08\/nuoret_ashmita.jpg\" \/>\n\t<meta property=\"og:image:width\" content=\"400\" \/>\n\t<meta property=\"og:image:height\" content=\"400\" \/>\n\t<meta property=\"og:image:type\" content=\"image\/jpeg\" \/>\n<meta name=\"twitter:card\" content=\"summary_large_image\" \/>\n<meta name=\"twitter:title\" content=\"Material for teachers \u2013 Global citizenship education\" \/>\n<meta name=\"twitter:description\" content=\"Taksv\u00e4rkki campaigns have a strong global citizenship education component. Global equality, active citizenship, participatory workshops...\" \/>\n<meta name=\"twitter:image\" content=\"https:\/\/www.taksvarkki.fi\/nepal2020\/wp-content\/uploads\/sites\/8\/2020\/08\/nuoret_ashmita.jpg\" \/>\n<meta name=\"twitter:site\" content=\"@Taksvarkki_ry\" \/>\n<meta name=\"twitter:label1\" content=\"Arvioitu lukuaika\" \/>\n\t<meta name=\"twitter:data1\" content=\"2 minuuttia\" \/>\n<script type=\"application\/ld+json\" class=\"yoast-schema-graph\">{\"@context\":\"https:\\\/\\\/schema.org\",\"@graph\":[{\"@type\":\"WebPage\",\"@id\":\"https:\\\/\\\/www.taksvarkki.fi\\\/nepal2020\\\/en\\\/for-teachers\\\/\",\"url\":\"https:\\\/\\\/www.taksvarkki.fi\\\/nepal2020\\\/en\\\/for-teachers\\\/\",\"name\":\"Material for teachers - Global citizenship education - Participatory workshops\",\"isPartOf\":{\"@id\":\"https:\\\/\\\/www.taksvarkki.fi\\\/nepal2020\\\/#website\"},\"primaryImageOfPage\":{\"@id\":\"https:\\\/\\\/www.taksvarkki.fi\\\/nepal2020\\\/en\\\/for-teachers\\\/#primaryimage\"},\"image\":{\"@id\":\"https:\\\/\\\/www.taksvarkki.fi\\\/nepal2020\\\/en\\\/for-teachers\\\/#primaryimage\"},\"thumbnailUrl\":\"https:\\\/\\\/www.taksvarkki.fi\\\/nepal2020\\\/wp-content\\\/uploads\\\/sites\\\/8\\\/2020\\\/06\\\/Nepal_vuoristo-768x512.jpg\",\"datePublished\":\"2020-06-21T20:16:09+00:00\",\"dateModified\":\"2021-02-01T10:24:32+00:00\",\"description\":\"Taksv\u00e4rkki campaigns have a strong global citizenship education component. Global equality, active citizenship, participatory workshops...\",\"breadcrumb\":{\"@id\":\"https:\\\/\\\/www.taksvarkki.fi\\\/nepal2020\\\/en\\\/for-teachers\\\/#breadcrumb\"},\"inLanguage\":\"fi\",\"potentialAction\":[{\"@type\":\"ReadAction\",\"target\":[\"https:\\\/\\\/www.taksvarkki.fi\\\/nepal2020\\\/en\\\/for-teachers\\\/\"]}]},{\"@type\":\"ImageObject\",\"inLanguage\":\"fi\",\"@id\":\"https:\\\/\\\/www.taksvarkki.fi\\\/nepal2020\\\/en\\\/for-teachers\\\/#primaryimage\",\"url\":\"https:\\\/\\\/www.taksvarkki.fi\\\/nepal2020\\\/wp-content\\\/uploads\\\/sites\\\/8\\\/2020\\\/06\\\/Nepal_vuoristo-768x512.jpg\",\"contentUrl\":\"https:\\\/\\\/www.taksvarkki.fi\\\/nepal2020\\\/wp-content\\\/uploads\\\/sites\\\/8\\\/2020\\\/06\\\/Nepal_vuoristo-768x512.jpg\"},{\"@type\":\"BreadcrumbList\",\"@id\":\"https:\\\/\\\/www.taksvarkki.fi\\\/nepal2020\\\/en\\\/for-teachers\\\/#breadcrumb\",\"itemListElement\":[{\"@type\":\"ListItem\",\"position\":1,\"name\":\"Home\",\"item\":\"https:\\\/\\\/www.taksvarkki.fi\\\/nepal2020\\\/\"},{\"@type\":\"ListItem\",\"position\":2,\"name\":\"For teachers\"}]},{\"@type\":\"WebSite\",\"@id\":\"https:\\\/\\\/www.taksvarkki.fi\\\/nepal2020\\\/#website\",\"url\":\"https:\\\/\\\/www.taksvarkki.fi\\\/nepal2020\\\/\",\"name\":\"Oikeus olla min\u00e4\",\"description\":\"\",\"potentialAction\":[{\"@type\":\"SearchAction\",\"target\":{\"@type\":\"EntryPoint\",\"urlTemplate\":\"https:\\\/\\\/www.taksvarkki.fi\\\/nepal2020\\\/?s={search_term_string}\"},\"query-input\":{\"@type\":\"PropertyValueSpecification\",\"valueRequired\":true,\"valueName\":\"search_term_string\"}}],\"inLanguage\":\"fi\"}]}<\/script>\n<!-- \/ Yoast SEO plugin. -->","yoast_head_json":{"title":"Material for teachers - Global citizenship education - Participatory workshops","description":"Taksv\u00e4rkki campaigns have a strong global citizenship education component. Global equality, active citizenship, participatory workshops...","robots":{"index":"index","follow":"follow","max-snippet":"max-snippet:-1","max-image-preview":"max-image-preview:large","max-video-preview":"max-video-preview:-1"},"canonical":"https:\/\/www.taksvarkki.fi\/nepal2020\/en\/for-teachers\/","og_locale":"fi_FI","og_type":"article","og_title":"Material for teachers \u2013 Global citizenship education","og_description":"Taksv\u00e4rkki campaigns have a strong global citizenship education component. Global equality, active citizenship, participatory workshops...","og_url":"https:\/\/www.taksvarkki.fi\/nepal2020\/en\/for-teachers\/","og_site_name":"Oikeus olla min\u00e4","article_publisher":"https:\/\/www.facebook.com\/Taksvarkki","article_modified_time":"2021-02-01T10:24:32+00:00","og_image":[{"width":400,"height":400,"url":"https:\/\/www.taksvarkki.fi\/nepal2020\/wp-content\/uploads\/sites\/8\/2020\/08\/nuoret_ashmita.jpg","type":"image\/jpeg"}],"twitter_card":"summary_large_image","twitter_title":"Material for teachers \u2013 Global citizenship education","twitter_description":"Taksv\u00e4rkki campaigns have a strong global citizenship education component. Global equality, active citizenship, participatory workshops...","twitter_image":"https:\/\/www.taksvarkki.fi\/nepal2020\/wp-content\/uploads\/sites\/8\/2020\/08\/nuoret_ashmita.jpg","twitter_site":"@Taksvarkki_ry","twitter_misc":{"Arvioitu lukuaika":"2 minuuttia"},"schema":{"@context":"https:\/\/schema.org","@graph":[{"@type":"WebPage","@id":"https:\/\/www.taksvarkki.fi\/nepal2020\/en\/for-teachers\/","url":"https:\/\/www.taksvarkki.fi\/nepal2020\/en\/for-teachers\/","name":"Material for teachers - Global citizenship education - Participatory workshops","isPartOf":{"@id":"https:\/\/www.taksvarkki.fi\/nepal2020\/#website"},"primaryImageOfPage":{"@id":"https:\/\/www.taksvarkki.fi\/nepal2020\/en\/for-teachers\/#primaryimage"},"image":{"@id":"https:\/\/www.taksvarkki.fi\/nepal2020\/en\/for-teachers\/#primaryimage"},"thumbnailUrl":"https:\/\/www.taksvarkki.fi\/nepal2020\/wp-content\/uploads\/sites\/8\/2020\/06\/Nepal_vuoristo-768x512.jpg","datePublished":"2020-06-21T20:16:09+00:00","dateModified":"2021-02-01T10:24:32+00:00","description":"Taksv\u00e4rkki campaigns have a strong global citizenship education component. Global equality, active citizenship, participatory workshops...","breadcrumb":{"@id":"https:\/\/www.taksvarkki.fi\/nepal2020\/en\/for-teachers\/#breadcrumb"},"inLanguage":"fi","potentialAction":[{"@type":"ReadAction","target":["https:\/\/www.taksvarkki.fi\/nepal2020\/en\/for-teachers\/"]}]},{"@type":"ImageObject","inLanguage":"fi","@id":"https:\/\/www.taksvarkki.fi\/nepal2020\/en\/for-teachers\/#primaryimage","url":"https:\/\/www.taksvarkki.fi\/nepal2020\/wp-content\/uploads\/sites\/8\/2020\/06\/Nepal_vuoristo-768x512.jpg","contentUrl":"https:\/\/www.taksvarkki.fi\/nepal2020\/wp-content\/uploads\/sites\/8\/2020\/06\/Nepal_vuoristo-768x512.jpg"},{"@type":"BreadcrumbList","@id":"https:\/\/www.taksvarkki.fi\/nepal2020\/en\/for-teachers\/#breadcrumb","itemListElement":[{"@type":"ListItem","position":1,"name":"Home","item":"https:\/\/www.taksvarkki.fi\/nepal2020\/"},{"@type":"ListItem","position":2,"name":"For teachers"}]},{"@type":"WebSite","@id":"https:\/\/www.taksvarkki.fi\/nepal2020\/#website","url":"https:\/\/www.taksvarkki.fi\/nepal2020\/","name":"Oikeus olla min\u00e4","description":"","potentialAction":[{"@type":"SearchAction","target":{"@type":"EntryPoint","urlTemplate":"https:\/\/www.taksvarkki.fi\/nepal2020\/?s={search_term_string}"},"query-input":{"@type":"PropertyValueSpecification","valueRequired":true,"valueName":"search_term_string"}}],"inLanguage":"fi"}]}},"_links":{"self":[{"href":"https:\/\/www.taksvarkki.fi\/nepal2020\/wp-json\/wp\/v2\/pages\/953","targetHints":{"allow":["GET"]}}],"collection":[{"href":"https:\/\/www.taksvarkki.fi\/nepal2020\/wp-json\/wp\/v2\/pages"}],"about":[{"href":"https:\/\/www.taksvarkki.fi\/nepal2020\/wp-json\/wp\/v2\/types\/page"}],"author":[{"embeddable":true,"href":"https:\/\/www.taksvarkki.fi\/nepal2020\/wp-json\/wp\/v2\/users\/5"}],"replies":[{"embeddable":true,"href":"https:\/\/www.taksvarkki.fi\/nepal2020\/wp-json\/wp\/v2\/comments?post=953"}],"version-history":[{"count":31,"href":"https:\/\/www.taksvarkki.fi\/nepal2020\/wp-json\/wp\/v2\/pages\/953\/revisions"}],"predecessor-version":[{"id":1746,"href":"https:\/\/www.taksvarkki.fi\/nepal2020\/wp-json\/wp\/v2\/pages\/953\/revisions\/1746"}],"wp:attachment":[{"href":"https:\/\/www.taksvarkki.fi\/nepal2020\/wp-json\/wp\/v2\/media?parent=953"}],"curies":[{"name":"wp","href":"https:\/\/api.w.org\/{rel}","templated":true}]}}