{"id":859,"date":"2020-06-21T21:29:33","date_gmt":"2020-06-21T18:29:33","guid":{"rendered":"https:\/\/www.taksvarkki.fi\/nepal2020\/?page_id=859"},"modified":"2026-03-23T13:45:20","modified_gmt":"2026-03-23T11:45:20","slug":"videomeddelanden","status":"publish","type":"page","link":"https:\/\/www.taksvarkki.fi\/kampanja2025\/sv\/videomeddelanden\/","title":{"rendered":"Videor fr\u00e5n unga"},"content":{"rendered":"\t\t<div data-elementor-type=\"wp-page\" data-elementor-id=\"859\" class=\"elementor elementor-859\">\n\t\t\t\t\t\t<section class=\"elementor-section elementor-top-section elementor-element elementor-element-cfae9b5 elementor-section-boxed elementor-section-height-default elementor-section-height-default\" data-id=\"cfae9b5\" data-element_type=\"section\" data-e-type=\"section\">\n\t\t\t\t\t\t<div class=\"elementor-container elementor-column-gap-default\">\n\t\t\t\t\t<div class=\"elementor-column elementor-col-100 elementor-top-column elementor-element elementor-element-f081e20\" data-id=\"f081e20\" data-element_type=\"column\" data-e-type=\"column\">\n\t\t\t<div class=\"elementor-widget-wrap elementor-element-populated\">\n\t\t\t\t\t\t<div class=\"elementor-element elementor-element-6f01eaa elementor-widget elementor-widget-text-editor\" data-id=\"6f01eaa\" data-element_type=\"widget\" data-e-type=\"widget\" data-widget_type=\"text-editor.default\">\n\t\t\t\t<div class=\"elementor-widget-container\">\n\t\t\t\t\t\t\t\t\t<p>I sina videoh\u00e4lsningar ber\u00e4ttar ungdomarna\u00a0<span style=\"color: var( --e-global-color-text ); font-family: var( --e-global-typography-text-font-family ), Sans-serif; font-weight: var( --e-global-typography-text-font-weight );\">fr\u00e5n Malawi och Finland\u00a0<\/span><span style=\"color: var( --e-global-color-text ); font-family: var( --e-global-typography-text-font-family ), Sans-serif; font-weight: var( --e-global-typography-text-font-weight );\">om utmaningar relaterade till psykiska v\u00e4lbefinnande samt deras visioner f\u00f6r framtiden. <\/span><span style=\"color: var( --e-global-color-text ); font-family: var( --e-global-typography-text-font-family ), Sans-serif; font-weight: var( --e-global-typography-text-font-weight );\">Videon har svensk, finsk, l\u00e4ttl\u00e4st finsk och engelsk textning.\u00a0<\/span><\/p><p><i><b>Anvisningar till textningen p\u00e5 YouTube<br \/><\/b><\/i><i>F\u00f6r att l\u00e4gga upp textningen, klicka p\u00e5 den vita rutan i nedre h\u00f6rnet till h\u00f6ger. Du kan v\u00e4lja mellan finska, svenska, engelska och l\u00e4ttl\u00e4st finska (&#8217;aimara&#8217;) och anpassa storleken eller bakgrundsf\u00e4rgen under Textningen genom att klicka p\u00e5 kugghjule.<\/i><\/p>\t\t\t\t\t\t\t\t<\/div>\n\t\t\t\t<\/div>\n\t\t\t\t<div class=\"elementor-element elementor-element-589f30b elementor-widget elementor-widget-heading\" data-id=\"589f30b\" data-element_type=\"widget\" data-e-type=\"widget\" data-widget_type=\"heading.default\">\n\t\t\t\t<div class=\"elementor-widget-container\">\n\t\t\t\t\t<h2 class=\"elementor-heading-title elementor-size-default\"><span style=\"white-space: normal\"><b>1.&nbsp;<\/b><\/span><span>Allt bra med dig? Sumiya och Wilford (7 minuter)<\/span><\/h2>\t\t\t\t<\/div>\n\t\t\t\t<\/div>\n\t\t\t\t<div class=\"elementor-element elementor-element-ecc4fd9 elementor-widget elementor-widget-html\" data-id=\"ecc4fd9\" data-element_type=\"widget\" data-e-type=\"widget\" data-widget_type=\"html.default\">\n\t\t\t\t<div class=\"elementor-widget-container\">\n\t\t\t\t\t<iframe width= \"860\" height= \"484\"  data-cookieconsent=\"statistics, marketing\" data-src=\"https:\/\/www.youtube.com\/embed\/qfi80SNJ2lM\" title=\"YouTube video player\" frameborder=\"0\" allow=\"accelerometer; autoplay; clipboard-write; encrypted-media; gyroscope; picture-in-picture; web-share\" allowfullscreen><\/iframe><div class=\"cookieconsent-optout-statistics cookieconsent-optout-marketing\"><\/div>\t\t\t\t<\/div>\n\t\t\t\t<\/div>\n\t\t\t\t<div class=\"elementor-element elementor-element-9ab5ada elementor-widget elementor-widget-spacer\" data-id=\"9ab5ada\" data-element_type=\"widget\" data-e-type=\"widget\" data-widget_type=\"spacer.default\">\n\t\t\t\t<div class=\"elementor-widget-container\">\n\t\t\t\t\t\t\t<div class=\"elementor-spacer\">\n\t\t\t<div class=\"elementor-spacer-inner\"><\/div>\n\t\t<\/div>\n\t\t\t\t\t\t<\/div>\n\t\t\t\t<\/div>\n\t\t\t\t<div class=\"elementor-element elementor-element-8470901 elementor-widget elementor-widget-heading\" data-id=\"8470901\" data-element_type=\"widget\" data-e-type=\"widget\" data-widget_type=\"heading.default\">\n\t\t\t\t<div class=\"elementor-widget-container\">\n\t\t\t\t\t<h2 class=\"elementor-heading-title elementor-size-default\"><span style=\"white-space: normal\"><b>2. Saudyati (2,5 minuter)<\/b><\/span><\/h2>\t\t\t\t<\/div>\n\t\t\t\t<\/div>\n\t\t\t\t<div class=\"elementor-element elementor-element-a114b89 elementor-widget elementor-widget-html\" data-id=\"a114b89\" data-element_type=\"widget\" data-e-type=\"widget\" data-widget_type=\"html.default\">\n\t\t\t\t<div class=\"elementor-widget-container\">\n\t\t\t\t\t<iframe width= \"860\" height= \"484\"  data-cookieconsent=\"statistics, marketing\" data-src=\"https:\/\/www.youtube.com\/embed\/QqttJn4nHWw\" title=\"YouTube video player\" frameborder=\"0\" allow=\"accelerometer; autoplay; clipboard-write; encrypted-media; gyroscope; picture-in-picture; web-share\" allowfullscreen><\/iframe><div class=\"cookieconsent-optout-statistics cookieconsent-optout-marketing\"><\/div>\t\t\t\t<\/div>\n\t\t\t\t<\/div>\n\t\t\t\t<div class=\"elementor-element elementor-element-e40ebab elementor-widget elementor-widget-spacer\" data-id=\"e40ebab\" data-element_type=\"widget\" data-e-type=\"widget\" data-widget_type=\"spacer.default\">\n\t\t\t\t<div class=\"elementor-widget-container\">\n\t\t\t\t\t\t\t<div class=\"elementor-spacer\">\n\t\t\t<div class=\"elementor-spacer-inner\"><\/div>\n\t\t<\/div>\n\t\t\t\t\t\t<\/div>\n\t\t\t\t<\/div>\n\t\t\t\t<div class=\"elementor-element elementor-element-5f2e3a6 elementor-widget elementor-widget-heading\" data-id=\"5f2e3a6\" data-element_type=\"widget\" data-e-type=\"widget\" data-widget_type=\"heading.default\">\n\t\t\t\t<div class=\"elementor-widget-container\">\n\t\t\t\t\t<h2 class=\"elementor-heading-title elementor-size-default\"><span style=\"white-space: normal\"><b>3. Aapo och Marita (3,5 minuter)<\/b><\/span><\/h2>\t\t\t\t<\/div>\n\t\t\t\t<\/div>\n\t\t\t\t<div class=\"elementor-element elementor-element-fb0f014 elementor-widget elementor-widget-html\" data-id=\"fb0f014\" data-element_type=\"widget\" data-e-type=\"widget\" data-widget_type=\"html.default\">\n\t\t\t\t<div class=\"elementor-widget-container\">\n\t\t\t\t\t<iframe width= \"860\" height= \"484\"  data-cookieconsent=\"statistics, marketing\" data-src=\"https:\/\/www.youtube.com\/embed\/gOXAaT3DOV0\" title=\"YouTube video player\" frameborder=\"0\" allow=\"accelerometer; autoplay; clipboard-write; encrypted-media; gyroscope; picture-in-picture; web-share\" allowfullscreen><\/iframe><div class=\"cookieconsent-optout-statistics cookieconsent-optout-marketing\"><\/div>\t\t\t\t<\/div>\n\t\t\t\t<\/div>\n\t\t\t\t<div class=\"elementor-element elementor-element-a3512ed elementor-widget elementor-widget-spacer\" data-id=\"a3512ed\" data-element_type=\"widget\" data-e-type=\"widget\" data-widget_type=\"spacer.default\">\n\t\t\t\t<div class=\"elementor-widget-container\">\n\t\t\t\t\t\t\t<div class=\"elementor-spacer\">\n\t\t\t<div class=\"elementor-spacer-inner\"><\/div>\n\t\t<\/div>\n\t\t\t\t\t\t<\/div>\n\t\t\t\t<\/div>\n\t\t\t\t<div class=\"elementor-element elementor-element-03b51b0 elementor-widget elementor-widget-heading\" data-id=\"03b51b0\" data-element_type=\"widget\" data-e-type=\"widget\" data-widget_type=\"heading.default\">\n\t\t\t\t<div class=\"elementor-widget-container\">\n\t\t\t\t\t<h2 class=\"elementor-heading-title elementor-size-default\"><span style=\"white-space: normal\"><b>4.&nbsp;<\/b><\/span><span>Allt bra med dig? (kampanjtrailer, 1,5 minut)<\/span><\/h2>\t\t\t\t<\/div>\n\t\t\t\t<\/div>\n\t\t\t\t<div class=\"elementor-element elementor-element-cb11628 elementor-widget elementor-widget-html\" data-id=\"cb11628\" data-element_type=\"widget\" data-e-type=\"widget\" data-widget_type=\"html.default\">\n\t\t\t\t<div class=\"elementor-widget-container\">\n\t\t\t\t\t<iframe width= \"860\" height= \"484\"  data-cookieconsent=\"statistics, marketing\" data-src=\"https:\/\/www.youtube.com\/embed\/3Z0mZAE-C9s\" title=\"YouTube video player\" frameborder=\"0\" allow=\"accelerometer; autoplay; clipboard-write; encrypted-media; gyroscope; picture-in-picture; web-share\" allowfullscreen><\/iframe><div class=\"cookieconsent-optout-statistics cookieconsent-optout-marketing\"><\/div>\t\t\t\t<\/div>\n\t\t\t\t<\/div>\n\t\t\t\t\t<\/div>\n\t\t<\/div>\n\t\t\t\t\t<\/div>\n\t\t<\/section>\n\t\t\t\t<section class=\"elementor-section elementor-top-section elementor-element elementor-element-f430283 elementor-section-boxed elementor-section-height-default elementor-section-height-default\" data-id=\"f430283\" data-element_type=\"section\" data-e-type=\"section\">\n\t\t\t\t\t\t<div class=\"elementor-container elementor-column-gap-default\">\n\t\t\t\t\t<div class=\"elementor-column elementor-col-100 elementor-top-column elementor-element elementor-element-7324623\" data-id=\"7324623\" data-element_type=\"column\" data-e-type=\"column\">\n\t\t\t<div class=\"elementor-widget-wrap\">\n\t\t\t\t\t\t\t<\/div>\n\t\t<\/div>\n\t\t\t\t\t<\/div>\n\t\t<\/section>\n\t\t\t\t<section class=\"elementor-section elementor-top-section elementor-element elementor-element-7d0ce1c elementor-section-boxed elementor-section-height-default elementor-section-height-default\" data-id=\"7d0ce1c\" data-element_type=\"section\" data-e-type=\"section\">\n\t\t\t\t\t\t\t<div class=\"elementor-background-overlay\"><\/div>\n\t\t\t\t\t\t\t<div class=\"elementor-container elementor-column-gap-default\">\n\t\t\t\t\t<div class=\"elementor-column elementor-col-100 elementor-top-column elementor-element elementor-element-e7d0f57\" data-id=\"e7d0f57\" data-element_type=\"column\" data-e-type=\"column\" data-settings=\"{&quot;background_background&quot;:&quot;classic&quot;}\">\n\t\t\t<div class=\"elementor-widget-wrap elementor-element-populated\">\n\t\t\t\t\t\t<section class=\"elementor-section elementor-inner-section elementor-element elementor-element-f460d0d elementor-section-boxed elementor-section-height-default elementor-section-height-default\" data-id=\"f460d0d\" data-element_type=\"section\" data-e-type=\"section\">\n\t\t\t\t\t\t<div class=\"elementor-container elementor-column-gap-default\">\n\t\t\t\t\t<div class=\"elementor-column elementor-col-33 elementor-inner-column elementor-element elementor-element-11fb580\" data-id=\"11fb580\" data-element_type=\"column\" data-e-type=\"column\">\n\t\t\t<div class=\"elementor-widget-wrap elementor-element-populated\">\n\t\t\t\t\t\t<div class=\"elementor-element elementor-element-dce7687 elementor-widget elementor-widget-image\" data-id=\"dce7687\" data-element_type=\"widget\" data-e-type=\"widget\" data-widget_type=\"image.default\">\n\t\t\t\t<div class=\"elementor-widget-container\">\n\t\t\t\t\t\t\t\t\t\t\t\t\t\t\t<img fetchpriority=\"high\" decoding=\"async\" width=\"265\" height=\"300\" src=\"https:\/\/www.taksvarkki.fi\/kampanja2025\/wp-content\/uploads\/sites\/18\/2025\/08\/esite_aapo2-265x300.jpg\" class=\"attachment-medium size-medium wp-image-6038\" alt=\"Nuoren kasvokuva.\" srcset=\"https:\/\/www.taksvarkki.fi\/kampanja2025\/wp-content\/uploads\/sites\/18\/2025\/08\/esite_aapo2-265x300.jpg 265w, https:\/\/www.taksvarkki.fi\/kampanja2025\/wp-content\/uploads\/sites\/18\/2025\/08\/esite_aapo2-905x1024.jpg 905w, https:\/\/www.taksvarkki.fi\/kampanja2025\/wp-content\/uploads\/sites\/18\/2025\/08\/esite_aapo2-768x869.jpg 768w, https:\/\/www.taksvarkki.fi\/kampanja2025\/wp-content\/uploads\/sites\/18\/2025\/08\/esite_aapo2.jpg 1000w\" sizes=\"(max-width: 265px) 100vw, 265px\" \/>\t\t\t\t\t\t\t\t\t\t\t\t\t\t\t<\/div>\n\t\t\t\t<\/div>\n\t\t\t\t\t<\/div>\n\t\t<\/div>\n\t\t\t\t<div class=\"elementor-column elementor-col-66 elementor-inner-column elementor-element elementor-element-d46d2e3\" data-id=\"d46d2e3\" data-element_type=\"column\" data-e-type=\"column\">\n\t\t\t<div class=\"elementor-widget-wrap elementor-element-populated\">\n\t\t\t\t\t\t<div class=\"elementor-element elementor-element-b801016 elementor-widget elementor-widget-text-editor\" data-id=\"b801016\" data-element_type=\"widget\" data-e-type=\"widget\" data-widget_type=\"text-editor.default\">\n\t\t\t\t<div class=\"elementor-widget-container\">\n\t\t\t\t\t\t\t\t\t<p><span style=\"color: var( --e-global-color-text ); font-family: var( --e-global-typography-text-font-family ), Sans-serif; font-weight: var( --e-global-typography-text-font-weight );\">\u201dV\u00e5ga g\u00f6ra det som du tycker om. Om du beh\u00f6ver hj\u00e4lp, v\u00e5ga inte be om det<\/span><span style=\"color: var( --e-global-color-text ); font-family: var( --e-global-typography-text-font-family ), Sans-serif; font-weight: var( --e-global-typography-text-font-weight );\">.\u201d\u00a0<\/span><\/p><p><span style=\"color: var( --e-global-color-text ); font-family: var( --e-global-typography-text-font-family ), Sans-serif;\"><b>Aapo, 15, Finland<\/b><\/span><\/p>\t\t\t\t\t\t\t\t<\/div>\n\t\t\t\t<\/div>\n\t\t\t\t\t<\/div>\n\t\t<\/div>\n\t\t\t\t\t<\/div>\n\t\t<\/section>\n\t\t\t\t\t<\/div>\n\t\t<\/div>\n\t\t\t\t\t<\/div>\n\t\t<\/section>\n\t\t\t\t<section class=\"elementor-section elementor-top-section elementor-element elementor-element-967254b elementor-section-boxed elementor-section-height-default elementor-section-height-default\" data-id=\"967254b\" data-element_type=\"section\" data-e-type=\"section\">\n\t\t\t\t\t\t\t<div class=\"elementor-background-overlay\"><\/div>\n\t\t\t\t\t\t\t<div class=\"elementor-container elementor-column-gap-default\">\n\t\t\t\t\t<div class=\"elementor-column elementor-col-100 elementor-top-column elementor-element elementor-element-43ae6b4\" data-id=\"43ae6b4\" data-element_type=\"column\" data-e-type=\"column\" data-settings=\"{&quot;background_background&quot;:&quot;classic&quot;}\">\n\t\t\t<div class=\"elementor-widget-wrap elementor-element-populated\">\n\t\t\t\t\t\t<section class=\"elementor-section elementor-inner-section elementor-element elementor-element-45da672 elementor-section-boxed elementor-section-height-default elementor-section-height-default\" data-id=\"45da672\" data-element_type=\"section\" data-e-type=\"section\">\n\t\t\t\t\t\t<div class=\"elementor-container elementor-column-gap-default\">\n\t\t\t\t\t<div class=\"elementor-column elementor-col-33 elementor-inner-column elementor-element elementor-element-b1e37d6\" data-id=\"b1e37d6\" data-element_type=\"column\" data-e-type=\"column\">\n\t\t\t<div class=\"elementor-widget-wrap elementor-element-populated\">\n\t\t\t\t\t\t<div class=\"elementor-element elementor-element-e589d02 elementor-widget elementor-widget-image\" data-id=\"e589d02\" data-element_type=\"widget\" data-e-type=\"widget\" data-widget_type=\"image.default\">\n\t\t\t\t<div class=\"elementor-widget-container\">\n\t\t\t\t\t\t\t\t\t\t\t\t\t\t\t<img decoding=\"async\" width=\"291\" height=\"300\" src=\"https:\/\/www.taksvarkki.fi\/kampanja2025\/wp-content\/uploads\/sites\/18\/2025\/08\/esite_luwiza-291x300.jpg\" class=\"attachment-medium size-medium wp-image-6040\" alt=\"Nuoren kasvokuva.\" srcset=\"https:\/\/www.taksvarkki.fi\/kampanja2025\/wp-content\/uploads\/sites\/18\/2025\/08\/esite_luwiza-291x300.jpg 291w, https:\/\/www.taksvarkki.fi\/kampanja2025\/wp-content\/uploads\/sites\/18\/2025\/08\/esite_luwiza-994x1024.jpg 994w, https:\/\/www.taksvarkki.fi\/kampanja2025\/wp-content\/uploads\/sites\/18\/2025\/08\/esite_luwiza-768x791.jpg 768w, https:\/\/www.taksvarkki.fi\/kampanja2025\/wp-content\/uploads\/sites\/18\/2025\/08\/esite_luwiza.jpg 1000w\" sizes=\"(max-width: 291px) 100vw, 291px\" \/>\t\t\t\t\t\t\t\t\t\t\t\t\t\t\t<\/div>\n\t\t\t\t<\/div>\n\t\t\t\t\t<\/div>\n\t\t<\/div>\n\t\t\t\t<div class=\"elementor-column elementor-col-66 elementor-inner-column elementor-element elementor-element-c4d6af2\" data-id=\"c4d6af2\" data-element_type=\"column\" data-e-type=\"column\">\n\t\t\t<div class=\"elementor-widget-wrap elementor-element-populated\">\n\t\t\t\t\t\t<div class=\"elementor-element elementor-element-90a1456 elementor-widget elementor-widget-text-editor\" data-id=\"90a1456\" data-element_type=\"widget\" data-e-type=\"widget\" data-widget_type=\"text-editor.default\">\n\t\t\t\t<div class=\"elementor-widget-container\">\n\t\t\t\t\t\t\t\t\t<p>&#8221;I kompisarnas s\u00e4llskap kan du gl\u00f6mma dina bekymmer och problem.&#8221;\u00a0<\/p><p><b>Luwiza, 17, Malawi<\/b><\/p>\t\t\t\t\t\t\t\t<\/div>\n\t\t\t\t<\/div>\n\t\t\t\t\t<\/div>\n\t\t<\/div>\n\t\t\t\t\t<\/div>\n\t\t<\/section>\n\t\t\t\t\t<\/div>\n\t\t<\/div>\n\t\t\t\t\t<\/div>\n\t\t<\/section>\n\t\t\t\t<\/div>\n\t\t","protected":false},"excerpt":{"rendered":"<p>I sina videoh\u00e4lsningar ber\u00e4ttar ungdomarna\u00a0fr\u00e5n Malawi och Finland\u00a0om utmaningar relaterade till psykiska v\u00e4lbefinnande samt deras visioner f\u00f6r framtiden. Videon har svensk, finsk, l\u00e4ttl\u00e4st finsk och engelsk textning.\u00a0 Anvisningar till textningen p\u00e5 YouTubeF\u00f6r att l\u00e4gga upp textningen, klicka p\u00e5 den vita rutan i nedre h\u00f6rnet till h\u00f6ger. Du kan v\u00e4lja mellan finska, svenska, engelska och l\u00e4ttl\u00e4st &#8230; <a title=\"Videor fr\u00e5n unga\" class=\"read-more\" href=\"https:\/\/www.taksvarkki.fi\/kampanja2025\/sv\/videomeddelanden\/\" aria-label=\"Lue lis\u00e4\u00e4 aiheesta Videor fr\u00e5n unga\">Lue lis\u00e4\u00e4<\/a><\/p>\n","protected":false},"author":18,"featured_media":0,"parent":0,"menu_order":0,"comment_status":"closed","ping_status":"closed","template":"","meta":{"footnotes":""},"class_list":["post-859","page","type-page","status-publish"],"yoast_head":"<!-- This site is optimized with the Yoast SEO plugin v27.3 - https:\/\/yoast.com\/product\/yoast-seo-wordpress\/ -->\n<title>Videomeddelanden fr\u00e5n unga - How are you doing? - Kom med i Dagsverke!<\/title>\n<meta name=\"description\" content=\"I sina videoh\u00e4lsningar ber\u00e4ttar ungdomarna fr\u00e5n Malawi om utmaningar relaterade till ungas psykiska v\u00e4lbefinnande.\" \/>\n<meta name=\"robots\" content=\"index, follow, max-snippet:-1, max-image-preview:large, max-video-preview:-1\" \/>\n<link rel=\"canonical\" href=\"https:\/\/www.taksvarkki.fi\/kampanja2025\/sv\/videomeddelanden\/\" \/>\n<meta property=\"og:locale\" content=\"fi_FI\" \/>\n<meta property=\"og:type\" content=\"article\" \/>\n<meta property=\"og:title\" content=\"Videomeddelanden fr\u00e5n unga - How are you doing? - Kom med i Dagsverke!\" \/>\n<meta property=\"og:description\" content=\"I sina videoh\u00e4lsningar ber\u00e4ttar ungdomarna fr\u00e5n Malawi om utmaningar relaterade till ungas psykiska v\u00e4lbefinnande.\" \/>\n<meta property=\"og:url\" content=\"https:\/\/www.taksvarkki.fi\/kampanja2025\/sv\/videomeddelanden\/\" \/>\n<meta property=\"og:site_name\" content=\"How are you doing?\" \/>\n<meta property=\"article:modified_time\" content=\"2026-03-23T11:45:20+00:00\" \/>\n<meta property=\"og:image\" content=\"https:\/\/www.taksvarkki.fi\/kampanja2025\/wp-content\/uploads\/sites\/18\/2025\/08\/esite_luwiza.jpg\" \/>\n\t<meta property=\"og:image:width\" content=\"1000\" \/>\n\t<meta property=\"og:image:height\" content=\"1030\" \/>\n\t<meta property=\"og:image:type\" content=\"image\/jpeg\" \/>\n<meta name=\"twitter:card\" content=\"summary_large_image\" \/>\n<meta name=\"twitter:label1\" content=\"Arvioitu lukuaika\" \/>\n\t<meta name=\"twitter:data1\" content=\"2 minuuttia\" \/>\n<script type=\"application\/ld+json\" class=\"yoast-schema-graph\">{\"@context\":\"https:\\\/\\\/schema.org\",\"@graph\":[{\"@type\":\"WebPage\",\"@id\":\"https:\\\/\\\/www.taksvarkki.fi\\\/kampanja2025\\\/sv\\\/videomeddelanden\\\/\",\"url\":\"https:\\\/\\\/www.taksvarkki.fi\\\/kampanja2025\\\/sv\\\/videomeddelanden\\\/\",\"name\":\"Videomeddelanden fr\u00e5n unga - How are you doing? - Kom med i Dagsverke!\",\"isPartOf\":{\"@id\":\"https:\\\/\\\/www.taksvarkki.fi\\\/kampanja2025\\\/#website\"},\"primaryImageOfPage\":{\"@id\":\"https:\\\/\\\/www.taksvarkki.fi\\\/kampanja2025\\\/sv\\\/videomeddelanden\\\/#primaryimage\"},\"image\":{\"@id\":\"https:\\\/\\\/www.taksvarkki.fi\\\/kampanja2025\\\/sv\\\/videomeddelanden\\\/#primaryimage\"},\"thumbnailUrl\":\"https:\\\/\\\/www.taksvarkki.fi\\\/kampanja2025\\\/wp-content\\\/uploads\\\/sites\\\/18\\\/2025\\\/08\\\/esite_aapo2-265x300.jpg\",\"datePublished\":\"2020-06-21T18:29:33+00:00\",\"dateModified\":\"2026-03-23T11:45:20+00:00\",\"description\":\"I sina videoh\u00e4lsningar ber\u00e4ttar ungdomarna fr\u00e5n Malawi om utmaningar relaterade till ungas psykiska v\u00e4lbefinnande.\",\"breadcrumb\":{\"@id\":\"https:\\\/\\\/www.taksvarkki.fi\\\/kampanja2025\\\/sv\\\/videomeddelanden\\\/#breadcrumb\"},\"inLanguage\":\"fi\",\"potentialAction\":[{\"@type\":\"ReadAction\",\"target\":[\"https:\\\/\\\/www.taksvarkki.fi\\\/kampanja2025\\\/sv\\\/videomeddelanden\\\/\"]}]},{\"@type\":\"ImageObject\",\"inLanguage\":\"fi\",\"@id\":\"https:\\\/\\\/www.taksvarkki.fi\\\/kampanja2025\\\/sv\\\/videomeddelanden\\\/#primaryimage\",\"url\":\"https:\\\/\\\/www.taksvarkki.fi\\\/kampanja2025\\\/wp-content\\\/uploads\\\/sites\\\/18\\\/2025\\\/08\\\/esite_aapo2.jpg\",\"contentUrl\":\"https:\\\/\\\/www.taksvarkki.fi\\\/kampanja2025\\\/wp-content\\\/uploads\\\/sites\\\/18\\\/2025\\\/08\\\/esite_aapo2.jpg\",\"width\":1000,\"height\":1132,\"caption\":\"Nuoren kasvokuva.\"},{\"@type\":\"BreadcrumbList\",\"@id\":\"https:\\\/\\\/www.taksvarkki.fi\\\/kampanja2025\\\/sv\\\/videomeddelanden\\\/#breadcrumb\",\"itemListElement\":[{\"@type\":\"ListItem\",\"position\":1,\"name\":\"Home\",\"item\":\"https:\\\/\\\/www.taksvarkki.fi\\\/kampanja2025\\\/\"},{\"@type\":\"ListItem\",\"position\":2,\"name\":\"Videor fr\u00e5n unga\"}]},{\"@type\":\"WebSite\",\"@id\":\"https:\\\/\\\/www.taksvarkki.fi\\\/kampanja2025\\\/#website\",\"url\":\"https:\\\/\\\/www.taksvarkki.fi\\\/kampanja2025\\\/\",\"name\":\"How are you doing?\",\"description\":\"Taksv\u00e4rkki campaign 2025\u20132026\",\"potentialAction\":[{\"@type\":\"SearchAction\",\"target\":{\"@type\":\"EntryPoint\",\"urlTemplate\":\"https:\\\/\\\/www.taksvarkki.fi\\\/kampanja2025\\\/?s={search_term_string}\"},\"query-input\":{\"@type\":\"PropertyValueSpecification\",\"valueRequired\":true,\"valueName\":\"search_term_string\"}}],\"inLanguage\":\"fi\"}]}<\/script>\n<!-- \/ Yoast SEO plugin. -->","yoast_head_json":{"title":"Videomeddelanden fr\u00e5n unga - How are you doing? - Kom med i Dagsverke!","description":"I sina videoh\u00e4lsningar ber\u00e4ttar ungdomarna fr\u00e5n Malawi om utmaningar relaterade till ungas psykiska v\u00e4lbefinnande.","robots":{"index":"index","follow":"follow","max-snippet":"max-snippet:-1","max-image-preview":"max-image-preview:large","max-video-preview":"max-video-preview:-1"},"canonical":"https:\/\/www.taksvarkki.fi\/kampanja2025\/sv\/videomeddelanden\/","og_locale":"fi_FI","og_type":"article","og_title":"Videomeddelanden fr\u00e5n unga - How are you doing? - Kom med i Dagsverke!","og_description":"I sina videoh\u00e4lsningar ber\u00e4ttar ungdomarna fr\u00e5n Malawi om utmaningar relaterade till ungas psykiska v\u00e4lbefinnande.","og_url":"https:\/\/www.taksvarkki.fi\/kampanja2025\/sv\/videomeddelanden\/","og_site_name":"How are you doing?","article_modified_time":"2026-03-23T11:45:20+00:00","og_image":[{"width":1000,"height":1030,"url":"https:\/\/www.taksvarkki.fi\/kampanja2025\/wp-content\/uploads\/sites\/18\/2025\/08\/esite_luwiza.jpg","type":"image\/jpeg"}],"twitter_card":"summary_large_image","twitter_misc":{"Arvioitu lukuaika":"2 minuuttia"},"schema":{"@context":"https:\/\/schema.org","@graph":[{"@type":"WebPage","@id":"https:\/\/www.taksvarkki.fi\/kampanja2025\/sv\/videomeddelanden\/","url":"https:\/\/www.taksvarkki.fi\/kampanja2025\/sv\/videomeddelanden\/","name":"Videomeddelanden fr\u00e5n unga - How are you doing? - Kom med i Dagsverke!","isPartOf":{"@id":"https:\/\/www.taksvarkki.fi\/kampanja2025\/#website"},"primaryImageOfPage":{"@id":"https:\/\/www.taksvarkki.fi\/kampanja2025\/sv\/videomeddelanden\/#primaryimage"},"image":{"@id":"https:\/\/www.taksvarkki.fi\/kampanja2025\/sv\/videomeddelanden\/#primaryimage"},"thumbnailUrl":"https:\/\/www.taksvarkki.fi\/kampanja2025\/wp-content\/uploads\/sites\/18\/2025\/08\/esite_aapo2-265x300.jpg","datePublished":"2020-06-21T18:29:33+00:00","dateModified":"2026-03-23T11:45:20+00:00","description":"I sina videoh\u00e4lsningar ber\u00e4ttar ungdomarna fr\u00e5n Malawi om utmaningar relaterade till ungas psykiska v\u00e4lbefinnande.","breadcrumb":{"@id":"https:\/\/www.taksvarkki.fi\/kampanja2025\/sv\/videomeddelanden\/#breadcrumb"},"inLanguage":"fi","potentialAction":[{"@type":"ReadAction","target":["https:\/\/www.taksvarkki.fi\/kampanja2025\/sv\/videomeddelanden\/"]}]},{"@type":"ImageObject","inLanguage":"fi","@id":"https:\/\/www.taksvarkki.fi\/kampanja2025\/sv\/videomeddelanden\/#primaryimage","url":"https:\/\/www.taksvarkki.fi\/kampanja2025\/wp-content\/uploads\/sites\/18\/2025\/08\/esite_aapo2.jpg","contentUrl":"https:\/\/www.taksvarkki.fi\/kampanja2025\/wp-content\/uploads\/sites\/18\/2025\/08\/esite_aapo2.jpg","width":1000,"height":1132,"caption":"Nuoren kasvokuva."},{"@type":"BreadcrumbList","@id":"https:\/\/www.taksvarkki.fi\/kampanja2025\/sv\/videomeddelanden\/#breadcrumb","itemListElement":[{"@type":"ListItem","position":1,"name":"Home","item":"https:\/\/www.taksvarkki.fi\/kampanja2025\/"},{"@type":"ListItem","position":2,"name":"Videor fr\u00e5n unga"}]},{"@type":"WebSite","@id":"https:\/\/www.taksvarkki.fi\/kampanja2025\/#website","url":"https:\/\/www.taksvarkki.fi\/kampanja2025\/","name":"How are you doing?","description":"Taksv\u00e4rkki campaign 2025\u20132026","potentialAction":[{"@type":"SearchAction","target":{"@type":"EntryPoint","urlTemplate":"https:\/\/www.taksvarkki.fi\/kampanja2025\/?s={search_term_string}"},"query-input":{"@type":"PropertyValueSpecification","valueRequired":true,"valueName":"search_term_string"}}],"inLanguage":"fi"}]}},"_links":{"self":[{"href":"https:\/\/www.taksvarkki.fi\/kampanja2025\/wp-json\/wp\/v2\/pages\/859","targetHints":{"allow":["GET"]}}],"collection":[{"href":"https:\/\/www.taksvarkki.fi\/kampanja2025\/wp-json\/wp\/v2\/pages"}],"about":[{"href":"https:\/\/www.taksvarkki.fi\/kampanja2025\/wp-json\/wp\/v2\/types\/page"}],"author":[{"embeddable":true,"href":"https:\/\/www.taksvarkki.fi\/kampanja2025\/wp-json\/wp\/v2\/users\/18"}],"replies":[{"embeddable":true,"href":"https:\/\/www.taksvarkki.fi\/kampanja2025\/wp-json\/wp\/v2\/comments?post=859"}],"version-history":[{"count":105,"href":"https:\/\/www.taksvarkki.fi\/kampanja2025\/wp-json\/wp\/v2\/pages\/859\/revisions"}],"predecessor-version":[{"id":6940,"href":"https:\/\/www.taksvarkki.fi\/kampanja2025\/wp-json\/wp\/v2\/pages\/859\/revisions\/6940"}],"wp:attachment":[{"href":"https:\/\/www.taksvarkki.fi\/kampanja2025\/wp-json\/wp\/v2\/media?parent=859"}],"curies":[{"name":"wp","href":"https:\/\/api.w.org\/{rel}","templated":true}]}}