{"id":3820,"date":"2022-12-01T11:10:59","date_gmt":"2022-12-01T11:10:59","guid":{"rendered":"https:\/\/www.taksvarkki.fi\/kampanja2025\/?page_id=3820"},"modified":"2025-08-11T12:05:14","modified_gmt":"2025-08-11T09:05:14","slug":"evasteet","status":"publish","type":"page","link":"https:\/\/www.taksvarkki.fi\/kampanja2025\/evasteet\/","title":{"rendered":"Ev\u00e4steet"},"content":{"rendered":"\n<script id=\"CookieDeclaration\" data-culture=\"fi\" src=\"https:\/\/consent.cookiebot.com\/4c8e4800-6eec-427b-b5d1-6944f65a5244\/cd.js\" type=\"text\/javascript\" async><\/script>\n","protected":false},"excerpt":{"rendered":"","protected":false},"author":18,"featured_media":0,"parent":0,"menu_order":0,"comment_status":"closed","ping_status":"closed","template":"elementor_header_footer","meta":{"footnotes":""},"class_list":["post-3820","page","type-page","status-publish"],"yoast_head":"<!-- This site is optimized with the Yoast SEO plugin v27.3 - https:\/\/yoast.com\/product\/yoast-seo-wordpress\/ -->\n<title>Ev\u00e4steet - How are you doing? - Taksv\u00e4rkki-kampanja<\/title>\n<meta name=\"description\" content=\"Miten s\u00e4 voit? -kampanja. Maailma muuttuu, kun nuoret voivat hyvin. Taksv\u00e4rkkip\u00e4iv\u00e4 on mahdollisuus vaikuttaa!\" \/>\n<meta name=\"robots\" content=\"index, follow, max-snippet:-1, max-image-preview:large, max-video-preview:-1\" \/>\n<link rel=\"canonical\" href=\"https:\/\/www.taksvarkki.fi\/kampanja2025\/evasteet\/\" \/>\n<meta property=\"og:locale\" content=\"fi_FI\" \/>\n<meta property=\"og:type\" content=\"article\" \/>\n<meta property=\"og:title\" content=\"Ev\u00e4steet - How are you doing? - Taksv\u00e4rkki-kampanja\" \/>\n<meta property=\"og:description\" content=\"Miten s\u00e4 voit? -kampanja. Maailma muuttuu, kun nuoret voivat hyvin. Taksv\u00e4rkkip\u00e4iv\u00e4 on mahdollisuus vaikuttaa!\" \/>\n<meta property=\"og:url\" content=\"https:\/\/www.taksvarkki.fi\/kampanja2025\/evasteet\/\" \/>\n<meta property=\"og:site_name\" content=\"How are you doing?\" \/>\n<meta property=\"article:modified_time\" content=\"2025-08-11T09:05:14+00:00\" \/>\n<meta property=\"og:image\" content=\"https:\/\/www.taksvarkki.fi\/kampanja2025\/wp-content\/uploads\/sites\/18\/2024\/04\/logo-circle.png\" \/>\n\t<meta property=\"og:image:width\" content=\"802\" \/>\n\t<meta property=\"og:image:height\" content=\"913\" \/>\n\t<meta property=\"og:image:type\" content=\"image\/png\" \/>\n<meta name=\"twitter:card\" content=\"summary_large_image\" \/>\n<script type=\"application\/ld+json\" class=\"yoast-schema-graph\">{\"@context\":\"https:\\\/\\\/schema.org\",\"@graph\":[{\"@type\":\"WebPage\",\"@id\":\"https:\\\/\\\/www.taksvarkki.fi\\\/kampanja2025\\\/evasteet\\\/\",\"url\":\"https:\\\/\\\/www.taksvarkki.fi\\\/kampanja2025\\\/evasteet\\\/\",\"name\":\"Ev\u00e4steet - How are you doing? - Taksv\u00e4rkki-kampanja\",\"isPartOf\":{\"@id\":\"https:\\\/\\\/www.taksvarkki.fi\\\/kampanja2025\\\/#website\"},\"datePublished\":\"2022-12-01T11:10:59+00:00\",\"dateModified\":\"2025-08-11T09:05:14+00:00\",\"description\":\"Miten s\u00e4 voit? -kampanja. Maailma muuttuu, kun nuoret voivat hyvin. Taksv\u00e4rkkip\u00e4iv\u00e4 on mahdollisuus vaikuttaa!\",\"breadcrumb\":{\"@id\":\"https:\\\/\\\/www.taksvarkki.fi\\\/kampanja2025\\\/evasteet\\\/#breadcrumb\"},\"inLanguage\":\"fi\",\"potentialAction\":[{\"@type\":\"ReadAction\",\"target\":[\"https:\\\/\\\/www.taksvarkki.fi\\\/kampanja2025\\\/evasteet\\\/\"]}]},{\"@type\":\"BreadcrumbList\",\"@id\":\"https:\\\/\\\/www.taksvarkki.fi\\\/kampanja2025\\\/evasteet\\\/#breadcrumb\",\"itemListElement\":[{\"@type\":\"ListItem\",\"position\":1,\"name\":\"Home\",\"item\":\"https:\\\/\\\/www.taksvarkki.fi\\\/kampanja2025\\\/\"},{\"@type\":\"ListItem\",\"position\":2,\"name\":\"Ev\u00e4steet\"}]},{\"@type\":\"WebSite\",\"@id\":\"https:\\\/\\\/www.taksvarkki.fi\\\/kampanja2025\\\/#website\",\"url\":\"https:\\\/\\\/www.taksvarkki.fi\\\/kampanja2025\\\/\",\"name\":\"How are you doing?\",\"description\":\"Taksv\u00e4rkki campaign 2025\u20132026\",\"potentialAction\":[{\"@type\":\"SearchAction\",\"target\":{\"@type\":\"EntryPoint\",\"urlTemplate\":\"https:\\\/\\\/www.taksvarkki.fi\\\/kampanja2025\\\/?s={search_term_string}\"},\"query-input\":{\"@type\":\"PropertyValueSpecification\",\"valueRequired\":true,\"valueName\":\"search_term_string\"}}],\"inLanguage\":\"fi\"}]}<\/script>\n<!-- \/ Yoast SEO plugin. -->","yoast_head_json":{"title":"Ev\u00e4steet - How are you doing? - Taksv\u00e4rkki-kampanja","description":"Miten s\u00e4 voit? -kampanja. Maailma muuttuu, kun nuoret voivat hyvin. Taksv\u00e4rkkip\u00e4iv\u00e4 on mahdollisuus vaikuttaa!","robots":{"index":"index","follow":"follow","max-snippet":"max-snippet:-1","max-image-preview":"max-image-preview:large","max-video-preview":"max-video-preview:-1"},"canonical":"https:\/\/www.taksvarkki.fi\/kampanja2025\/evasteet\/","og_locale":"fi_FI","og_type":"article","og_title":"Ev\u00e4steet - How are you doing? - Taksv\u00e4rkki-kampanja","og_description":"Miten s\u00e4 voit? -kampanja. Maailma muuttuu, kun nuoret voivat hyvin. Taksv\u00e4rkkip\u00e4iv\u00e4 on mahdollisuus vaikuttaa!","og_url":"https:\/\/www.taksvarkki.fi\/kampanja2025\/evasteet\/","og_site_name":"How are you doing?","article_modified_time":"2025-08-11T09:05:14+00:00","og_image":[{"width":802,"height":913,"url":"https:\/\/www.taksvarkki.fi\/kampanja2025\/wp-content\/uploads\/sites\/18\/2024\/04\/logo-circle.png","type":"image\/png"}],"twitter_card":"summary_large_image","schema":{"@context":"https:\/\/schema.org","@graph":[{"@type":"WebPage","@id":"https:\/\/www.taksvarkki.fi\/kampanja2025\/evasteet\/","url":"https:\/\/www.taksvarkki.fi\/kampanja2025\/evasteet\/","name":"Ev\u00e4steet - How are you doing? - Taksv\u00e4rkki-kampanja","isPartOf":{"@id":"https:\/\/www.taksvarkki.fi\/kampanja2025\/#website"},"datePublished":"2022-12-01T11:10:59+00:00","dateModified":"2025-08-11T09:05:14+00:00","description":"Miten s\u00e4 voit? -kampanja. Maailma muuttuu, kun nuoret voivat hyvin. Taksv\u00e4rkkip\u00e4iv\u00e4 on mahdollisuus vaikuttaa!","breadcrumb":{"@id":"https:\/\/www.taksvarkki.fi\/kampanja2025\/evasteet\/#breadcrumb"},"inLanguage":"fi","potentialAction":[{"@type":"ReadAction","target":["https:\/\/www.taksvarkki.fi\/kampanja2025\/evasteet\/"]}]},{"@type":"BreadcrumbList","@id":"https:\/\/www.taksvarkki.fi\/kampanja2025\/evasteet\/#breadcrumb","itemListElement":[{"@type":"ListItem","position":1,"name":"Home","item":"https:\/\/www.taksvarkki.fi\/kampanja2025\/"},{"@type":"ListItem","position":2,"name":"Ev\u00e4steet"}]},{"@type":"WebSite","@id":"https:\/\/www.taksvarkki.fi\/kampanja2025\/#website","url":"https:\/\/www.taksvarkki.fi\/kampanja2025\/","name":"How are you doing?","description":"Taksv\u00e4rkki campaign 2025\u20132026","potentialAction":[{"@type":"SearchAction","target":{"@type":"EntryPoint","urlTemplate":"https:\/\/www.taksvarkki.fi\/kampanja2025\/?s={search_term_string}"},"query-input":{"@type":"PropertyValueSpecification","valueRequired":true,"valueName":"search_term_string"}}],"inLanguage":"fi"}]}},"_links":{"self":[{"href":"https:\/\/www.taksvarkki.fi\/kampanja2025\/wp-json\/wp\/v2\/pages\/3820","targetHints":{"allow":["GET"]}}],"collection":[{"href":"https:\/\/www.taksvarkki.fi\/kampanja2025\/wp-json\/wp\/v2\/pages"}],"about":[{"href":"https:\/\/www.taksvarkki.fi\/kampanja2025\/wp-json\/wp\/v2\/types\/page"}],"author":[{"embeddable":true,"href":"https:\/\/www.taksvarkki.fi\/kampanja2025\/wp-json\/wp\/v2\/users\/18"}],"replies":[{"embeddable":true,"href":"https:\/\/www.taksvarkki.fi\/kampanja2025\/wp-json\/wp\/v2\/comments?post=3820"}],"version-history":[{"count":1,"href":"https:\/\/www.taksvarkki.fi\/kampanja2025\/wp-json\/wp\/v2\/pages\/3820\/revisions"}],"predecessor-version":[{"id":3821,"href":"https:\/\/www.taksvarkki.fi\/kampanja2025\/wp-json\/wp\/v2\/pages\/3820\/revisions\/3821"}],"wp:attachment":[{"href":"https:\/\/www.taksvarkki.fi\/kampanja2025\/wp-json\/wp\/v2\/media?parent=3820"}],"curies":[{"name":"wp","href":"https:\/\/api.w.org\/{rel}","templated":true}]}}