{"id":957,"date":"2020-06-21T23:18:07","date_gmt":"2020-06-21T20:18:07","guid":{"rendered":"https:\/\/www.taksvarkki.fi\/nepal2020\/?page_id=957"},"modified":"2025-05-21T11:31:06","modified_gmt":"2025-05-21T10:31:06","slug":"videomessages","status":"publish","type":"page","link":"https:\/\/www.taksvarkki.fi\/kampanja2024\/en\/videomessages\/","title":{"rendered":"Videos from youth"},"content":{"rendered":"\t\t<div data-elementor-type=\"wp-page\" data-elementor-id=\"957\" class=\"elementor elementor-957\">\n\t\t\t\t\t\t<section class=\"elementor-section elementor-top-section elementor-element elementor-element-cfae9b5 elementor-section-boxed elementor-section-height-default elementor-section-height-default\" data-id=\"cfae9b5\" data-element_type=\"section\" data-e-type=\"section\">\n\t\t\t\t\t\t<div class=\"elementor-container elementor-column-gap-default\">\n\t\t\t\t\t<div class=\"elementor-column elementor-col-100 elementor-top-column elementor-element elementor-element-7350633\" data-id=\"7350633\" data-element_type=\"column\" data-e-type=\"column\">\n\t\t\t<div class=\"elementor-widget-wrap elementor-element-populated\">\n\t\t\t\t\t\t<div class=\"elementor-element elementor-element-de0f8fc elementor-widget elementor-widget-text-editor\" data-id=\"de0f8fc\" data-element_type=\"widget\" data-e-type=\"widget\" data-widget_type=\"text-editor.default\">\n\t\t\t\t<div class=\"elementor-widget-container\">\n\t\t\t\t\t\t\t\t\t<p>In their video messages, young people from Kenya talk about their work making a difference, the challenges with safety and their visions for the future<span style=\"color: var( --e-global-color-text ); font-family: var( --e-global-typography-text-font-family ), Sans-serif; font-weight: var( --e-global-typography-text-font-weight );\">. The videos are subtitled in English, Finnish and Swedish.<\/span><\/p><p><i><b>Instructions for subtitles on Youtube\u00a0<br \/><\/b>You can turn on subtitles by clicking on the white box at the bottom right of the video. You can change the subtitle language (Finnish, Swedish or English) and adjust the font size and background color in the Subtitles section by clicking the gear icon<span style=\"font-family: Calibri, sans-serif;\"><span style=\"font-size: 14.6667px;\"><b>.<\/b><\/span><\/span><\/i><\/p><div><div><div><p><!-- [if !supportAnnotations]--><\/p><\/div><p><!--[endif]--><\/p><\/div><\/div>\t\t\t\t\t\t\t\t<\/div>\n\t\t\t\t<\/div>\n\t\t\t\t<div class=\"elementor-element elementor-element-36fc288 elementor-widget elementor-widget-heading\" data-id=\"36fc288\" data-element_type=\"widget\" data-e-type=\"widget\" data-widget_type=\"heading.default\">\n\t\t\t\t<div class=\"elementor-widget-container\">\n\t\t\t\t\t<p class=\"elementor-heading-title elementor-size-default\"><span style=\"white-space: normal\"><b>1.&nbsp;<\/b><\/span><span>Dennis &amp; Tabitha (6 minutes)<\/span><\/p>\t\t\t\t<\/div>\n\t\t\t\t<\/div>\n\t\t\t\t<div class=\"elementor-element elementor-element-b1706e0 elementor-widget elementor-widget-html\" data-id=\"b1706e0\" data-element_type=\"widget\" data-e-type=\"widget\" data-widget_type=\"html.default\">\n\t\t\t\t<div class=\"elementor-widget-container\">\n\t\t\t\t\t<iframe width= \"860\" height= \"484\"  data-cookieconsent=\"statistics, marketing\" data-src=\"https:\/\/www.youtube.com\/embed\/NrGsLzzNJ3U\" title=\"YouTube video player\" frameborder=\"0\" allow=\"accelerometer; autoplay; clipboard-write; encrypted-media; gyroscope; picture-in-picture; web-share\" allowfullscreen><\/iframe><div class=\"cookieconsent-optout-statistics cookieconsent-optout-marketing\"><\/div>\t\t\t\t<\/div>\n\t\t\t\t<\/div>\n\t\t\t\t<div class=\"elementor-element elementor-element-974394f elementor-widget elementor-widget-spacer\" data-id=\"974394f\" data-element_type=\"widget\" data-e-type=\"widget\" data-widget_type=\"spacer.default\">\n\t\t\t\t<div class=\"elementor-widget-container\">\n\t\t\t\t\t\t\t<div class=\"elementor-spacer\">\n\t\t\t<div class=\"elementor-spacer-inner\"><\/div>\n\t\t<\/div>\n\t\t\t\t\t\t<\/div>\n\t\t\t\t<\/div>\n\t\t\t\t<div class=\"elementor-element elementor-element-789c98f elementor-widget elementor-widget-heading\" data-id=\"789c98f\" data-element_type=\"widget\" data-e-type=\"widget\" data-widget_type=\"heading.default\">\n\t\t\t\t<div class=\"elementor-widget-container\">\n\t\t\t\t\t<p class=\"elementor-heading-title elementor-size-default\"><span style=\"white-space: normal\"><b>2. Moses (3 minutes)<\/b><\/span><\/p>\t\t\t\t<\/div>\n\t\t\t\t<\/div>\n\t\t\t\t<div class=\"elementor-element elementor-element-21cfb42 elementor-widget elementor-widget-html\" data-id=\"21cfb42\" data-element_type=\"widget\" data-e-type=\"widget\" data-widget_type=\"html.default\">\n\t\t\t\t<div class=\"elementor-widget-container\">\n\t\t\t\t\t<iframe width=\"860\" height=\"484\" data-cookieconsent=\"statistics, marketing\" data-src=\"https:\/\/www.youtube.com\/embed\/nzLZB4Q2Sh8\" title=\"YouTube video player\" frameborder=\"0\" allow=\"accelerometer; autoplay; clipboard-write; encrypted-media; gyroscope; picture-in-picture; web-share\" allowfullscreen><\/iframe><div class=\"cookieconsent-optout-statistics cookieconsent-optout-marketing\"><\/div>\t\t\t\t<\/div>\n\t\t\t\t<\/div>\n\t\t\t\t<div class=\"elementor-element elementor-element-c926cbb elementor-widget elementor-widget-spacer\" data-id=\"c926cbb\" data-element_type=\"widget\" data-e-type=\"widget\" data-widget_type=\"spacer.default\">\n\t\t\t\t<div class=\"elementor-widget-container\">\n\t\t\t\t\t\t\t<div class=\"elementor-spacer\">\n\t\t\t<div class=\"elementor-spacer-inner\"><\/div>\n\t\t<\/div>\n\t\t\t\t\t\t<\/div>\n\t\t\t\t<\/div>\n\t\t\t\t<div class=\"elementor-element elementor-element-8ff8cd3 elementor-widget elementor-widget-heading\" data-id=\"8ff8cd3\" data-element_type=\"widget\" data-e-type=\"widget\" data-widget_type=\"heading.default\">\n\t\t\t\t<div class=\"elementor-widget-container\">\n\t\t\t\t\t<p class=\"elementor-heading-title elementor-size-default\"><span style=\"white-space: normal\"><b>3.&nbsp;<\/b><\/span><span>When you feel safe (campaign trailer, 1 minute)<\/span><\/p>\t\t\t\t<\/div>\n\t\t\t\t<\/div>\n\t\t\t\t<div class=\"elementor-element elementor-element-8504542 elementor-widget elementor-widget-html\" data-id=\"8504542\" data-element_type=\"widget\" data-e-type=\"widget\" data-widget_type=\"html.default\">\n\t\t\t\t<div class=\"elementor-widget-container\">\n\t\t\t\t\t<iframe width=\"860\" height=\"484\" data-cookieconsent=\"statistics, marketing\" data-src=\"https:\/\/www.youtube.com\/embed\/Lj9jTIhhItM\" title=\"YouTube video player\" frameborder=\"0\" allow=\"accelerometer; autoplay; clipboard-write; encrypted-media; gyroscope; picture-in-picture; web-share\" allowfullscreen><\/iframe><div class=\"cookieconsent-optout-statistics cookieconsent-optout-marketing\"><\/div>\t\t\t\t<\/div>\n\t\t\t\t<\/div>\n\t\t\t\t<div class=\"elementor-element elementor-element-36b6974 elementor-widget elementor-widget-spacer\" data-id=\"36b6974\" data-element_type=\"widget\" data-e-type=\"widget\" data-widget_type=\"spacer.default\">\n\t\t\t\t<div class=\"elementor-widget-container\">\n\t\t\t\t\t\t\t<div class=\"elementor-spacer\">\n\t\t\t<div class=\"elementor-spacer-inner\"><\/div>\n\t\t<\/div>\n\t\t\t\t\t\t<\/div>\n\t\t\t\t<\/div>\n\t\t\t\t<div class=\"elementor-element elementor-element-1c22412 elementor-widget elementor-widget-heading\" data-id=\"1c22412\" data-element_type=\"widget\" data-e-type=\"widget\" data-widget_type=\"heading.default\">\n\t\t\t\t<div class=\"elementor-widget-container\">\n\t\t\t\t\t<p class=\"elementor-heading-title elementor-size-default\"><span style=\"white-space: normal\"><b>4. Undugu Society<\/b><\/span><span>&nbsp;(4 minutes)<\/span><\/p>\t\t\t\t<\/div>\n\t\t\t\t<\/div>\n\t\t\t\t<div class=\"elementor-element elementor-element-fed31d7 elementor-widget elementor-widget-html\" data-id=\"fed31d7\" data-element_type=\"widget\" data-e-type=\"widget\" data-widget_type=\"html.default\">\n\t\t\t\t<div class=\"elementor-widget-container\">\n\t\t\t\t\t<iframe width=\"860\" height=\"484\" data-cookieconsent=\"statistics, marketing\" data-src=\"https:\/\/www.youtube.com\/embed\/mzTkPe5lrN4\" title=\"YouTube video player\" frameborder=\"0\" allow=\"accelerometer; autoplay; clipboard-write; encrypted-media; gyroscope; picture-in-picture; web-share\" allowfullscreen><\/iframe><div class=\"cookieconsent-optout-statistics cookieconsent-optout-marketing\"><\/div>\t\t\t\t<\/div>\n\t\t\t\t<\/div>\n\t\t\t\t\t<\/div>\n\t\t<\/div>\n\t\t\t\t\t<\/div>\n\t\t<\/section>\n\t\t\t\t<section class=\"elementor-section elementor-top-section elementor-element elementor-element-c3cc2e4 elementor-section-boxed elementor-section-height-default elementor-section-height-default\" data-id=\"c3cc2e4\" data-element_type=\"section\" data-e-type=\"section\">\n\t\t\t\t\t\t<div class=\"elementor-container elementor-column-gap-default\">\n\t\t\t\t\t<div class=\"elementor-column elementor-col-100 elementor-top-column elementor-element elementor-element-f07e186\" data-id=\"f07e186\" data-element_type=\"column\" data-e-type=\"column\">\n\t\t\t<div class=\"elementor-widget-wrap\">\n\t\t\t\t\t\t\t<\/div>\n\t\t<\/div>\n\t\t\t\t\t<\/div>\n\t\t<\/section>\n\t\t\t\t<section class=\"elementor-section elementor-top-section elementor-element elementor-element-e62151b elementor-section-boxed elementor-section-height-default elementor-section-height-default\" data-id=\"e62151b\" data-element_type=\"section\" data-e-type=\"section\">\n\t\t\t\t\t\t<div class=\"elementor-container elementor-column-gap-default\">\n\t\t\t\t\t<div class=\"elementor-column elementor-col-100 elementor-top-column elementor-element elementor-element-3943d9e\" data-id=\"3943d9e\" data-element_type=\"column\" data-e-type=\"column\" data-settings=\"{&quot;background_background&quot;:&quot;classic&quot;}\">\n\t\t\t<div class=\"elementor-widget-wrap elementor-element-populated\">\n\t\t\t\t\t\t<section class=\"elementor-section elementor-inner-section elementor-element elementor-element-031b01b elementor-section-boxed elementor-section-height-default elementor-section-height-default\" data-id=\"031b01b\" data-element_type=\"section\" data-e-type=\"section\">\n\t\t\t\t\t\t<div class=\"elementor-container elementor-column-gap-default\">\n\t\t\t\t\t<div class=\"elementor-column elementor-col-33 elementor-inner-column elementor-element elementor-element-fde0a98\" data-id=\"fde0a98\" data-element_type=\"column\" data-e-type=\"column\">\n\t\t\t<div class=\"elementor-widget-wrap elementor-element-populated\">\n\t\t\t\t\t\t<div class=\"elementor-element elementor-element-e770fd2 elementor-widget elementor-widget-image\" data-id=\"e770fd2\" data-element_type=\"widget\" data-e-type=\"widget\" data-widget_type=\"image.default\">\n\t\t\t\t<div class=\"elementor-widget-container\">\n\t\t\t\t\t\t\t\t\t\t\t\t\t\t\t<img fetchpriority=\"high\" decoding=\"async\" width=\"300\" height=\"300\" src=\"https:\/\/www.taksvarkki.fi\/kampanja2024\/wp-content\/uploads\/sites\/17\/2024\/08\/taksvarkki_Moses1-300x300.jpg\" class=\"attachment-medium size-medium wp-image-5355\" alt=\"Nuoren kasvokuva.\" srcset=\"https:\/\/www.taksvarkki.fi\/kampanja2024\/wp-content\/uploads\/sites\/17\/2024\/08\/taksvarkki_Moses1-300x300.jpg 300w, https:\/\/www.taksvarkki.fi\/kampanja2024\/wp-content\/uploads\/sites\/17\/2024\/08\/taksvarkki_Moses1-150x150.jpg 150w, https:\/\/www.taksvarkki.fi\/kampanja2024\/wp-content\/uploads\/sites\/17\/2024\/08\/taksvarkki_Moses1.jpg 656w\" sizes=\"(max-width: 300px) 100vw, 300px\" \/>\t\t\t\t\t\t\t\t\t\t\t\t\t\t\t<\/div>\n\t\t\t\t<\/div>\n\t\t\t\t\t<\/div>\n\t\t<\/div>\n\t\t\t\t<div class=\"elementor-column elementor-col-66 elementor-inner-column elementor-element elementor-element-70843dd\" data-id=\"70843dd\" data-element_type=\"column\" data-e-type=\"column\">\n\t\t\t<div class=\"elementor-widget-wrap elementor-element-populated\">\n\t\t\t\t\t\t<div class=\"elementor-element elementor-element-426575a elementor-widget elementor-widget-text-editor\" data-id=\"426575a\" data-element_type=\"widget\" data-e-type=\"widget\" data-widget_type=\"text-editor.default\">\n\t\t\t\t<div class=\"elementor-widget-container\">\n\t\t\t\t\t\t\t\t\t<p>&#8221;I wish the youth in the near future to know their rights. If there any issues come up they are aware on how to solve them.&#8221;<\/p><p><b>Moses, 20, Nairobi<\/b><\/p>\t\t\t\t\t\t\t\t<\/div>\n\t\t\t\t<\/div>\n\t\t\t\t\t<\/div>\n\t\t<\/div>\n\t\t\t\t\t<\/div>\n\t\t<\/section>\n\t\t\t\t\t<\/div>\n\t\t<\/div>\n\t\t\t\t\t<\/div>\n\t\t<\/section>\n\t\t\t\t<section class=\"elementor-section elementor-top-section elementor-element elementor-element-42bb952 elementor-section-boxed elementor-section-height-default elementor-section-height-default\" data-id=\"42bb952\" data-element_type=\"section\" data-e-type=\"section\">\n\t\t\t\t\t\t<div class=\"elementor-container elementor-column-gap-default\">\n\t\t\t\t\t<div class=\"elementor-column elementor-col-100 elementor-top-column elementor-element elementor-element-ce8108f\" data-id=\"ce8108f\" data-element_type=\"column\" data-e-type=\"column\" data-settings=\"{&quot;background_background&quot;:&quot;classic&quot;}\">\n\t\t\t<div class=\"elementor-widget-wrap elementor-element-populated\">\n\t\t\t\t\t\t<section class=\"elementor-section elementor-inner-section elementor-element elementor-element-ceaa428 elementor-section-boxed elementor-section-height-default elementor-section-height-default\" data-id=\"ceaa428\" data-element_type=\"section\" data-e-type=\"section\">\n\t\t\t\t\t\t<div class=\"elementor-container elementor-column-gap-default\">\n\t\t\t\t\t<div class=\"elementor-column elementor-col-33 elementor-inner-column elementor-element elementor-element-aadba55\" data-id=\"aadba55\" data-element_type=\"column\" data-e-type=\"column\">\n\t\t\t<div class=\"elementor-widget-wrap elementor-element-populated\">\n\t\t\t\t\t\t<div class=\"elementor-element elementor-element-b88da7b elementor-widget elementor-widget-image\" data-id=\"b88da7b\" data-element_type=\"widget\" data-e-type=\"widget\" data-widget_type=\"image.default\">\n\t\t\t\t<div class=\"elementor-widget-container\">\n\t\t\t\t\t\t\t\t\t\t\t\t\t\t\t<img decoding=\"async\" width=\"300\" height=\"300\" src=\"https:\/\/www.taksvarkki.fi\/kampanja2024\/wp-content\/uploads\/sites\/17\/2024\/08\/taksvarkki_Dennis1-300x300.jpg\" class=\"attachment-medium size-medium wp-image-5346\" alt=\"Nuoren kasvokuva.\" srcset=\"https:\/\/www.taksvarkki.fi\/kampanja2024\/wp-content\/uploads\/sites\/17\/2024\/08\/taksvarkki_Dennis1-300x300.jpg 300w, https:\/\/www.taksvarkki.fi\/kampanja2024\/wp-content\/uploads\/sites\/17\/2024\/08\/taksvarkki_Dennis1-150x150.jpg 150w, https:\/\/www.taksvarkki.fi\/kampanja2024\/wp-content\/uploads\/sites\/17\/2024\/08\/taksvarkki_Dennis1.jpg 711w\" sizes=\"(max-width: 300px) 100vw, 300px\" \/>\t\t\t\t\t\t\t\t\t\t\t\t\t\t\t<\/div>\n\t\t\t\t<\/div>\n\t\t\t\t\t<\/div>\n\t\t<\/div>\n\t\t\t\t<div class=\"elementor-column elementor-col-66 elementor-inner-column elementor-element elementor-element-0760182\" data-id=\"0760182\" data-element_type=\"column\" data-e-type=\"column\">\n\t\t\t<div class=\"elementor-widget-wrap elementor-element-populated\">\n\t\t\t\t\t\t<div class=\"elementor-element elementor-element-44905bf elementor-widget elementor-widget-text-editor\" data-id=\"44905bf\" data-element_type=\"widget\" data-e-type=\"widget\" data-widget_type=\"text-editor.default\">\n\t\t\t\t<div class=\"elementor-widget-container\">\n\t\t\t\t\t\t\t\t\t<p><span style=\"color: var( --e-global-color-text ); font-family: var( --e-global-typography-text-font-family ), Sans-serif; font-weight: var( --e-global-typography-text-font-weight );\">\u201d<\/span>Something I would wish to inform the youth in Finland. The difference between us, in Kenya and them, we can say is the language, the country and the race. But when we are referred to as youth, we all fit into that category. Whatever challenges they encounter, is what we also encounter here.<span style=\"color: var( --e-global-color-text ); font-family: var( --e-global-typography-text-font-family ), Sans-serif; font-weight: var( --e-global-typography-text-font-weight );\">\u201d\u00a0<\/span><\/p><p><span style=\"color: var( --e-global-color-text ); font-family: var( --e-global-typography-text-font-family ), Sans-serif;\"><b>Dennis, 20, Nairobi<\/b><\/span><\/p>\t\t\t\t\t\t\t\t<\/div>\n\t\t\t\t<\/div>\n\t\t\t\t\t<\/div>\n\t\t<\/div>\n\t\t\t\t\t<\/div>\n\t\t<\/section>\n\t\t\t\t\t<\/div>\n\t\t<\/div>\n\t\t\t\t\t<\/div>\n\t\t<\/section>\n\t\t\t\t<\/div>\n\t\t","protected":false},"excerpt":{"rendered":"<p>In their video messages, young people from Kenya talk about their work making a difference, the challenges with safety and their visions for the future. The videos are subtitled in English, Finnish and Swedish. Instructions for subtitles on Youtube\u00a0You can turn on subtitles by clicking on the white box at the bottom right of the &#8230; <a title=\"Videos from youth\" class=\"read-more\" href=\"https:\/\/www.taksvarkki.fi\/kampanja2024\/en\/videomessages\/\" aria-label=\"Lue lis\u00e4\u00e4 aiheesta Videos from youth\">Lue lis\u00e4\u00e4<\/a><\/p>\n","protected":false},"author":18,"featured_media":0,"parent":0,"menu_order":0,"comment_status":"closed","ping_status":"closed","template":"","meta":{"footnotes":""},"class_list":["post-957","page","type-page","status-publish"],"yoast_head":"<!-- This site is optimized with the Yoast SEO plugin v27.3 - https:\/\/yoast.com\/product\/yoast-seo-wordpress\/ -->\n<title>Videos from youth - Taksv\u00e4rkki campaign and young changemakers<\/title>\n<meta name=\"description\" content=\"In their video messages, young people from Kenya share their thoughts on safety and visions for the future.\" \/>\n<meta name=\"robots\" content=\"index, follow, max-snippet:-1, max-image-preview:large, max-video-preview:-1\" \/>\n<link rel=\"canonical\" href=\"https:\/\/www.taksvarkki.fi\/kampanja2024\/en\/videomessages\/\" \/>\n<meta property=\"og:locale\" content=\"fi_FI\" \/>\n<meta property=\"og:type\" content=\"article\" \/>\n<meta property=\"og:title\" content=\"Videos from youth - Taksv\u00e4rkki campaign and young changemakers\" \/>\n<meta property=\"og:description\" content=\"In their video messages, young people from Kenya share their thoughts on safety and visions for the future.\" \/>\n<meta property=\"og:url\" content=\"https:\/\/www.taksvarkki.fi\/kampanja2024\/en\/videomessages\/\" \/>\n<meta property=\"og:site_name\" content=\"Kun ei tarvii pel\u00e4t\u00e4\" \/>\n<meta property=\"article:modified_time\" content=\"2025-05-21T10:31:06+00:00\" \/>\n<meta property=\"og:image\" content=\"https:\/\/www.taksvarkki.fi\/kampanja2024\/wp-content\/uploads\/sites\/17\/2024\/08\/taksvarkki_Moses1.jpg\" \/>\n\t<meta property=\"og:image:width\" content=\"656\" \/>\n\t<meta property=\"og:image:height\" content=\"655\" \/>\n\t<meta property=\"og:image:type\" content=\"image\/jpeg\" \/>\n<meta name=\"twitter:card\" content=\"summary_large_image\" \/>\n<meta name=\"twitter:label1\" content=\"Arvioitu lukuaika\" \/>\n\t<meta name=\"twitter:data1\" content=\"2 minuuttia\" \/>\n<script type=\"application\/ld+json\" class=\"yoast-schema-graph\">{\"@context\":\"https:\\\/\\\/schema.org\",\"@graph\":[{\"@type\":\"WebPage\",\"@id\":\"https:\\\/\\\/www.taksvarkki.fi\\\/kampanja2024\\\/en\\\/videomessages\\\/\",\"url\":\"https:\\\/\\\/www.taksvarkki.fi\\\/kampanja2024\\\/en\\\/videomessages\\\/\",\"name\":\"Videos from youth - Taksv\u00e4rkki campaign and young changemakers\",\"isPartOf\":{\"@id\":\"https:\\\/\\\/www.taksvarkki.fi\\\/kampanja2024\\\/#website\"},\"primaryImageOfPage\":{\"@id\":\"https:\\\/\\\/www.taksvarkki.fi\\\/kampanja2024\\\/en\\\/videomessages\\\/#primaryimage\"},\"image\":{\"@id\":\"https:\\\/\\\/www.taksvarkki.fi\\\/kampanja2024\\\/en\\\/videomessages\\\/#primaryimage\"},\"thumbnailUrl\":\"https:\\\/\\\/www.taksvarkki.fi\\\/kampanja2024\\\/wp-content\\\/uploads\\\/sites\\\/17\\\/2024\\\/08\\\/taksvarkki_Moses1-300x300.jpg\",\"datePublished\":\"2020-06-21T20:18:07+00:00\",\"dateModified\":\"2025-05-21T10:31:06+00:00\",\"description\":\"In their video messages, young people from Kenya share their thoughts on safety and visions for the future.\",\"breadcrumb\":{\"@id\":\"https:\\\/\\\/www.taksvarkki.fi\\\/kampanja2024\\\/en\\\/videomessages\\\/#breadcrumb\"},\"inLanguage\":\"fi\",\"potentialAction\":[{\"@type\":\"ReadAction\",\"target\":[\"https:\\\/\\\/www.taksvarkki.fi\\\/kampanja2024\\\/en\\\/videomessages\\\/\"]}]},{\"@type\":\"ImageObject\",\"inLanguage\":\"fi\",\"@id\":\"https:\\\/\\\/www.taksvarkki.fi\\\/kampanja2024\\\/en\\\/videomessages\\\/#primaryimage\",\"url\":\"https:\\\/\\\/www.taksvarkki.fi\\\/kampanja2024\\\/wp-content\\\/uploads\\\/sites\\\/17\\\/2024\\\/08\\\/taksvarkki_Moses1.jpg\",\"contentUrl\":\"https:\\\/\\\/www.taksvarkki.fi\\\/kampanja2024\\\/wp-content\\\/uploads\\\/sites\\\/17\\\/2024\\\/08\\\/taksvarkki_Moses1.jpg\",\"width\":656,\"height\":655,\"caption\":\"Nuoren kasvokuva.\"},{\"@type\":\"BreadcrumbList\",\"@id\":\"https:\\\/\\\/www.taksvarkki.fi\\\/kampanja2024\\\/en\\\/videomessages\\\/#breadcrumb\",\"itemListElement\":[{\"@type\":\"ListItem\",\"position\":1,\"name\":\"Home\",\"item\":\"https:\\\/\\\/www.taksvarkki.fi\\\/kampanja2024\\\/\"},{\"@type\":\"ListItem\",\"position\":2,\"name\":\"Videos from youth\"}]},{\"@type\":\"WebSite\",\"@id\":\"https:\\\/\\\/www.taksvarkki.fi\\\/kampanja2024\\\/#website\",\"url\":\"https:\\\/\\\/www.taksvarkki.fi\\\/kampanja2024\\\/\",\"name\":\"Kun ei tarvii pel\u00e4t\u00e4\",\"description\":\"Taksv\u00e4rkki-kampanja 2024\u20132025\",\"potentialAction\":[{\"@type\":\"SearchAction\",\"target\":{\"@type\":\"EntryPoint\",\"urlTemplate\":\"https:\\\/\\\/www.taksvarkki.fi\\\/kampanja2024\\\/?s={search_term_string}\"},\"query-input\":{\"@type\":\"PropertyValueSpecification\",\"valueRequired\":true,\"valueName\":\"search_term_string\"}}],\"inLanguage\":\"fi\"}]}<\/script>\n<!-- \/ Yoast SEO plugin. -->","yoast_head_json":{"title":"Videos from youth - Taksv\u00e4rkki campaign and young changemakers","description":"In their video messages, young people from Kenya share their thoughts on safety and visions for the future.","robots":{"index":"index","follow":"follow","max-snippet":"max-snippet:-1","max-image-preview":"max-image-preview:large","max-video-preview":"max-video-preview:-1"},"canonical":"https:\/\/www.taksvarkki.fi\/kampanja2024\/en\/videomessages\/","og_locale":"fi_FI","og_type":"article","og_title":"Videos from youth - Taksv\u00e4rkki campaign and young changemakers","og_description":"In their video messages, young people from Kenya share their thoughts on safety and visions for the future.","og_url":"https:\/\/www.taksvarkki.fi\/kampanja2024\/en\/videomessages\/","og_site_name":"Kun ei tarvii pel\u00e4t\u00e4","article_modified_time":"2025-05-21T10:31:06+00:00","og_image":[{"width":656,"height":655,"url":"https:\/\/www.taksvarkki.fi\/kampanja2024\/wp-content\/uploads\/sites\/17\/2024\/08\/taksvarkki_Moses1.jpg","type":"image\/jpeg"}],"twitter_card":"summary_large_image","twitter_misc":{"Arvioitu lukuaika":"2 minuuttia"},"schema":{"@context":"https:\/\/schema.org","@graph":[{"@type":"WebPage","@id":"https:\/\/www.taksvarkki.fi\/kampanja2024\/en\/videomessages\/","url":"https:\/\/www.taksvarkki.fi\/kampanja2024\/en\/videomessages\/","name":"Videos from youth - Taksv\u00e4rkki campaign and young changemakers","isPartOf":{"@id":"https:\/\/www.taksvarkki.fi\/kampanja2024\/#website"},"primaryImageOfPage":{"@id":"https:\/\/www.taksvarkki.fi\/kampanja2024\/en\/videomessages\/#primaryimage"},"image":{"@id":"https:\/\/www.taksvarkki.fi\/kampanja2024\/en\/videomessages\/#primaryimage"},"thumbnailUrl":"https:\/\/www.taksvarkki.fi\/kampanja2024\/wp-content\/uploads\/sites\/17\/2024\/08\/taksvarkki_Moses1-300x300.jpg","datePublished":"2020-06-21T20:18:07+00:00","dateModified":"2025-05-21T10:31:06+00:00","description":"In their video messages, young people from Kenya share their thoughts on safety and visions for the future.","breadcrumb":{"@id":"https:\/\/www.taksvarkki.fi\/kampanja2024\/en\/videomessages\/#breadcrumb"},"inLanguage":"fi","potentialAction":[{"@type":"ReadAction","target":["https:\/\/www.taksvarkki.fi\/kampanja2024\/en\/videomessages\/"]}]},{"@type":"ImageObject","inLanguage":"fi","@id":"https:\/\/www.taksvarkki.fi\/kampanja2024\/en\/videomessages\/#primaryimage","url":"https:\/\/www.taksvarkki.fi\/kampanja2024\/wp-content\/uploads\/sites\/17\/2024\/08\/taksvarkki_Moses1.jpg","contentUrl":"https:\/\/www.taksvarkki.fi\/kampanja2024\/wp-content\/uploads\/sites\/17\/2024\/08\/taksvarkki_Moses1.jpg","width":656,"height":655,"caption":"Nuoren kasvokuva."},{"@type":"BreadcrumbList","@id":"https:\/\/www.taksvarkki.fi\/kampanja2024\/en\/videomessages\/#breadcrumb","itemListElement":[{"@type":"ListItem","position":1,"name":"Home","item":"https:\/\/www.taksvarkki.fi\/kampanja2024\/"},{"@type":"ListItem","position":2,"name":"Videos from youth"}]},{"@type":"WebSite","@id":"https:\/\/www.taksvarkki.fi\/kampanja2024\/#website","url":"https:\/\/www.taksvarkki.fi\/kampanja2024\/","name":"Kun ei tarvii pel\u00e4t\u00e4","description":"Taksv\u00e4rkki-kampanja 2024\u20132025","potentialAction":[{"@type":"SearchAction","target":{"@type":"EntryPoint","urlTemplate":"https:\/\/www.taksvarkki.fi\/kampanja2024\/?s={search_term_string}"},"query-input":{"@type":"PropertyValueSpecification","valueRequired":true,"valueName":"search_term_string"}}],"inLanguage":"fi"}]}},"_links":{"self":[{"href":"https:\/\/www.taksvarkki.fi\/kampanja2024\/wp-json\/wp\/v2\/pages\/957","targetHints":{"allow":["GET"]}}],"collection":[{"href":"https:\/\/www.taksvarkki.fi\/kampanja2024\/wp-json\/wp\/v2\/pages"}],"about":[{"href":"https:\/\/www.taksvarkki.fi\/kampanja2024\/wp-json\/wp\/v2\/types\/page"}],"author":[{"embeddable":true,"href":"https:\/\/www.taksvarkki.fi\/kampanja2024\/wp-json\/wp\/v2\/users\/18"}],"replies":[{"embeddable":true,"href":"https:\/\/www.taksvarkki.fi\/kampanja2024\/wp-json\/wp\/v2\/comments?post=957"}],"version-history":[{"count":72,"href":"https:\/\/www.taksvarkki.fi\/kampanja2024\/wp-json\/wp\/v2\/pages\/957\/revisions"}],"predecessor-version":[{"id":5857,"href":"https:\/\/www.taksvarkki.fi\/kampanja2024\/wp-json\/wp\/v2\/pages\/957\/revisions\/5857"}],"wp:attachment":[{"href":"https:\/\/www.taksvarkki.fi\/kampanja2024\/wp-json\/wp\/v2\/media?parent=957"}],"curies":[{"name":"wp","href":"https:\/\/api.w.org\/{rel}","templated":true}]}}