{"id":953,"date":"2020-06-21T23:16:09","date_gmt":"2020-06-21T20:16:09","guid":{"rendered":"https:\/\/www.taksvarkki.fi\/nepal2020\/?page_id=953"},"modified":"2025-03-14T12:18:33","modified_gmt":"2025-03-14T12:18:33","slug":"for-teachers","status":"publish","type":"page","link":"https:\/\/www.taksvarkki.fi\/kampanja2024\/en\/for-teachers\/","title":{"rendered":"For teachers"},"content":{"rendered":"\t\t<div data-elementor-type=\"wp-page\" data-elementor-id=\"953\" class=\"elementor elementor-953\">\n\t\t\t\t\t\t<section class=\"elementor-section elementor-top-section elementor-element elementor-element-0a555e0 elementor-section-boxed elementor-section-height-default elementor-section-height-default\" data-id=\"0a555e0\" data-element_type=\"section\" data-e-type=\"section\">\n\t\t\t\t\t\t<div class=\"elementor-container elementor-column-gap-default\">\n\t\t\t\t\t<div class=\"elementor-column elementor-col-100 elementor-top-column elementor-element elementor-element-6354823\" data-id=\"6354823\" data-element_type=\"column\" data-e-type=\"column\">\n\t\t\t<div class=\"elementor-widget-wrap elementor-element-populated\">\n\t\t\t\t\t\t<div class=\"elementor-element elementor-element-15cc36f elementor-widget elementor-widget-heading\" data-id=\"15cc36f\" data-element_type=\"widget\" data-e-type=\"widget\" data-widget_type=\"heading.default\">\n\t\t\t\t<div class=\"elementor-widget-container\">\n\t\t\t\t\t<h2 class=\"elementor-heading-title elementor-size-default\">The Taksv\u00e4rkki campaign has a strong Global citizenship education component<\/h2>\t\t\t\t<\/div>\n\t\t\t\t<\/div>\n\t\t\t\t<div class=\"elementor-element elementor-element-62d2f02 elementor-widget elementor-widget-text-editor\" data-id=\"62d2f02\" data-element_type=\"widget\" data-e-type=\"widget\" data-widget_type=\"text-editor.default\">\n\t\t\t\t<div class=\"elementor-widget-container\">\n\t\t\t\t\t\t\t\t\t<p>The goal of Taksv\u00e4rkki&#8217;s global citizenship education is to raise a sense of global responsibility in Finnish youth.<\/p><p>Taksv\u00e4rkki\u2019s volunteer Global Educators visit elementary and secondary schools in different parts of Finland and hold workshops on youth advocacy, equality, discrimination against people with disabilities and children\u2019s rights. These participatory workshops are complemented by high-quality learning materials and study packages for teachers.\u00a0<\/p><p>Currently the learning materials of When you feel safe campaign are not available in English. You can find the campaign&#8217;s <a href=\"https:\/\/www.taksvarkki.fi\/kampanja2023\/oppitunnille\/?_gl=1*1ng0suc*_up*MQ..*_ga*NDIwMzcwODk1LjE2OTIyNTE0ODc.*_ga_FPGP6EWGB1*MTY5MjI1MTQ4NS4xLjAuMTY5MjI1MTQ4NS4wLjAuMA..\"><span style=\"text-decoration: underline;\">learning material in Finnish<\/span><\/a>\u00a0and the same\u00a0<a href=\"https:\/\/www.taksvarkki.fi\/kampanja2024\/sv\/material-for-lektioner\/\"><span style=\"text-decoration: underline;\">learning material in Swedish<\/span>.<\/a><\/p><p>Read more about Taksv\u00e4rkki&#8217;s <span style=\"text-decoration: underline;\"><a href=\"https:\/\/www.taksvarkki.fi\/en\/global-education\" target=\"_blank\" rel=\"noopener\">global citizenship education<\/a>.<\/span><\/p><p><strong><em>Eeva Kemppainen<br \/><\/em><\/strong><em>Global education officer<br \/><\/em><em>050 348 5668, <span style=\"text-decoration: underline;\"><a href=\"mailto:aura.alarto@taksvarkki.fi\"><i style=\"color: var( --e-global-color-text ); font-family: var( --e-global-typography-text-font-family ), Sans-serif; font-weight: var( --e-global-typography-text-font-weight );\"><a href=\"mailto:eeva.kemppainen@taksvarkki.fi\"><u style=\"color: var( --e-global-color-text ); font-family: var( --e-global-typography-text-font-family ), Sans-serif; font-weight: var( --e-global-typography-text-font-weight );\">eeva.kemppainen@taksvarkki.f<\/u><\/a><\/i>i<\/a><\/span><\/em><\/p>\t\t\t\t\t\t\t\t<\/div>\n\t\t\t\t<\/div>\n\t\t\t\t\t<\/div>\n\t\t<\/div>\n\t\t\t\t\t<\/div>\n\t\t<\/section>\n\t\t\t\t<section class=\"elementor-section elementor-top-section elementor-element elementor-element-90b6a33 elementor-section-boxed elementor-section-height-default elementor-section-height-default\" data-id=\"90b6a33\" data-element_type=\"section\" data-e-type=\"section\">\n\t\t\t\t\t\t<div class=\"elementor-container elementor-column-gap-default\">\n\t\t\t\t\t<div class=\"elementor-column elementor-col-100 elementor-top-column elementor-element elementor-element-2a02988\" data-id=\"2a02988\" data-element_type=\"column\" data-e-type=\"column\">\n\t\t\t<div class=\"elementor-widget-wrap elementor-element-populated\">\n\t\t\t\t\t\t<div class=\"elementor-element elementor-element-fb34428 elementor-widget elementor-widget-image\" data-id=\"fb34428\" data-element_type=\"widget\" data-e-type=\"widget\" data-widget_type=\"image.default\">\n\t\t\t\t<div class=\"elementor-widget-container\">\n\t\t\t\t\t\t\t\t\t\t\t\t<figure class=\"wp-caption\">\n\t\t\t\t\t\t\t\t\t\t<img fetchpriority=\"high\" decoding=\"async\" width=\"768\" height=\"479\" src=\"https:\/\/www.taksvarkki.fi\/kampanja2024\/wp-content\/uploads\/sites\/17\/2024\/08\/taksvarkki_kenia_ryhma-768x479.jpg\" class=\"attachment-medium_large size-medium_large wp-image-5387\" alt=\"Kuusi nuorta k\u00e4velee melkein riviss\u00e4 kohti kameraa hiekkaisella kujalla, jota reunustavat matalat aaltopellist\u00e4 rakennetut talot. Nuoret juttelevat ja vitsailevat kesken\u00e4\u00e4n.\" srcset=\"https:\/\/www.taksvarkki.fi\/kampanja2024\/wp-content\/uploads\/sites\/17\/2024\/08\/taksvarkki_kenia_ryhma-768x479.jpg 768w, https:\/\/www.taksvarkki.fi\/kampanja2024\/wp-content\/uploads\/sites\/17\/2024\/08\/taksvarkki_kenia_ryhma-300x187.jpg 300w, https:\/\/www.taksvarkki.fi\/kampanja2024\/wp-content\/uploads\/sites\/17\/2024\/08\/taksvarkki_kenia_ryhma-1024x639.jpg 1024w, https:\/\/www.taksvarkki.fi\/kampanja2024\/wp-content\/uploads\/sites\/17\/2024\/08\/taksvarkki_kenia_ryhma-1536x958.jpg 1536w, https:\/\/www.taksvarkki.fi\/kampanja2024\/wp-content\/uploads\/sites\/17\/2024\/08\/taksvarkki_kenia_ryhma.jpg 1894w\" sizes=\"(max-width: 768px) 100vw, 768px\" \/>\t\t\t\t\t\t\t\t\t\t\t<figcaption class=\"widget-image-caption wp-caption-text\">Joseph, Miriam, Faith Purity, Manasses, Tabitha and Maryann  are members in youth associations of Kenyan young people who live and work on the streets. Photo: Brian Otieno.<\/figcaption>\n\t\t\t\t\t\t\t\t\t\t<\/figure>\n\t\t\t\t\t\t\t\t\t<\/div>\n\t\t\t\t<\/div>\n\t\t\t\t\t<\/div>\n\t\t<\/div>\n\t\t\t\t\t<\/div>\n\t\t<\/section>\n\t\t\t\t<section class=\"elementor-section elementor-top-section elementor-element elementor-element-679223f elementor-section-boxed elementor-section-height-default elementor-section-height-default\" data-id=\"679223f\" data-element_type=\"section\" data-e-type=\"section\">\n\t\t\t\t\t\t<div class=\"elementor-container elementor-column-gap-default\">\n\t\t\t\t\t<div class=\"elementor-column elementor-col-100 elementor-top-column elementor-element elementor-element-7286bc5\" data-id=\"7286bc5\" data-element_type=\"column\" data-e-type=\"column\" data-settings=\"{&quot;background_background&quot;:&quot;classic&quot;}\">\n\t\t\t<div class=\"elementor-widget-wrap elementor-element-populated\">\n\t\t\t\t\t\t<section class=\"elementor-section elementor-inner-section elementor-element elementor-element-0bd3443 elementor-section-boxed elementor-section-height-default elementor-section-height-default\" data-id=\"0bd3443\" data-element_type=\"section\" data-e-type=\"section\">\n\t\t\t\t\t\t<div class=\"elementor-container elementor-column-gap-default\">\n\t\t\t\t\t<div class=\"elementor-column elementor-col-33 elementor-inner-column elementor-element elementor-element-44610a5\" data-id=\"44610a5\" data-element_type=\"column\" data-e-type=\"column\">\n\t\t\t<div class=\"elementor-widget-wrap elementor-element-populated\">\n\t\t\t\t\t\t<div class=\"elementor-element elementor-element-f46c249 elementor-widget elementor-widget-image\" data-id=\"f46c249\" data-element_type=\"widget\" data-e-type=\"widget\" data-widget_type=\"image.default\">\n\t\t\t\t<div class=\"elementor-widget-container\">\n\t\t\t\t\t\t\t\t\t\t\t\t\t\t\t<img decoding=\"async\" width=\"300\" height=\"300\" src=\"https:\/\/www.taksvarkki.fi\/kampanja2024\/wp-content\/uploads\/sites\/17\/2024\/08\/taksvarkki_maryann_nelio-300x300.jpg\" class=\"attachment-medium size-medium wp-image-5352\" alt=\"Nuoren kasvokuva.\" srcset=\"https:\/\/www.taksvarkki.fi\/kampanja2024\/wp-content\/uploads\/sites\/17\/2024\/08\/taksvarkki_maryann_nelio-300x300.jpg 300w, https:\/\/www.taksvarkki.fi\/kampanja2024\/wp-content\/uploads\/sites\/17\/2024\/08\/taksvarkki_maryann_nelio-150x150.jpg 150w, https:\/\/www.taksvarkki.fi\/kampanja2024\/wp-content\/uploads\/sites\/17\/2024\/08\/taksvarkki_maryann_nelio.jpg 443w\" sizes=\"(max-width: 300px) 100vw, 300px\" \/>\t\t\t\t\t\t\t\t\t\t\t\t\t\t\t<\/div>\n\t\t\t\t<\/div>\n\t\t\t\t\t<\/div>\n\t\t<\/div>\n\t\t\t\t<div class=\"elementor-column elementor-col-66 elementor-inner-column elementor-element elementor-element-5b130fd\" data-id=\"5b130fd\" data-element_type=\"column\" data-e-type=\"column\">\n\t\t\t<div class=\"elementor-widget-wrap elementor-element-populated\">\n\t\t\t\t\t\t<div class=\"elementor-element elementor-element-77fc6db elementor-widget elementor-widget-text-editor\" data-id=\"77fc6db\" data-element_type=\"widget\" data-e-type=\"widget\" data-widget_type=\"text-editor.default\">\n\t\t\t\t<div class=\"elementor-widget-container\">\n\t\t\t\t\t\t\t\t\t<p>\u201dI feel safe when when I\u2019m talking with someone I trust. And when another person is interested in how I am.\u201d\u00a0<\/p><p><b>Maryann, 20, Nairobi<\/b><\/p>\t\t\t\t\t\t\t\t<\/div>\n\t\t\t\t<\/div>\n\t\t\t\t\t<\/div>\n\t\t<\/div>\n\t\t\t\t\t<\/div>\n\t\t<\/section>\n\t\t\t\t\t<\/div>\n\t\t<\/div>\n\t\t\t\t\t<\/div>\n\t\t<\/section>\n\t\t\t\t<section class=\"elementor-section elementor-top-section elementor-element elementor-element-7af7d4b elementor-section-boxed elementor-section-height-default elementor-section-height-default\" data-id=\"7af7d4b\" data-element_type=\"section\" data-e-type=\"section\">\n\t\t\t\t\t\t<div class=\"elementor-container elementor-column-gap-default\">\n\t\t\t\t\t<div class=\"elementor-column elementor-col-100 elementor-top-column elementor-element elementor-element-bf4ec37\" data-id=\"bf4ec37\" data-element_type=\"column\" data-e-type=\"column\" data-settings=\"{&quot;background_background&quot;:&quot;classic&quot;}\">\n\t\t\t<div class=\"elementor-widget-wrap elementor-element-populated\">\n\t\t\t\t\t\t<section class=\"elementor-section elementor-inner-section elementor-element elementor-element-42eb310 elementor-section-boxed elementor-section-height-default elementor-section-height-default\" data-id=\"42eb310\" data-element_type=\"section\" data-e-type=\"section\">\n\t\t\t\t\t\t<div class=\"elementor-container elementor-column-gap-default\">\n\t\t\t\t\t<div class=\"elementor-column elementor-col-33 elementor-inner-column elementor-element elementor-element-030e27f\" data-id=\"030e27f\" data-element_type=\"column\" data-e-type=\"column\">\n\t\t\t<div class=\"elementor-widget-wrap elementor-element-populated\">\n\t\t\t\t\t\t<div class=\"elementor-element elementor-element-b1b7dde elementor-widget elementor-widget-image\" data-id=\"b1b7dde\" data-element_type=\"widget\" data-e-type=\"widget\" data-widget_type=\"image.default\">\n\t\t\t\t<div class=\"elementor-widget-container\">\n\t\t\t\t\t\t\t\t\t\t\t\t\t\t\t<img decoding=\"async\" width=\"297\" height=\"300\" src=\"https:\/\/www.taksvarkki.fi\/kampanja2024\/wp-content\/uploads\/sites\/17\/2024\/08\/taksvarkki_Matilda-297x300.jpg\" class=\"attachment-medium size-medium wp-image-5353\" alt=\"Nuoren kasvokuva.\" srcset=\"https:\/\/www.taksvarkki.fi\/kampanja2024\/wp-content\/uploads\/sites\/17\/2024\/08\/taksvarkki_Matilda-297x300.jpg 297w, https:\/\/www.taksvarkki.fi\/kampanja2024\/wp-content\/uploads\/sites\/17\/2024\/08\/taksvarkki_Matilda.jpg 702w\" sizes=\"(max-width: 297px) 100vw, 297px\" \/>\t\t\t\t\t\t\t\t\t\t\t\t\t\t\t<\/div>\n\t\t\t\t<\/div>\n\t\t\t\t\t<\/div>\n\t\t<\/div>\n\t\t\t\t<div class=\"elementor-column elementor-col-66 elementor-inner-column elementor-element elementor-element-20a8432\" data-id=\"20a8432\" data-element_type=\"column\" data-e-type=\"column\">\n\t\t\t<div class=\"elementor-widget-wrap elementor-element-populated\">\n\t\t\t\t\t\t<div class=\"elementor-element elementor-element-3e2b455 elementor-widget elementor-widget-text-editor\" data-id=\"3e2b455\" data-element_type=\"widget\" data-e-type=\"widget\" data-widget_type=\"text-editor.default\">\n\t\t\t\t<div class=\"elementor-widget-container\">\n\t\t\t\t\t\t\t\t\t<p>&#8221;What makes me feel safe is knowing that I am accepted for who I am. And being able to stay at home safely and move safely.&#8221;<\/p><p><b>Matilda, 14, Hyvink\u00e4\u00e4<\/b><\/p>\t\t\t\t\t\t\t\t<\/div>\n\t\t\t\t<\/div>\n\t\t\t\t\t<\/div>\n\t\t<\/div>\n\t\t\t\t\t<\/div>\n\t\t<\/section>\n\t\t\t\t\t<\/div>\n\t\t<\/div>\n\t\t\t\t\t<\/div>\n\t\t<\/section>\n\t\t\t\t<\/div>\n\t\t","protected":false},"excerpt":{"rendered":"<p>The Taksv\u00e4rkki campaign has a strong Global citizenship education component The goal of Taksv\u00e4rkki&#8217;s global citizenship education is to raise a sense of global responsibility in Finnish youth. Taksv\u00e4rkki\u2019s volunteer Global Educators visit elementary and secondary schools in different parts of Finland and hold workshops on youth advocacy, equality, discrimination against people with disabilities and &#8230; <a title=\"For teachers\" class=\"read-more\" href=\"https:\/\/www.taksvarkki.fi\/kampanja2024\/en\/for-teachers\/\" aria-label=\"Lue lis\u00e4\u00e4 aiheesta For teachers\">Lue lis\u00e4\u00e4<\/a><\/p>\n","protected":false},"author":18,"featured_media":0,"parent":0,"menu_order":0,"comment_status":"closed","ping_status":"closed","template":"","meta":{"footnotes":""},"class_list":["post-953","page","type-page","status-publish"],"yoast_head":"<!-- This site is optimized with the Yoast SEO plugin v27.3 - https:\/\/yoast.com\/product\/yoast-seo-wordpress\/ -->\n<title>Materials for teachers - Global education - Participatory workshops<\/title>\n<meta name=\"description\" content=\"Taksv\u00e4rkki campaigns have a strong global citizenship education component. Global equality, active citizenship, participatory workshops...\" \/>\n<meta name=\"robots\" content=\"index, follow, max-snippet:-1, max-image-preview:large, max-video-preview:-1\" \/>\n<link rel=\"canonical\" href=\"https:\/\/www.taksvarkki.fi\/kampanja2024\/en\/for-teachers\/\" \/>\n<meta property=\"og:locale\" content=\"fi_FI\" \/>\n<meta property=\"og:type\" content=\"article\" \/>\n<meta property=\"og:title\" content=\"Materials for teachers - Global education - Participatory workshops\" \/>\n<meta property=\"og:description\" content=\"Taksv\u00e4rkki campaigns have a strong global citizenship education component. Global equality, active citizenship, participatory workshops...\" \/>\n<meta property=\"og:url\" content=\"https:\/\/www.taksvarkki.fi\/kampanja2024\/en\/for-teachers\/\" \/>\n<meta property=\"og:site_name\" content=\"Kun ei tarvii pel\u00e4t\u00e4\" \/>\n<meta property=\"article:modified_time\" content=\"2025-03-14T12:18:33+00:00\" \/>\n<meta property=\"og:image\" content=\"https:\/\/www.taksvarkki.fi\/kampanja2024\/wp-content\/uploads\/sites\/17\/2024\/08\/taksvarkki_kenia_ryhma.jpg\" \/>\n\t<meta property=\"og:image:width\" content=\"1894\" \/>\n\t<meta property=\"og:image:height\" content=\"1181\" \/>\n\t<meta property=\"og:image:type\" content=\"image\/jpeg\" \/>\n<meta name=\"twitter:card\" content=\"summary_large_image\" \/>\n<meta name=\"twitter:label1\" content=\"Arvioitu lukuaika\" \/>\n\t<meta name=\"twitter:data1\" content=\"2 minuuttia\" \/>\n<script type=\"application\/ld+json\" class=\"yoast-schema-graph\">{\"@context\":\"https:\\\/\\\/schema.org\",\"@graph\":[{\"@type\":\"WebPage\",\"@id\":\"https:\\\/\\\/www.taksvarkki.fi\\\/kampanja2024\\\/en\\\/for-teachers\\\/\",\"url\":\"https:\\\/\\\/www.taksvarkki.fi\\\/kampanja2024\\\/en\\\/for-teachers\\\/\",\"name\":\"Materials for teachers - Global education - Participatory workshops\",\"isPartOf\":{\"@id\":\"https:\\\/\\\/www.taksvarkki.fi\\\/kampanja2024\\\/#website\"},\"primaryImageOfPage\":{\"@id\":\"https:\\\/\\\/www.taksvarkki.fi\\\/kampanja2024\\\/en\\\/for-teachers\\\/#primaryimage\"},\"image\":{\"@id\":\"https:\\\/\\\/www.taksvarkki.fi\\\/kampanja2024\\\/en\\\/for-teachers\\\/#primaryimage\"},\"thumbnailUrl\":\"https:\\\/\\\/www.taksvarkki.fi\\\/kampanja2024\\\/wp-content\\\/uploads\\\/sites\\\/17\\\/2024\\\/08\\\/taksvarkki_kenia_ryhma-768x479.jpg\",\"datePublished\":\"2020-06-21T20:16:09+00:00\",\"dateModified\":\"2025-03-14T12:18:33+00:00\",\"description\":\"Taksv\u00e4rkki campaigns have a strong global citizenship education component. Global equality, active citizenship, participatory workshops...\",\"breadcrumb\":{\"@id\":\"https:\\\/\\\/www.taksvarkki.fi\\\/kampanja2024\\\/en\\\/for-teachers\\\/#breadcrumb\"},\"inLanguage\":\"fi\",\"potentialAction\":[{\"@type\":\"ReadAction\",\"target\":[\"https:\\\/\\\/www.taksvarkki.fi\\\/kampanja2024\\\/en\\\/for-teachers\\\/\"]}]},{\"@type\":\"ImageObject\",\"inLanguage\":\"fi\",\"@id\":\"https:\\\/\\\/www.taksvarkki.fi\\\/kampanja2024\\\/en\\\/for-teachers\\\/#primaryimage\",\"url\":\"https:\\\/\\\/www.taksvarkki.fi\\\/kampanja2024\\\/wp-content\\\/uploads\\\/sites\\\/17\\\/2024\\\/08\\\/taksvarkki_kenia_ryhma.jpg\",\"contentUrl\":\"https:\\\/\\\/www.taksvarkki.fi\\\/kampanja2024\\\/wp-content\\\/uploads\\\/sites\\\/17\\\/2024\\\/08\\\/taksvarkki_kenia_ryhma.jpg\",\"width\":1894,\"height\":1181,\"caption\":\"Kuusi nuorta k\u00e4velee melkein riviss\u00e4 kohti kameraa hiekkaisella kujalla, jota reunustavat matalat aaltopellist\u00e4 rakennetut talot. Nuoret juttelevat ja vitsailevat kesken\u00e4\u00e4n.\"},{\"@type\":\"BreadcrumbList\",\"@id\":\"https:\\\/\\\/www.taksvarkki.fi\\\/kampanja2024\\\/en\\\/for-teachers\\\/#breadcrumb\",\"itemListElement\":[{\"@type\":\"ListItem\",\"position\":1,\"name\":\"Home\",\"item\":\"https:\\\/\\\/www.taksvarkki.fi\\\/kampanja2024\\\/\"},{\"@type\":\"ListItem\",\"position\":2,\"name\":\"For teachers\"}]},{\"@type\":\"WebSite\",\"@id\":\"https:\\\/\\\/www.taksvarkki.fi\\\/kampanja2024\\\/#website\",\"url\":\"https:\\\/\\\/www.taksvarkki.fi\\\/kampanja2024\\\/\",\"name\":\"Kun ei tarvii pel\u00e4t\u00e4\",\"description\":\"Taksv\u00e4rkki-kampanja 2024\u20132025\",\"potentialAction\":[{\"@type\":\"SearchAction\",\"target\":{\"@type\":\"EntryPoint\",\"urlTemplate\":\"https:\\\/\\\/www.taksvarkki.fi\\\/kampanja2024\\\/?s={search_term_string}\"},\"query-input\":{\"@type\":\"PropertyValueSpecification\",\"valueRequired\":true,\"valueName\":\"search_term_string\"}}],\"inLanguage\":\"fi\"}]}<\/script>\n<!-- \/ Yoast SEO plugin. -->","yoast_head_json":{"title":"Materials for teachers - Global education - Participatory workshops","description":"Taksv\u00e4rkki campaigns have a strong global citizenship education component. Global equality, active citizenship, participatory workshops...","robots":{"index":"index","follow":"follow","max-snippet":"max-snippet:-1","max-image-preview":"max-image-preview:large","max-video-preview":"max-video-preview:-1"},"canonical":"https:\/\/www.taksvarkki.fi\/kampanja2024\/en\/for-teachers\/","og_locale":"fi_FI","og_type":"article","og_title":"Materials for teachers - Global education - Participatory workshops","og_description":"Taksv\u00e4rkki campaigns have a strong global citizenship education component. Global equality, active citizenship, participatory workshops...","og_url":"https:\/\/www.taksvarkki.fi\/kampanja2024\/en\/for-teachers\/","og_site_name":"Kun ei tarvii pel\u00e4t\u00e4","article_modified_time":"2025-03-14T12:18:33+00:00","og_image":[{"width":1894,"height":1181,"url":"https:\/\/www.taksvarkki.fi\/kampanja2024\/wp-content\/uploads\/sites\/17\/2024\/08\/taksvarkki_kenia_ryhma.jpg","type":"image\/jpeg"}],"twitter_card":"summary_large_image","twitter_misc":{"Arvioitu lukuaika":"2 minuuttia"},"schema":{"@context":"https:\/\/schema.org","@graph":[{"@type":"WebPage","@id":"https:\/\/www.taksvarkki.fi\/kampanja2024\/en\/for-teachers\/","url":"https:\/\/www.taksvarkki.fi\/kampanja2024\/en\/for-teachers\/","name":"Materials for teachers - Global education - Participatory workshops","isPartOf":{"@id":"https:\/\/www.taksvarkki.fi\/kampanja2024\/#website"},"primaryImageOfPage":{"@id":"https:\/\/www.taksvarkki.fi\/kampanja2024\/en\/for-teachers\/#primaryimage"},"image":{"@id":"https:\/\/www.taksvarkki.fi\/kampanja2024\/en\/for-teachers\/#primaryimage"},"thumbnailUrl":"https:\/\/www.taksvarkki.fi\/kampanja2024\/wp-content\/uploads\/sites\/17\/2024\/08\/taksvarkki_kenia_ryhma-768x479.jpg","datePublished":"2020-06-21T20:16:09+00:00","dateModified":"2025-03-14T12:18:33+00:00","description":"Taksv\u00e4rkki campaigns have a strong global citizenship education component. Global equality, active citizenship, participatory workshops...","breadcrumb":{"@id":"https:\/\/www.taksvarkki.fi\/kampanja2024\/en\/for-teachers\/#breadcrumb"},"inLanguage":"fi","potentialAction":[{"@type":"ReadAction","target":["https:\/\/www.taksvarkki.fi\/kampanja2024\/en\/for-teachers\/"]}]},{"@type":"ImageObject","inLanguage":"fi","@id":"https:\/\/www.taksvarkki.fi\/kampanja2024\/en\/for-teachers\/#primaryimage","url":"https:\/\/www.taksvarkki.fi\/kampanja2024\/wp-content\/uploads\/sites\/17\/2024\/08\/taksvarkki_kenia_ryhma.jpg","contentUrl":"https:\/\/www.taksvarkki.fi\/kampanja2024\/wp-content\/uploads\/sites\/17\/2024\/08\/taksvarkki_kenia_ryhma.jpg","width":1894,"height":1181,"caption":"Kuusi nuorta k\u00e4velee melkein riviss\u00e4 kohti kameraa hiekkaisella kujalla, jota reunustavat matalat aaltopellist\u00e4 rakennetut talot. Nuoret juttelevat ja vitsailevat kesken\u00e4\u00e4n."},{"@type":"BreadcrumbList","@id":"https:\/\/www.taksvarkki.fi\/kampanja2024\/en\/for-teachers\/#breadcrumb","itemListElement":[{"@type":"ListItem","position":1,"name":"Home","item":"https:\/\/www.taksvarkki.fi\/kampanja2024\/"},{"@type":"ListItem","position":2,"name":"For teachers"}]},{"@type":"WebSite","@id":"https:\/\/www.taksvarkki.fi\/kampanja2024\/#website","url":"https:\/\/www.taksvarkki.fi\/kampanja2024\/","name":"Kun ei tarvii pel\u00e4t\u00e4","description":"Taksv\u00e4rkki-kampanja 2024\u20132025","potentialAction":[{"@type":"SearchAction","target":{"@type":"EntryPoint","urlTemplate":"https:\/\/www.taksvarkki.fi\/kampanja2024\/?s={search_term_string}"},"query-input":{"@type":"PropertyValueSpecification","valueRequired":true,"valueName":"search_term_string"}}],"inLanguage":"fi"}]}},"_links":{"self":[{"href":"https:\/\/www.taksvarkki.fi\/kampanja2024\/wp-json\/wp\/v2\/pages\/953","targetHints":{"allow":["GET"]}}],"collection":[{"href":"https:\/\/www.taksvarkki.fi\/kampanja2024\/wp-json\/wp\/v2\/pages"}],"about":[{"href":"https:\/\/www.taksvarkki.fi\/kampanja2024\/wp-json\/wp\/v2\/types\/page"}],"author":[{"embeddable":true,"href":"https:\/\/www.taksvarkki.fi\/kampanja2024\/wp-json\/wp\/v2\/users\/18"}],"replies":[{"embeddable":true,"href":"https:\/\/www.taksvarkki.fi\/kampanja2024\/wp-json\/wp\/v2\/comments?post=953"}],"version-history":[{"count":48,"href":"https:\/\/www.taksvarkki.fi\/kampanja2024\/wp-json\/wp\/v2\/pages\/953\/revisions"}],"predecessor-version":[{"id":5844,"href":"https:\/\/www.taksvarkki.fi\/kampanja2024\/wp-json\/wp\/v2\/pages\/953\/revisions\/5844"}],"wp:attachment":[{"href":"https:\/\/www.taksvarkki.fi\/kampanja2024\/wp-json\/wp\/v2\/media?parent=953"}],"curies":[{"name":"wp","href":"https:\/\/api.w.org\/{rel}","templated":true}]}}