{"id":3820,"date":"2022-12-01T11:10:59","date_gmt":"2022-12-01T11:10:59","guid":{"rendered":"https:\/\/www.taksvarkki.fi\/kampanja2024\/?page_id=3820"},"modified":"2024-08-07T13:52:58","modified_gmt":"2024-08-07T12:52:58","slug":"evasteet","status":"publish","type":"page","link":"https:\/\/www.taksvarkki.fi\/kampanja2024\/evasteet\/","title":{"rendered":"Ev\u00e4steet"},"content":{"rendered":"\n<script id=\"CookieDeclaration\" data-culture=\"fi\" src=\"https:\/\/consent.cookiebot.com\/4c8e4800-6eec-427b-b5d1-6944f65a5244\/cd.js\" type=\"text\/javascript\" async><\/script>\n","protected":false},"excerpt":{"rendered":"","protected":false},"author":18,"featured_media":0,"parent":0,"menu_order":0,"comment_status":"closed","ping_status":"closed","template":"elementor_header_footer","meta":{"footnotes":""},"class_list":["post-3820","page","type-page","status-publish"],"yoast_head":"<!-- This site is optimized with the Yoast SEO plugin v27.5 - https:\/\/yoast.com\/product\/yoast-seo-wordpress\/ -->\n<title>Ev\u00e4steet - Kun ei tarvii pel\u00e4t\u00e4 Taksv\u00e4rkki-ker\u00e4ys 2024\u20132025 - Kun ei tarvii pel\u00e4t\u00e4<\/title>\n<meta name=\"description\" content=\"Kun ei tarvii pel\u00e4t\u00e4 -kampanja: Yhdess\u00e4 rakennamme turvallisempaa maailmaa. Taksv\u00e4rkkip\u00e4iv\u00e4 on mahdollisuus vaikuttaa!\" \/>\n<meta name=\"robots\" content=\"index, follow, max-snippet:-1, max-image-preview:large, max-video-preview:-1\" \/>\n<link rel=\"canonical\" href=\"https:\/\/www.taksvarkki.fi\/kampanja2024\/evasteet\/\" \/>\n<meta property=\"og:locale\" content=\"fi_FI\" \/>\n<meta property=\"og:type\" content=\"article\" \/>\n<meta property=\"og:title\" content=\"Ev\u00e4steet - Kun ei tarvii pel\u00e4t\u00e4 Taksv\u00e4rkki-ker\u00e4ys 2024\u20132025 - Kun ei tarvii pel\u00e4t\u00e4\" \/>\n<meta property=\"og:description\" content=\"Kun ei tarvii pel\u00e4t\u00e4 -kampanja: Yhdess\u00e4 rakennamme turvallisempaa maailmaa. Taksv\u00e4rkkip\u00e4iv\u00e4 on mahdollisuus vaikuttaa!\" \/>\n<meta property=\"og:url\" content=\"https:\/\/www.taksvarkki.fi\/kampanja2024\/evasteet\/\" \/>\n<meta property=\"og:site_name\" content=\"Kun ei tarvii pel\u00e4t\u00e4\" \/>\n<meta property=\"article:modified_time\" content=\"2024-08-07T12:52:58+00:00\" \/>\n<meta name=\"twitter:card\" content=\"summary_large_image\" \/>\n<script type=\"application\/ld+json\" class=\"yoast-schema-graph\">{\"@context\":\"https:\\\/\\\/schema.org\",\"@graph\":[{\"@type\":\"WebPage\",\"@id\":\"https:\\\/\\\/www.taksvarkki.fi\\\/kampanja2024\\\/evasteet\\\/\",\"url\":\"https:\\\/\\\/www.taksvarkki.fi\\\/kampanja2024\\\/evasteet\\\/\",\"name\":\"Ev\u00e4steet - Kun ei tarvii pel\u00e4t\u00e4 Taksv\u00e4rkki-ker\u00e4ys 2024\u20132025 - Kun ei tarvii pel\u00e4t\u00e4\",\"isPartOf\":{\"@id\":\"https:\\\/\\\/www.taksvarkki.fi\\\/kampanja2024\\\/#website\"},\"datePublished\":\"2022-12-01T11:10:59+00:00\",\"dateModified\":\"2024-08-07T12:52:58+00:00\",\"description\":\"Kun ei tarvii pel\u00e4t\u00e4 -kampanja: Yhdess\u00e4 rakennamme turvallisempaa maailmaa. Taksv\u00e4rkkip\u00e4iv\u00e4 on mahdollisuus vaikuttaa!\",\"breadcrumb\":{\"@id\":\"https:\\\/\\\/www.taksvarkki.fi\\\/kampanja2024\\\/evasteet\\\/#breadcrumb\"},\"inLanguage\":\"fi\",\"potentialAction\":[{\"@type\":\"ReadAction\",\"target\":[\"https:\\\/\\\/www.taksvarkki.fi\\\/kampanja2024\\\/evasteet\\\/\"]}]},{\"@type\":\"BreadcrumbList\",\"@id\":\"https:\\\/\\\/www.taksvarkki.fi\\\/kampanja2024\\\/evasteet\\\/#breadcrumb\",\"itemListElement\":[{\"@type\":\"ListItem\",\"position\":1,\"name\":\"Home\",\"item\":\"https:\\\/\\\/www.taksvarkki.fi\\\/kampanja2024\\\/\"},{\"@type\":\"ListItem\",\"position\":2,\"name\":\"Ev\u00e4steet\"}]},{\"@type\":\"WebSite\",\"@id\":\"https:\\\/\\\/www.taksvarkki.fi\\\/kampanja2024\\\/#website\",\"url\":\"https:\\\/\\\/www.taksvarkki.fi\\\/kampanja2024\\\/\",\"name\":\"Kun ei tarvii pel\u00e4t\u00e4\",\"description\":\"Taksv\u00e4rkki-kampanja 2024\u20132025\",\"potentialAction\":[{\"@type\":\"SearchAction\",\"target\":{\"@type\":\"EntryPoint\",\"urlTemplate\":\"https:\\\/\\\/www.taksvarkki.fi\\\/kampanja2024\\\/?s={search_term_string}\"},\"query-input\":{\"@type\":\"PropertyValueSpecification\",\"valueRequired\":true,\"valueName\":\"search_term_string\"}}],\"inLanguage\":\"fi\"}]}<\/script>\n<!-- \/ Yoast SEO plugin. -->","yoast_head_json":{"title":"Ev\u00e4steet - Kun ei tarvii pel\u00e4t\u00e4 Taksv\u00e4rkki-ker\u00e4ys 2024\u20132025 - Kun ei tarvii pel\u00e4t\u00e4","description":"Kun ei tarvii pel\u00e4t\u00e4 -kampanja: Yhdess\u00e4 rakennamme turvallisempaa maailmaa. Taksv\u00e4rkkip\u00e4iv\u00e4 on mahdollisuus vaikuttaa!","robots":{"index":"index","follow":"follow","max-snippet":"max-snippet:-1","max-image-preview":"max-image-preview:large","max-video-preview":"max-video-preview:-1"},"canonical":"https:\/\/www.taksvarkki.fi\/kampanja2024\/evasteet\/","og_locale":"fi_FI","og_type":"article","og_title":"Ev\u00e4steet - Kun ei tarvii pel\u00e4t\u00e4 Taksv\u00e4rkki-ker\u00e4ys 2024\u20132025 - Kun ei tarvii pel\u00e4t\u00e4","og_description":"Kun ei tarvii pel\u00e4t\u00e4 -kampanja: Yhdess\u00e4 rakennamme turvallisempaa maailmaa. Taksv\u00e4rkkip\u00e4iv\u00e4 on mahdollisuus vaikuttaa!","og_url":"https:\/\/www.taksvarkki.fi\/kampanja2024\/evasteet\/","og_site_name":"Kun ei tarvii pel\u00e4t\u00e4","article_modified_time":"2024-08-07T12:52:58+00:00","twitter_card":"summary_large_image","schema":{"@context":"https:\/\/schema.org","@graph":[{"@type":"WebPage","@id":"https:\/\/www.taksvarkki.fi\/kampanja2024\/evasteet\/","url":"https:\/\/www.taksvarkki.fi\/kampanja2024\/evasteet\/","name":"Ev\u00e4steet - Kun ei tarvii pel\u00e4t\u00e4 Taksv\u00e4rkki-ker\u00e4ys 2024\u20132025 - Kun ei tarvii pel\u00e4t\u00e4","isPartOf":{"@id":"https:\/\/www.taksvarkki.fi\/kampanja2024\/#website"},"datePublished":"2022-12-01T11:10:59+00:00","dateModified":"2024-08-07T12:52:58+00:00","description":"Kun ei tarvii pel\u00e4t\u00e4 -kampanja: Yhdess\u00e4 rakennamme turvallisempaa maailmaa. Taksv\u00e4rkkip\u00e4iv\u00e4 on mahdollisuus vaikuttaa!","breadcrumb":{"@id":"https:\/\/www.taksvarkki.fi\/kampanja2024\/evasteet\/#breadcrumb"},"inLanguage":"fi","potentialAction":[{"@type":"ReadAction","target":["https:\/\/www.taksvarkki.fi\/kampanja2024\/evasteet\/"]}]},{"@type":"BreadcrumbList","@id":"https:\/\/www.taksvarkki.fi\/kampanja2024\/evasteet\/#breadcrumb","itemListElement":[{"@type":"ListItem","position":1,"name":"Home","item":"https:\/\/www.taksvarkki.fi\/kampanja2024\/"},{"@type":"ListItem","position":2,"name":"Ev\u00e4steet"}]},{"@type":"WebSite","@id":"https:\/\/www.taksvarkki.fi\/kampanja2024\/#website","url":"https:\/\/www.taksvarkki.fi\/kampanja2024\/","name":"Kun ei tarvii pel\u00e4t\u00e4","description":"Taksv\u00e4rkki-kampanja 2024\u20132025","potentialAction":[{"@type":"SearchAction","target":{"@type":"EntryPoint","urlTemplate":"https:\/\/www.taksvarkki.fi\/kampanja2024\/?s={search_term_string}"},"query-input":{"@type":"PropertyValueSpecification","valueRequired":true,"valueName":"search_term_string"}}],"inLanguage":"fi"}]}},"_links":{"self":[{"href":"https:\/\/www.taksvarkki.fi\/kampanja2024\/wp-json\/wp\/v2\/pages\/3820","targetHints":{"allow":["GET"]}}],"collection":[{"href":"https:\/\/www.taksvarkki.fi\/kampanja2024\/wp-json\/wp\/v2\/pages"}],"about":[{"href":"https:\/\/www.taksvarkki.fi\/kampanja2024\/wp-json\/wp\/v2\/types\/page"}],"author":[{"embeddable":true,"href":"https:\/\/www.taksvarkki.fi\/kampanja2024\/wp-json\/wp\/v2\/users\/18"}],"replies":[{"embeddable":true,"href":"https:\/\/www.taksvarkki.fi\/kampanja2024\/wp-json\/wp\/v2\/comments?post=3820"}],"version-history":[{"count":1,"href":"https:\/\/www.taksvarkki.fi\/kampanja2024\/wp-json\/wp\/v2\/pages\/3820\/revisions"}],"predecessor-version":[{"id":3821,"href":"https:\/\/www.taksvarkki.fi\/kampanja2024\/wp-json\/wp\/v2\/pages\/3820\/revisions\/3821"}],"wp:attachment":[{"href":"https:\/\/www.taksvarkki.fi\/kampanja2024\/wp-json\/wp\/v2\/media?parent=3820"}],"curies":[{"name":"wp","href":"https:\/\/api.w.org\/{rel}","templated":true}]}}