{"id":1810,"date":"2020-04-18T08:22:40","date_gmt":"2020-04-18T05:22:40","guid":{"rendered":"https:\/\/2020.teseppanen.com\/contact\/"},"modified":"2025-05-21T11:27:08","modified_gmt":"2025-05-21T10:27:08","slug":"videoviestit","status":"publish","type":"page","link":"https:\/\/www.taksvarkki.fi\/kampanja2024\/videoviestit\/","title":{"rendered":"Videoviestit nuorilta"},"content":{"rendered":"\t\t<div data-elementor-type=\"wp-page\" data-elementor-id=\"1810\" class=\"elementor elementor-1810\">\n\t\t\t\t\t\t<section class=\"elementor-section elementor-top-section elementor-element elementor-element-cfae9b5 elementor-section-boxed elementor-section-height-default elementor-section-height-default\" data-id=\"cfae9b5\" data-element_type=\"section\" data-e-type=\"section\">\n\t\t\t\t\t\t<div class=\"elementor-container elementor-column-gap-default\">\n\t\t\t\t\t<div class=\"elementor-column elementor-col-100 elementor-top-column elementor-element elementor-element-f081e20\" data-id=\"f081e20\" data-element_type=\"column\" data-e-type=\"column\">\n\t\t\t<div class=\"elementor-widget-wrap elementor-element-populated\">\n\t\t\t\t\t\t<div class=\"elementor-element elementor-element-de0f8fc elementor-widget elementor-widget-text-editor\" data-id=\"de0f8fc\" data-element_type=\"widget\" data-e-type=\"widget\" data-widget_type=\"text-editor.default\">\n\t\t\t\t<div class=\"elementor-widget-container\">\n\t\t\t\t\t\t\t\t\t<p><span lang=\"FI\">Videoviesteiss\u00e4 kenialaiset nuoret kertovat ajatuksiaan turvallisuudesta, vaikuttamisesta ja tulevaisuudesta.\u00a0<\/span><\/p><p><span lang=\"FI\">Julkaistavissa videoissa on tekstitykset suomeksi, selkokielell\u00e4, ruotsiksi ja englanniksi. Mik\u00e4li alla olevat videot eiv\u00e4t n\u00e4y normaalisti, sinun t\u00e4ytyy hyv\u00e4ksy\u00e4 ensin ev\u00e4steet painamalla sivun alareunassa n\u00e4kyv\u00e4\u00e4 painiketta.<br \/>Videot ovat katsottavissa my\u00f6s suoraan Taksv\u00e4rkin YouTube-kanavalta.\u00a0<br \/><\/span><\/p><p><i><b>Ohje tekstitysten k\u00e4ytt\u00f6\u00f6n Youtubessa<br \/><\/b>Tekstityksen saa p\u00e4\u00e4lle klikkaamalla valkoista ruutua videon oikeasta alareunasta. Voit vaihtaa tekstityksen kielt\u00e4 (suomi, ruotsi, englanti tai selkokieli) ja s\u00e4\u00e4t\u00e4\u00e4 kirjainten kokoa ja taustav\u00e4ri\u00e4 Tekstitykset-kohdasta rataskuvaketta klikkaamalla. Selkokieli l\u00f6ytyy nimell\u00e4 &#8217;aimara&#8217;, sill\u00e4 Youtuben kielivalikossa ei viel\u00e4 ole selkokielen paikkaa.<\/i><\/p>\t\t\t\t\t\t\t\t<\/div>\n\t\t\t\t<\/div>\n\t\t\t\t<div class=\"elementor-element elementor-element-e3a93d4 elementor-widget elementor-widget-heading\" data-id=\"e3a93d4\" data-element_type=\"widget\" data-e-type=\"widget\" data-widget_type=\"heading.default\">\n\t\t\t\t<div class=\"elementor-widget-container\">\n\t\t\t\t\t<p class=\"elementor-heading-title elementor-size-default\"><span style=\"white-space: normal\"><b>1. Dennis &amp; Tabitha (kesto 6 minuuttia)<\/b><\/span><\/p>\t\t\t\t<\/div>\n\t\t\t\t<\/div>\n\t\t\t\t<div class=\"elementor-element elementor-element-754d699 elementor-widget elementor-widget-html\" data-id=\"754d699\" data-element_type=\"widget\" data-e-type=\"widget\" data-widget_type=\"html.default\">\n\t\t\t\t<div class=\"elementor-widget-container\">\n\t\t\t\t\t<iframe width= \"860\" height= \"484\"  data-cookieconsent=\"statistics, marketing\" data-src=\"https:\/\/www.youtube.com\/embed\/NrGsLzzNJ3U\" title=\"YouTube video player\" frameborder=\"0\" allow=\"accelerometer; autoplay; clipboard-write; encrypted-media; gyroscope; picture-in-picture; web-share\" allowfullscreen><\/iframe><div class=\"cookieconsent-optout-statistics cookieconsent-optout-marketing\"><\/div>\t\t\t\t<\/div>\n\t\t\t\t<\/div>\n\t\t\t\t<div class=\"elementor-element elementor-element-2818ba3 elementor-widget elementor-widget-spacer\" data-id=\"2818ba3\" data-element_type=\"widget\" data-e-type=\"widget\" data-widget_type=\"spacer.default\">\n\t\t\t\t<div class=\"elementor-widget-container\">\n\t\t\t\t\t\t\t<div class=\"elementor-spacer\">\n\t\t\t<div class=\"elementor-spacer-inner\"><\/div>\n\t\t<\/div>\n\t\t\t\t\t\t<\/div>\n\t\t\t\t<\/div>\n\t\t\t\t<div class=\"elementor-element elementor-element-cf39c95 elementor-widget elementor-widget-heading\" data-id=\"cf39c95\" data-element_type=\"widget\" data-e-type=\"widget\" data-widget_type=\"heading.default\">\n\t\t\t\t<div class=\"elementor-widget-container\">\n\t\t\t\t\t<p class=\"elementor-heading-title elementor-size-default\"><span style=\"white-space: normal\"><b>2. Moses (kesto 3 minuuttia)<\/b><\/span><\/p>\t\t\t\t<\/div>\n\t\t\t\t<\/div>\n\t\t\t\t<div class=\"elementor-element elementor-element-9e5cd30 elementor-widget elementor-widget-html\" data-id=\"9e5cd30\" data-element_type=\"widget\" data-e-type=\"widget\" data-widget_type=\"html.default\">\n\t\t\t\t<div class=\"elementor-widget-container\">\n\t\t\t\t\t<iframe width=\"840\" height=\"484\" data-cookieconsent=\"statistics, marketing\" data-src=\"https:\/\/www.youtube.com\/embed\/nzLZB4Q2Sh8\" title=\"YouTube video player\" frameborder=\"0\" allow=\"accelerometer; autoplay; clipboard-write; encrypted-media; gyroscope; picture-in-picture; web-share\" allowfullscreen><\/iframe><div class=\"cookieconsent-optout-statistics cookieconsent-optout-marketing\"><\/div>\t\t\t\t<\/div>\n\t\t\t\t<\/div>\n\t\t\t\t<div class=\"elementor-element elementor-element-0e26d37 elementor-widget elementor-widget-spacer\" data-id=\"0e26d37\" data-element_type=\"widget\" data-e-type=\"widget\" data-widget_type=\"spacer.default\">\n\t\t\t\t<div class=\"elementor-widget-container\">\n\t\t\t\t\t\t\t<div class=\"elementor-spacer\">\n\t\t\t<div class=\"elementor-spacer-inner\"><\/div>\n\t\t<\/div>\n\t\t\t\t\t\t<\/div>\n\t\t\t\t<\/div>\n\t\t\t\t<div class=\"elementor-element elementor-element-a7da7cb elementor-widget elementor-widget-heading\" data-id=\"a7da7cb\" data-element_type=\"widget\" data-e-type=\"widget\" data-widget_type=\"heading.default\">\n\t\t\t\t<div class=\"elementor-widget-container\">\n\t\t\t\t\t<p class=\"elementor-heading-title elementor-size-default\"><span style=\"white-space: normal\"><b>3. Kun ei tarvii pel\u00e4t\u00e4 (kampanjan traileri, kesto 1 minuutti)<\/b><\/span><\/p>\t\t\t\t<\/div>\n\t\t\t\t<\/div>\n\t\t\t\t<div class=\"elementor-element elementor-element-54abda1 elementor-widget elementor-widget-html\" data-id=\"54abda1\" data-element_type=\"widget\" data-e-type=\"widget\" data-widget_type=\"html.default\">\n\t\t\t\t<div class=\"elementor-widget-container\">\n\t\t\t\t\t<iframe width=\"840\" height=\"484\" data-cookieconsent=\"statistics, marketing\" data-src=\"https:\/\/www.youtube.com\/embed\/Lj9jTIhhItM\" title=\"YouTube video player\" frameborder=\"0\" allow=\"accelerometer; autoplay; clipboard-write; encrypted-media; gyroscope; picture-in-picture; web-share\" allowfullscreen><\/iframe><div class=\"cookieconsent-optout-statistics cookieconsent-optout-marketing\"><\/div>\t\t\t\t<\/div>\n\t\t\t\t<\/div>\n\t\t\t\t<div class=\"elementor-element elementor-element-70f0761 elementor-widget elementor-widget-spacer\" data-id=\"70f0761\" data-element_type=\"widget\" data-e-type=\"widget\" data-widget_type=\"spacer.default\">\n\t\t\t\t<div class=\"elementor-widget-container\">\n\t\t\t\t\t\t\t<div class=\"elementor-spacer\">\n\t\t\t<div class=\"elementor-spacer-inner\"><\/div>\n\t\t<\/div>\n\t\t\t\t\t\t<\/div>\n\t\t\t\t<\/div>\n\t\t\t\t<div class=\"elementor-element elementor-element-198ba1f elementor-widget elementor-widget-heading\" data-id=\"198ba1f\" data-element_type=\"widget\" data-e-type=\"widget\" data-widget_type=\"heading.default\">\n\t\t\t\t<div class=\"elementor-widget-container\">\n\t\t\t\t\t<p class=\"elementor-heading-title elementor-size-default\"><span style=\"white-space: normal\"><b>4. Undugu Societyn ty\u00f6ntekij\u00e4t (kesto 4 minuuttia)<\/b><\/span><\/p>\t\t\t\t<\/div>\n\t\t\t\t<\/div>\n\t\t\t\t<div class=\"elementor-element elementor-element-29bba6a elementor-widget elementor-widget-html\" data-id=\"29bba6a\" data-element_type=\"widget\" data-e-type=\"widget\" data-widget_type=\"html.default\">\n\t\t\t\t<div class=\"elementor-widget-container\">\n\t\t\t\t\t<iframe width=\"840\" height=\"484\" data-cookieconsent=\"statistics, marketing\" data-src=\"https:\/\/www.youtube.com\/embed\/mzTkPe5lrN4\" title=\"YouTube video player\" frameborder=\"0\" allow=\"accelerometer; autoplay; clipboard-write; encrypted-media; gyroscope; picture-in-picture; web-share\" allowfullscreen><\/iframe><div class=\"cookieconsent-optout-statistics cookieconsent-optout-marketing\"><\/div>\t\t\t\t<\/div>\n\t\t\t\t<\/div>\n\t\t\t\t\t<\/div>\n\t\t<\/div>\n\t\t\t\t\t<\/div>\n\t\t<\/section>\n\t\t\t\t<section class=\"elementor-section elementor-top-section elementor-element elementor-element-ec93734 elementor-section-boxed elementor-section-height-default elementor-section-height-default\" data-id=\"ec93734\" data-element_type=\"section\" data-e-type=\"section\">\n\t\t\t\t\t\t<div class=\"elementor-container elementor-column-gap-default\">\n\t\t\t\t\t<div class=\"elementor-column elementor-col-100 elementor-top-column elementor-element elementor-element-143de58\" data-id=\"143de58\" data-element_type=\"column\" data-e-type=\"column\">\n\t\t\t<div class=\"elementor-widget-wrap\">\n\t\t\t\t\t\t\t<\/div>\n\t\t<\/div>\n\t\t\t\t\t<\/div>\n\t\t<\/section>\n\t\t\t\t<section class=\"elementor-section elementor-top-section elementor-element elementor-element-a1f02f3 elementor-section-boxed elementor-section-height-default elementor-section-height-default\" data-id=\"a1f02f3\" data-element_type=\"section\" data-e-type=\"section\">\n\t\t\t\t\t\t<div class=\"elementor-container elementor-column-gap-default\">\n\t\t\t\t\t<div class=\"elementor-column elementor-col-100 elementor-top-column elementor-element elementor-element-45a2718\" data-id=\"45a2718\" data-element_type=\"column\" data-e-type=\"column\" data-settings=\"{&quot;background_background&quot;:&quot;classic&quot;}\">\n\t\t\t<div class=\"elementor-widget-wrap elementor-element-populated\">\n\t\t\t\t\t\t<section class=\"elementor-section elementor-inner-section elementor-element elementor-element-44b2854 elementor-section-boxed elementor-section-height-default elementor-section-height-default\" data-id=\"44b2854\" data-element_type=\"section\" data-e-type=\"section\">\n\t\t\t\t\t\t<div class=\"elementor-container elementor-column-gap-default\">\n\t\t\t\t\t<div class=\"elementor-column elementor-col-33 elementor-inner-column elementor-element elementor-element-4dff949\" data-id=\"4dff949\" data-element_type=\"column\" data-e-type=\"column\">\n\t\t\t<div class=\"elementor-widget-wrap elementor-element-populated\">\n\t\t\t\t\t\t<div class=\"elementor-element elementor-element-0fc1f6f elementor-widget elementor-widget-image\" data-id=\"0fc1f6f\" data-element_type=\"widget\" data-e-type=\"widget\" data-widget_type=\"image.default\">\n\t\t\t\t<div class=\"elementor-widget-container\">\n\t\t\t\t\t\t\t\t\t\t\t\t\t\t\t<img fetchpriority=\"high\" decoding=\"async\" width=\"300\" height=\"300\" src=\"https:\/\/www.taksvarkki.fi\/kampanja2024\/wp-content\/uploads\/sites\/17\/2024\/08\/taksvarkki_Moses1-300x300.jpg\" class=\"attachment-medium size-medium wp-image-5355\" alt=\"Nuoren kasvokuva.\" srcset=\"https:\/\/www.taksvarkki.fi\/kampanja2024\/wp-content\/uploads\/sites\/17\/2024\/08\/taksvarkki_Moses1-300x300.jpg 300w, https:\/\/www.taksvarkki.fi\/kampanja2024\/wp-content\/uploads\/sites\/17\/2024\/08\/taksvarkki_Moses1-150x150.jpg 150w, https:\/\/www.taksvarkki.fi\/kampanja2024\/wp-content\/uploads\/sites\/17\/2024\/08\/taksvarkki_Moses1.jpg 656w\" sizes=\"(max-width: 300px) 100vw, 300px\" \/>\t\t\t\t\t\t\t\t\t\t\t\t\t\t\t<\/div>\n\t\t\t\t<\/div>\n\t\t\t\t\t<\/div>\n\t\t<\/div>\n\t\t\t\t<div class=\"elementor-column elementor-col-66 elementor-inner-column elementor-element elementor-element-57e6b7b\" data-id=\"57e6b7b\" data-element_type=\"column\" data-e-type=\"column\">\n\t\t\t<div class=\"elementor-widget-wrap elementor-element-populated\">\n\t\t\t\t\t\t<div class=\"elementor-element elementor-element-0857f0a elementor-widget elementor-widget-text-editor\" data-id=\"0857f0a\" data-element_type=\"widget\" data-e-type=\"widget\" data-widget_type=\"text-editor.default\">\n\t\t\t\t<div class=\"elementor-widget-container\">\n\t\t\t\t\t\t\t\t\t<p>&#8221;Tunnen oloni turvalliseksi vain, kun olen meid\u00e4n tukikohdassa kavereideni kanssa. Heid\u00e4n kanssa minulla on mukavinta olla.&#8221;<\/p><p><b>Moses, 20, Nairobi<\/b><\/p>\t\t\t\t\t\t\t\t<\/div>\n\t\t\t\t<\/div>\n\t\t\t\t\t<\/div>\n\t\t<\/div>\n\t\t\t\t\t<\/div>\n\t\t<\/section>\n\t\t\t\t\t<\/div>\n\t\t<\/div>\n\t\t\t\t\t<\/div>\n\t\t<\/section>\n\t\t\t\t<section class=\"elementor-section elementor-top-section elementor-element elementor-element-d3a50a1 elementor-section-boxed elementor-section-height-default elementor-section-height-default\" data-id=\"d3a50a1\" data-element_type=\"section\" data-e-type=\"section\">\n\t\t\t\t\t\t<div class=\"elementor-container elementor-column-gap-default\">\n\t\t\t\t\t<div class=\"elementor-column elementor-col-100 elementor-top-column elementor-element elementor-element-37f7180\" data-id=\"37f7180\" data-element_type=\"column\" data-e-type=\"column\" data-settings=\"{&quot;background_background&quot;:&quot;classic&quot;}\">\n\t\t\t<div class=\"elementor-widget-wrap elementor-element-populated\">\n\t\t\t\t\t\t<section class=\"elementor-section elementor-inner-section elementor-element elementor-element-f5f0522 elementor-section-boxed elementor-section-height-default elementor-section-height-default\" data-id=\"f5f0522\" data-element_type=\"section\" data-e-type=\"section\">\n\t\t\t\t\t\t<div class=\"elementor-container elementor-column-gap-default\">\n\t\t\t\t\t<div class=\"elementor-column elementor-col-33 elementor-inner-column elementor-element elementor-element-ad3526d\" data-id=\"ad3526d\" data-element_type=\"column\" data-e-type=\"column\">\n\t\t\t<div class=\"elementor-widget-wrap elementor-element-populated\">\n\t\t\t\t\t\t<div class=\"elementor-element elementor-element-1f16ee8 elementor-widget elementor-widget-image\" data-id=\"1f16ee8\" data-element_type=\"widget\" data-e-type=\"widget\" data-widget_type=\"image.default\">\n\t\t\t\t<div class=\"elementor-widget-container\">\n\t\t\t\t\t\t\t\t\t\t\t\t\t\t\t<img decoding=\"async\" width=\"300\" height=\"300\" src=\"https:\/\/www.taksvarkki.fi\/kampanja2024\/wp-content\/uploads\/sites\/17\/2024\/08\/taksvarkki_Dennis1-300x300.jpg\" class=\"attachment-medium size-medium wp-image-5346\" alt=\"Nuoren kasvokuva.\" srcset=\"https:\/\/www.taksvarkki.fi\/kampanja2024\/wp-content\/uploads\/sites\/17\/2024\/08\/taksvarkki_Dennis1-300x300.jpg 300w, https:\/\/www.taksvarkki.fi\/kampanja2024\/wp-content\/uploads\/sites\/17\/2024\/08\/taksvarkki_Dennis1-150x150.jpg 150w, https:\/\/www.taksvarkki.fi\/kampanja2024\/wp-content\/uploads\/sites\/17\/2024\/08\/taksvarkki_Dennis1.jpg 711w\" sizes=\"(max-width: 300px) 100vw, 300px\" \/>\t\t\t\t\t\t\t\t\t\t\t\t\t\t\t<\/div>\n\t\t\t\t<\/div>\n\t\t\t\t\t<\/div>\n\t\t<\/div>\n\t\t\t\t<div class=\"elementor-column elementor-col-66 elementor-inner-column elementor-element elementor-element-fa32a69\" data-id=\"fa32a69\" data-element_type=\"column\" data-e-type=\"column\">\n\t\t\t<div class=\"elementor-widget-wrap elementor-element-populated\">\n\t\t\t\t\t\t<div class=\"elementor-element elementor-element-4177034 elementor-widget elementor-widget-text-editor\" data-id=\"4177034\" data-element_type=\"widget\" data-e-type=\"widget\" data-widget_type=\"text-editor.default\">\n\t\t\t\t<div class=\"elementor-widget-container\">\n\t\t\t\t\t\t\t\t\t<p><span style=\"color: var( --e-global-color-text ); font-family: var( --e-global-typography-text-font-family ), Sans-serif; font-weight: var( --e-global-typography-text-font-weight );\">\u201dHaluaisin kertoa nuorille Suomessa, ett\u00e4 eroja meid\u00e4n kenialaisten ja Suomen nuorten v\u00e4lill\u00e4 voivat olla kieli, kotimaa ja ihonv\u00e4ri. <br \/><\/span><span style=\"color: var( --e-global-color-text ); font-family: var( --e-global-typography-text-font-family ), Sans-serif; font-weight: var( --e-global-typography-text-font-weight );\">Mutta kun puhutaan nuorista, niin me kaikki kuulutaan samaan ryhm\u00e4\u00e4n. Mit\u00e4 tahansa haasteita nuoret Suomessa kohtaavat, me kohtaamme niit\u00e4 my\u00f6s t\u00e4\u00e4ll\u00e4.\u201d\u00a0<\/span><\/p><p><span style=\"color: var( --e-global-color-text ); font-family: var( --e-global-typography-text-font-family ), Sans-serif;\"><b>Dennis, 20, Nairobi<\/b><\/span><\/p>\t\t\t\t\t\t\t\t<\/div>\n\t\t\t\t<\/div>\n\t\t\t\t\t<\/div>\n\t\t<\/div>\n\t\t\t\t\t<\/div>\n\t\t<\/section>\n\t\t\t\t\t<\/div>\n\t\t<\/div>\n\t\t\t\t\t<\/div>\n\t\t<\/section>\n\t\t\t\t<\/div>\n\t\t","protected":false},"excerpt":{"rendered":"<p>Videoviesteiss\u00e4 kenialaiset nuoret kertovat ajatuksiaan turvallisuudesta, vaikuttamisesta ja tulevaisuudesta.\u00a0 Julkaistavissa videoissa on tekstitykset suomeksi, selkokielell\u00e4, ruotsiksi ja englanniksi. Mik\u00e4li alla olevat videot eiv\u00e4t n\u00e4y normaalisti, sinun t\u00e4ytyy hyv\u00e4ksy\u00e4 ensin ev\u00e4steet painamalla sivun alareunassa n\u00e4kyv\u00e4\u00e4 painiketta.Videot ovat katsottavissa my\u00f6s suoraan Taksv\u00e4rkin YouTube-kanavalta.\u00a0 Ohje tekstitysten k\u00e4ytt\u00f6\u00f6n YoutubessaTekstityksen saa p\u00e4\u00e4lle klikkaamalla valkoista ruutua videon oikeasta alareunasta. Voit vaihtaa &#8230; <a title=\"Videoviestit nuorilta\" class=\"read-more\" href=\"https:\/\/www.taksvarkki.fi\/kampanja2024\/videoviestit\/\" aria-label=\"Lue lis\u00e4\u00e4 aiheesta Videoviestit nuorilta\">Lue lis\u00e4\u00e4<\/a><\/p>\n","protected":false},"author":18,"featured_media":0,"parent":0,"menu_order":0,"comment_status":"closed","ping_status":"closed","template":"","meta":{"footnotes":""},"class_list":["post-1810","page","type-page","status-publish"],"yoast_head":"<!-- This site is optimized with the Yoast SEO plugin v27.3 - https:\/\/yoast.com\/product\/yoast-seo-wordpress\/ -->\n<title>Videoviestit nuorilta - Kun ei tarvii pel\u00e4t\u00e4 - Taksv\u00e4rkki 2024\u20132025<\/title>\n<meta name=\"description\" content=\"Milloin sinulla on turvallinen olo? Kenialaiset nuoret vastaavat. Turvallisempi maailma tehd\u00e4\u00e4n yhdess\u00e4. Taksv\u00e4rkkip\u00e4iv\u00e4n\u00e4 voit vaikuttaa!\" \/>\n<meta name=\"robots\" content=\"index, follow, max-snippet:-1, max-image-preview:large, max-video-preview:-1\" \/>\n<link rel=\"canonical\" href=\"https:\/\/www.taksvarkki.fi\/kampanja2024\/videoviestit\/\" \/>\n<meta property=\"og:locale\" content=\"fi_FI\" \/>\n<meta property=\"og:type\" content=\"article\" \/>\n<meta property=\"og:title\" content=\"Videoviestit nuorilta - Kun ei tarvii pel\u00e4t\u00e4 - Taksv\u00e4rkki 2024\u20132025\" \/>\n<meta property=\"og:description\" content=\"Milloin sinulla on turvallinen olo? Kenialaiset nuoret vastaavat. Turvallisempi maailma tehd\u00e4\u00e4n yhdess\u00e4. Taksv\u00e4rkkip\u00e4iv\u00e4n\u00e4 voit vaikuttaa!\" \/>\n<meta property=\"og:url\" content=\"https:\/\/www.taksvarkki.fi\/kampanja2024\/videoviestit\/\" \/>\n<meta property=\"og:site_name\" content=\"Kun ei tarvii pel\u00e4t\u00e4\" \/>\n<meta property=\"article:modified_time\" content=\"2025-05-21T10:27:08+00:00\" \/>\n<meta property=\"og:image\" content=\"https:\/\/www.taksvarkki.fi\/kampanja2024\/wp-content\/uploads\/sites\/17\/2024\/08\/taksvarkki_Moses1.jpg\" \/>\n\t<meta property=\"og:image:width\" content=\"656\" \/>\n\t<meta property=\"og:image:height\" content=\"655\" \/>\n\t<meta property=\"og:image:type\" content=\"image\/jpeg\" \/>\n<meta name=\"twitter:card\" content=\"summary_large_image\" \/>\n<meta name=\"twitter:label1\" content=\"Arvioitu lukuaika\" \/>\n\t<meta name=\"twitter:data1\" content=\"2 minuuttia\" \/>\n<script type=\"application\/ld+json\" class=\"yoast-schema-graph\">{\"@context\":\"https:\\\/\\\/schema.org\",\"@graph\":[{\"@type\":\"WebPage\",\"@id\":\"https:\\\/\\\/www.taksvarkki.fi\\\/kampanja2024\\\/videoviestit\\\/\",\"url\":\"https:\\\/\\\/www.taksvarkki.fi\\\/kampanja2024\\\/videoviestit\\\/\",\"name\":\"Videoviestit nuorilta - Kun ei tarvii pel\u00e4t\u00e4 - Taksv\u00e4rkki 2024\u20132025\",\"isPartOf\":{\"@id\":\"https:\\\/\\\/www.taksvarkki.fi\\\/kampanja2024\\\/#website\"},\"primaryImageOfPage\":{\"@id\":\"https:\\\/\\\/www.taksvarkki.fi\\\/kampanja2024\\\/videoviestit\\\/#primaryimage\"},\"image\":{\"@id\":\"https:\\\/\\\/www.taksvarkki.fi\\\/kampanja2024\\\/videoviestit\\\/#primaryimage\"},\"thumbnailUrl\":\"https:\\\/\\\/www.taksvarkki.fi\\\/kampanja2024\\\/wp-content\\\/uploads\\\/sites\\\/17\\\/2024\\\/08\\\/taksvarkki_Moses1-300x300.jpg\",\"datePublished\":\"2020-04-18T05:22:40+00:00\",\"dateModified\":\"2025-05-21T10:27:08+00:00\",\"description\":\"Milloin sinulla on turvallinen olo? Kenialaiset nuoret vastaavat. Turvallisempi maailma tehd\u00e4\u00e4n yhdess\u00e4. Taksv\u00e4rkkip\u00e4iv\u00e4n\u00e4 voit vaikuttaa!\",\"breadcrumb\":{\"@id\":\"https:\\\/\\\/www.taksvarkki.fi\\\/kampanja2024\\\/videoviestit\\\/#breadcrumb\"},\"inLanguage\":\"fi\",\"potentialAction\":[{\"@type\":\"ReadAction\",\"target\":[\"https:\\\/\\\/www.taksvarkki.fi\\\/kampanja2024\\\/videoviestit\\\/\"]}]},{\"@type\":\"ImageObject\",\"inLanguage\":\"fi\",\"@id\":\"https:\\\/\\\/www.taksvarkki.fi\\\/kampanja2024\\\/videoviestit\\\/#primaryimage\",\"url\":\"https:\\\/\\\/www.taksvarkki.fi\\\/kampanja2024\\\/wp-content\\\/uploads\\\/sites\\\/17\\\/2024\\\/08\\\/taksvarkki_Moses1.jpg\",\"contentUrl\":\"https:\\\/\\\/www.taksvarkki.fi\\\/kampanja2024\\\/wp-content\\\/uploads\\\/sites\\\/17\\\/2024\\\/08\\\/taksvarkki_Moses1.jpg\",\"width\":656,\"height\":655,\"caption\":\"Nuoren kasvokuva.\"},{\"@type\":\"BreadcrumbList\",\"@id\":\"https:\\\/\\\/www.taksvarkki.fi\\\/kampanja2024\\\/videoviestit\\\/#breadcrumb\",\"itemListElement\":[{\"@type\":\"ListItem\",\"position\":1,\"name\":\"Home\",\"item\":\"https:\\\/\\\/www.taksvarkki.fi\\\/kampanja2024\\\/\"},{\"@type\":\"ListItem\",\"position\":2,\"name\":\"Videoviestit nuorilta\"}]},{\"@type\":\"WebSite\",\"@id\":\"https:\\\/\\\/www.taksvarkki.fi\\\/kampanja2024\\\/#website\",\"url\":\"https:\\\/\\\/www.taksvarkki.fi\\\/kampanja2024\\\/\",\"name\":\"Kun ei tarvii pel\u00e4t\u00e4\",\"description\":\"Taksv\u00e4rkki-kampanja 2024\u20132025\",\"potentialAction\":[{\"@type\":\"SearchAction\",\"target\":{\"@type\":\"EntryPoint\",\"urlTemplate\":\"https:\\\/\\\/www.taksvarkki.fi\\\/kampanja2024\\\/?s={search_term_string}\"},\"query-input\":{\"@type\":\"PropertyValueSpecification\",\"valueRequired\":true,\"valueName\":\"search_term_string\"}}],\"inLanguage\":\"fi\"}]}<\/script>\n<!-- \/ Yoast SEO plugin. -->","yoast_head_json":{"title":"Videoviestit nuorilta - Kun ei tarvii pel\u00e4t\u00e4 - Taksv\u00e4rkki 2024\u20132025","description":"Milloin sinulla on turvallinen olo? Kenialaiset nuoret vastaavat. Turvallisempi maailma tehd\u00e4\u00e4n yhdess\u00e4. Taksv\u00e4rkkip\u00e4iv\u00e4n\u00e4 voit vaikuttaa!","robots":{"index":"index","follow":"follow","max-snippet":"max-snippet:-1","max-image-preview":"max-image-preview:large","max-video-preview":"max-video-preview:-1"},"canonical":"https:\/\/www.taksvarkki.fi\/kampanja2024\/videoviestit\/","og_locale":"fi_FI","og_type":"article","og_title":"Videoviestit nuorilta - Kun ei tarvii pel\u00e4t\u00e4 - Taksv\u00e4rkki 2024\u20132025","og_description":"Milloin sinulla on turvallinen olo? Kenialaiset nuoret vastaavat. Turvallisempi maailma tehd\u00e4\u00e4n yhdess\u00e4. Taksv\u00e4rkkip\u00e4iv\u00e4n\u00e4 voit vaikuttaa!","og_url":"https:\/\/www.taksvarkki.fi\/kampanja2024\/videoviestit\/","og_site_name":"Kun ei tarvii pel\u00e4t\u00e4","article_modified_time":"2025-05-21T10:27:08+00:00","og_image":[{"width":656,"height":655,"url":"https:\/\/www.taksvarkki.fi\/kampanja2024\/wp-content\/uploads\/sites\/17\/2024\/08\/taksvarkki_Moses1.jpg","type":"image\/jpeg"}],"twitter_card":"summary_large_image","twitter_misc":{"Arvioitu lukuaika":"2 minuuttia"},"schema":{"@context":"https:\/\/schema.org","@graph":[{"@type":"WebPage","@id":"https:\/\/www.taksvarkki.fi\/kampanja2024\/videoviestit\/","url":"https:\/\/www.taksvarkki.fi\/kampanja2024\/videoviestit\/","name":"Videoviestit nuorilta - Kun ei tarvii pel\u00e4t\u00e4 - Taksv\u00e4rkki 2024\u20132025","isPartOf":{"@id":"https:\/\/www.taksvarkki.fi\/kampanja2024\/#website"},"primaryImageOfPage":{"@id":"https:\/\/www.taksvarkki.fi\/kampanja2024\/videoviestit\/#primaryimage"},"image":{"@id":"https:\/\/www.taksvarkki.fi\/kampanja2024\/videoviestit\/#primaryimage"},"thumbnailUrl":"https:\/\/www.taksvarkki.fi\/kampanja2024\/wp-content\/uploads\/sites\/17\/2024\/08\/taksvarkki_Moses1-300x300.jpg","datePublished":"2020-04-18T05:22:40+00:00","dateModified":"2025-05-21T10:27:08+00:00","description":"Milloin sinulla on turvallinen olo? Kenialaiset nuoret vastaavat. Turvallisempi maailma tehd\u00e4\u00e4n yhdess\u00e4. Taksv\u00e4rkkip\u00e4iv\u00e4n\u00e4 voit vaikuttaa!","breadcrumb":{"@id":"https:\/\/www.taksvarkki.fi\/kampanja2024\/videoviestit\/#breadcrumb"},"inLanguage":"fi","potentialAction":[{"@type":"ReadAction","target":["https:\/\/www.taksvarkki.fi\/kampanja2024\/videoviestit\/"]}]},{"@type":"ImageObject","inLanguage":"fi","@id":"https:\/\/www.taksvarkki.fi\/kampanja2024\/videoviestit\/#primaryimage","url":"https:\/\/www.taksvarkki.fi\/kampanja2024\/wp-content\/uploads\/sites\/17\/2024\/08\/taksvarkki_Moses1.jpg","contentUrl":"https:\/\/www.taksvarkki.fi\/kampanja2024\/wp-content\/uploads\/sites\/17\/2024\/08\/taksvarkki_Moses1.jpg","width":656,"height":655,"caption":"Nuoren kasvokuva."},{"@type":"BreadcrumbList","@id":"https:\/\/www.taksvarkki.fi\/kampanja2024\/videoviestit\/#breadcrumb","itemListElement":[{"@type":"ListItem","position":1,"name":"Home","item":"https:\/\/www.taksvarkki.fi\/kampanja2024\/"},{"@type":"ListItem","position":2,"name":"Videoviestit nuorilta"}]},{"@type":"WebSite","@id":"https:\/\/www.taksvarkki.fi\/kampanja2024\/#website","url":"https:\/\/www.taksvarkki.fi\/kampanja2024\/","name":"Kun ei tarvii pel\u00e4t\u00e4","description":"Taksv\u00e4rkki-kampanja 2024\u20132025","potentialAction":[{"@type":"SearchAction","target":{"@type":"EntryPoint","urlTemplate":"https:\/\/www.taksvarkki.fi\/kampanja2024\/?s={search_term_string}"},"query-input":{"@type":"PropertyValueSpecification","valueRequired":true,"valueName":"search_term_string"}}],"inLanguage":"fi"}]}},"_links":{"self":[{"href":"https:\/\/www.taksvarkki.fi\/kampanja2024\/wp-json\/wp\/v2\/pages\/1810","targetHints":{"allow":["GET"]}}],"collection":[{"href":"https:\/\/www.taksvarkki.fi\/kampanja2024\/wp-json\/wp\/v2\/pages"}],"about":[{"href":"https:\/\/www.taksvarkki.fi\/kampanja2024\/wp-json\/wp\/v2\/types\/page"}],"author":[{"embeddable":true,"href":"https:\/\/www.taksvarkki.fi\/kampanja2024\/wp-json\/wp\/v2\/users\/18"}],"replies":[{"embeddable":true,"href":"https:\/\/www.taksvarkki.fi\/kampanja2024\/wp-json\/wp\/v2\/comments?post=1810"}],"version-history":[{"count":171,"href":"https:\/\/www.taksvarkki.fi\/kampanja2024\/wp-json\/wp\/v2\/pages\/1810\/revisions"}],"predecessor-version":[{"id":5851,"href":"https:\/\/www.taksvarkki.fi\/kampanja2024\/wp-json\/wp\/v2\/pages\/1810\/revisions\/5851"}],"wp:attachment":[{"href":"https:\/\/www.taksvarkki.fi\/kampanja2024\/wp-json\/wp\/v2\/media?parent=1810"}],"curies":[{"name":"wp","href":"https:\/\/api.w.org\/{rel}","templated":true}]}}