{"id":953,"date":"2020-06-21T23:16:09","date_gmt":"2020-06-21T20:16:09","guid":{"rendered":"https:\/\/www.taksvarkki.fi\/nepal2020\/?page_id=953"},"modified":"2024-08-08T08:11:45","modified_gmt":"2024-08-08T07:11:45","slug":"for-teachers","status":"publish","type":"page","link":"https:\/\/www.taksvarkki.fi\/kampanja2023\/en\/for-teachers\/","title":{"rendered":"For teachers"},"content":{"rendered":"\t\t<div data-elementor-type=\"wp-page\" data-elementor-id=\"953\" class=\"elementor elementor-953\">\n\t\t\t\t\t\t<section class=\"elementor-section elementor-top-section elementor-element elementor-element-0a555e0 elementor-section-boxed elementor-section-height-default elementor-section-height-default\" data-id=\"0a555e0\" data-element_type=\"section\" data-e-type=\"section\">\n\t\t\t\t\t\t<div class=\"elementor-container elementor-column-gap-default\">\n\t\t\t\t\t<div class=\"elementor-column elementor-col-100 elementor-top-column elementor-element elementor-element-6354823\" data-id=\"6354823\" data-element_type=\"column\" data-e-type=\"column\">\n\t\t\t<div class=\"elementor-widget-wrap elementor-element-populated\">\n\t\t\t\t\t\t<div class=\"elementor-element elementor-element-15cc36f elementor-widget elementor-widget-heading\" data-id=\"15cc36f\" data-element_type=\"widget\" data-e-type=\"widget\" data-widget_type=\"heading.default\">\n\t\t\t\t<div class=\"elementor-widget-container\">\n\t\t\t\t\t<h2 class=\"elementor-heading-title elementor-size-default\">The Taksv\u00e4rkki campaign has a strong Global citizenship education component<\/h2>\t\t\t\t<\/div>\n\t\t\t\t<\/div>\n\t\t\t\t<div class=\"elementor-element elementor-element-62d2f02 elementor-widget elementor-widget-text-editor\" data-id=\"62d2f02\" data-element_type=\"widget\" data-e-type=\"widget\" data-widget_type=\"text-editor.default\">\n\t\t\t\t<div class=\"elementor-widget-container\">\n\t\t\t\t\t\t\t\t\t<p>The goal of Taksv\u00e4rkki&#8217;s global citizenship education is to raise a sense of global responsibility in Finnish youth.<\/p><p>Taksv\u00e4rkki\u2019s volunteer Global Educators visit elementary and secondary schools in different parts of Finland and hold workshops on youth advocacy, equality, discrimination against people with disabilities and children\u2019s rights. These participatory workshops are complemented by high-quality learning materials and study packages for teachers.\u00a0<\/p><p>Currently the learning materials of Who cares? campaign are not available in English. You can find the campaign&#8217;s <a href=\"https:\/\/www.taksvarkki.fi\/kampanja2023\/oppitunnille\/?_gl=1*1ng0suc*_up*MQ..*_ga*NDIwMzcwODk1LjE2OTIyNTE0ODc.*_ga_FPGP6EWGB1*MTY5MjI1MTQ4NS4xLjAuMTY5MjI1MTQ4NS4wLjAuMA..\"><span style=\"text-decoration: underline;\">learning material in Finnish<\/span><\/a>\u00a0and the same\u00a0<a href=\"https:\/\/www.taksvarkki.fi\/kampanja2023\/sv\/material-for-lektioner\/?_gl=1*kmago2*_up*MQ..*_ga*NDIwMzcwODk1LjE2OTIyNTE0ODc.*_ga_FPGP6EWGB1*MTY5MjI1MTQ4NS4xLjEuMTY5MjI1Mjc5NS4wLjAuMA..\"><span style=\"text-decoration: underline;\">learning material in Swedish<\/span>.<\/a><\/p><p>Read more about Taksv\u00e4rkki&#8217;s <span style=\"text-decoration: underline;\"><a href=\"https:\/\/www.taksvarkki.fi\/en\/global-education\" target=\"_blank\" rel=\"noopener\">global citizenship education<\/a>.<\/span><\/p><p><strong><em>Aura Alarto<br \/><\/em><\/strong><em>Global education officer<br \/><\/em><em>050 348 5668, <span style=\"text-decoration: underline;\"><a href=\"mailto:aura.alarto@taksvarkki.fi\">aura.alarto@taksvarkki.fi<\/a><\/span><\/em><\/p>\t\t\t\t\t\t\t\t<\/div>\n\t\t\t\t<\/div>\n\t\t\t\t<div class=\"elementor-element elementor-element-504b643 elementor-widget elementor-widget-image\" data-id=\"504b643\" data-element_type=\"widget\" data-e-type=\"widget\" data-widget_type=\"image.default\">\n\t\t\t\t<div class=\"elementor-widget-container\">\n\t\t\t\t\t\t\t\t\t\t\t\t<figure class=\"wp-caption\">\n\t\t\t\t\t\t\t\t\t\t<img fetchpriority=\"high\" decoding=\"async\" width=\"768\" height=\"512\" src=\"https:\/\/www.taksvarkki.fi\/kampanja2023\/wp-content\/uploads\/sites\/16\/2023\/07\/Oppilaita-katsomassa-teatteriesitysta-Port-Lokossa-768x512.jpeg\" class=\"attachment-medium_large size-medium_large wp-image-3967\" alt=\"Oppilaita katsomassa teatteriesityst\u00e4 Port Lokossa\" srcset=\"https:\/\/www.taksvarkki.fi\/kampanja2023\/wp-content\/uploads\/sites\/16\/2023\/07\/Oppilaita-katsomassa-teatteriesitysta-Port-Lokossa-768x512.jpeg 768w, https:\/\/www.taksvarkki.fi\/kampanja2023\/wp-content\/uploads\/sites\/16\/2023\/07\/Oppilaita-katsomassa-teatteriesitysta-Port-Lokossa-300x200.jpeg 300w, https:\/\/www.taksvarkki.fi\/kampanja2023\/wp-content\/uploads\/sites\/16\/2023\/07\/Oppilaita-katsomassa-teatteriesitysta-Port-Lokossa-1024x683.jpeg 1024w, https:\/\/www.taksvarkki.fi\/kampanja2023\/wp-content\/uploads\/sites\/16\/2023\/07\/Oppilaita-katsomassa-teatteriesitysta-Port-Lokossa.jpeg 1280w\" sizes=\"(max-width: 768px) 100vw, 768px\" \/>\t\t\t\t\t\t\t\t\t\t\t<figcaption class=\"widget-image-caption wp-caption-text\">Students are watching a theater play about gender-based violence in Port Loko, Sierra Leone. Photo: Veera Lehto-Michaud.<\/figcaption>\n\t\t\t\t\t\t\t\t\t\t<\/figure>\n\t\t\t\t\t\t\t\t\t<\/div>\n\t\t\t\t<\/div>\n\t\t\t\t\t<\/div>\n\t\t<\/div>\n\t\t\t\t\t<\/div>\n\t\t<\/section>\n\t\t\t\t<section class=\"elementor-section elementor-top-section elementor-element elementor-element-6aa9543 elementor-section-boxed elementor-section-height-default elementor-section-height-default\" data-id=\"6aa9543\" data-element_type=\"section\" data-e-type=\"section\">\n\t\t\t\t\t\t<div class=\"elementor-container elementor-column-gap-default\">\n\t\t\t\t\t<div class=\"elementor-column elementor-col-100 elementor-top-column elementor-element elementor-element-4b74ef0\" data-id=\"4b74ef0\" data-element_type=\"column\" data-e-type=\"column\">\n\t\t\t<div class=\"elementor-widget-wrap elementor-element-populated\">\n\t\t\t\t\t\t<div class=\"elementor-element elementor-element-9b36a17 elementor-widget elementor-widget-heading\" data-id=\"9b36a17\" data-element_type=\"widget\" data-e-type=\"widget\" data-widget_type=\"heading.default\">\n\t\t\t\t<div class=\"elementor-widget-container\">\n\t\t\t\t\t<h2 class=\"elementor-heading-title elementor-size-default\">Read and download Taksv\u00e4rkki\u2019s popular handbooks<\/h2>\t\t\t\t<\/div>\n\t\t\t\t<\/div>\n\t\t\t\t<div class=\"elementor-element elementor-element-001fafa elementor-widget elementor-widget-text-editor\" data-id=\"001fafa\" data-element_type=\"widget\" data-e-type=\"widget\" data-widget_type=\"text-editor.default\">\n\t\t\t\t<div class=\"elementor-widget-container\">\n\t\t\t\t\t\t\t\t\t<p><span style=\"text-decoration: underline;\"><a style=\"background-color: #ffffff;\" href=\"https:\/\/www.taksvarkki.fi\/tv\/wp-content\/uploads\/2013\/08\/make_a_difference_web.pdf\" target=\"_blank\" rel=\"noopener\">Make a difference!<\/a><\/span> Critical pedagogy: insight and tools for youth for making societal change.<\/p>\t\t\t\t\t\t\t\t<\/div>\n\t\t\t\t<\/div>\n\t\t\t\t\t<\/div>\n\t\t<\/div>\n\t\t\t\t\t<\/div>\n\t\t<\/section>\n\t\t\t\t<section class=\"elementor-section elementor-top-section elementor-element elementor-element-b2d817f elementor-section-boxed elementor-section-height-default elementor-section-height-default\" data-id=\"b2d817f\" data-element_type=\"section\" data-e-type=\"section\">\n\t\t\t\t\t\t<div class=\"elementor-container elementor-column-gap-default\">\n\t\t\t\t\t<div class=\"elementor-column elementor-col-100 elementor-top-column elementor-element elementor-element-a027893\" data-id=\"a027893\" data-element_type=\"column\" data-e-type=\"column\" data-settings=\"{&quot;background_background&quot;:&quot;classic&quot;}\">\n\t\t\t<div class=\"elementor-widget-wrap\">\n\t\t\t\t\t\t\t<\/div>\n\t\t<\/div>\n\t\t\t\t\t<\/div>\n\t\t<\/section>\n\t\t\t\t<\/div>\n\t\t","protected":false},"excerpt":{"rendered":"<p>The Taksv\u00e4rkki campaign has a strong Global citizenship education component The goal of Taksv\u00e4rkki&#8217;s global citizenship education is to raise a sense of global responsibility in Finnish youth. Taksv\u00e4rkki\u2019s volunteer Global Educators visit elementary and secondary schools in different parts of Finland and hold workshops on youth advocacy, equality, discrimination against people with disabilities and &#8230; <a title=\"For teachers\" class=\"read-more\" href=\"https:\/\/www.taksvarkki.fi\/kampanja2023\/en\/for-teachers\/\" aria-label=\"Lue lis\u00e4\u00e4 aiheesta For teachers\">Lue lis\u00e4\u00e4<\/a><\/p>\n","protected":false},"author":18,"featured_media":0,"parent":0,"menu_order":0,"comment_status":"closed","ping_status":"closed","template":"","meta":{"footnotes":""},"class_list":["post-953","page","type-page","status-publish"],"yoast_head":"<!-- This site is optimized with the Yoast SEO plugin v27.3 - https:\/\/yoast.com\/product\/yoast-seo-wordpress\/ -->\n<title>Materials for teachers - Global education - Participatory workshops<\/title>\n<meta name=\"description\" content=\"Taksv\u00e4rkki campaigns have a strong global citizenship education component. Global equality, active citizenship, participatory workshops...\" \/>\n<meta name=\"robots\" content=\"index, follow, max-snippet:-1, max-image-preview:large, max-video-preview:-1\" \/>\n<link rel=\"canonical\" href=\"https:\/\/www.taksvarkki.fi\/kampanja2023\/en\/for-teachers\/\" \/>\n<meta property=\"og:locale\" content=\"fi_FI\" \/>\n<meta property=\"og:type\" content=\"article\" \/>\n<meta property=\"og:title\" content=\"Materials for teachers - Global education - Participatory workshops\" \/>\n<meta property=\"og:description\" content=\"Taksv\u00e4rkki campaigns have a strong global citizenship education component. Global equality, active citizenship, participatory workshops...\" \/>\n<meta property=\"og:url\" content=\"https:\/\/www.taksvarkki.fi\/kampanja2023\/en\/for-teachers\/\" \/>\n<meta property=\"og:site_name\" content=\"Olet vaikuttava\" \/>\n<meta property=\"article:modified_time\" content=\"2024-08-08T07:11:45+00:00\" \/>\n<meta property=\"og:image\" content=\"https:\/\/www.taksvarkki.fi\/kampanja2023\/wp-content\/uploads\/sites\/16\/2023\/07\/Oppilaita-katsomassa-teatteriesitysta-Port-Lokossa-768x512.jpeg\" \/>\n<meta name=\"twitter:card\" content=\"summary_large_image\" \/>\n<meta name=\"twitter:image\" content=\"https:\/\/www.taksvarkki.fi\/kampanja2023\/wp-content\/uploads\/sites\/16\/2021\/08\/Ronja_Suomi.jpg\" \/>\n<meta name=\"twitter:label1\" content=\"Arvioitu lukuaika\" \/>\n\t<meta name=\"twitter:data1\" content=\"2 minuuttia\" \/>\n<script type=\"application\/ld+json\" class=\"yoast-schema-graph\">{\"@context\":\"https:\\\/\\\/schema.org\",\"@graph\":[{\"@type\":\"WebPage\",\"@id\":\"https:\\\/\\\/www.taksvarkki.fi\\\/kampanja2023\\\/en\\\/for-teachers\\\/\",\"url\":\"https:\\\/\\\/www.taksvarkki.fi\\\/kampanja2023\\\/en\\\/for-teachers\\\/\",\"name\":\"Materials for teachers - Global education - Participatory workshops\",\"isPartOf\":{\"@id\":\"https:\\\/\\\/www.taksvarkki.fi\\\/kampanja2023\\\/#website\"},\"primaryImageOfPage\":{\"@id\":\"https:\\\/\\\/www.taksvarkki.fi\\\/kampanja2023\\\/en\\\/for-teachers\\\/#primaryimage\"},\"image\":{\"@id\":\"https:\\\/\\\/www.taksvarkki.fi\\\/kampanja2023\\\/en\\\/for-teachers\\\/#primaryimage\"},\"thumbnailUrl\":\"https:\\\/\\\/www.taksvarkki.fi\\\/kampanja2023\\\/wp-content\\\/uploads\\\/sites\\\/16\\\/2023\\\/07\\\/Oppilaita-katsomassa-teatteriesitysta-Port-Lokossa-768x512.jpeg\",\"datePublished\":\"2020-06-21T20:16:09+00:00\",\"dateModified\":\"2024-08-08T07:11:45+00:00\",\"description\":\"Taksv\u00e4rkki campaigns have a strong global citizenship education component. Global equality, active citizenship, participatory workshops...\",\"breadcrumb\":{\"@id\":\"https:\\\/\\\/www.taksvarkki.fi\\\/kampanja2023\\\/en\\\/for-teachers\\\/#breadcrumb\"},\"inLanguage\":\"fi\",\"potentialAction\":[{\"@type\":\"ReadAction\",\"target\":[\"https:\\\/\\\/www.taksvarkki.fi\\\/kampanja2023\\\/en\\\/for-teachers\\\/\"]}]},{\"@type\":\"ImageObject\",\"inLanguage\":\"fi\",\"@id\":\"https:\\\/\\\/www.taksvarkki.fi\\\/kampanja2023\\\/en\\\/for-teachers\\\/#primaryimage\",\"url\":\"https:\\\/\\\/www.taksvarkki.fi\\\/kampanja2023\\\/wp-content\\\/uploads\\\/sites\\\/16\\\/2023\\\/07\\\/Oppilaita-katsomassa-teatteriesitysta-Port-Lokossa-768x512.jpeg\",\"contentUrl\":\"https:\\\/\\\/www.taksvarkki.fi\\\/kampanja2023\\\/wp-content\\\/uploads\\\/sites\\\/16\\\/2023\\\/07\\\/Oppilaita-katsomassa-teatteriesitysta-Port-Lokossa-768x512.jpeg\"},{\"@type\":\"BreadcrumbList\",\"@id\":\"https:\\\/\\\/www.taksvarkki.fi\\\/kampanja2023\\\/en\\\/for-teachers\\\/#breadcrumb\",\"itemListElement\":[{\"@type\":\"ListItem\",\"position\":1,\"name\":\"Home\",\"item\":\"https:\\\/\\\/www.taksvarkki.fi\\\/kampanja2023\\\/\"},{\"@type\":\"ListItem\",\"position\":2,\"name\":\"For teachers\"}]},{\"@type\":\"WebSite\",\"@id\":\"https:\\\/\\\/www.taksvarkki.fi\\\/kampanja2023\\\/#website\",\"url\":\"https:\\\/\\\/www.taksvarkki.fi\\\/kampanja2023\\\/\",\"name\":\"Olet vaikuttava\",\"description\":\"Taksv\u00e4rkki-kampanja 2023\u20132024\",\"potentialAction\":[{\"@type\":\"SearchAction\",\"target\":{\"@type\":\"EntryPoint\",\"urlTemplate\":\"https:\\\/\\\/www.taksvarkki.fi\\\/kampanja2023\\\/?s={search_term_string}\"},\"query-input\":{\"@type\":\"PropertyValueSpecification\",\"valueRequired\":true,\"valueName\":\"search_term_string\"}}],\"inLanguage\":\"fi\"}]}<\/script>\n<!-- \/ Yoast SEO plugin. -->","yoast_head_json":{"title":"Materials for teachers - Global education - Participatory workshops","description":"Taksv\u00e4rkki campaigns have a strong global citizenship education component. Global equality, active citizenship, participatory workshops...","robots":{"index":"index","follow":"follow","max-snippet":"max-snippet:-1","max-image-preview":"max-image-preview:large","max-video-preview":"max-video-preview:-1"},"canonical":"https:\/\/www.taksvarkki.fi\/kampanja2023\/en\/for-teachers\/","og_locale":"fi_FI","og_type":"article","og_title":"Materials for teachers - Global education - Participatory workshops","og_description":"Taksv\u00e4rkki campaigns have a strong global citizenship education component. Global equality, active citizenship, participatory workshops...","og_url":"https:\/\/www.taksvarkki.fi\/kampanja2023\/en\/for-teachers\/","og_site_name":"Olet vaikuttava","article_modified_time":"2024-08-08T07:11:45+00:00","og_image":[{"url":"https:\/\/www.taksvarkki.fi\/kampanja2023\/wp-content\/uploads\/sites\/16\/2023\/07\/Oppilaita-katsomassa-teatteriesitysta-Port-Lokossa-768x512.jpeg","type":"","width":"","height":""}],"twitter_card":"summary_large_image","twitter_image":"https:\/\/www.taksvarkki.fi\/kampanja2023\/wp-content\/uploads\/sites\/16\/2021\/08\/Ronja_Suomi.jpg","twitter_misc":{"Arvioitu lukuaika":"2 minuuttia"},"schema":{"@context":"https:\/\/schema.org","@graph":[{"@type":"WebPage","@id":"https:\/\/www.taksvarkki.fi\/kampanja2023\/en\/for-teachers\/","url":"https:\/\/www.taksvarkki.fi\/kampanja2023\/en\/for-teachers\/","name":"Materials for teachers - Global education - Participatory workshops","isPartOf":{"@id":"https:\/\/www.taksvarkki.fi\/kampanja2023\/#website"},"primaryImageOfPage":{"@id":"https:\/\/www.taksvarkki.fi\/kampanja2023\/en\/for-teachers\/#primaryimage"},"image":{"@id":"https:\/\/www.taksvarkki.fi\/kampanja2023\/en\/for-teachers\/#primaryimage"},"thumbnailUrl":"https:\/\/www.taksvarkki.fi\/kampanja2023\/wp-content\/uploads\/sites\/16\/2023\/07\/Oppilaita-katsomassa-teatteriesitysta-Port-Lokossa-768x512.jpeg","datePublished":"2020-06-21T20:16:09+00:00","dateModified":"2024-08-08T07:11:45+00:00","description":"Taksv\u00e4rkki campaigns have a strong global citizenship education component. Global equality, active citizenship, participatory workshops...","breadcrumb":{"@id":"https:\/\/www.taksvarkki.fi\/kampanja2023\/en\/for-teachers\/#breadcrumb"},"inLanguage":"fi","potentialAction":[{"@type":"ReadAction","target":["https:\/\/www.taksvarkki.fi\/kampanja2023\/en\/for-teachers\/"]}]},{"@type":"ImageObject","inLanguage":"fi","@id":"https:\/\/www.taksvarkki.fi\/kampanja2023\/en\/for-teachers\/#primaryimage","url":"https:\/\/www.taksvarkki.fi\/kampanja2023\/wp-content\/uploads\/sites\/16\/2023\/07\/Oppilaita-katsomassa-teatteriesitysta-Port-Lokossa-768x512.jpeg","contentUrl":"https:\/\/www.taksvarkki.fi\/kampanja2023\/wp-content\/uploads\/sites\/16\/2023\/07\/Oppilaita-katsomassa-teatteriesitysta-Port-Lokossa-768x512.jpeg"},{"@type":"BreadcrumbList","@id":"https:\/\/www.taksvarkki.fi\/kampanja2023\/en\/for-teachers\/#breadcrumb","itemListElement":[{"@type":"ListItem","position":1,"name":"Home","item":"https:\/\/www.taksvarkki.fi\/kampanja2023\/"},{"@type":"ListItem","position":2,"name":"For teachers"}]},{"@type":"WebSite","@id":"https:\/\/www.taksvarkki.fi\/kampanja2023\/#website","url":"https:\/\/www.taksvarkki.fi\/kampanja2023\/","name":"Olet vaikuttava","description":"Taksv\u00e4rkki-kampanja 2023\u20132024","potentialAction":[{"@type":"SearchAction","target":{"@type":"EntryPoint","urlTemplate":"https:\/\/www.taksvarkki.fi\/kampanja2023\/?s={search_term_string}"},"query-input":{"@type":"PropertyValueSpecification","valueRequired":true,"valueName":"search_term_string"}}],"inLanguage":"fi"}]}},"_links":{"self":[{"href":"https:\/\/www.taksvarkki.fi\/kampanja2023\/wp-json\/wp\/v2\/pages\/953","targetHints":{"allow":["GET"]}}],"collection":[{"href":"https:\/\/www.taksvarkki.fi\/kampanja2023\/wp-json\/wp\/v2\/pages"}],"about":[{"href":"https:\/\/www.taksvarkki.fi\/kampanja2023\/wp-json\/wp\/v2\/types\/page"}],"author":[{"embeddable":true,"href":"https:\/\/www.taksvarkki.fi\/kampanja2023\/wp-json\/wp\/v2\/users\/18"}],"replies":[{"embeddable":true,"href":"https:\/\/www.taksvarkki.fi\/kampanja2023\/wp-json\/wp\/v2\/comments?post=953"}],"version-history":[{"count":27,"href":"https:\/\/www.taksvarkki.fi\/kampanja2023\/wp-json\/wp\/v2\/pages\/953\/revisions"}],"predecessor-version":[{"id":4491,"href":"https:\/\/www.taksvarkki.fi\/kampanja2023\/wp-json\/wp\/v2\/pages\/953\/revisions\/4491"}],"wp:attachment":[{"href":"https:\/\/www.taksvarkki.fi\/kampanja2023\/wp-json\/wp\/v2\/media?parent=953"}],"curies":[{"name":"wp","href":"https:\/\/api.w.org\/{rel}","templated":true}]}}