{"id":897,"date":"2020-06-21T22:31:50","date_gmt":"2020-06-21T19:31:50","guid":{"rendered":"https:\/\/www.taksvarkki.fi\/nepal2020\/?page_id=897"},"modified":"2024-08-08T08:11:38","modified_gmt":"2024-08-08T07:11:38","slug":"material-for-lektioner","status":"publish","type":"page","link":"https:\/\/www.taksvarkki.fi\/kampanja2023\/sv\/material-for-lektioner\/","title":{"rendered":"Material f\u00f6r lektioner"},"content":{"rendered":"\t\t<div data-elementor-type=\"wp-page\" data-elementor-id=\"897\" class=\"elementor elementor-897\">\n\t\t\t\t\t\t<section class=\"elementor-section elementor-top-section elementor-element elementor-element-0a555e0 elementor-section-boxed elementor-section-height-default elementor-section-height-default\" data-id=\"0a555e0\" data-element_type=\"section\" data-e-type=\"section\">\n\t\t\t\t\t\t<div class=\"elementor-container elementor-column-gap-default\">\n\t\t\t\t\t<div class=\"elementor-column elementor-col-100 elementor-top-column elementor-element elementor-element-6354823\" data-id=\"6354823\" data-element_type=\"column\" data-e-type=\"column\">\n\t\t\t<div class=\"elementor-widget-wrap elementor-element-populated\">\n\t\t\t\t\t\t<div class=\"elementor-element elementor-element-15cc36f elementor-widget elementor-widget-heading\" data-id=\"15cc36f\" data-element_type=\"widget\" data-e-type=\"widget\" data-widget_type=\"heading.default\">\n\t\t\t\t<div class=\"elementor-widget-container\">\n\t\t\t\t\t<h2 class=\"elementor-heading-title elementor-size-default\">Global fostran i skolor: lektionsuppgifter och workshoppar<\/h2>\t\t\t\t<\/div>\n\t\t\t\t<\/div>\n\t\t\t\t<div class=\"elementor-element elementor-element-62d2f02 elementor-widget elementor-widget-text-editor\" data-id=\"62d2f02\" data-element_type=\"widget\" data-e-type=\"widget\" data-widget_type=\"text-editor.default\">\n\t\t\t\t<div class=\"elementor-widget-container\">\n\t\t\t\t\t\t\t\t\t<p>Dagsverkes kampanj <b>Du \u00e4r effektfull<\/b> inneh\u00e5ller ocks\u00e5 m\u00e5ngsidiga uppgifter och workshoppar f\u00f6r lektioner.<\/p><p>Dagsverkes frivilliga utbildare i global fostran kommer g\u00e4rna p\u00e5 bes\u00f6k och handleder en funktionell workshop om kampanjens tema!<\/p><p>I <b>Du \u00e4r effektfull!<\/b> <b>-workshoppen<\/b> (90 min) st\u00e4rks ungas sociala engagemang och kritiska t\u00e4nkande med hj\u00e4lp av funktionella metoder. I workshoppen tr\u00e4nar unga p\u00e5 framtidst\u00e4nkande och funderar p\u00e5 vilken sorts framtid de f\u00f6r egen del vill vara med och skapa. Workshoppen st\u00e4rker ungas f\u00e4rdigheter i att identifiera grundorsakerna bakom globala utmaningar, samt f\u00f6rst\u00e5elsen f\u00f6r hur man kan utnyttja sina egna styrkor i p\u00e5verkansarbete. I workshoppen f\u00e5r ungdomarna ocks\u00e5 l\u00e4ra sig grundl\u00e4ggande information om Sierra Leone och om de lokala ungdomarnas p\u00e5verkansarbete.\u00a0<\/p><p>I den l\u00e4ngre workshopversionen (180 min) planerar och genomf\u00f6r ungdomarna i mindre grupper, beroende p\u00e5 \u00e5ldersniv\u00e5 och l\u00e4rarens \u00f6nskem\u00e5l, antingen ett konkret p\u00e5verkansprojekt eller en p\u00e5verkansplan f\u00f6r sitt eget framtida projekt.\u00a0<\/p><p>Ut\u00f6ver detta s\u00e5 erbjuder vi <a href=\"https:\/\/www.taksvarkki.fi\/sv\/global-fostran\/skolbesok\">funktionella workshoppar<\/a> om t.ex. barnets r\u00e4ttigheter och mediepedagogik och. Om ni planerar en temadag kring globalt tema kan v\u00e5r utbildare i global fostran komma och h\u00e5lla en workshop kring temat f\u00f6r deltagarna.<\/p><p>Boka ett avgiftsfritt skolbes\u00f6k till er skola\u00a0<a href=\"https:\/\/www.taksvarkki.fi\/kampanja2023\/sv\/dagsverksinsamling\/anmalning-till-dagsverke\/?_gl=1*vxbccl*_up*MQ..*_ga*OTg3NTMxMzc3LjE2OTIyNTQ0Nzg.*_ga_FPGP6EWGB1*MTY5MjI1NDQ3Ny4xLjEuMTY5MjI1NDQ3OS4wLjAuMA..\"><span style=\"text-decoration: underline;\">med formul\u00e4ret<\/span><\/a>\u00a0eller kontakta oss:<\/p><address><em><b>Aura Alarto<br \/><\/b><\/em><em>planerare f\u00f6r global fostran \/ Dagsverke rf<br \/><\/em><em>050 348 5668, <span style=\"text-decoration: underline;\"><a href=\"mailto:aura.alarto@taksvarkki.fi\">aura.alarto@taksvarkki.fi<\/a><\/span><\/em><\/address>\t\t\t\t\t\t\t\t<\/div>\n\t\t\t\t<\/div>\n\t\t\t\t\t<\/div>\n\t\t<\/div>\n\t\t\t\t\t<\/div>\n\t\t<\/section>\n\t\t\t\t<section class=\"elementor-section elementor-top-section elementor-element elementor-element-52b4579 elementor-section-boxed elementor-section-height-default elementor-section-height-default\" data-id=\"52b4579\" data-element_type=\"section\" data-e-type=\"section\" data-settings=\"{&quot;background_background&quot;:&quot;classic&quot;}\">\n\t\t\t\t\t\t<div class=\"elementor-container elementor-column-gap-default\">\n\t\t\t\t\t<div class=\"elementor-column elementor-col-100 elementor-top-column elementor-element elementor-element-15986d1\" data-id=\"15986d1\" data-element_type=\"column\" data-e-type=\"column\" data-settings=\"{&quot;background_background&quot;:&quot;classic&quot;}\">\n\t\t\t<div class=\"elementor-widget-wrap elementor-element-populated\">\n\t\t\t\t\t\t<div class=\"elementor-element elementor-element-a9bb4f9 elementor-widget elementor-widget-heading\" data-id=\"a9bb4f9\" data-element_type=\"widget\" data-e-type=\"widget\" data-widget_type=\"heading.default\">\n\t\t\t\t<div class=\"elementor-widget-container\">\n\t\t\t\t\t<h2 class=\"elementor-heading-title elementor-size-default\">Material f\u00f6r lektioner<\/h2>\t\t\t\t<\/div>\n\t\t\t\t<\/div>\n\t\t\t\t<div class=\"elementor-element elementor-element-0f424f6 elementor-widget elementor-widget-text-editor\" data-id=\"0f424f6\" data-element_type=\"widget\" data-e-type=\"widget\" data-widget_type=\"text-editor.default\">\n\t\t\t\t<div class=\"elementor-widget-container\">\n\t\t\t\t\t\t\t\t\t<p>H\u00e4r kan du hitta lektionsuppgifter och andra material f\u00f6r lektioner.\u00a0<\/p>\t\t\t\t\t\t\t\t<\/div>\n\t\t\t\t<\/div>\n\t\t\t\t<div class=\"elementor-element elementor-element-ed51989 elementor-widget elementor-widget-toggle\" data-id=\"ed51989\" data-element_type=\"widget\" data-e-type=\"widget\" data-widget_type=\"toggle.default\">\n\t\t\t\t<div class=\"elementor-widget-container\">\n\t\t\t\t\t\t\t<div class=\"elementor-toggle\">\n\t\t\t\t\t\t\t<div class=\"elementor-toggle-item\">\n\t\t\t\t\t<div id=\"elementor-tab-title-2481\" class=\"elementor-tab-title\" data-tab=\"1\" role=\"button\" aria-controls=\"elementor-tab-content-2481\" aria-expanded=\"false\">\n\t\t\t\t\t\t\t\t\t\t\t\t<span class=\"elementor-toggle-icon elementor-toggle-icon-left\" aria-hidden=\"true\">\n\t\t\t\t\t\t\t\t\t\t\t\t\t\t\t<span class=\"elementor-toggle-icon-closed\"><i class=\"fas fa-caret-right\"><\/i><\/span>\n\t\t\t\t\t\t\t\t<span class=\"elementor-toggle-icon-opened\"><i class=\"elementor-toggle-icon-opened fas fa-caret-up\"><\/i><\/span>\n\t\t\t\t\t\t\t\t\t\t\t\t\t<\/span>\n\t\t\t\t\t\t\t\t\t\t\t\t<a class=\"elementor-toggle-title\" tabindex=\"0\">Lektionsuppgifter<\/a>\n\t\t\t\t\t<\/div>\n\n\t\t\t\t\t<div id=\"elementor-tab-content-2481\" class=\"elementor-tab-content elementor-clearfix\" data-tab=\"1\" role=\"region\" aria-labelledby=\"elementor-tab-title-2481\"><p><b style=\"color: var( --e-global-color-text ); font-family: var( --e-global-typography-text-font-family ), Sans-serif;\">Grundorsakernas isberg<br \/><\/b><a style=\"font-family: var( --e-global-typography-text-font-family ), Sans-serif; font-weight: var( --e-global-typography-text-font-weight ); background-color: rgba(255, 255, 255, 0.92);\" href=\"https:\/\/www.taksvarkki.fi\/wp-content\/uploads\/2023\/08\/Grundorsakernas-isberg.docx?_gl=1*1jw8a8t*_up*MQ..*_ga*MTk4NTQxNDY2OS4xNjkyMjU0NzUz*_ga_FPGP6EWGB1*MTY5MjI1NDc1Mi4xLjAuMTY5MjI1NDc1Mi4wLjAuMA..\">Grundorsakernas isberg<\/a>\u00a0(docx-fil)<span style=\"font-family: var( --e-global-typography-text-font-family ), Sans-serif;\"><span style=\"color: rgba(0, 0, 0, 0);\"><span style=\"font-weight: var( --e-global-typography-text-font-weight );\">\u00a0<\/span>(<span style=\"font-weight: var( --e-global-typography-text-font-weight );\">docx-fil)<\/span><\/span><br \/><\/span><a style=\"font-family: var( --e-global-typography-text-font-family ), Sans-serif; font-weight: var( --e-global-typography-text-font-weight ); background-color: rgba(255, 255, 255, 0.92);\" href=\"https:\/\/www.taksvarkki.fi\/wp-content\/uploads\/2023\/08\/Grundorsakernas-isberg.pdf?_gl=1*1sa9pgc*_up*MQ..*_ga*MTM0NjE3MjUzMi4xNjkxNjcxNjI5*_ga_FPGP6EWGB1*MTY5MTY3MTYyOC4xLjAuMTY5MTY3MTYyOC4wLjAuMA..\">Grundorsakernas isberg<\/a>\u00a0(pdf-fil)<span style=\"font-family: var( --e-global-typography-text-font-family ), Sans-serif; font-weight: var( --e-global-typography-text-font-weight );\"><span style=\"color: rgba(0, 0, 0, 0);\"> (pdf-fil)<\/span><br \/><\/span><a style=\"font-family: var( --e-global-typography-text-font-family ), Sans-serif; font-weight: var( --e-global-typography-text-font-weight ); background-color: rgba(255, 255, 255, 0.92);\" href=\"https:\/\/www.taksvarkki.fi\/wp-content\/uploads\/2023\/08\/Bilaga_grundorsakernas-isberg.pdf\">Grundorsakernas isberg<\/a><span style=\"color: var( --e-global-color-text ); font-family: var( --e-global-typography-text-font-family ), Sans-serif; font-weight: var( --e-global-typography-text-font-weight );\"> (bilaga)<\/span><\/p><p><b>Mot framtiden<\/b><br \/><a href=\"https:\/\/www.taksvarkki.fi\/wp-content\/uploads\/2023\/08\/Mot-framtiden.docx\">Mot framtiden <\/a>(docx-fil)<br \/><a href=\"https:\/\/www.taksvarkki.fi\/wp-content\/uploads\/2023\/08\/Mot-framtiden.pdf\">Mot framtiden<\/a> (pdf-fil)<\/p><\/div>\n\t\t\t\t<\/div>\n\t\t\t\t\t\t\t<div class=\"elementor-toggle-item\">\n\t\t\t\t\t<div id=\"elementor-tab-title-2482\" class=\"elementor-tab-title\" data-tab=\"2\" role=\"button\" aria-controls=\"elementor-tab-content-2482\" aria-expanded=\"false\">\n\t\t\t\t\t\t\t\t\t\t\t\t<span class=\"elementor-toggle-icon elementor-toggle-icon-left\" aria-hidden=\"true\">\n\t\t\t\t\t\t\t\t\t\t\t\t\t\t\t<span class=\"elementor-toggle-icon-closed\"><i class=\"fas fa-caret-right\"><\/i><\/span>\n\t\t\t\t\t\t\t\t<span class=\"elementor-toggle-icon-opened\"><i class=\"elementor-toggle-icon-opened fas fa-caret-up\"><\/i><\/span>\n\t\t\t\t\t\t\t\t\t\t\t\t\t<\/span>\n\t\t\t\t\t\t\t\t\t\t\t\t<a class=\"elementor-toggle-title\" tabindex=\"0\">P\u00e5verkanskort<\/a>\n\t\t\t\t\t<\/div>\n\n\t\t\t\t\t<div id=\"elementor-tab-content-2482\" class=\"elementor-tab-content elementor-clearfix\" data-tab=\"2\" role=\"region\" aria-labelledby=\"elementor-tab-title-2482\"><p>H\u00e4r kan\u00a0<span style=\"color: var( --e-global-color-text ); font-family: var( --e-global-typography-text-font-family ), Sans-serif; font-weight: var( --e-global-typography-text-font-weight );\">du\u00a0<\/span><span style=\"font-family: var( --e-global-typography-text-font-family ), Sans-serif; font-weight: var( --e-global-typography-text-font-weight ); color: var( --e-global-color-text );\">ladda ner p\u00e5verkanskort:<\/span><\/p><p><a href=\"https:\/\/www.taksvarkki.fi\/kampanja2022\/wp-content\/uploads\/sites\/15\/2022\/09\/paverkanskort-pa-net.pdf\" target=\"_blank\" rel=\"noopener\">P\u00e5verkanskort<\/a> (pdf-fil)<\/p><\/div>\n\t\t\t\t<\/div>\n\t\t\t\t\t\t\t\t<\/div>\n\t\t\t\t\t\t<\/div>\n\t\t\t\t<\/div>\n\t\t\t\t\t<\/div>\n\t\t<\/div>\n\t\t\t\t\t<\/div>\n\t\t<\/section>\n\t\t\t\t<section class=\"elementor-section elementor-top-section elementor-element elementor-element-6aa9543 elementor-section-boxed elementor-section-height-default elementor-section-height-default\" data-id=\"6aa9543\" data-element_type=\"section\" data-e-type=\"section\">\n\t\t\t\t\t\t<div class=\"elementor-container elementor-column-gap-default\">\n\t\t\t\t\t<div class=\"elementor-column elementor-col-100 elementor-top-column elementor-element elementor-element-4b74ef0\" data-id=\"4b74ef0\" data-element_type=\"column\" data-e-type=\"column\">\n\t\t\t<div class=\"elementor-widget-wrap elementor-element-populated\">\n\t\t\t\t\t\t<div class=\"elementor-element elementor-element-9b36a17 elementor-widget elementor-widget-heading\" data-id=\"9b36a17\" data-element_type=\"widget\" data-e-type=\"widget\" data-widget_type=\"heading.default\">\n\t\t\t\t<div class=\"elementor-widget-container\">\n\t\t\t\t\t<h2 class=\"elementor-heading-title elementor-size-default\">\u00d6vrigt material f\u00f6r lektionerna:<\/h2>\t\t\t\t<\/div>\n\t\t\t\t<\/div>\n\t\t\t\t<div class=\"elementor-element elementor-element-001fafa elementor-widget elementor-widget-text-editor\" data-id=\"001fafa\" data-element_type=\"widget\" data-e-type=\"widget\" data-widget_type=\"text-editor.default\">\n\t\t\t\t<div class=\"elementor-widget-container\">\n\t\t\t\t\t\t\t\t\t<p>F\u00f6rutom uppgifterna l\u00f6nar det sig att bekanta sig med Dagsverkskampanjens unga p\u00e5verkare i Guatemala, Nepal, Zambia och Finland med hj\u00e4lp av det audiovisuella materialet. F\u00f6r lektionerna passar:<\/p><ul><li><strong>Ungas r\u00f6ster <\/strong>[<span style=\"text-decoration: underline;\"><a href=\"https:\/\/www.taksvarkki.fi\/kampanja2022\/sv\/videomeddelanden\/\" target=\"_blank\" rel=\"noopener noreferrer\">s<\/a><a href=\"https:\/\/www.taksvarkki.fi\/kampanja2023\/sv\/videomeddelanden\/?_gl=1*1hcitnx*_up*MQ..*_ga*MjAxNTAwNzM0MC4xNjkyMjU0ODI5*_ga_FPGP6EWGB1*MTY5MjI1NDgyOC4xLjEuMTY5MjI1NDgzMi4wLjAuMA..\">e videomeddelanden h\u00e4r<\/a><\/span>]. I de korta videosnuttarna ber\u00e4ttar unga med sig av sina tankar om s\u00e4tt att p\u00e5verka och hur man kan \u00e5stadkomma f\u00f6r\u00e4ndring.\u00a0<\/li><\/ul>\t\t\t\t\t\t\t\t<\/div>\n\t\t\t\t<\/div>\n\t\t\t\t\t<\/div>\n\t\t<\/div>\n\t\t\t\t\t<\/div>\n\t\t<\/section>\n\t\t\t\t<section class=\"elementor-section elementor-top-section elementor-element elementor-element-b2d817f elementor-section-boxed elementor-section-height-default elementor-section-height-default\" data-id=\"b2d817f\" data-element_type=\"section\" data-e-type=\"section\">\n\t\t\t\t\t\t<div class=\"elementor-container elementor-column-gap-default\">\n\t\t\t\t\t<div class=\"elementor-column elementor-col-100 elementor-top-column elementor-element elementor-element-41ca7b0\" data-id=\"41ca7b0\" data-element_type=\"column\" data-e-type=\"column\" data-settings=\"{&quot;background_background&quot;:&quot;classic&quot;}\">\n\t\t\t<div class=\"elementor-widget-wrap elementor-element-populated\">\n\t\t\t\t\t\t<div class=\"elementor-element elementor-element-2b4267f elementor-widget elementor-widget-image\" data-id=\"2b4267f\" data-element_type=\"widget\" data-e-type=\"widget\" data-widget_type=\"image.default\">\n\t\t\t\t<div class=\"elementor-widget-container\">\n\t\t\t\t\t\t\t\t\t\t\t\t<figure class=\"wp-caption\">\n\t\t\t\t\t\t\t\t\t\t<img fetchpriority=\"high\" decoding=\"async\" width=\"1024\" height=\"683\" src=\"https:\/\/www.taksvarkki.fi\/kampanja2023\/wp-content\/uploads\/sites\/16\/2023\/07\/Oppilaita-katsomassa-teatteriesitysta-Port-Lokossa-1024x683.jpeg\" class=\"attachment-large size-large wp-image-3967\" alt=\"Oppilaita katsomassa teatteriesityst\u00e4 Port Lokossa\" srcset=\"https:\/\/www.taksvarkki.fi\/kampanja2023\/wp-content\/uploads\/sites\/16\/2023\/07\/Oppilaita-katsomassa-teatteriesitysta-Port-Lokossa-1024x683.jpeg 1024w, https:\/\/www.taksvarkki.fi\/kampanja2023\/wp-content\/uploads\/sites\/16\/2023\/07\/Oppilaita-katsomassa-teatteriesitysta-Port-Lokossa-300x200.jpeg 300w, https:\/\/www.taksvarkki.fi\/kampanja2023\/wp-content\/uploads\/sites\/16\/2023\/07\/Oppilaita-katsomassa-teatteriesitysta-Port-Lokossa-768x512.jpeg 768w, https:\/\/www.taksvarkki.fi\/kampanja2023\/wp-content\/uploads\/sites\/16\/2023\/07\/Oppilaita-katsomassa-teatteriesitysta-Port-Lokossa.jpeg 1280w\" sizes=\"(max-width: 1024px) 100vw, 1024px\" \/>\t\t\t\t\t\t\t\t\t\t\t<figcaption class=\"widget-image-caption wp-caption-text\">Skolelever tittar p\u00e5 en pj\u00e4s om k\u00f6nsbaserat v\u00e5ld i Port Loko, Sierra Leone. Foto: Veera Lehto-Michaud<\/figcaption>\n\t\t\t\t\t\t\t\t\t\t<\/figure>\n\t\t\t\t\t\t\t\t\t<\/div>\n\t\t\t\t<\/div>\n\t\t\t\t\t<\/div>\n\t\t<\/div>\n\t\t\t\t\t<\/div>\n\t\t<\/section>\n\t\t\t\t<\/div>\n\t\t","protected":false},"excerpt":{"rendered":"<p>Global fostran i skolor: lektionsuppgifter och workshoppar Dagsverkes kampanj Du \u00e4r effektfull inneh\u00e5ller ocks\u00e5 m\u00e5ngsidiga uppgifter och workshoppar f\u00f6r lektioner. Dagsverkes frivilliga utbildare i global fostran kommer g\u00e4rna p\u00e5 bes\u00f6k och handleder en funktionell workshop om kampanjens tema! I Du \u00e4r effektfull! -workshoppen (90 min) st\u00e4rks ungas sociala engagemang och kritiska t\u00e4nkande med hj\u00e4lp av &#8230; <a title=\"Material f\u00f6r lektioner\" class=\"read-more\" href=\"https:\/\/www.taksvarkki.fi\/kampanja2023\/sv\/material-for-lektioner\/\" aria-label=\"Lue lis\u00e4\u00e4 aiheesta Material f\u00f6r lektioner\">Lue lis\u00e4\u00e4<\/a><\/p>\n","protected":false},"author":18,"featured_media":0,"parent":0,"menu_order":0,"comment_status":"closed","ping_status":"closed","template":"","meta":{"footnotes":""},"class_list":["post-897","page","type-page","status-publish"],"yoast_head":"<!-- This site is optimized with the Yoast SEO plugin v27.3 - https:\/\/yoast.com\/product\/yoast-seo-wordpress\/ -->\n<title>Material f\u00f6r lektioner - Global fostran i skolor - Skolbes\u00f6k p\u00e5 distans<\/title>\n<meta name=\"description\" content=\"Tillsammans f\u00f6r\u00e4ndrar vi v\u00e4rlden! Kom med till Du \u00e4r effektfull -kampanjen!\" \/>\n<meta name=\"robots\" content=\"index, follow, max-snippet:-1, max-image-preview:large, max-video-preview:-1\" \/>\n<link rel=\"canonical\" href=\"https:\/\/www.taksvarkki.fi\/kampanja2023\/sv\/material-for-lektioner\/\" \/>\n<meta property=\"og:locale\" content=\"fi_FI\" \/>\n<meta property=\"og:type\" content=\"article\" \/>\n<meta property=\"og:title\" content=\"Material f\u00f6r lektioner - Global fostran i skolor - Skolbes\u00f6k p\u00e5 distans\" \/>\n<meta property=\"og:description\" content=\"Tillsammans f\u00f6r\u00e4ndrar vi v\u00e4rlden! Kom med till Du \u00e4r effektfull -kampanjen!\" \/>\n<meta property=\"og:url\" content=\"https:\/\/www.taksvarkki.fi\/kampanja2023\/sv\/material-for-lektioner\/\" \/>\n<meta property=\"og:site_name\" content=\"Olet vaikuttava\" \/>\n<meta property=\"article:modified_time\" content=\"2024-08-08T07:11:38+00:00\" \/>\n<meta property=\"og:image\" content=\"https:\/\/www.taksvarkki.fi\/kampanja2023\/wp-content\/uploads\/sites\/16\/2023\/07\/Oppilaita-katsomassa-teatteriesitysta-Port-Lokossa-1024x683.jpeg\" \/>\n<meta name=\"twitter:card\" content=\"summary_large_image\" \/>\n<meta name=\"twitter:image\" content=\"https:\/\/www.taksvarkki.fi\/kampanja2023\/wp-content\/uploads\/sites\/16\/2021\/08\/Ronja_Suomi.jpg\" \/>\n<meta name=\"twitter:label1\" content=\"Arvioitu lukuaika\" \/>\n\t<meta name=\"twitter:data1\" content=\"3 minuuttia\" \/>\n<script type=\"application\/ld+json\" class=\"yoast-schema-graph\">{\"@context\":\"https:\\\/\\\/schema.org\",\"@graph\":[{\"@type\":\"WebPage\",\"@id\":\"https:\\\/\\\/www.taksvarkki.fi\\\/kampanja2023\\\/sv\\\/material-for-lektioner\\\/\",\"url\":\"https:\\\/\\\/www.taksvarkki.fi\\\/kampanja2023\\\/sv\\\/material-for-lektioner\\\/\",\"name\":\"Material f\u00f6r lektioner - Global fostran i skolor - Skolbes\u00f6k p\u00e5 distans\",\"isPartOf\":{\"@id\":\"https:\\\/\\\/www.taksvarkki.fi\\\/kampanja2023\\\/#website\"},\"primaryImageOfPage\":{\"@id\":\"https:\\\/\\\/www.taksvarkki.fi\\\/kampanja2023\\\/sv\\\/material-for-lektioner\\\/#primaryimage\"},\"image\":{\"@id\":\"https:\\\/\\\/www.taksvarkki.fi\\\/kampanja2023\\\/sv\\\/material-for-lektioner\\\/#primaryimage\"},\"thumbnailUrl\":\"https:\\\/\\\/www.taksvarkki.fi\\\/kampanja2023\\\/wp-content\\\/uploads\\\/sites\\\/16\\\/2023\\\/07\\\/Oppilaita-katsomassa-teatteriesitysta-Port-Lokossa-1024x683.jpeg\",\"datePublished\":\"2020-06-21T19:31:50+00:00\",\"dateModified\":\"2024-08-08T07:11:38+00:00\",\"description\":\"Tillsammans f\u00f6r\u00e4ndrar vi v\u00e4rlden! Kom med till Du \u00e4r effektfull -kampanjen!\",\"breadcrumb\":{\"@id\":\"https:\\\/\\\/www.taksvarkki.fi\\\/kampanja2023\\\/sv\\\/material-for-lektioner\\\/#breadcrumb\"},\"inLanguage\":\"fi\",\"potentialAction\":[{\"@type\":\"ReadAction\",\"target\":[\"https:\\\/\\\/www.taksvarkki.fi\\\/kampanja2023\\\/sv\\\/material-for-lektioner\\\/\"]}]},{\"@type\":\"ImageObject\",\"inLanguage\":\"fi\",\"@id\":\"https:\\\/\\\/www.taksvarkki.fi\\\/kampanja2023\\\/sv\\\/material-for-lektioner\\\/#primaryimage\",\"url\":\"https:\\\/\\\/www.taksvarkki.fi\\\/kampanja2023\\\/wp-content\\\/uploads\\\/sites\\\/16\\\/2023\\\/07\\\/Oppilaita-katsomassa-teatteriesitysta-Port-Lokossa-1024x683.jpeg\",\"contentUrl\":\"https:\\\/\\\/www.taksvarkki.fi\\\/kampanja2023\\\/wp-content\\\/uploads\\\/sites\\\/16\\\/2023\\\/07\\\/Oppilaita-katsomassa-teatteriesitysta-Port-Lokossa-1024x683.jpeg\"},{\"@type\":\"BreadcrumbList\",\"@id\":\"https:\\\/\\\/www.taksvarkki.fi\\\/kampanja2023\\\/sv\\\/material-for-lektioner\\\/#breadcrumb\",\"itemListElement\":[{\"@type\":\"ListItem\",\"position\":1,\"name\":\"Home\",\"item\":\"https:\\\/\\\/www.taksvarkki.fi\\\/kampanja2023\\\/\"},{\"@type\":\"ListItem\",\"position\":2,\"name\":\"Material f\u00f6r lektioner\"}]},{\"@type\":\"WebSite\",\"@id\":\"https:\\\/\\\/www.taksvarkki.fi\\\/kampanja2023\\\/#website\",\"url\":\"https:\\\/\\\/www.taksvarkki.fi\\\/kampanja2023\\\/\",\"name\":\"Olet vaikuttava\",\"description\":\"Taksv\u00e4rkki-kampanja 2023\u20132024\",\"potentialAction\":[{\"@type\":\"SearchAction\",\"target\":{\"@type\":\"EntryPoint\",\"urlTemplate\":\"https:\\\/\\\/www.taksvarkki.fi\\\/kampanja2023\\\/?s={search_term_string}\"},\"query-input\":{\"@type\":\"PropertyValueSpecification\",\"valueRequired\":true,\"valueName\":\"search_term_string\"}}],\"inLanguage\":\"fi\"}]}<\/script>\n<!-- \/ Yoast SEO plugin. -->","yoast_head_json":{"title":"Material f\u00f6r lektioner - Global fostran i skolor - Skolbes\u00f6k p\u00e5 distans","description":"Tillsammans f\u00f6r\u00e4ndrar vi v\u00e4rlden! Kom med till Du \u00e4r effektfull -kampanjen!","robots":{"index":"index","follow":"follow","max-snippet":"max-snippet:-1","max-image-preview":"max-image-preview:large","max-video-preview":"max-video-preview:-1"},"canonical":"https:\/\/www.taksvarkki.fi\/kampanja2023\/sv\/material-for-lektioner\/","og_locale":"fi_FI","og_type":"article","og_title":"Material f\u00f6r lektioner - Global fostran i skolor - Skolbes\u00f6k p\u00e5 distans","og_description":"Tillsammans f\u00f6r\u00e4ndrar vi v\u00e4rlden! Kom med till Du \u00e4r effektfull -kampanjen!","og_url":"https:\/\/www.taksvarkki.fi\/kampanja2023\/sv\/material-for-lektioner\/","og_site_name":"Olet vaikuttava","article_modified_time":"2024-08-08T07:11:38+00:00","og_image":[{"url":"https:\/\/www.taksvarkki.fi\/kampanja2023\/wp-content\/uploads\/sites\/16\/2023\/07\/Oppilaita-katsomassa-teatteriesitysta-Port-Lokossa-1024x683.jpeg","type":"","width":"","height":""}],"twitter_card":"summary_large_image","twitter_image":"https:\/\/www.taksvarkki.fi\/kampanja2023\/wp-content\/uploads\/sites\/16\/2021\/08\/Ronja_Suomi.jpg","twitter_misc":{"Arvioitu lukuaika":"3 minuuttia"},"schema":{"@context":"https:\/\/schema.org","@graph":[{"@type":"WebPage","@id":"https:\/\/www.taksvarkki.fi\/kampanja2023\/sv\/material-for-lektioner\/","url":"https:\/\/www.taksvarkki.fi\/kampanja2023\/sv\/material-for-lektioner\/","name":"Material f\u00f6r lektioner - Global fostran i skolor - Skolbes\u00f6k p\u00e5 distans","isPartOf":{"@id":"https:\/\/www.taksvarkki.fi\/kampanja2023\/#website"},"primaryImageOfPage":{"@id":"https:\/\/www.taksvarkki.fi\/kampanja2023\/sv\/material-for-lektioner\/#primaryimage"},"image":{"@id":"https:\/\/www.taksvarkki.fi\/kampanja2023\/sv\/material-for-lektioner\/#primaryimage"},"thumbnailUrl":"https:\/\/www.taksvarkki.fi\/kampanja2023\/wp-content\/uploads\/sites\/16\/2023\/07\/Oppilaita-katsomassa-teatteriesitysta-Port-Lokossa-1024x683.jpeg","datePublished":"2020-06-21T19:31:50+00:00","dateModified":"2024-08-08T07:11:38+00:00","description":"Tillsammans f\u00f6r\u00e4ndrar vi v\u00e4rlden! Kom med till Du \u00e4r effektfull -kampanjen!","breadcrumb":{"@id":"https:\/\/www.taksvarkki.fi\/kampanja2023\/sv\/material-for-lektioner\/#breadcrumb"},"inLanguage":"fi","potentialAction":[{"@type":"ReadAction","target":["https:\/\/www.taksvarkki.fi\/kampanja2023\/sv\/material-for-lektioner\/"]}]},{"@type":"ImageObject","inLanguage":"fi","@id":"https:\/\/www.taksvarkki.fi\/kampanja2023\/sv\/material-for-lektioner\/#primaryimage","url":"https:\/\/www.taksvarkki.fi\/kampanja2023\/wp-content\/uploads\/sites\/16\/2023\/07\/Oppilaita-katsomassa-teatteriesitysta-Port-Lokossa-1024x683.jpeg","contentUrl":"https:\/\/www.taksvarkki.fi\/kampanja2023\/wp-content\/uploads\/sites\/16\/2023\/07\/Oppilaita-katsomassa-teatteriesitysta-Port-Lokossa-1024x683.jpeg"},{"@type":"BreadcrumbList","@id":"https:\/\/www.taksvarkki.fi\/kampanja2023\/sv\/material-for-lektioner\/#breadcrumb","itemListElement":[{"@type":"ListItem","position":1,"name":"Home","item":"https:\/\/www.taksvarkki.fi\/kampanja2023\/"},{"@type":"ListItem","position":2,"name":"Material f\u00f6r lektioner"}]},{"@type":"WebSite","@id":"https:\/\/www.taksvarkki.fi\/kampanja2023\/#website","url":"https:\/\/www.taksvarkki.fi\/kampanja2023\/","name":"Olet vaikuttava","description":"Taksv\u00e4rkki-kampanja 2023\u20132024","potentialAction":[{"@type":"SearchAction","target":{"@type":"EntryPoint","urlTemplate":"https:\/\/www.taksvarkki.fi\/kampanja2023\/?s={search_term_string}"},"query-input":{"@type":"PropertyValueSpecification","valueRequired":true,"valueName":"search_term_string"}}],"inLanguage":"fi"}]}},"_links":{"self":[{"href":"https:\/\/www.taksvarkki.fi\/kampanja2023\/wp-json\/wp\/v2\/pages\/897","targetHints":{"allow":["GET"]}}],"collection":[{"href":"https:\/\/www.taksvarkki.fi\/kampanja2023\/wp-json\/wp\/v2\/pages"}],"about":[{"href":"https:\/\/www.taksvarkki.fi\/kampanja2023\/wp-json\/wp\/v2\/types\/page"}],"author":[{"embeddable":true,"href":"https:\/\/www.taksvarkki.fi\/kampanja2023\/wp-json\/wp\/v2\/users\/18"}],"replies":[{"embeddable":true,"href":"https:\/\/www.taksvarkki.fi\/kampanja2023\/wp-json\/wp\/v2\/comments?post=897"}],"version-history":[{"count":66,"href":"https:\/\/www.taksvarkki.fi\/kampanja2023\/wp-json\/wp\/v2\/pages\/897\/revisions"}],"predecessor-version":[{"id":4626,"href":"https:\/\/www.taksvarkki.fi\/kampanja2023\/wp-json\/wp\/v2\/pages\/897\/revisions\/4626"}],"wp:attachment":[{"href":"https:\/\/www.taksvarkki.fi\/kampanja2023\/wp-json\/wp\/v2\/media?parent=897"}],"curies":[{"name":"wp","href":"https:\/\/api.w.org\/{rel}","templated":true}]}}