{"id":859,"date":"2020-06-21T21:29:33","date_gmt":"2020-06-21T18:29:33","guid":{"rendered":"https:\/\/www.taksvarkki.fi\/nepal2020\/?page_id=859"},"modified":"2023-10-10T11:57:45","modified_gmt":"2023-10-10T10:57:45","slug":"videomeddelanden","status":"publish","type":"page","link":"https:\/\/www.taksvarkki.fi\/kampanja2023\/sv\/videomeddelanden\/","title":{"rendered":"Videor fr\u00e5n unga"},"content":{"rendered":"\t\t<div data-elementor-type=\"wp-page\" data-elementor-id=\"859\" class=\"elementor elementor-859\">\n\t\t\t\t\t\t<section class=\"elementor-section elementor-top-section elementor-element elementor-element-cfae9b5 elementor-section-boxed elementor-section-height-default elementor-section-height-default\" data-id=\"cfae9b5\" data-element_type=\"section\" data-e-type=\"section\">\n\t\t\t\t\t\t<div class=\"elementor-container elementor-column-gap-default\">\n\t\t\t\t\t<div class=\"elementor-column elementor-col-100 elementor-top-column elementor-element elementor-element-f081e20\" data-id=\"f081e20\" data-element_type=\"column\" data-e-type=\"column\">\n\t\t\t<div class=\"elementor-widget-wrap elementor-element-populated\">\n\t\t\t\t\t\t<div class=\"elementor-element elementor-element-6f01eaa elementor-widget elementor-widget-text-editor\" data-id=\"6f01eaa\" data-element_type=\"widget\" data-e-type=\"widget\" data-widget_type=\"text-editor.default\">\n\t\t\t\t<div class=\"elementor-widget-container\">\n\t\t\t\t\t\t\t\t\t<p>I sina videoh\u00e4lsningar ber\u00e4ttar ungdomarna&nbsp;<span style=\"color: var( --e-global-color-text ); font-family: var( --e-global-typography-text-font-family ), Sans-serif; font-weight: var( --e-global-typography-text-font-weight );\">fr\u00e5n Sierra Leone<\/span><span style=\"color: var( --e-global-color-text ); font-family: var( --e-global-typography-text-font-family ), Sans-serif; font-weight: var( --e-global-typography-text-font-weight );\">&nbsp;om sitt p\u00e5verkansarbete, utmaningar relaterade till det samt deras visioner f\u00f6r framtiden.&nbsp;<\/span><span style=\"color: var( --e-global-color-text ); font-family: var( --e-global-typography-text-font-family ), Sans-serif; font-weight: var( --e-global-typography-text-font-weight );\">Videon har svensk, finsk och engelsk textning.&nbsp;<\/span><\/p>\n<p><i><b>Anvisningar till textningen p\u00e5 Youtube<br><\/b><\/i><i>F\u00f6r att l\u00e4gga upp textningen, klicka p\u00e5 den vita rutan i nedre h\u00f6rnet till h\u00f6ger. Du kan v\u00e4lja mellan finska, svenska och engelska och anpassa storleken eller bakgrundsf\u00e4rgen under Textningen genom att klicka p\u00e5 kugghjule.<\/i><\/p>\t\t\t\t\t\t\t\t<\/div>\n\t\t\t\t<\/div>\n\t\t\t\t<div class=\"elementor-element elementor-element-ecc4fd9 elementor-widget elementor-widget-html\" data-id=\"ecc4fd9\" data-element_type=\"widget\" data-e-type=\"widget\" data-widget_type=\"html.default\">\n\t\t\t\t<div class=\"elementor-widget-container\">\n\t\t\t\t\t<iframe width= \"860\" height= \"484\"  data-cookieconsent=\"statistics, marketing\" data-src=\"https:\/\/www.youtube.com\/embed\/W3FNTvM3jgc\" title=\"YouTube video player\" frameborder=\"0\" allow=\"accelerometer; autoplay; clipboard-write; encrypted-media; gyroscope; picture-in-picture; web-share\" allowfullscreen><\/iframe><div class=\"cookieconsent-optout-statistics cookieconsent-optout-marketing\"><\/div>\t\t\t\t<\/div>\n\t\t\t\t<\/div>\n\t\t\t\t<div class=\"elementor-element elementor-element-589f30b elementor-widget elementor-widget-heading\" data-id=\"589f30b\" data-element_type=\"widget\" data-e-type=\"widget\" data-widget_type=\"heading.default\">\n\t\t\t\t<div class=\"elementor-widget-container\">\n\t\t\t\t\t<p class=\"elementor-heading-title elementor-size-default\"><span style=\"white-space: normal\"><b>1.&nbsp;<\/b><\/span><span>Fatu &amp; Mabinty (kampanjvideo, 4 minuter)<\/span><\/p>\t\t\t\t<\/div>\n\t\t\t\t<\/div>\n\t\t\t\t<div class=\"elementor-element elementor-element-b8fbe27 elementor-widget elementor-widget-heading\" data-id=\"b8fbe27\" data-element_type=\"widget\" data-e-type=\"widget\" data-widget_type=\"heading.default\">\n\t\t\t\t<div class=\"elementor-widget-container\">\n\t\t\t\t\t<p class=\"elementor-heading-title elementor-size-default\"><\/p>\t\t\t\t<\/div>\n\t\t\t\t<\/div>\n\t\t\t\t<div class=\"elementor-element elementor-element-85dc6eb elementor-widget elementor-widget-heading\" data-id=\"85dc6eb\" data-element_type=\"widget\" data-e-type=\"widget\" data-widget_type=\"heading.default\">\n\t\t\t\t<div class=\"elementor-widget-container\">\n\t\t\t\t\t<p class=\"elementor-heading-title elementor-size-default\"><span style=\"white-space: normal\"><b>2.&nbsp;<\/b><\/span><span>Fatu &amp; Mabinty (l\u00e5ng video, 8 minuter)<\/span><\/p>\t\t\t\t<\/div>\n\t\t\t\t<\/div>\n\t\t\t\t<div class=\"elementor-element elementor-element-74b2abe elementor-widget elementor-widget-html\" data-id=\"74b2abe\" data-element_type=\"widget\" data-e-type=\"widget\" data-widget_type=\"html.default\">\n\t\t\t\t<div class=\"elementor-widget-container\">\n\t\t\t\t\t<iframe width=\"860\" height=\"484\" data-cookieconsent=\"statistics, marketing\" data-src=\"https:\/\/www.youtube.com\/embed\/lDHuT6N8WLk\" title=\"YouTube video player\" frameborder=\"0\" allow=\"accelerometer; autoplay; clipboard-write; encrypted-media; gyroscope; picture-in-picture; web-share\" allowfullscreen><\/iframe><div class=\"cookieconsent-optout-statistics cookieconsent-optout-marketing\"><\/div>\t\t\t\t<\/div>\n\t\t\t\t<\/div>\n\t\t\t\t<div class=\"elementor-element elementor-element-8470901 elementor-widget elementor-widget-heading\" data-id=\"8470901\" data-element_type=\"widget\" data-e-type=\"widget\" data-widget_type=\"heading.default\">\n\t\t\t\t<div class=\"elementor-widget-container\">\n\t\t\t\t\t<p class=\"elementor-heading-title elementor-size-default\"><span style=\"white-space: normal\"><b>3. Adama<\/b><\/span><span>&nbsp;&amp; Mariama<\/span><\/p>\t\t\t\t<\/div>\n\t\t\t\t<\/div>\n\t\t\t\t<div class=\"elementor-element elementor-element-d2e8f86 elementor-widget elementor-widget-html\" data-id=\"d2e8f86\" data-element_type=\"widget\" data-e-type=\"widget\" data-widget_type=\"html.default\">\n\t\t\t\t<div class=\"elementor-widget-container\">\n\t\t\t\t\t<iframe width=\"860\" height=\"484\" data-cookieconsent=\"statistics, marketing\" data-src=\"https:\/\/www.youtube.com\/embed\/lA5vNv7Fvm0\" title=\"YouTube video player\" frameborder=\"0\" allow=\"accelerometer; autoplay; clipboard-write; encrypted-media; gyroscope; picture-in-picture; web-share\" allowfullscreen><\/iframe><div class=\"cookieconsent-optout-statistics cookieconsent-optout-marketing\"><\/div>\t\t\t\t<\/div>\n\t\t\t\t<\/div>\n\t\t\t\t<div class=\"elementor-element elementor-element-d4a8eca elementor-widget elementor-widget-heading\" data-id=\"d4a8eca\" data-element_type=\"widget\" data-e-type=\"widget\" data-widget_type=\"heading.default\">\n\t\t\t\t<div class=\"elementor-widget-container\">\n\t\t\t\t\t<p class=\"elementor-heading-title elementor-size-default\"><span style=\"white-space: normal\"><b>4. Delight<\/b><\/span><\/p>\t\t\t\t<\/div>\n\t\t\t\t<\/div>\n\t\t\t\t<div class=\"elementor-element elementor-element-12a7856 elementor-widget elementor-widget-html\" data-id=\"12a7856\" data-element_type=\"widget\" data-e-type=\"widget\" data-widget_type=\"html.default\">\n\t\t\t\t<div class=\"elementor-widget-container\">\n\t\t\t\t\t<iframe width=\"860\" height=\"484\" data-cookieconsent=\"statistics, marketing\" data-src=\"https:\/\/www.youtube.com\/embed\/d1i92OQnVB4\" title=\"YouTube video player\" frameborder=\"0\" allow=\"accelerometer; autoplay; clipboard-write; encrypted-media; gyroscope; picture-in-picture; web-share\" allowfullscreen><\/iframe><div class=\"cookieconsent-optout-statistics cookieconsent-optout-marketing\"><\/div>\t\t\t\t<\/div>\n\t\t\t\t<\/div>\n\t\t\t\t<div class=\"elementor-element elementor-element-b76e76f elementor-widget elementor-widget-heading\" data-id=\"b76e76f\" data-element_type=\"widget\" data-e-type=\"widget\" data-widget_type=\"heading.default\">\n\t\t\t\t<div class=\"elementor-widget-container\">\n\t\t\t\t\t<p class=\"elementor-heading-title elementor-size-default\"><span style=\"white-space: normal\"><b>5. Aminata, Lama &amp; Ramatu<\/b><\/span><\/p>\t\t\t\t<\/div>\n\t\t\t\t<\/div>\n\t\t\t\t<div class=\"elementor-element elementor-element-206e451 elementor-widget elementor-widget-html\" data-id=\"206e451\" data-element_type=\"widget\" data-e-type=\"widget\" data-widget_type=\"html.default\">\n\t\t\t\t<div class=\"elementor-widget-container\">\n\t\t\t\t\t<iframe width=\"860\" height=\"484\" data-cookieconsent=\"statistics, marketing\" data-src=\"https:\/\/www.youtube.com\/embed\/He-ZzMtla3Y?si=FI-SdAN2Aefdq-WW\" title=\"YouTube video player\" frameborder=\"0\" allow=\"accelerometer; autoplay; clipboard-write; encrypted-media; gyroscope; picture-in-picture; web-share\" allowfullscreen><\/iframe><div class=\"cookieconsent-optout-statistics cookieconsent-optout-marketing\"><\/div>\t\t\t\t<\/div>\n\t\t\t\t<\/div>\n\t\t\t\t<div class=\"elementor-element elementor-element-09071bd elementor-widget elementor-widget-heading\" data-id=\"09071bd\" data-element_type=\"widget\" data-e-type=\"widget\" data-widget_type=\"heading.default\">\n\t\t\t\t<div class=\"elementor-widget-container\">\n\t\t\t\t\t<p class=\"elementor-heading-title elementor-size-default\"><span style=\"white-space: normal\"><b>6. Kadiatu<\/b><\/span><\/p>\t\t\t\t<\/div>\n\t\t\t\t<\/div>\n\t\t\t\t<div class=\"elementor-element elementor-element-ceeb71d elementor-widget elementor-widget-html\" data-id=\"ceeb71d\" data-element_type=\"widget\" data-e-type=\"widget\" data-widget_type=\"html.default\">\n\t\t\t\t<div class=\"elementor-widget-container\">\n\t\t\t\t\t<iframe width=\"860\" height=\"484\" data-cookieconsent=\"statistics, marketing\" data-src=\"https:\/\/www.youtube.com\/embed\/Iy54RA6RJJw?si=nx7NyvEUvAL1crHt\" title=\"YouTube video player\" frameborder=\"0\" allow=\"accelerometer; autoplay; clipboard-write; encrypted-media; gyroscope; picture-in-picture; web-share\" allowfullscreen><\/iframe><div class=\"cookieconsent-optout-statistics cookieconsent-optout-marketing\"><\/div>\t\t\t\t<\/div>\n\t\t\t\t<\/div>\n\t\t\t\t<div class=\"elementor-element elementor-element-1615dc7 elementor-widget elementor-widget-heading\" data-id=\"1615dc7\" data-element_type=\"widget\" data-e-type=\"widget\" data-widget_type=\"heading.default\">\n\t\t\t\t<div class=\"elementor-widget-container\">\n\t\t\t\t\t<p class=\"elementor-heading-title elementor-size-default\"><span style=\"white-space: normal\"><b>7. Mamie<\/b><\/span><\/p>\t\t\t\t<\/div>\n\t\t\t\t<\/div>\n\t\t\t\t\t<\/div>\n\t\t<\/div>\n\t\t\t\t\t<\/div>\n\t\t<\/section>\n\t\t\t\t<section class=\"elementor-section elementor-top-section elementor-element elementor-element-f430283 elementor-section-boxed elementor-section-height-default elementor-section-height-default\" data-id=\"f430283\" data-element_type=\"section\" data-e-type=\"section\">\n\t\t\t\t\t\t<div class=\"elementor-container elementor-column-gap-default\">\n\t\t\t\t\t<div class=\"elementor-column elementor-col-100 elementor-top-column elementor-element elementor-element-7324623\" data-id=\"7324623\" data-element_type=\"column\" data-e-type=\"column\">\n\t\t\t<div class=\"elementor-widget-wrap\">\n\t\t\t\t\t\t\t<\/div>\n\t\t<\/div>\n\t\t\t\t\t<\/div>\n\t\t<\/section>\n\t\t\t\t<\/div>\n\t\t","protected":false},"excerpt":{"rendered":"<p>I sina videoh\u00e4lsningar ber\u00e4ttar ungdomarna&nbsp;fr\u00e5n Sierra Leone&nbsp;om sitt p\u00e5verkansarbete, utmaningar relaterade till det samt deras visioner f\u00f6r framtiden.&nbsp;Videon har svensk, finsk och engelsk textning.&nbsp; Anvisningar till textningen p\u00e5 YoutubeF\u00f6r att l\u00e4gga upp textningen, klicka p\u00e5 den vita rutan i nedre h\u00f6rnet till h\u00f6ger. Du kan v\u00e4lja mellan finska, svenska och engelska och anpassa storleken eller &#8230; <a title=\"Videor fr\u00e5n unga\" class=\"read-more\" href=\"https:\/\/www.taksvarkki.fi\/kampanja2023\/sv\/videomeddelanden\/\" aria-label=\"Lue lis\u00e4\u00e4 aiheesta Videor fr\u00e5n unga\">Lue lis\u00e4\u00e4<\/a><\/p>\n","protected":false},"author":18,"featured_media":0,"parent":0,"menu_order":0,"comment_status":"closed","ping_status":"closed","template":"","meta":{"footnotes":""},"class_list":["post-859","page","type-page","status-publish"],"yoast_head":"<!-- This site is optimized with the Yoast SEO plugin v27.3 - https:\/\/yoast.com\/product\/yoast-seo-wordpress\/ -->\n<title>Videomeddelanden fr\u00e5n unga - Du \u00e4r effektfull - Kom med i Dagsverke!<\/title>\n<meta name=\"description\" content=\"I sina videoh\u00e4lsningar ber\u00e4ttar ungdomarna fr\u00e5n Sierra Leone om sitt p\u00e5verkansarbete, utmaningar relaterade till det samt deras visioner f\u00f6r framtiden.\" \/>\n<meta name=\"robots\" content=\"index, follow, max-snippet:-1, max-image-preview:large, max-video-preview:-1\" \/>\n<link rel=\"canonical\" href=\"https:\/\/www.taksvarkki.fi\/kampanja2023\/sv\/videomeddelanden\/\" \/>\n<meta property=\"og:locale\" content=\"fi_FI\" \/>\n<meta property=\"og:type\" content=\"article\" \/>\n<meta property=\"og:title\" content=\"Videomeddelanden fr\u00e5n unga - Du \u00e4r effektfull - Kom med i Dagsverke!\" \/>\n<meta property=\"og:description\" content=\"I sina videoh\u00e4lsningar ber\u00e4ttar ungdomarna fr\u00e5n Sierra Leone om sitt p\u00e5verkansarbete, utmaningar relaterade till det samt deras visioner f\u00f6r framtiden.\" \/>\n<meta property=\"og:url\" content=\"https:\/\/www.taksvarkki.fi\/kampanja2023\/sv\/videomeddelanden\/\" \/>\n<meta property=\"og:site_name\" content=\"Olet vaikuttava\" \/>\n<meta property=\"article:modified_time\" content=\"2023-10-10T10:57:45+00:00\" \/>\n<meta name=\"twitter:card\" content=\"summary_large_image\" \/>\n<meta name=\"twitter:label1\" content=\"Arvioitu lukuaika\" \/>\n\t<meta name=\"twitter:data1\" content=\"1 minuutti\" \/>\n<script type=\"application\/ld+json\" class=\"yoast-schema-graph\">{\"@context\":\"https:\\\/\\\/schema.org\",\"@graph\":[{\"@type\":\"WebPage\",\"@id\":\"https:\\\/\\\/www.taksvarkki.fi\\\/kampanja2023\\\/sv\\\/videomeddelanden\\\/\",\"url\":\"https:\\\/\\\/www.taksvarkki.fi\\\/kampanja2023\\\/sv\\\/videomeddelanden\\\/\",\"name\":\"Videomeddelanden fr\u00e5n unga - Du \u00e4r effektfull - Kom med i Dagsverke!\",\"isPartOf\":{\"@id\":\"https:\\\/\\\/www.taksvarkki.fi\\\/kampanja2023\\\/#website\"},\"datePublished\":\"2020-06-21T18:29:33+00:00\",\"dateModified\":\"2023-10-10T10:57:45+00:00\",\"description\":\"I sina videoh\u00e4lsningar ber\u00e4ttar ungdomarna fr\u00e5n Sierra Leone om sitt p\u00e5verkansarbete, utmaningar relaterade till det samt deras visioner f\u00f6r framtiden.\",\"breadcrumb\":{\"@id\":\"https:\\\/\\\/www.taksvarkki.fi\\\/kampanja2023\\\/sv\\\/videomeddelanden\\\/#breadcrumb\"},\"inLanguage\":\"fi\",\"potentialAction\":[{\"@type\":\"ReadAction\",\"target\":[\"https:\\\/\\\/www.taksvarkki.fi\\\/kampanja2023\\\/sv\\\/videomeddelanden\\\/\"]}]},{\"@type\":\"BreadcrumbList\",\"@id\":\"https:\\\/\\\/www.taksvarkki.fi\\\/kampanja2023\\\/sv\\\/videomeddelanden\\\/#breadcrumb\",\"itemListElement\":[{\"@type\":\"ListItem\",\"position\":1,\"name\":\"Home\",\"item\":\"https:\\\/\\\/www.taksvarkki.fi\\\/kampanja2023\\\/\"},{\"@type\":\"ListItem\",\"position\":2,\"name\":\"Videor fr\u00e5n unga\"}]},{\"@type\":\"WebSite\",\"@id\":\"https:\\\/\\\/www.taksvarkki.fi\\\/kampanja2023\\\/#website\",\"url\":\"https:\\\/\\\/www.taksvarkki.fi\\\/kampanja2023\\\/\",\"name\":\"Olet vaikuttava\",\"description\":\"Taksv\u00e4rkki-kampanja 2023\u20132024\",\"potentialAction\":[{\"@type\":\"SearchAction\",\"target\":{\"@type\":\"EntryPoint\",\"urlTemplate\":\"https:\\\/\\\/www.taksvarkki.fi\\\/kampanja2023\\\/?s={search_term_string}\"},\"query-input\":{\"@type\":\"PropertyValueSpecification\",\"valueRequired\":true,\"valueName\":\"search_term_string\"}}],\"inLanguage\":\"fi\"}]}<\/script>\n<!-- \/ Yoast SEO plugin. -->","yoast_head_json":{"title":"Videomeddelanden fr\u00e5n unga - Du \u00e4r effektfull - Kom med i Dagsverke!","description":"I sina videoh\u00e4lsningar ber\u00e4ttar ungdomarna fr\u00e5n Sierra Leone om sitt p\u00e5verkansarbete, utmaningar relaterade till det samt deras visioner f\u00f6r framtiden.","robots":{"index":"index","follow":"follow","max-snippet":"max-snippet:-1","max-image-preview":"max-image-preview:large","max-video-preview":"max-video-preview:-1"},"canonical":"https:\/\/www.taksvarkki.fi\/kampanja2023\/sv\/videomeddelanden\/","og_locale":"fi_FI","og_type":"article","og_title":"Videomeddelanden fr\u00e5n unga - Du \u00e4r effektfull - Kom med i Dagsverke!","og_description":"I sina videoh\u00e4lsningar ber\u00e4ttar ungdomarna fr\u00e5n Sierra Leone om sitt p\u00e5verkansarbete, utmaningar relaterade till det samt deras visioner f\u00f6r framtiden.","og_url":"https:\/\/www.taksvarkki.fi\/kampanja2023\/sv\/videomeddelanden\/","og_site_name":"Olet vaikuttava","article_modified_time":"2023-10-10T10:57:45+00:00","twitter_card":"summary_large_image","twitter_misc":{"Arvioitu lukuaika":"1 minuutti"},"schema":{"@context":"https:\/\/schema.org","@graph":[{"@type":"WebPage","@id":"https:\/\/www.taksvarkki.fi\/kampanja2023\/sv\/videomeddelanden\/","url":"https:\/\/www.taksvarkki.fi\/kampanja2023\/sv\/videomeddelanden\/","name":"Videomeddelanden fr\u00e5n unga - Du \u00e4r effektfull - Kom med i Dagsverke!","isPartOf":{"@id":"https:\/\/www.taksvarkki.fi\/kampanja2023\/#website"},"datePublished":"2020-06-21T18:29:33+00:00","dateModified":"2023-10-10T10:57:45+00:00","description":"I sina videoh\u00e4lsningar ber\u00e4ttar ungdomarna fr\u00e5n Sierra Leone om sitt p\u00e5verkansarbete, utmaningar relaterade till det samt deras visioner f\u00f6r framtiden.","breadcrumb":{"@id":"https:\/\/www.taksvarkki.fi\/kampanja2023\/sv\/videomeddelanden\/#breadcrumb"},"inLanguage":"fi","potentialAction":[{"@type":"ReadAction","target":["https:\/\/www.taksvarkki.fi\/kampanja2023\/sv\/videomeddelanden\/"]}]},{"@type":"BreadcrumbList","@id":"https:\/\/www.taksvarkki.fi\/kampanja2023\/sv\/videomeddelanden\/#breadcrumb","itemListElement":[{"@type":"ListItem","position":1,"name":"Home","item":"https:\/\/www.taksvarkki.fi\/kampanja2023\/"},{"@type":"ListItem","position":2,"name":"Videor fr\u00e5n unga"}]},{"@type":"WebSite","@id":"https:\/\/www.taksvarkki.fi\/kampanja2023\/#website","url":"https:\/\/www.taksvarkki.fi\/kampanja2023\/","name":"Olet vaikuttava","description":"Taksv\u00e4rkki-kampanja 2023\u20132024","potentialAction":[{"@type":"SearchAction","target":{"@type":"EntryPoint","urlTemplate":"https:\/\/www.taksvarkki.fi\/kampanja2023\/?s={search_term_string}"},"query-input":{"@type":"PropertyValueSpecification","valueRequired":true,"valueName":"search_term_string"}}],"inLanguage":"fi"}]}},"_links":{"self":[{"href":"https:\/\/www.taksvarkki.fi\/kampanja2023\/wp-json\/wp\/v2\/pages\/859","targetHints":{"allow":["GET"]}}],"collection":[{"href":"https:\/\/www.taksvarkki.fi\/kampanja2023\/wp-json\/wp\/v2\/pages"}],"about":[{"href":"https:\/\/www.taksvarkki.fi\/kampanja2023\/wp-json\/wp\/v2\/types\/page"}],"author":[{"embeddable":true,"href":"https:\/\/www.taksvarkki.fi\/kampanja2023\/wp-json\/wp\/v2\/users\/18"}],"replies":[{"embeddable":true,"href":"https:\/\/www.taksvarkki.fi\/kampanja2023\/wp-json\/wp\/v2\/comments?post=859"}],"version-history":[{"count":42,"href":"https:\/\/www.taksvarkki.fi\/kampanja2023\/wp-json\/wp\/v2\/pages\/859\/revisions"}],"predecessor-version":[{"id":4632,"href":"https:\/\/www.taksvarkki.fi\/kampanja2023\/wp-json\/wp\/v2\/pages\/859\/revisions\/4632"}],"wp:attachment":[{"href":"https:\/\/www.taksvarkki.fi\/kampanja2023\/wp-json\/wp\/v2\/media?parent=859"}],"curies":[{"name":"wp","href":"https:\/\/api.w.org\/{rel}","templated":true}]}}