{"id":1810,"date":"2020-04-18T08:22:40","date_gmt":"2020-04-18T05:22:40","guid":{"rendered":"https:\/\/2020.teseppanen.com\/contact\/"},"modified":"2023-10-10T07:37:16","modified_gmt":"2023-10-10T06:37:16","slug":"videoviestit","status":"publish","type":"page","link":"https:\/\/www.taksvarkki.fi\/kampanja2023\/videoviestit\/","title":{"rendered":"Videoviestit nuorilta"},"content":{"rendered":"\t\t<div data-elementor-type=\"wp-page\" data-elementor-id=\"1810\" class=\"elementor elementor-1810\">\n\t\t\t\t\t\t<section class=\"elementor-section elementor-top-section elementor-element elementor-element-cfae9b5 elementor-section-boxed elementor-section-height-default elementor-section-height-default\" data-id=\"cfae9b5\" data-element_type=\"section\" data-e-type=\"section\">\n\t\t\t\t\t\t<div class=\"elementor-container elementor-column-gap-default\">\n\t\t\t\t\t<div class=\"elementor-column elementor-col-100 elementor-top-column elementor-element elementor-element-f081e20\" data-id=\"f081e20\" data-element_type=\"column\" data-e-type=\"column\">\n\t\t\t<div class=\"elementor-widget-wrap elementor-element-populated\">\n\t\t\t\t\t\t<div class=\"elementor-element elementor-element-de0f8fc elementor-widget elementor-widget-text-editor\" data-id=\"de0f8fc\" data-element_type=\"widget\" data-e-type=\"widget\" data-widget_type=\"text-editor.default\">\n\t\t\t\t<div class=\"elementor-widget-container\">\n\t\t\t\t\t\t\t\t\t<p><span lang=\"FI\">Videoviesteiss\u00e4 sierraleonelaiset nuoret kertovat ajatuksiaan vaikuttamisesta ja kuinka saada aikaan muutosta.\u00a0<\/span><\/p><p><span lang=\"FI\">Julkaistavissa videoissa on tekstitykset suomeksi, ruotsiksi ja englanniksi. Videot l\u00f6ytyv\u00e4t my\u00f6s Taksv\u00e4rkin YouTube-kanavalta. Mik\u00e4li alla olevat videot eiv\u00e4t n\u00e4y normaalisti, sinun t\u00e4ytyy hyv\u00e4ksy\u00e4 ensin ev\u00e4steet painamalla sivun alareunassa n\u00e4kyv\u00e4\u00e4 painiketta.\u00a0<\/span><\/p><p><i><b>Ohje tekstitysten k\u00e4ytt\u00f6\u00f6n Youtubessa<br \/><\/b>Tekstityksen saa p\u00e4\u00e4lle klikkaamalla valkoista ruutua videon oikeasta alareunasta. Voit vaihtaa tekstityksen kielt\u00e4 (suomi, ruotsi tai englanti) ja s\u00e4\u00e4t\u00e4\u00e4 kirjainten kokoa ja taustav\u00e4ri\u00e4 Tekstitykset-kohdasta rataskuvaketta klikkaamalla.<\/i><\/p>\t\t\t\t\t\t\t\t<\/div>\n\t\t\t\t<\/div>\n\t\t\t\t<div class=\"elementor-element elementor-element-754d699 elementor-widget elementor-widget-html\" data-id=\"754d699\" data-element_type=\"widget\" data-e-type=\"widget\" data-widget_type=\"html.default\">\n\t\t\t\t<div class=\"elementor-widget-container\">\n\t\t\t\t\t<iframe width= \"860\" height= \"484\"  data-cookieconsent=\"statistics, marketing\" data-src=\"https:\/\/www.youtube.com\/embed\/W3FNTvM3jgc\" title=\"YouTube video player\" frameborder=\"0\" allow=\"accelerometer; autoplay; clipboard-write; encrypted-media; gyroscope; picture-in-picture; web-share\" allowfullscreen><\/iframe><div class=\"cookieconsent-optout-statistics cookieconsent-optout-marketing\"><\/div>\t\t\t\t<\/div>\n\t\t\t\t<\/div>\n\t\t\t\t<div class=\"elementor-element elementor-element-e3a93d4 elementor-widget elementor-widget-heading\" data-id=\"e3a93d4\" data-element_type=\"widget\" data-e-type=\"widget\" data-widget_type=\"heading.default\">\n\t\t\t\t<div class=\"elementor-widget-container\">\n\t\t\t\t\t<p class=\"elementor-heading-title elementor-size-default\"><span style=\"white-space: normal\"><b>1. Fatu &amp; Mabinty (kampanjavideo, 4 min)<\/b><\/span><\/p>\t\t\t\t<\/div>\n\t\t\t\t<\/div>\n\t\t\t\t<div class=\"elementor-element elementor-element-54abda1 elementor-widget elementor-widget-html\" data-id=\"54abda1\" data-element_type=\"widget\" data-e-type=\"widget\" data-widget_type=\"html.default\">\n\t\t\t\t<div class=\"elementor-widget-container\">\n\t\t\t\t\t<iframe width=\"840\" height=\"484\" data-cookieconsent=\"statistics, marketing\" data-src=\"https:\/\/www.youtube.com\/embed\/AJ1xu8Vnk9g\" title=\"YouTube video player\" frameborder=\"0\" allow=\"accelerometer; autoplay; clipboard-write; encrypted-media; gyroscope; picture-in-picture; web-share\" allowfullscreen><\/iframe><div class=\"cookieconsent-optout-statistics cookieconsent-optout-marketing\"><\/div>\t\t\t\t<\/div>\n\t\t\t\t<\/div>\n\t\t\t\t<div class=\"elementor-element elementor-element-a7da7cb elementor-widget elementor-widget-heading\" data-id=\"a7da7cb\" data-element_type=\"widget\" data-e-type=\"widget\" data-widget_type=\"heading.default\">\n\t\t\t\t<div class=\"elementor-widget-container\">\n\t\t\t\t\t<p class=\"elementor-heading-title elementor-size-default\"><span style=\"white-space: normal\"><b>2. Fatu &amp; Mabinty (pitk\u00e4 video, 8 min)<\/b><\/span><\/p>\t\t\t\t<\/div>\n\t\t\t\t<\/div>\n\t\t\t\t<div class=\"elementor-element elementor-element-94064e9 elementor-widget elementor-widget-html\" data-id=\"94064e9\" data-element_type=\"widget\" data-e-type=\"widget\" data-widget_type=\"html.default\">\n\t\t\t\t<div class=\"elementor-widget-container\">\n\t\t\t\t\t<iframe width=\"860\" height=\"484\" data-cookieconsent=\"statistics, marketing\" data-src=\"https:\/\/www.youtube.com\/embed\/lDHuT6N8WLk\" title=\"YouTube video player\" frameborder=\"0\" allow=\"accelerometer; autoplay; clipboard-write; encrypted-media; gyroscope; picture-in-picture; web-share\" allowfullscreen><\/iframe><div class=\"cookieconsent-optout-statistics cookieconsent-optout-marketing\"><\/div>\t\t\t\t<\/div>\n\t\t\t\t<\/div>\n\t\t\t\t<div class=\"elementor-element elementor-element-cf39c95 elementor-widget elementor-widget-heading\" data-id=\"cf39c95\" data-element_type=\"widget\" data-e-type=\"widget\" data-widget_type=\"heading.default\">\n\t\t\t\t<div class=\"elementor-widget-container\">\n\t\t\t\t\t<p class=\"elementor-heading-title elementor-size-default\"><span style=\"white-space: normal\"><b>3. Adama &amp; Mariama<\/b><\/span><\/p>\t\t\t\t<\/div>\n\t\t\t\t<\/div>\n\t\t\t\t<div class=\"elementor-element elementor-element-a20e4ca elementor-widget elementor-widget-html\" data-id=\"a20e4ca\" data-element_type=\"widget\" data-e-type=\"widget\" data-widget_type=\"html.default\">\n\t\t\t\t<div class=\"elementor-widget-container\">\n\t\t\t\t\t<iframe width=\"860\" height=\"484\" data-cookieconsent=\"statistics, marketing\" data-src=\"https:\/\/www.youtube.com\/embed\/lA5vNv7Fvm0\" title=\"YouTube video player\" frameborder=\"0\" allow=\"accelerometer; autoplay; clipboard-write; encrypted-media; gyroscope; picture-in-picture; web-share\" allowfullscreen><\/iframe><div class=\"cookieconsent-optout-statistics cookieconsent-optout-marketing\"><\/div>\t\t\t\t<\/div>\n\t\t\t\t<\/div>\n\t\t\t\t<div class=\"elementor-element elementor-element-e1b57f0 elementor-widget elementor-widget-heading\" data-id=\"e1b57f0\" data-element_type=\"widget\" data-e-type=\"widget\" data-widget_type=\"heading.default\">\n\t\t\t\t<div class=\"elementor-widget-container\">\n\t\t\t\t\t<p class=\"elementor-heading-title elementor-size-default\"><span style=\"white-space: normal\"><b>4. Delight<\/b><\/span><\/p>\t\t\t\t<\/div>\n\t\t\t\t<\/div>\n\t\t\t\t<div class=\"elementor-element elementor-element-df08eba elementor-widget elementor-widget-html\" data-id=\"df08eba\" data-element_type=\"widget\" data-e-type=\"widget\" data-widget_type=\"html.default\">\n\t\t\t\t<div class=\"elementor-widget-container\">\n\t\t\t\t\t<iframe width=\"860\" height=\"484\" data-cookieconsent=\"statistics, marketing\" data-src=\"https:\/\/www.youtube.com\/embed\/d1i92OQnVB4\" title=\"YouTube video player\" frameborder=\"0\" allow=\"accelerometer; autoplay; clipboard-write; encrypted-media; gyroscope; picture-in-picture; web-share\" allowfullscreen><\/iframe><div class=\"cookieconsent-optout-statistics cookieconsent-optout-marketing\"><\/div>\t\t\t\t<\/div>\n\t\t\t\t<\/div>\n\t\t\t\t<div class=\"elementor-element elementor-element-da4ee6c elementor-widget elementor-widget-heading\" data-id=\"da4ee6c\" data-element_type=\"widget\" data-e-type=\"widget\" data-widget_type=\"heading.default\">\n\t\t\t\t<div class=\"elementor-widget-container\">\n\t\t\t\t\t<p class=\"elementor-heading-title elementor-size-default\"><span style=\"white-space: normal\"><b>5. Aminata, Lama &amp; Ramatu<\/b><\/span><\/p>\t\t\t\t<\/div>\n\t\t\t\t<\/div>\n\t\t\t\t<div class=\"elementor-element elementor-element-ef215a1 elementor-widget elementor-widget-html\" data-id=\"ef215a1\" data-element_type=\"widget\" data-e-type=\"widget\" data-widget_type=\"html.default\">\n\t\t\t\t<div class=\"elementor-widget-container\">\n\t\t\t\t\t<iframe width=\"860\" height=\"484\" data-cookieconsent=\"statistics, marketing\" data-src=\"https:\/\/www.youtube.com\/embed\/He-ZzMtla3Y?si=FI-SdAN2Aefdq-WW\" title=\"YouTube video player\" frameborder=\"0\" allow=\"accelerometer; autoplay; clipboard-write; encrypted-media; gyroscope; picture-in-picture; web-share\" allowfullscreen><\/iframe><div class=\"cookieconsent-optout-statistics cookieconsent-optout-marketing\"><\/div>\t\t\t\t<\/div>\n\t\t\t\t<\/div>\n\t\t\t\t<div class=\"elementor-element elementor-element-674cbbb elementor-widget elementor-widget-heading\" data-id=\"674cbbb\" data-element_type=\"widget\" data-e-type=\"widget\" data-widget_type=\"heading.default\">\n\t\t\t\t<div class=\"elementor-widget-container\">\n\t\t\t\t\t<p class=\"elementor-heading-title elementor-size-default\"><span style=\"white-space: normal\"><b>6. Kadiatu<\/b><\/span><\/p>\t\t\t\t<\/div>\n\t\t\t\t<\/div>\n\t\t\t\t<div class=\"elementor-element elementor-element-07acc7d elementor-widget elementor-widget-html\" data-id=\"07acc7d\" data-element_type=\"widget\" data-e-type=\"widget\" data-widget_type=\"html.default\">\n\t\t\t\t<div class=\"elementor-widget-container\">\n\t\t\t\t\t<iframe width=\"860\" height=\"484\" data-cookieconsent=\"statistics, marketing\" data-src=\"https:\/\/www.youtube.com\/embed\/Iy54RA6RJJw?si=nx7NyvEUvAL1crHt\" title=\"YouTube video player\" frameborder=\"0\" allow=\"accelerometer; autoplay; clipboard-write; encrypted-media; gyroscope; picture-in-picture; web-share\" allowfullscreen><\/iframe><div class=\"cookieconsent-optout-statistics cookieconsent-optout-marketing\"><\/div>\t\t\t\t<\/div>\n\t\t\t\t<\/div>\n\t\t\t\t<div class=\"elementor-element elementor-element-50b5f90 elementor-widget elementor-widget-heading\" data-id=\"50b5f90\" data-element_type=\"widget\" data-e-type=\"widget\" data-widget_type=\"heading.default\">\n\t\t\t\t<div class=\"elementor-widget-container\">\n\t\t\t\t\t<p class=\"elementor-heading-title elementor-size-default\"><span style=\"white-space: normal\"><b>7. Mamie<\/b><\/span><\/p>\t\t\t\t<\/div>\n\t\t\t\t<\/div>\n\t\t\t\t\t<\/div>\n\t\t<\/div>\n\t\t\t\t\t<\/div>\n\t\t<\/section>\n\t\t\t\t<section class=\"elementor-section elementor-top-section elementor-element elementor-element-ec93734 elementor-section-boxed elementor-section-height-default elementor-section-height-default\" data-id=\"ec93734\" data-element_type=\"section\" data-e-type=\"section\">\n\t\t\t\t\t\t<div class=\"elementor-container elementor-column-gap-default\">\n\t\t\t\t\t<div class=\"elementor-column elementor-col-100 elementor-top-column elementor-element elementor-element-143de58\" data-id=\"143de58\" data-element_type=\"column\" data-e-type=\"column\">\n\t\t\t<div class=\"elementor-widget-wrap\">\n\t\t\t\t\t\t\t<\/div>\n\t\t<\/div>\n\t\t\t\t\t<\/div>\n\t\t<\/section>\n\t\t\t\t<\/div>\n\t\t","protected":false},"excerpt":{"rendered":"<p>Videoviesteiss\u00e4 sierraleonelaiset nuoret kertovat ajatuksiaan vaikuttamisesta ja kuinka saada aikaan muutosta.\u00a0 Julkaistavissa videoissa on tekstitykset suomeksi, ruotsiksi ja englanniksi. Videot l\u00f6ytyv\u00e4t my\u00f6s Taksv\u00e4rkin YouTube-kanavalta. Mik\u00e4li alla olevat videot eiv\u00e4t n\u00e4y normaalisti, sinun t\u00e4ytyy hyv\u00e4ksy\u00e4 ensin ev\u00e4steet painamalla sivun alareunassa n\u00e4kyv\u00e4\u00e4 painiketta.\u00a0 Ohje tekstitysten k\u00e4ytt\u00f6\u00f6n YoutubessaTekstityksen saa p\u00e4\u00e4lle klikkaamalla valkoista ruutua videon oikeasta alareunasta. Voit vaihtaa &#8230; <a title=\"Videoviestit nuorilta\" class=\"read-more\" href=\"https:\/\/www.taksvarkki.fi\/kampanja2023\/videoviestit\/\" aria-label=\"Lue lis\u00e4\u00e4 aiheesta Videoviestit nuorilta\">Lue lis\u00e4\u00e4<\/a><\/p>\n","protected":false},"author":18,"featured_media":0,"parent":0,"menu_order":0,"comment_status":"closed","ping_status":"closed","template":"","meta":{"footnotes":""},"class_list":["post-1810","page","type-page","status-publish"],"yoast_head":"<!-- This site is optimized with the Yoast SEO plugin v27.3 - https:\/\/yoast.com\/product\/yoast-seo-wordpress\/ -->\n<title>Videoviestit nuorilta - Olet vaikuttava - Taksv\u00e4rkki 2023\u20132024<\/title>\n<meta name=\"description\" content=\"Taksv\u00e4rkki-kampanja \u201dOlet vaikuttava\u201d k\u00e4sittelee nuorten vaikuttamista ja ajatuksia tulevaisuudesta. Lukuvuoden 2023\u20132024 kampanjassa tutustutaan sierraleonelaisiin nuoriin muutoksentekij\u00f6ihin, jotka edist\u00e4v\u00e4t tasa-arvoa ja vammaisten osallisuutta, puuttuvat haitallisiin k\u00e4yt\u00e4nt\u00f6ihin sek\u00e4 ehk\u00e4isev\u00e4t sukupuolistunutta v\u00e4kivaltaa.\" \/>\n<meta name=\"robots\" content=\"index, follow, max-snippet:-1, max-image-preview:large, max-video-preview:-1\" \/>\n<link rel=\"canonical\" href=\"https:\/\/www.taksvarkki.fi\/kampanja2023\/videoviestit\/\" \/>\n<meta property=\"og:locale\" content=\"fi_FI\" \/>\n<meta property=\"og:type\" content=\"article\" \/>\n<meta property=\"og:title\" content=\"Videoviestit nuorilta - Olet vaikuttava - Taksv\u00e4rkki 2023\u20132024\" \/>\n<meta property=\"og:description\" content=\"Taksv\u00e4rkki-kampanja \u201dOlet vaikuttava\u201d k\u00e4sittelee nuorten vaikuttamista ja ajatuksia tulevaisuudesta. Lukuvuoden 2023\u20132024 kampanjassa tutustutaan sierraleonelaisiin nuoriin muutoksentekij\u00f6ihin, jotka edist\u00e4v\u00e4t tasa-arvoa ja vammaisten osallisuutta, puuttuvat haitallisiin k\u00e4yt\u00e4nt\u00f6ihin sek\u00e4 ehk\u00e4isev\u00e4t sukupuolistunutta v\u00e4kivaltaa.\" \/>\n<meta property=\"og:url\" content=\"https:\/\/www.taksvarkki.fi\/kampanja2023\/videoviestit\/\" \/>\n<meta property=\"og:site_name\" content=\"Olet vaikuttava\" \/>\n<meta property=\"article:modified_time\" content=\"2023-10-10T06:37:16+00:00\" \/>\n<meta name=\"twitter:card\" content=\"summary_large_image\" \/>\n<meta name=\"twitter:label1\" content=\"Arvioitu lukuaika\" \/>\n\t<meta name=\"twitter:data1\" content=\"1 minuutti\" \/>\n<script type=\"application\/ld+json\" class=\"yoast-schema-graph\">{\"@context\":\"https:\\\/\\\/schema.org\",\"@graph\":[{\"@type\":\"WebPage\",\"@id\":\"https:\\\/\\\/www.taksvarkki.fi\\\/kampanja2023\\\/videoviestit\\\/\",\"url\":\"https:\\\/\\\/www.taksvarkki.fi\\\/kampanja2023\\\/videoviestit\\\/\",\"name\":\"Videoviestit nuorilta - Olet vaikuttava - Taksv\u00e4rkki 2023\u20132024\",\"isPartOf\":{\"@id\":\"https:\\\/\\\/www.taksvarkki.fi\\\/kampanja2023\\\/#website\"},\"datePublished\":\"2020-04-18T05:22:40+00:00\",\"dateModified\":\"2023-10-10T06:37:16+00:00\",\"description\":\"Taksv\u00e4rkki-kampanja \u201dOlet vaikuttava\u201d k\u00e4sittelee nuorten vaikuttamista ja ajatuksia tulevaisuudesta. Lukuvuoden 2023\u20132024 kampanjassa tutustutaan sierraleonelaisiin nuoriin muutoksentekij\u00f6ihin, jotka edist\u00e4v\u00e4t tasa-arvoa ja vammaisten osallisuutta, puuttuvat haitallisiin k\u00e4yt\u00e4nt\u00f6ihin sek\u00e4 ehk\u00e4isev\u00e4t sukupuolistunutta v\u00e4kivaltaa.\",\"breadcrumb\":{\"@id\":\"https:\\\/\\\/www.taksvarkki.fi\\\/kampanja2023\\\/videoviestit\\\/#breadcrumb\"},\"inLanguage\":\"fi\",\"potentialAction\":[{\"@type\":\"ReadAction\",\"target\":[\"https:\\\/\\\/www.taksvarkki.fi\\\/kampanja2023\\\/videoviestit\\\/\"]}]},{\"@type\":\"BreadcrumbList\",\"@id\":\"https:\\\/\\\/www.taksvarkki.fi\\\/kampanja2023\\\/videoviestit\\\/#breadcrumb\",\"itemListElement\":[{\"@type\":\"ListItem\",\"position\":1,\"name\":\"Home\",\"item\":\"https:\\\/\\\/www.taksvarkki.fi\\\/kampanja2023\\\/\"},{\"@type\":\"ListItem\",\"position\":2,\"name\":\"Videoviestit nuorilta\"}]},{\"@type\":\"WebSite\",\"@id\":\"https:\\\/\\\/www.taksvarkki.fi\\\/kampanja2023\\\/#website\",\"url\":\"https:\\\/\\\/www.taksvarkki.fi\\\/kampanja2023\\\/\",\"name\":\"Olet vaikuttava\",\"description\":\"Taksv\u00e4rkki-kampanja 2023\u20132024\",\"potentialAction\":[{\"@type\":\"SearchAction\",\"target\":{\"@type\":\"EntryPoint\",\"urlTemplate\":\"https:\\\/\\\/www.taksvarkki.fi\\\/kampanja2023\\\/?s={search_term_string}\"},\"query-input\":{\"@type\":\"PropertyValueSpecification\",\"valueRequired\":true,\"valueName\":\"search_term_string\"}}],\"inLanguage\":\"fi\"}]}<\/script>\n<!-- \/ Yoast SEO plugin. -->","yoast_head_json":{"title":"Videoviestit nuorilta - Olet vaikuttava - Taksv\u00e4rkki 2023\u20132024","description":"Taksv\u00e4rkki-kampanja \u201dOlet vaikuttava\u201d k\u00e4sittelee nuorten vaikuttamista ja ajatuksia tulevaisuudesta. Lukuvuoden 2023\u20132024 kampanjassa tutustutaan sierraleonelaisiin nuoriin muutoksentekij\u00f6ihin, jotka edist\u00e4v\u00e4t tasa-arvoa ja vammaisten osallisuutta, puuttuvat haitallisiin k\u00e4yt\u00e4nt\u00f6ihin sek\u00e4 ehk\u00e4isev\u00e4t sukupuolistunutta v\u00e4kivaltaa.","robots":{"index":"index","follow":"follow","max-snippet":"max-snippet:-1","max-image-preview":"max-image-preview:large","max-video-preview":"max-video-preview:-1"},"canonical":"https:\/\/www.taksvarkki.fi\/kampanja2023\/videoviestit\/","og_locale":"fi_FI","og_type":"article","og_title":"Videoviestit nuorilta - Olet vaikuttava - Taksv\u00e4rkki 2023\u20132024","og_description":"Taksv\u00e4rkki-kampanja \u201dOlet vaikuttava\u201d k\u00e4sittelee nuorten vaikuttamista ja ajatuksia tulevaisuudesta. Lukuvuoden 2023\u20132024 kampanjassa tutustutaan sierraleonelaisiin nuoriin muutoksentekij\u00f6ihin, jotka edist\u00e4v\u00e4t tasa-arvoa ja vammaisten osallisuutta, puuttuvat haitallisiin k\u00e4yt\u00e4nt\u00f6ihin sek\u00e4 ehk\u00e4isev\u00e4t sukupuolistunutta v\u00e4kivaltaa.","og_url":"https:\/\/www.taksvarkki.fi\/kampanja2023\/videoviestit\/","og_site_name":"Olet vaikuttava","article_modified_time":"2023-10-10T06:37:16+00:00","twitter_card":"summary_large_image","twitter_misc":{"Arvioitu lukuaika":"1 minuutti"},"schema":{"@context":"https:\/\/schema.org","@graph":[{"@type":"WebPage","@id":"https:\/\/www.taksvarkki.fi\/kampanja2023\/videoviestit\/","url":"https:\/\/www.taksvarkki.fi\/kampanja2023\/videoviestit\/","name":"Videoviestit nuorilta - Olet vaikuttava - Taksv\u00e4rkki 2023\u20132024","isPartOf":{"@id":"https:\/\/www.taksvarkki.fi\/kampanja2023\/#website"},"datePublished":"2020-04-18T05:22:40+00:00","dateModified":"2023-10-10T06:37:16+00:00","description":"Taksv\u00e4rkki-kampanja \u201dOlet vaikuttava\u201d k\u00e4sittelee nuorten vaikuttamista ja ajatuksia tulevaisuudesta. Lukuvuoden 2023\u20132024 kampanjassa tutustutaan sierraleonelaisiin nuoriin muutoksentekij\u00f6ihin, jotka edist\u00e4v\u00e4t tasa-arvoa ja vammaisten osallisuutta, puuttuvat haitallisiin k\u00e4yt\u00e4nt\u00f6ihin sek\u00e4 ehk\u00e4isev\u00e4t sukupuolistunutta v\u00e4kivaltaa.","breadcrumb":{"@id":"https:\/\/www.taksvarkki.fi\/kampanja2023\/videoviestit\/#breadcrumb"},"inLanguage":"fi","potentialAction":[{"@type":"ReadAction","target":["https:\/\/www.taksvarkki.fi\/kampanja2023\/videoviestit\/"]}]},{"@type":"BreadcrumbList","@id":"https:\/\/www.taksvarkki.fi\/kampanja2023\/videoviestit\/#breadcrumb","itemListElement":[{"@type":"ListItem","position":1,"name":"Home","item":"https:\/\/www.taksvarkki.fi\/kampanja2023\/"},{"@type":"ListItem","position":2,"name":"Videoviestit nuorilta"}]},{"@type":"WebSite","@id":"https:\/\/www.taksvarkki.fi\/kampanja2023\/#website","url":"https:\/\/www.taksvarkki.fi\/kampanja2023\/","name":"Olet vaikuttava","description":"Taksv\u00e4rkki-kampanja 2023\u20132024","potentialAction":[{"@type":"SearchAction","target":{"@type":"EntryPoint","urlTemplate":"https:\/\/www.taksvarkki.fi\/kampanja2023\/?s={search_term_string}"},"query-input":{"@type":"PropertyValueSpecification","valueRequired":true,"valueName":"search_term_string"}}],"inLanguage":"fi"}]}},"_links":{"self":[{"href":"https:\/\/www.taksvarkki.fi\/kampanja2023\/wp-json\/wp\/v2\/pages\/1810","targetHints":{"allow":["GET"]}}],"collection":[{"href":"https:\/\/www.taksvarkki.fi\/kampanja2023\/wp-json\/wp\/v2\/pages"}],"about":[{"href":"https:\/\/www.taksvarkki.fi\/kampanja2023\/wp-json\/wp\/v2\/types\/page"}],"author":[{"embeddable":true,"href":"https:\/\/www.taksvarkki.fi\/kampanja2023\/wp-json\/wp\/v2\/users\/18"}],"replies":[{"embeddable":true,"href":"https:\/\/www.taksvarkki.fi\/kampanja2023\/wp-json\/wp\/v2\/comments?post=1810"}],"version-history":[{"count":129,"href":"https:\/\/www.taksvarkki.fi\/kampanja2023\/wp-json\/wp\/v2\/pages\/1810\/revisions"}],"predecessor-version":[{"id":4619,"href":"https:\/\/www.taksvarkki.fi\/kampanja2023\/wp-json\/wp\/v2\/pages\/1810\/revisions\/4619"}],"wp:attachment":[{"href":"https:\/\/www.taksvarkki.fi\/kampanja2023\/wp-json\/wp\/v2\/media?parent=1810"}],"curies":[{"name":"wp","href":"https:\/\/api.w.org\/{rel}","templated":true}]}}