{"id":897,"date":"2020-06-21T22:31:50","date_gmt":"2020-06-21T19:31:50","guid":{"rendered":"https:\/\/www.taksvarkki.fi\/nepal2020\/?page_id=897"},"modified":"2022-09-21T12:00:35","modified_gmt":"2022-09-21T11:00:35","slug":"material-for-lektioner","status":"publish","type":"page","link":"https:\/\/www.taksvarkki.fi\/kampanja2022\/sv\/material-for-lektioner\/","title":{"rendered":"Material f\u00f6r lektioner"},"content":{"rendered":"\t\t<div data-elementor-type=\"wp-page\" data-elementor-id=\"897\" class=\"elementor elementor-897\">\n\t\t\t\t\t\t<section class=\"elementor-section elementor-top-section elementor-element elementor-element-0a555e0 elementor-section-boxed elementor-section-height-default elementor-section-height-default\" data-id=\"0a555e0\" data-element_type=\"section\" data-e-type=\"section\">\n\t\t\t\t\t\t<div class=\"elementor-container elementor-column-gap-default\">\n\t\t\t\t\t<div class=\"elementor-column elementor-col-100 elementor-top-column elementor-element elementor-element-6354823\" data-id=\"6354823\" data-element_type=\"column\" data-e-type=\"column\">\n\t\t\t<div class=\"elementor-widget-wrap elementor-element-populated\">\n\t\t\t\t\t\t<div class=\"elementor-element elementor-element-15cc36f elementor-widget elementor-widget-heading\" data-id=\"15cc36f\" data-element_type=\"widget\" data-e-type=\"widget\" data-widget_type=\"heading.default\">\n\t\t\t\t<div class=\"elementor-widget-container\">\n\t\t\t\t\t<h2 class=\"elementor-heading-title elementor-size-default\">Global fostran i skolor: lektionsuppgifter och workshop<\/h2>\t\t\t\t<\/div>\n\t\t\t\t<\/div>\n\t\t\t\t<div class=\"elementor-element elementor-element-62d2f02 elementor-widget elementor-widget-text-editor\" data-id=\"62d2f02\" data-element_type=\"widget\" data-e-type=\"widget\" data-widget_type=\"text-editor.default\">\n\t\t\t\t<div class=\"elementor-widget-container\">\n\t\t\t\t\t\t\t\t\t<p>Dagsverkes kampanj Vem bryr sig? inneh\u00e5ller ocks\u00e5 m\u00e5ngsidiga uppgifter och workshops f\u00f6r lektioner.<\/p><p>Dagsverke rf:s skolbes\u00f6k kan inneb\u00e4ra:<\/p><p>&#8211; En workshop som anknyter till Vem bryr sig? -kampanjen eller info om Dagsverksinsamlingen:<\/p><p><span style=\"color: var( --e-global-color-text ); font-family: var( --e-global-typography-text-font-family ), Sans-serif;\"><b>I P\u00e5verkare I -workshoppen<\/b><\/span><span style=\"color: var( --e-global-color-text ); font-family: var( --e-global-typography-text-font-family ), Sans-serif; font-weight: var( --e-global-typography-text-font-weight );\"> l\u00e4r eleverna k\u00e4nna ungas s\u00e4tt att p\u00e5verka och funderar \u00f6ver vilka p\u00e5verkanss\u00e4tt passar dem. I workshoppen reflekterar eleverna \u00f6ver utmaningar kopplade till p\u00e5verkansarbete och hur man kan \u00f6vervinna dem. Eleverna \u00f6var p\u00e5 framtidst\u00e4nkande och f\u00e5r verktyg f\u00f6r att identifiera och hantera utmanande k\u00e4nslor som kan uppst\u00e5 i p\u00e5verkansarbete. I workshoppen \u00e4r de unga uppdelade i 2-4-personers sm\u00e5grupper, med undantag workshoppens b\u00f6rjan och slut. Varje grupp arbetar l\u00e4ngs hela workshoppen med en utmaning som gruppen skulle vilja p\u00e5verka. (90 min)<\/span><\/p><p><b>I P\u00e5verkare II -workshoppen<\/b> forts\u00e4tter eleverna arbetet i samma sm\u00e5grupper kring utmaningarna de valde i workshop I. Varje grupp planerar och verkst\u00e4ller ett konkret p\u00e5verkansprojekt och f\u00e5r p\u00e5 s\u00e5 s\u00e4tt \u00f6va p\u00e5 att anv\u00e4nda ett av p\u00e5verkanss\u00e4tten p\u00e5 praktisk niv\u00e5! (90 min)<\/p><p>Om ni planerar en temadag kring global tema kan v\u00e5r utbildare i global fostran komma och h\u00e5lla en workshop kring temat f\u00f6r deltagarna.<\/p><p>Boka ett avgiftsfritt skolbes\u00f6k till er skola\u00a0<span style=\"text-decoration: underline;\"><a href=\"https:\/\/www.taksvarkki.fi\/kampanja2022\/sv\/dagsverksinsamling\/anmalning-till-dagsverke\/\" target=\"_blank\" rel=\"noopener\">med formul\u00e4ret<\/a><\/span>\u00a0eller kontakta oss:<\/p><address><em><b>Aura Alarto<br \/><\/b><\/em><em>planerare f\u00f6r global fostran \/ Dagsverke rf<br \/><\/em><em>050 348 5668, <span style=\"text-decoration: underline;\"><a href=\"mailto:aura.alarto@taksvarkki.fi\">aura.alarto@taksvarkki.fi<\/a><\/span><\/em><\/address>\t\t\t\t\t\t\t\t<\/div>\n\t\t\t\t<\/div>\n\t\t\t\t\t<\/div>\n\t\t<\/div>\n\t\t\t\t\t<\/div>\n\t\t<\/section>\n\t\t\t\t<section class=\"elementor-section elementor-top-section elementor-element elementor-element-52b4579 elementor-section-boxed elementor-section-height-default elementor-section-height-default\" data-id=\"52b4579\" data-element_type=\"section\" data-e-type=\"section\" data-settings=\"{&quot;background_background&quot;:&quot;classic&quot;}\">\n\t\t\t\t\t\t<div class=\"elementor-container elementor-column-gap-default\">\n\t\t\t\t\t<div class=\"elementor-column elementor-col-100 elementor-top-column elementor-element elementor-element-15986d1\" data-id=\"15986d1\" data-element_type=\"column\" data-e-type=\"column\" data-settings=\"{&quot;background_background&quot;:&quot;classic&quot;}\">\n\t\t\t<div class=\"elementor-widget-wrap elementor-element-populated\">\n\t\t\t\t\t\t<div class=\"elementor-element elementor-element-a9bb4f9 elementor-widget elementor-widget-heading\" data-id=\"a9bb4f9\" data-element_type=\"widget\" data-e-type=\"widget\" data-widget_type=\"heading.default\">\n\t\t\t\t<div class=\"elementor-widget-container\">\n\t\t\t\t\t<h2 class=\"elementor-heading-title elementor-size-default\">Material f\u00f6r lektioner<\/h2>\t\t\t\t<\/div>\n\t\t\t\t<\/div>\n\t\t\t\t<div class=\"elementor-element elementor-element-0f424f6 elementor-widget elementor-widget-text-editor\" data-id=\"0f424f6\" data-element_type=\"widget\" data-e-type=\"widget\" data-widget_type=\"text-editor.default\">\n\t\t\t\t<div class=\"elementor-widget-container\">\n\t\t\t\t\t\t\t\t\t<p>H\u00e4r kan du hitta lektionsuppgifter och andra material f\u00f6r lektioner.\u00a0<\/p>\t\t\t\t\t\t\t\t<\/div>\n\t\t\t\t<\/div>\n\t\t\t\t<div class=\"elementor-element elementor-element-ed51989 elementor-widget elementor-widget-toggle\" data-id=\"ed51989\" data-element_type=\"widget\" data-e-type=\"widget\" data-widget_type=\"toggle.default\">\n\t\t\t\t<div class=\"elementor-widget-container\">\n\t\t\t\t\t\t\t<div class=\"elementor-toggle\">\n\t\t\t\t\t\t\t<div class=\"elementor-toggle-item\">\n\t\t\t\t\t<div id=\"elementor-tab-title-2481\" class=\"elementor-tab-title\" data-tab=\"1\" role=\"button\" aria-controls=\"elementor-tab-content-2481\" aria-expanded=\"false\">\n\t\t\t\t\t\t\t\t\t\t\t\t<span class=\"elementor-toggle-icon elementor-toggle-icon-left\" aria-hidden=\"true\">\n\t\t\t\t\t\t\t\t\t\t\t\t\t\t\t<span class=\"elementor-toggle-icon-closed\"><i class=\"fas fa-caret-right\"><\/i><\/span>\n\t\t\t\t\t\t\t\t<span class=\"elementor-toggle-icon-opened\"><i class=\"elementor-toggle-icon-opened fas fa-caret-up\"><\/i><\/span>\n\t\t\t\t\t\t\t\t\t\t\t\t\t<\/span>\n\t\t\t\t\t\t\t\t\t\t\t\t<a class=\"elementor-toggle-title\" tabindex=\"0\">Lektionsuppgifter<\/a>\n\t\t\t\t\t<\/div>\n\n\t\t\t\t\t<div id=\"elementor-tab-content-2481\" class=\"elementor-tab-content elementor-clearfix\" data-tab=\"1\" role=\"region\" aria-labelledby=\"elementor-tab-title-2481\"><p><a href=\"https:\/\/www.taksvarkki.fi\/kampanja2022\/wp-content\/uploads\/sites\/15\/2022\/09\/harjoitukset-ruotsiksi.docx\">\u00c5siktslinje, Byteshandel av styrkor<\/a>\u00a0(Word-fil)<br \/><br \/><a href=\"https:\/\/www.taksvarkki.fi\/kampanja2022\/wp-content\/uploads\/sites\/15\/2022\/09\/Paverkare-I-utmaningar.docx\" target=\"_blank\" rel=\"noopener\">P\u00e5verkare I -workshop, utmaningar<\/a>\u00a0<span style=\"color: var( --e-global-color-text ); font-family: var( --e-global-typography-text-font-family ), Sans-serif; font-weight: var( --e-global-typography-text-font-weight );\">(Word-fil)<\/span><\/p><\/div>\n\t\t\t\t<\/div>\n\t\t\t\t\t\t\t<div class=\"elementor-toggle-item\">\n\t\t\t\t\t<div id=\"elementor-tab-title-2482\" class=\"elementor-tab-title\" data-tab=\"2\" role=\"button\" aria-controls=\"elementor-tab-content-2482\" aria-expanded=\"false\">\n\t\t\t\t\t\t\t\t\t\t\t\t<span class=\"elementor-toggle-icon elementor-toggle-icon-left\" aria-hidden=\"true\">\n\t\t\t\t\t\t\t\t\t\t\t\t\t\t\t<span class=\"elementor-toggle-icon-closed\"><i class=\"fas fa-caret-right\"><\/i><\/span>\n\t\t\t\t\t\t\t\t<span class=\"elementor-toggle-icon-opened\"><i class=\"elementor-toggle-icon-opened fas fa-caret-up\"><\/i><\/span>\n\t\t\t\t\t\t\t\t\t\t\t\t\t<\/span>\n\t\t\t\t\t\t\t\t\t\t\t\t<a class=\"elementor-toggle-title\" tabindex=\"0\">P\u00e5verkanskort<\/a>\n\t\t\t\t\t<\/div>\n\n\t\t\t\t\t<div id=\"elementor-tab-content-2482\" class=\"elementor-tab-content elementor-clearfix\" data-tab=\"2\" role=\"region\" aria-labelledby=\"elementor-tab-title-2482\"><p>H\u00e4r kan\u00a0<span style=\"color: var( --e-global-color-text ); font-family: var( --e-global-typography-text-font-family ), Sans-serif; font-weight: var( --e-global-typography-text-font-weight );\">du\u00a0<\/span><span style=\"font-family: var( --e-global-typography-text-font-family ), Sans-serif; font-weight: var( --e-global-typography-text-font-weight ); color: var( --e-global-color-text );\">ladda ner p\u00e5verkanskort:<\/span><\/p><p><a href=\"https:\/\/www.taksvarkki.fi\/kampanja2022\/wp-content\/uploads\/sites\/15\/2022\/09\/paverkanskort-pa-net.pdf\" target=\"_blank\" rel=\"noopener\">P\u00e5verkanskort<\/a> (pdf-fil)<\/p><\/div>\n\t\t\t\t<\/div>\n\t\t\t\t\t\t\t\t<\/div>\n\t\t\t\t\t\t<\/div>\n\t\t\t\t<\/div>\n\t\t\t\t\t<\/div>\n\t\t<\/div>\n\t\t\t\t\t<\/div>\n\t\t<\/section>\n\t\t\t\t<section class=\"elementor-section elementor-top-section elementor-element elementor-element-6aa9543 elementor-section-boxed elementor-section-height-default elementor-section-height-default\" data-id=\"6aa9543\" data-element_type=\"section\" data-e-type=\"section\">\n\t\t\t\t\t\t<div class=\"elementor-container elementor-column-gap-default\">\n\t\t\t\t\t<div class=\"elementor-column elementor-col-100 elementor-top-column elementor-element elementor-element-4b74ef0\" data-id=\"4b74ef0\" data-element_type=\"column\" data-e-type=\"column\">\n\t\t\t<div class=\"elementor-widget-wrap elementor-element-populated\">\n\t\t\t\t\t\t<div class=\"elementor-element elementor-element-9b36a17 elementor-widget elementor-widget-heading\" data-id=\"9b36a17\" data-element_type=\"widget\" data-e-type=\"widget\" data-widget_type=\"heading.default\">\n\t\t\t\t<div class=\"elementor-widget-container\">\n\t\t\t\t\t<h2 class=\"elementor-heading-title elementor-size-default\">\u00d6vrigt material f\u00f6r lektionerna:<\/h2>\t\t\t\t<\/div>\n\t\t\t\t<\/div>\n\t\t\t\t<div class=\"elementor-element elementor-element-001fafa elementor-widget elementor-widget-text-editor\" data-id=\"001fafa\" data-element_type=\"widget\" data-e-type=\"widget\" data-widget_type=\"text-editor.default\">\n\t\t\t\t<div class=\"elementor-widget-container\">\n\t\t\t\t\t\t\t\t\t<p>F\u00f6rutom uppgifterna l\u00f6nar det sig att bekanta sig med Dagsverkskampanjens unga p\u00e5verkare i Guatemala, Nepal, Zambia och Finland med hj\u00e4lp av det audiovisuella materialet. F\u00f6r lektionerna passar:<\/p><ul><li><strong>Ungas r\u00f6ster <\/strong>[<span style=\"text-decoration: underline;\"><a href=\"https:\/\/www.taksvarkki.fi\/kampanja2022\/sv\/videomeddelanden\/\" target=\"_blank\" rel=\"noopener noreferrer\">se videomeddelanden h\u00e4r<\/a><\/span>]. I de korta videosnuttarna ber\u00e4ttar unga med sig av sina tankar om s\u00e4tt att p\u00e5verka och hur man kan \u00e5stadkomma f\u00f6r\u00e4ndring.\u00a0<\/li><\/ul>\t\t\t\t\t\t\t\t<\/div>\n\t\t\t\t<\/div>\n\t\t\t\t\t<\/div>\n\t\t<\/div>\n\t\t\t\t\t<\/div>\n\t\t<\/section>\n\t\t\t\t<section class=\"elementor-section elementor-top-section elementor-element elementor-element-b2d817f elementor-section-boxed elementor-section-height-default elementor-section-height-default\" data-id=\"b2d817f\" data-element_type=\"section\" data-e-type=\"section\">\n\t\t\t\t\t\t<div class=\"elementor-container elementor-column-gap-default\">\n\t\t\t\t\t<div class=\"elementor-column elementor-col-100 elementor-top-column elementor-element elementor-element-41ca7b0\" data-id=\"41ca7b0\" data-element_type=\"column\" data-e-type=\"column\" data-settings=\"{&quot;background_background&quot;:&quot;classic&quot;}\">\n\t\t\t<div class=\"elementor-widget-wrap elementor-element-populated\">\n\t\t\t\t\t\t<section class=\"elementor-section elementor-inner-section elementor-element elementor-element-34cad4e elementor-section-boxed elementor-section-height-default elementor-section-height-default\" data-id=\"34cad4e\" data-element_type=\"section\" data-e-type=\"section\">\n\t\t\t\t\t\t<div class=\"elementor-container elementor-column-gap-default\">\n\t\t\t\t\t<div class=\"elementor-column elementor-col-33 elementor-inner-column elementor-element elementor-element-c796776\" data-id=\"c796776\" data-element_type=\"column\" data-e-type=\"column\">\n\t\t\t<div class=\"elementor-widget-wrap elementor-element-populated\">\n\t\t\t\t\t\t<div class=\"elementor-element elementor-element-fa6e921 elementor-widget elementor-widget-image\" data-id=\"fa6e921\" data-element_type=\"widget\" data-e-type=\"widget\" data-widget_type=\"image.default\">\n\t\t\t\t<div class=\"elementor-widget-container\">\n\t\t\t\t\t\t\t\t\t\t\t\t\t\t\t<img fetchpriority=\"high\" decoding=\"async\" width=\"378\" height=\"378\" src=\"https:\/\/www.taksvarkki.fi\/kampanja2022\/wp-content\/uploads\/sites\/15\/2022\/08\/Mercy-23-Sambia.png\" class=\"attachment-large size-large wp-image-3170\" alt=\"\" srcset=\"https:\/\/www.taksvarkki.fi\/kampanja2022\/wp-content\/uploads\/sites\/15\/2022\/08\/Mercy-23-Sambia.png 378w, https:\/\/www.taksvarkki.fi\/kampanja2022\/wp-content\/uploads\/sites\/15\/2022\/08\/Mercy-23-Sambia-300x300.png 300w, https:\/\/www.taksvarkki.fi\/kampanja2022\/wp-content\/uploads\/sites\/15\/2022\/08\/Mercy-23-Sambia-150x150.png 150w\" sizes=\"(max-width: 378px) 100vw, 378px\" \/>\t\t\t\t\t\t\t\t\t\t\t\t\t\t\t<\/div>\n\t\t\t\t<\/div>\n\t\t\t\t\t<\/div>\n\t\t<\/div>\n\t\t\t\t<div class=\"elementor-column elementor-col-66 elementor-inner-column elementor-element elementor-element-72b6ae9\" data-id=\"72b6ae9\" data-element_type=\"column\" data-e-type=\"column\">\n\t\t\t<div class=\"elementor-widget-wrap elementor-element-populated\">\n\t\t\t\t\t\t<div class=\"elementor-element elementor-element-00238f1 elementor-widget elementor-widget-text-editor\" data-id=\"00238f1\" data-element_type=\"widget\" data-e-type=\"widget\" data-widget_type=\"text-editor.default\">\n\t\t\t\t<div class=\"elementor-widget-container\">\n\t\t\t\t\t\t\t\t\t<p>&#8221;Den fr\u00e5gan som jag hittills kunnat p\u00e5verka \u00e4r hur viktigt det \u00e4r med allas deltagande: personer med funktionsvariationer m\u00e5ste vara involverade i beslutsfattande p\u00e5 alla niv\u00e5er i v\u00e5ra samh\u00e4llen.&#8221;<\/p><p><strong>Mercy, 23, Zambia<\/strong><\/p>\t\t\t\t\t\t\t\t<\/div>\n\t\t\t\t<\/div>\n\t\t\t\t\t<\/div>\n\t\t<\/div>\n\t\t\t\t\t<\/div>\n\t\t<\/section>\n\t\t\t\t\t<\/div>\n\t\t<\/div>\n\t\t\t\t\t<\/div>\n\t\t<\/section>\n\t\t\t\t<\/div>\n\t\t","protected":false},"excerpt":{"rendered":"<p>Global fostran i skolor: lektionsuppgifter och workshop Dagsverkes kampanj Vem bryr sig? inneh\u00e5ller ocks\u00e5 m\u00e5ngsidiga uppgifter och workshops f\u00f6r lektioner. Dagsverke rf:s skolbes\u00f6k kan inneb\u00e4ra: &#8211; En workshop som anknyter till Vem bryr sig? -kampanjen eller info om Dagsverksinsamlingen: I P\u00e5verkare I -workshoppen l\u00e4r eleverna k\u00e4nna ungas s\u00e4tt att p\u00e5verka och funderar \u00f6ver vilka p\u00e5verkanss\u00e4tt &#8230; <a title=\"Material f\u00f6r lektioner\" class=\"read-more\" href=\"https:\/\/www.taksvarkki.fi\/kampanja2022\/sv\/material-for-lektioner\/\" aria-label=\"Lue lis\u00e4\u00e4 aiheesta Material f\u00f6r lektioner\">Lue lis\u00e4\u00e4<\/a><\/p>\n","protected":false},"author":18,"featured_media":0,"parent":0,"menu_order":0,"comment_status":"closed","ping_status":"closed","template":"","meta":{"footnotes":""},"class_list":["post-897","page","type-page","status-publish"],"yoast_head":"<!-- This site is optimized with the Yoast SEO plugin v27.3 - https:\/\/yoast.com\/product\/yoast-seo-wordpress\/ -->\n<title>Material f\u00f6r lektioner - Global fostran i skolor - Skolbes\u00f6k p\u00e5 distans<\/title>\n<meta name=\"description\" content=\"Dagsverkes kampanj Vad hindrar dig? inneh\u00e5ller m\u00e5ngsidiga uppgifter och workshops f\u00f6r lektioner. Ladda ner material och best\u00e4lla skolbes\u00f6k\" \/>\n<meta name=\"robots\" content=\"index, follow, max-snippet:-1, max-image-preview:large, max-video-preview:-1\" \/>\n<link rel=\"canonical\" href=\"https:\/\/www.taksvarkki.fi\/kampanja2022\/sv\/material-for-lektioner\/\" \/>\n<meta property=\"og:locale\" content=\"fi_FI\" \/>\n<meta property=\"og:type\" content=\"article\" \/>\n<meta property=\"og:title\" content=\"Material f\u00f6r lektioner - Global fostran i skolor - Skolbes\u00f6k p\u00e5 distans\" \/>\n<meta property=\"og:description\" content=\"Dagsverkes kampanj Vad hindrar dig? inneh\u00e5ller m\u00e5ngsidiga uppgifter och workshops f\u00f6r lektioner. Ladda ner material och best\u00e4lla skolbes\u00f6k\" \/>\n<meta property=\"og:url\" content=\"https:\/\/www.taksvarkki.fi\/kampanja2022\/sv\/material-for-lektioner\/\" \/>\n<meta property=\"og:site_name\" content=\"Mit\u00e4 v\u00e4lii?\" \/>\n<meta property=\"article:modified_time\" content=\"2022-09-21T11:00:35+00:00\" \/>\n<meta property=\"og:image\" content=\"https:\/\/www.taksvarkki.fi\/kampanja2022\/wp-content\/uploads\/sites\/15\/2021\/08\/Ronja_Suomi.jpg\" \/>\n\t<meta property=\"og:image:width\" content=\"378\" \/>\n\t<meta property=\"og:image:height\" content=\"378\" \/>\n\t<meta property=\"og:image:type\" content=\"image\/jpeg\" \/>\n<meta name=\"twitter:card\" content=\"summary_large_image\" \/>\n<meta name=\"twitter:image\" content=\"https:\/\/www.taksvarkki.fi\/kampanja2022\/wp-content\/uploads\/sites\/15\/2021\/08\/Ronja_Suomi.jpg\" \/>\n<meta name=\"twitter:label1\" content=\"Arvioitu lukuaika\" \/>\n\t<meta name=\"twitter:data1\" content=\"3 minuuttia\" \/>\n<script type=\"application\/ld+json\" class=\"yoast-schema-graph\">{\"@context\":\"https:\\\/\\\/schema.org\",\"@graph\":[{\"@type\":\"WebPage\",\"@id\":\"https:\\\/\\\/www.taksvarkki.fi\\\/kampanja2022\\\/sv\\\/material-for-lektioner\\\/\",\"url\":\"https:\\\/\\\/www.taksvarkki.fi\\\/kampanja2022\\\/sv\\\/material-for-lektioner\\\/\",\"name\":\"Material f\u00f6r lektioner - Global fostran i skolor - Skolbes\u00f6k p\u00e5 distans\",\"isPartOf\":{\"@id\":\"https:\\\/\\\/www.taksvarkki.fi\\\/kampanja2022\\\/#website\"},\"primaryImageOfPage\":{\"@id\":\"https:\\\/\\\/www.taksvarkki.fi\\\/kampanja2022\\\/sv\\\/material-for-lektioner\\\/#primaryimage\"},\"image\":{\"@id\":\"https:\\\/\\\/www.taksvarkki.fi\\\/kampanja2022\\\/sv\\\/material-for-lektioner\\\/#primaryimage\"},\"thumbnailUrl\":\"https:\\\/\\\/www.taksvarkki.fi\\\/kampanja2022\\\/wp-content\\\/uploads\\\/sites\\\/15\\\/2022\\\/08\\\/Mercy-23-Sambia.png\",\"datePublished\":\"2020-06-21T19:31:50+00:00\",\"dateModified\":\"2022-09-21T11:00:35+00:00\",\"description\":\"Dagsverkes kampanj Vad hindrar dig? inneh\u00e5ller m\u00e5ngsidiga uppgifter och workshops f\u00f6r lektioner. Ladda ner material och best\u00e4lla skolbes\u00f6k\",\"breadcrumb\":{\"@id\":\"https:\\\/\\\/www.taksvarkki.fi\\\/kampanja2022\\\/sv\\\/material-for-lektioner\\\/#breadcrumb\"},\"inLanguage\":\"fi\",\"potentialAction\":[{\"@type\":\"ReadAction\",\"target\":[\"https:\\\/\\\/www.taksvarkki.fi\\\/kampanja2022\\\/sv\\\/material-for-lektioner\\\/\"]}]},{\"@type\":\"ImageObject\",\"inLanguage\":\"fi\",\"@id\":\"https:\\\/\\\/www.taksvarkki.fi\\\/kampanja2022\\\/sv\\\/material-for-lektioner\\\/#primaryimage\",\"url\":\"https:\\\/\\\/www.taksvarkki.fi\\\/kampanja2022\\\/wp-content\\\/uploads\\\/sites\\\/15\\\/2022\\\/08\\\/Mercy-23-Sambia.png\",\"contentUrl\":\"https:\\\/\\\/www.taksvarkki.fi\\\/kampanja2022\\\/wp-content\\\/uploads\\\/sites\\\/15\\\/2022\\\/08\\\/Mercy-23-Sambia.png\",\"width\":378,\"height\":378},{\"@type\":\"BreadcrumbList\",\"@id\":\"https:\\\/\\\/www.taksvarkki.fi\\\/kampanja2022\\\/sv\\\/material-for-lektioner\\\/#breadcrumb\",\"itemListElement\":[{\"@type\":\"ListItem\",\"position\":1,\"name\":\"Home\",\"item\":\"https:\\\/\\\/www.taksvarkki.fi\\\/kampanja2022\\\/\"},{\"@type\":\"ListItem\",\"position\":2,\"name\":\"Material f\u00f6r lektioner\"}]},{\"@type\":\"WebSite\",\"@id\":\"https:\\\/\\\/www.taksvarkki.fi\\\/kampanja2022\\\/#website\",\"url\":\"https:\\\/\\\/www.taksvarkki.fi\\\/kampanja2022\\\/\",\"name\":\"Mit\u00e4 v\u00e4lii?\",\"description\":\"Taksv\u00e4rkki-kampanja 2022\",\"potentialAction\":[{\"@type\":\"SearchAction\",\"target\":{\"@type\":\"EntryPoint\",\"urlTemplate\":\"https:\\\/\\\/www.taksvarkki.fi\\\/kampanja2022\\\/?s={search_term_string}\"},\"query-input\":{\"@type\":\"PropertyValueSpecification\",\"valueRequired\":true,\"valueName\":\"search_term_string\"}}],\"inLanguage\":\"fi\"}]}<\/script>\n<!-- \/ Yoast SEO plugin. -->","yoast_head_json":{"title":"Material f\u00f6r lektioner - Global fostran i skolor - Skolbes\u00f6k p\u00e5 distans","description":"Dagsverkes kampanj Vad hindrar dig? inneh\u00e5ller m\u00e5ngsidiga uppgifter och workshops f\u00f6r lektioner. Ladda ner material och best\u00e4lla skolbes\u00f6k","robots":{"index":"index","follow":"follow","max-snippet":"max-snippet:-1","max-image-preview":"max-image-preview:large","max-video-preview":"max-video-preview:-1"},"canonical":"https:\/\/www.taksvarkki.fi\/kampanja2022\/sv\/material-for-lektioner\/","og_locale":"fi_FI","og_type":"article","og_title":"Material f\u00f6r lektioner - Global fostran i skolor - Skolbes\u00f6k p\u00e5 distans","og_description":"Dagsverkes kampanj Vad hindrar dig? inneh\u00e5ller m\u00e5ngsidiga uppgifter och workshops f\u00f6r lektioner. Ladda ner material och best\u00e4lla skolbes\u00f6k","og_url":"https:\/\/www.taksvarkki.fi\/kampanja2022\/sv\/material-for-lektioner\/","og_site_name":"Mit\u00e4 v\u00e4lii?","article_modified_time":"2022-09-21T11:00:35+00:00","og_image":[{"width":378,"height":378,"url":"https:\/\/www.taksvarkki.fi\/kampanja2022\/wp-content\/uploads\/sites\/15\/2021\/08\/Ronja_Suomi.jpg","type":"image\/jpeg"}],"twitter_card":"summary_large_image","twitter_image":"https:\/\/www.taksvarkki.fi\/kampanja2022\/wp-content\/uploads\/sites\/15\/2021\/08\/Ronja_Suomi.jpg","twitter_misc":{"Arvioitu lukuaika":"3 minuuttia"},"schema":{"@context":"https:\/\/schema.org","@graph":[{"@type":"WebPage","@id":"https:\/\/www.taksvarkki.fi\/kampanja2022\/sv\/material-for-lektioner\/","url":"https:\/\/www.taksvarkki.fi\/kampanja2022\/sv\/material-for-lektioner\/","name":"Material f\u00f6r lektioner - Global fostran i skolor - Skolbes\u00f6k p\u00e5 distans","isPartOf":{"@id":"https:\/\/www.taksvarkki.fi\/kampanja2022\/#website"},"primaryImageOfPage":{"@id":"https:\/\/www.taksvarkki.fi\/kampanja2022\/sv\/material-for-lektioner\/#primaryimage"},"image":{"@id":"https:\/\/www.taksvarkki.fi\/kampanja2022\/sv\/material-for-lektioner\/#primaryimage"},"thumbnailUrl":"https:\/\/www.taksvarkki.fi\/kampanja2022\/wp-content\/uploads\/sites\/15\/2022\/08\/Mercy-23-Sambia.png","datePublished":"2020-06-21T19:31:50+00:00","dateModified":"2022-09-21T11:00:35+00:00","description":"Dagsverkes kampanj Vad hindrar dig? inneh\u00e5ller m\u00e5ngsidiga uppgifter och workshops f\u00f6r lektioner. Ladda ner material och best\u00e4lla skolbes\u00f6k","breadcrumb":{"@id":"https:\/\/www.taksvarkki.fi\/kampanja2022\/sv\/material-for-lektioner\/#breadcrumb"},"inLanguage":"fi","potentialAction":[{"@type":"ReadAction","target":["https:\/\/www.taksvarkki.fi\/kampanja2022\/sv\/material-for-lektioner\/"]}]},{"@type":"ImageObject","inLanguage":"fi","@id":"https:\/\/www.taksvarkki.fi\/kampanja2022\/sv\/material-for-lektioner\/#primaryimage","url":"https:\/\/www.taksvarkki.fi\/kampanja2022\/wp-content\/uploads\/sites\/15\/2022\/08\/Mercy-23-Sambia.png","contentUrl":"https:\/\/www.taksvarkki.fi\/kampanja2022\/wp-content\/uploads\/sites\/15\/2022\/08\/Mercy-23-Sambia.png","width":378,"height":378},{"@type":"BreadcrumbList","@id":"https:\/\/www.taksvarkki.fi\/kampanja2022\/sv\/material-for-lektioner\/#breadcrumb","itemListElement":[{"@type":"ListItem","position":1,"name":"Home","item":"https:\/\/www.taksvarkki.fi\/kampanja2022\/"},{"@type":"ListItem","position":2,"name":"Material f\u00f6r lektioner"}]},{"@type":"WebSite","@id":"https:\/\/www.taksvarkki.fi\/kampanja2022\/#website","url":"https:\/\/www.taksvarkki.fi\/kampanja2022\/","name":"Mit\u00e4 v\u00e4lii?","description":"Taksv\u00e4rkki-kampanja 2022","potentialAction":[{"@type":"SearchAction","target":{"@type":"EntryPoint","urlTemplate":"https:\/\/www.taksvarkki.fi\/kampanja2022\/?s={search_term_string}"},"query-input":{"@type":"PropertyValueSpecification","valueRequired":true,"valueName":"search_term_string"}}],"inLanguage":"fi"}]}},"_links":{"self":[{"href":"https:\/\/www.taksvarkki.fi\/kampanja2022\/wp-json\/wp\/v2\/pages\/897","targetHints":{"allow":["GET"]}}],"collection":[{"href":"https:\/\/www.taksvarkki.fi\/kampanja2022\/wp-json\/wp\/v2\/pages"}],"about":[{"href":"https:\/\/www.taksvarkki.fi\/kampanja2022\/wp-json\/wp\/v2\/types\/page"}],"author":[{"embeddable":true,"href":"https:\/\/www.taksvarkki.fi\/kampanja2022\/wp-json\/wp\/v2\/users\/18"}],"replies":[{"embeddable":true,"href":"https:\/\/www.taksvarkki.fi\/kampanja2022\/wp-json\/wp\/v2\/comments?post=897"}],"version-history":[{"count":21,"href":"https:\/\/www.taksvarkki.fi\/kampanja2022\/wp-json\/wp\/v2\/pages\/897\/revisions"}],"predecessor-version":[{"id":3736,"href":"https:\/\/www.taksvarkki.fi\/kampanja2022\/wp-json\/wp\/v2\/pages\/897\/revisions\/3736"}],"wp:attachment":[{"href":"https:\/\/www.taksvarkki.fi\/kampanja2022\/wp-json\/wp\/v2\/media?parent=897"}],"curies":[{"name":"wp","href":"https:\/\/api.w.org\/{rel}","templated":true}]}}