{"id":1810,"date":"2020-04-18T08:22:40","date_gmt":"2020-04-18T05:22:40","guid":{"rendered":"https:\/\/2020.teseppanen.com\/contact\/"},"modified":"2023-02-16T09:29:14","modified_gmt":"2023-02-16T09:29:14","slug":"videoviestit","status":"publish","type":"page","link":"https:\/\/www.taksvarkki.fi\/kampanja2022\/videoviestit\/","title":{"rendered":"Videoviestit nuorilta"},"content":{"rendered":"\t\t<div data-elementor-type=\"wp-page\" data-elementor-id=\"1810\" class=\"elementor elementor-1810\">\n\t\t\t\t\t\t<section class=\"elementor-section elementor-top-section elementor-element elementor-element-cfae9b5 elementor-section-boxed elementor-section-height-default elementor-section-height-default\" data-id=\"cfae9b5\" data-element_type=\"section\" data-e-type=\"section\">\n\t\t\t\t\t\t<div class=\"elementor-container elementor-column-gap-default\">\n\t\t\t\t\t<div class=\"elementor-column elementor-col-100 elementor-top-column elementor-element elementor-element-f081e20\" data-id=\"f081e20\" data-element_type=\"column\" data-e-type=\"column\">\n\t\t\t<div class=\"elementor-widget-wrap elementor-element-populated\">\n\t\t\t\t\t\t<div class=\"elementor-element elementor-element-de0f8fc elementor-widget elementor-widget-text-editor\" data-id=\"de0f8fc\" data-element_type=\"widget\" data-e-type=\"widget\" data-widget_type=\"text-editor.default\">\n\t\t\t\t<div class=\"elementor-widget-container\">\n\t\t\t\t\t\t\t\t\t<p><span lang=\"FI\">Videoviesteiss\u00e4 guatemalalaiset, sambialaiset, nepalilaiset ja suomalaiset nuoret kertovat ajatuksiaan vaikuttamisesta ja kuinka saada aikaan muutosta. Yhteens\u00e4 12 v<\/span><span lang=\"FI\">ideossa on tekstitykset suomeksi, ruotsiksi ja englanniksi. Videot l\u00f6ytyv\u00e4t my\u00f6s Taksv\u00e4rkin YouTube-kanavalta. Mik\u00e4li alla olevat videot eiv\u00e4t n\u00e4y normaalisti, sinun t\u00e4ytyy hyv\u00e4ksy\u00e4 ensin ev\u00e4steet painamalla sivun alareunassa n\u00e4kyv\u00e4\u00e4 painiketta.&nbsp;<\/span><\/p>\n<p><i><b>Ohje tekstitysten k\u00e4ytt\u00f6\u00f6n Youtubessa<br><\/b>Tekstityksen saa p\u00e4\u00e4lle klikkaamalla valkoista ruutua videon oikeasta alareunasta. Voit vaihtaa tekstityksen kielt\u00e4 (suomi, ruotsi tai englanti) ja s\u00e4\u00e4t\u00e4\u00e4 kirjainten kokoa ja taustav\u00e4ri\u00e4 Tekstitykset-kohdasta rataskuvaketta klikkaamalla.<\/i><\/p>\t\t\t\t\t\t\t\t<\/div>\n\t\t\t\t<\/div>\n\t\t\t\t<div class=\"elementor-element elementor-element-754d699 elementor-widget elementor-widget-html\" data-id=\"754d699\" data-element_type=\"widget\" data-e-type=\"widget\" data-widget_type=\"html.default\">\n\t\t\t\t<div class=\"elementor-widget-container\">\n\t\t\t\t\t<iframe width=\"860\" height=\"484\" data-cookieconsent=\"statistics, marketing\" data-src=\"https:\/\/www.youtube.com\/embed\/GrI589rNUtQ\" title=\"YouTube video player\" frameborder=\"0\" allow=\"accelerometer; autoplay; clipboard-write; encrypted-media; gyroscope; picture-in-picture; web-share\" allowfullscreen><\/iframe><div class=\"cookieconsent-optout-statistics cookieconsent-optout-marketing\"><\/div>\t\t\t\t<\/div>\n\t\t\t\t<\/div>\n\t\t\t\t<div class=\"elementor-element elementor-element-e3a93d4 elementor-widget elementor-widget-heading\" data-id=\"e3a93d4\" data-element_type=\"widget\" data-e-type=\"widget\" data-widget_type=\"heading.default\">\n\t\t\t\t<div class=\"elementor-widget-container\">\n\t\t\t\t\t<p class=\"elementor-heading-title elementor-size-default\"><span style=\"white-space: normal\"><b>1. Eleazar<\/b><\/span><\/p>\t\t\t\t<\/div>\n\t\t\t\t<\/div>\n\t\t\t\t<div class=\"elementor-element elementor-element-f33000d elementor-widget elementor-widget-html\" data-id=\"f33000d\" data-element_type=\"widget\" data-e-type=\"widget\" data-widget_type=\"html.default\">\n\t\t\t\t<div class=\"elementor-widget-container\">\n\t\t\t\t\t<iframe width=\"860\" height=\"484\" data-cookieconsent=\"statistics, marketing\" data-src=\"https:\/\/www.youtube.com\/embed\/cyo3Mbhpa-U\" title=\"YouTube video player\" frameborder=\"0\" allow=\"accelerometer; autoplay; clipboard-write; encrypted-media; gyroscope; picture-in-picture; web-share\" allowfullscreen><\/iframe><div class=\"cookieconsent-optout-statistics cookieconsent-optout-marketing\"><\/div>\t\t\t\t<\/div>\n\t\t\t\t<\/div>\n\t\t\t\t<div class=\"elementor-element elementor-element-e960cdd elementor-widget elementor-widget-heading\" data-id=\"e960cdd\" data-element_type=\"widget\" data-e-type=\"widget\" data-widget_type=\"heading.default\">\n\t\t\t\t<div class=\"elementor-widget-container\">\n\t\t\t\t\t<p class=\"elementor-heading-title elementor-size-default\"><span style=\"white-space: normal\"><b>2. Manyi<\/b><\/span><\/p>\t\t\t\t<\/div>\n\t\t\t\t<\/div>\n\t\t\t\t<div class=\"elementor-element elementor-element-58d5d1b elementor-widget elementor-widget-html\" data-id=\"58d5d1b\" data-element_type=\"widget\" data-e-type=\"widget\" data-widget_type=\"html.default\">\n\t\t\t\t<div class=\"elementor-widget-container\">\n\t\t\t\t\t<iframe width=\"860\" height=\"484\" data-cookieconsent=\"statistics, marketing\" data-src=\"https:\/\/www.youtube.com\/embed\/0gn6f8vJgCI\" title=\"YouTube video player\" frameborder=\"0\" allow=\"accelerometer; autoplay; clipboard-write; encrypted-media; gyroscope; picture-in-picture; web-share\" allowfullscreen><\/iframe><div class=\"cookieconsent-optout-statistics cookieconsent-optout-marketing\"><\/div>\t\t\t\t<\/div>\n\t\t\t\t<\/div>\n\t\t\t\t<div class=\"elementor-element elementor-element-5ef7e33 elementor-widget elementor-widget-heading\" data-id=\"5ef7e33\" data-element_type=\"widget\" data-e-type=\"widget\" data-widget_type=\"heading.default\">\n\t\t\t\t<div class=\"elementor-widget-container\">\n\t\t\t\t\t<p class=\"elementor-heading-title elementor-size-default\"><span style=\"white-space: normal\"><b>3. Kutawila<\/b><\/span><\/p>\t\t\t\t<\/div>\n\t\t\t\t<\/div>\n\t\t\t\t<div class=\"elementor-element elementor-element-60898b1 elementor-widget elementor-widget-html\" data-id=\"60898b1\" data-element_type=\"widget\" data-e-type=\"widget\" data-widget_type=\"html.default\">\n\t\t\t\t<div class=\"elementor-widget-container\">\n\t\t\t\t\t<iframe width=\"860\" height=\"484\" data-cookieconsent=\"statistics, marketing\" data-src=\"https:\/\/www.youtube.com\/embed\/W_ftN4Y6qtY\" title=\"YouTube video player\" frameborder=\"0\" allow=\"accelerometer; autoplay; clipboard-write; encrypted-media; gyroscope; picture-in-picture; web-share\" allowfullscreen><\/iframe><div class=\"cookieconsent-optout-statistics cookieconsent-optout-marketing\"><\/div>\t\t\t\t<\/div>\n\t\t\t\t<\/div>\n\t\t\t\t<div class=\"elementor-element elementor-element-92cb6ed elementor-widget elementor-widget-heading\" data-id=\"92cb6ed\" data-element_type=\"widget\" data-e-type=\"widget\" data-widget_type=\"heading.default\">\n\t\t\t\t<div class=\"elementor-widget-container\">\n\t\t\t\t\t<p class=\"elementor-heading-title elementor-size-default\"><span style=\"white-space: normal\"><b>4. Banisha<\/b><\/span><\/p>\t\t\t\t<\/div>\n\t\t\t\t<\/div>\n\t\t\t\t<div class=\"elementor-element elementor-element-6450a96 elementor-widget elementor-widget-html\" data-id=\"6450a96\" data-element_type=\"widget\" data-e-type=\"widget\" data-widget_type=\"html.default\">\n\t\t\t\t<div class=\"elementor-widget-container\">\n\t\t\t\t\t<iframe width=\"860\" height=\"484\" data-cookieconsent=\"statistics, marketing\" data-src=\"https:\/\/www.youtube.com\/embed\/TZBixaSz50o\" title=\"YouTube video player\" frameborder=\"0\" allow=\"accelerometer; autoplay; clipboard-write; encrypted-media; gyroscope; picture-in-picture; web-share\" allowfullscreen><\/iframe><div class=\"cookieconsent-optout-statistics cookieconsent-optout-marketing\"><\/div>\t\t\t\t<\/div>\n\t\t\t\t<\/div>\n\t\t\t\t<div class=\"elementor-element elementor-element-6f7bdb7 elementor-widget elementor-widget-heading\" data-id=\"6f7bdb7\" data-element_type=\"widget\" data-e-type=\"widget\" data-widget_type=\"heading.default\">\n\t\t\t\t<div class=\"elementor-widget-container\">\n\t\t\t\t\t<p class=\"elementor-heading-title elementor-size-default\"><span style=\"white-space: normal\"><b>5. Flor, Alejandra ja Ixchel<\/b><\/span><\/p>\t\t\t\t<\/div>\n\t\t\t\t<\/div>\n\t\t\t\t<div class=\"elementor-element elementor-element-75b9096 elementor-widget elementor-widget-html\" data-id=\"75b9096\" data-element_type=\"widget\" data-e-type=\"widget\" data-widget_type=\"html.default\">\n\t\t\t\t<div class=\"elementor-widget-container\">\n\t\t\t\t\t<iframe width=\"860\" height=\"484\" data-cookieconsent=\"statistics, marketing\" data-src=\"https:\/\/www.youtube.com\/embed\/_4FogATZN_4\" title=\"YouTube video player\" frameborder=\"0\" allow=\"accelerometer; autoplay; clipboard-write; encrypted-media; gyroscope; picture-in-picture; web-share\" allowfullscreen><\/iframe><div class=\"cookieconsent-optout-statistics cookieconsent-optout-marketing\"><\/div>\t\t\t\t<\/div>\n\t\t\t\t<\/div>\n\t\t\t\t<div class=\"elementor-element elementor-element-c66a1a2 elementor-widget elementor-widget-heading\" data-id=\"c66a1a2\" data-element_type=\"widget\" data-e-type=\"widget\" data-widget_type=\"heading.default\">\n\t\t\t\t<div class=\"elementor-widget-container\">\n\t\t\t\t\t<p class=\"elementor-heading-title elementor-size-default\"><span style=\"white-space: normal\"><b>6. Mercy<\/b><\/span><\/p>\t\t\t\t<\/div>\n\t\t\t\t<\/div>\n\t\t\t\t<div class=\"elementor-element elementor-element-ade0977 elementor-widget elementor-widget-html\" data-id=\"ade0977\" data-element_type=\"widget\" data-e-type=\"widget\" data-widget_type=\"html.default\">\n\t\t\t\t<div class=\"elementor-widget-container\">\n\t\t\t\t\t<iframe width=\"860\" height=\"484\" data-cookieconsent=\"statistics, marketing\" data-src=\"https:\/\/www.youtube.com\/embed\/4nVoln8PwyQ\" title=\"YouTube video player\" frameborder=\"0\" allow=\"accelerometer; autoplay; clipboard-write; encrypted-media; gyroscope; picture-in-picture; web-share\" allowfullscreen><\/iframe><div class=\"cookieconsent-optout-statistics cookieconsent-optout-marketing\"><\/div>\t\t\t\t<\/div>\n\t\t\t\t<\/div>\n\t\t\t\t<div class=\"elementor-element elementor-element-57bdd4e elementor-widget elementor-widget-heading\" data-id=\"57bdd4e\" data-element_type=\"widget\" data-e-type=\"widget\" data-widget_type=\"heading.default\">\n\t\t\t\t<div class=\"elementor-widget-container\">\n\t\t\t\t\t<p class=\"elementor-heading-title elementor-size-default\"><span style=\"white-space: normal\"><b>7. Lesly<\/b><\/span><\/p>\t\t\t\t<\/div>\n\t\t\t\t<\/div>\n\t\t\t\t<div class=\"elementor-element elementor-element-c6ffc9a elementor-widget elementor-widget-html\" data-id=\"c6ffc9a\" data-element_type=\"widget\" data-e-type=\"widget\" data-widget_type=\"html.default\">\n\t\t\t\t<div class=\"elementor-widget-container\">\n\t\t\t\t\t<iframe width=\"860\" height=\"484\" data-cookieconsent=\"statistics, marketing\" data-src=\"https:\/\/www.youtube.com\/embed\/pLhE3J8g2TI\" title=\"YouTube video player\" frameborder=\"0\" allow=\"accelerometer; autoplay; clipboard-write; encrypted-media; gyroscope; picture-in-picture; web-share\" allowfullscreen><\/iframe><div class=\"cookieconsent-optout-statistics cookieconsent-optout-marketing\"><\/div>\t\t\t\t<\/div>\n\t\t\t\t<\/div>\n\t\t\t\t<div class=\"elementor-element elementor-element-6694f8d elementor-widget elementor-widget-heading\" data-id=\"6694f8d\" data-element_type=\"widget\" data-e-type=\"widget\" data-widget_type=\"heading.default\">\n\t\t\t\t<div class=\"elementor-widget-container\">\n\t\t\t\t\t<p class=\"elementor-heading-title elementor-size-default\"><span style=\"white-space: normal\"><b>8. Isaac<\/b><\/span><\/p>\t\t\t\t<\/div>\n\t\t\t\t<\/div>\n\t\t\t\t<div class=\"elementor-element elementor-element-ad0b576 elementor-widget elementor-widget-html\" data-id=\"ad0b576\" data-element_type=\"widget\" data-e-type=\"widget\" data-widget_type=\"html.default\">\n\t\t\t\t<div class=\"elementor-widget-container\">\n\t\t\t\t\t<iframe width=\"860\" height=\"484\" data-cookieconsent=\"statistics, marketing\" data-src=\"https:\/\/www.youtube.com\/embed\/MZoJ7OTalWk\" title=\"YouTube video player\" frameborder=\"0\" allow=\"accelerometer; autoplay; clipboard-write; encrypted-media; gyroscope; picture-in-picture; web-share\" allowfullscreen><\/iframe><div class=\"cookieconsent-optout-statistics cookieconsent-optout-marketing\"><\/div>\t\t\t\t<\/div>\n\t\t\t\t<\/div>\n\t\t\t\t<div class=\"elementor-element elementor-element-cccfae3 elementor-widget elementor-widget-heading\" data-id=\"cccfae3\" data-element_type=\"widget\" data-e-type=\"widget\" data-widget_type=\"heading.default\">\n\t\t\t\t<div class=\"elementor-widget-container\">\n\t\t\t\t\t<p class=\"elementor-heading-title elementor-size-default\"><span style=\"white-space: normal\"><b>9. Karen<\/b><\/span><\/p>\t\t\t\t<\/div>\n\t\t\t\t<\/div>\n\t\t\t\t<div class=\"elementor-element elementor-element-04f1b23 elementor-widget elementor-widget-html\" data-id=\"04f1b23\" data-element_type=\"widget\" data-e-type=\"widget\" data-widget_type=\"html.default\">\n\t\t\t\t<div class=\"elementor-widget-container\">\n\t\t\t\t\t<iframe width=\"860\" height=\"484\" data-cookieconsent=\"statistics, marketing\" data-src=\"https:\/\/www.youtube.com\/embed\/3FeQXHpaQBE\" title=\"YouTube video player\" frameborder=\"0\" allow=\"accelerometer; autoplay; clipboard-write; encrypted-media; gyroscope; picture-in-picture; web-share\" allowfullscreen><\/iframe><div class=\"cookieconsent-optout-statistics cookieconsent-optout-marketing\"><\/div>\t\t\t\t<\/div>\n\t\t\t\t<\/div>\n\t\t\t\t<div class=\"elementor-element elementor-element-ae06d73 elementor-widget elementor-widget-heading\" data-id=\"ae06d73\" data-element_type=\"widget\" data-e-type=\"widget\" data-widget_type=\"heading.default\">\n\t\t\t\t<div class=\"elementor-widget-container\">\n\t\t\t\t\t<p class=\"elementor-heading-title elementor-size-default\"><span style=\"white-space: normal\"><b>10. Carlos<\/b><\/span><\/p>\t\t\t\t<\/div>\n\t\t\t\t<\/div>\n\t\t\t\t<div class=\"elementor-element elementor-element-75617dd elementor-widget elementor-widget-html\" data-id=\"75617dd\" data-element_type=\"widget\" data-e-type=\"widget\" data-widget_type=\"html.default\">\n\t\t\t\t<div class=\"elementor-widget-container\">\n\t\t\t\t\t<iframe width=\"860\" height=\"484\" data-cookieconsent=\"statistics, marketing\" data-src=\"https:\/\/www.youtube.com\/embed\/nFIFTlYSz9k\" title=\"YouTube video player\" frameborder=\"0\" allow=\"accelerometer; autoplay; clipboard-write; encrypted-media; gyroscope; picture-in-picture; web-share\" allowfullscreen><\/iframe><div class=\"cookieconsent-optout-statistics cookieconsent-optout-marketing\"><\/div>\t\t\t\t<\/div>\n\t\t\t\t<\/div>\n\t\t\t\t<div class=\"elementor-element elementor-element-abcffd5 elementor-widget elementor-widget-heading\" data-id=\"abcffd5\" data-element_type=\"widget\" data-e-type=\"widget\" data-widget_type=\"heading.default\">\n\t\t\t\t<div class=\"elementor-widget-container\">\n\t\t\t\t\t<p class=\"elementor-heading-title elementor-size-default\"><span style=\"white-space: normal\"><b>11. Kaisla<\/b><\/span><\/p>\t\t\t\t<\/div>\n\t\t\t\t<\/div>\n\t\t\t\t<div class=\"elementor-element elementor-element-347e889 elementor-widget elementor-widget-html\" data-id=\"347e889\" data-element_type=\"widget\" data-e-type=\"widget\" data-widget_type=\"html.default\">\n\t\t\t\t<div class=\"elementor-widget-container\">\n\t\t\t\t\t<iframe width=\"860\" height=\"484\" data-cookieconsent=\"statistics, marketing\" data-src=\"https:\/\/www.youtube.com\/embed\/98F8WJfS4M4\" title=\"YouTube video player\" frameborder=\"0\" allow=\"accelerometer; autoplay; clipboard-write; encrypted-media; gyroscope; picture-in-picture; web-share\" allowfullscreen><\/iframe><div class=\"cookieconsent-optout-statistics cookieconsent-optout-marketing\"><\/div>\t\t\t\t<\/div>\n\t\t\t\t<\/div>\n\t\t\t\t<div class=\"elementor-element elementor-element-1bc8641 elementor-widget elementor-widget-heading\" data-id=\"1bc8641\" data-element_type=\"widget\" data-e-type=\"widget\" data-widget_type=\"heading.default\">\n\t\t\t\t<div class=\"elementor-widget-container\">\n\t\t\t\t\t<p class=\"elementor-heading-title elementor-size-default\"><span style=\"white-space: normal\"><b>12. Edy<\/b><\/span><\/p>\t\t\t\t<\/div>\n\t\t\t\t<\/div>\n\t\t\t\t<div class=\"elementor-element elementor-element-ce4e29d elementor-widget elementor-widget-html\" data-id=\"ce4e29d\" data-element_type=\"widget\" data-e-type=\"widget\" data-widget_type=\"html.default\">\n\t\t\t\t<div class=\"elementor-widget-container\">\n\t\t\t\t\t<iframe width=\"860\" height=\"484\" data-cookieconsent=\"statistics, marketing\" data-src=\"https:\/\/www.youtube.com\/embed\/M_8FucqSG90\" title=\"YouTube video player\" frameborder=\"0\" allow=\"accelerometer; autoplay; clipboard-write; encrypted-media; gyroscope; picture-in-picture; web-share\" allowfullscreen><\/iframe><div class=\"cookieconsent-optout-statistics cookieconsent-optout-marketing\"><\/div>\t\t\t\t<\/div>\n\t\t\t\t<\/div>\n\t\t\t\t<div class=\"elementor-element elementor-element-01be0fe elementor-widget elementor-widget-heading\" data-id=\"01be0fe\" data-element_type=\"widget\" data-e-type=\"widget\" data-widget_type=\"heading.default\">\n\t\t\t\t<div class=\"elementor-widget-container\">\n\t\t\t\t\t<p class=\"elementor-heading-title elementor-size-default\"><span style=\"white-space: normal\"><b>13. Challengers<\/b><\/span><\/p>\t\t\t\t<\/div>\n\t\t\t\t<\/div>\n\t\t\t\t\t<\/div>\n\t\t<\/div>\n\t\t\t\t\t<\/div>\n\t\t<\/section>\n\t\t\t\t<\/div>\n\t\t","protected":false},"excerpt":{"rendered":"<p>Videoviesteiss\u00e4 guatemalalaiset, sambialaiset, nepalilaiset ja suomalaiset nuoret kertovat ajatuksiaan vaikuttamisesta ja kuinka saada aikaan muutosta. Yhteens\u00e4 12 videossa on tekstitykset suomeksi, ruotsiksi ja englanniksi. Videot l\u00f6ytyv\u00e4t my\u00f6s Taksv\u00e4rkin YouTube-kanavalta. Mik\u00e4li alla olevat videot eiv\u00e4t n\u00e4y normaalisti, sinun t\u00e4ytyy hyv\u00e4ksy\u00e4 ensin ev\u00e4steet painamalla sivun alareunassa n\u00e4kyv\u00e4\u00e4 painiketta.&nbsp; Ohje tekstitysten k\u00e4ytt\u00f6\u00f6n YoutubessaTekstityksen saa p\u00e4\u00e4lle klikkaamalla valkoista ruutua &#8230; <a title=\"Videoviestit nuorilta\" class=\"read-more\" href=\"https:\/\/www.taksvarkki.fi\/kampanja2022\/videoviestit\/\" aria-label=\"Lue lis\u00e4\u00e4 aiheesta Videoviestit nuorilta\">Lue lis\u00e4\u00e4<\/a><\/p>\n","protected":false},"author":18,"featured_media":0,"parent":0,"menu_order":0,"comment_status":"closed","ping_status":"closed","template":"","meta":{"footnotes":""},"class_list":["post-1810","page","type-page","status-publish"],"yoast_head":"<!-- This site is optimized with the Yoast SEO plugin v27.3 - https:\/\/yoast.com\/product\/yoast-seo-wordpress\/ -->\n<title>Videoviestit nuorilta - Mit\u00e4 v\u00e4lii? - Taksv\u00e4rkki 2021\u20132022<\/title>\n<meta name=\"description\" content=\"Nuoret kertovat vammaisten kohtaamasta syrjinn\u00e4st\u00e4. Kuinka voimme puuttua syrjint\u00e4\u00e4n? N\u00e4in saadaan aikaan muutosta! Katso videoviestit!\" \/>\n<meta name=\"robots\" content=\"index, follow, max-snippet:-1, max-image-preview:large, max-video-preview:-1\" \/>\n<link rel=\"canonical\" href=\"https:\/\/www.taksvarkki.fi\/kampanja2022\/videoviestit\/\" \/>\n<meta property=\"og:locale\" content=\"fi_FI\" \/>\n<meta property=\"og:type\" content=\"article\" \/>\n<meta property=\"og:title\" content=\"Videoviestit nuorilta - Mit\u00e4 v\u00e4lii? - Taksv\u00e4rkki 2021\u20132022\" \/>\n<meta property=\"og:description\" content=\"Nuoret kertovat vammaisten kohtaamasta syrjinn\u00e4st\u00e4. Kuinka voimme puuttua syrjint\u00e4\u00e4n? N\u00e4in saadaan aikaan muutosta! Katso videoviestit!\" \/>\n<meta property=\"og:url\" content=\"https:\/\/www.taksvarkki.fi\/kampanja2022\/videoviestit\/\" \/>\n<meta property=\"og:site_name\" content=\"Mit\u00e4 v\u00e4lii?\" \/>\n<meta property=\"article:modified_time\" content=\"2023-02-16T09:29:14+00:00\" \/>\n<meta name=\"twitter:card\" content=\"summary_large_image\" \/>\n<meta name=\"twitter:label1\" content=\"Arvioitu lukuaika\" \/>\n\t<meta name=\"twitter:data1\" content=\"1 minuutti\" \/>\n<script type=\"application\/ld+json\" class=\"yoast-schema-graph\">{\"@context\":\"https:\\\/\\\/schema.org\",\"@graph\":[{\"@type\":\"WebPage\",\"@id\":\"https:\\\/\\\/www.taksvarkki.fi\\\/kampanja2022\\\/videoviestit\\\/\",\"url\":\"https:\\\/\\\/www.taksvarkki.fi\\\/kampanja2022\\\/videoviestit\\\/\",\"name\":\"Videoviestit nuorilta - Mit\u00e4 v\u00e4lii? - Taksv\u00e4rkki 2021\u20132022\",\"isPartOf\":{\"@id\":\"https:\\\/\\\/www.taksvarkki.fi\\\/kampanja2022\\\/#website\"},\"datePublished\":\"2020-04-18T05:22:40+00:00\",\"dateModified\":\"2023-02-16T09:29:14+00:00\",\"description\":\"Nuoret kertovat vammaisten kohtaamasta syrjinn\u00e4st\u00e4. Kuinka voimme puuttua syrjint\u00e4\u00e4n? N\u00e4in saadaan aikaan muutosta! Katso videoviestit!\",\"breadcrumb\":{\"@id\":\"https:\\\/\\\/www.taksvarkki.fi\\\/kampanja2022\\\/videoviestit\\\/#breadcrumb\"},\"inLanguage\":\"fi\",\"potentialAction\":[{\"@type\":\"ReadAction\",\"target\":[\"https:\\\/\\\/www.taksvarkki.fi\\\/kampanja2022\\\/videoviestit\\\/\"]}]},{\"@type\":\"BreadcrumbList\",\"@id\":\"https:\\\/\\\/www.taksvarkki.fi\\\/kampanja2022\\\/videoviestit\\\/#breadcrumb\",\"itemListElement\":[{\"@type\":\"ListItem\",\"position\":1,\"name\":\"Home\",\"item\":\"https:\\\/\\\/www.taksvarkki.fi\\\/kampanja2022\\\/\"},{\"@type\":\"ListItem\",\"position\":2,\"name\":\"Videoviestit nuorilta\"}]},{\"@type\":\"WebSite\",\"@id\":\"https:\\\/\\\/www.taksvarkki.fi\\\/kampanja2022\\\/#website\",\"url\":\"https:\\\/\\\/www.taksvarkki.fi\\\/kampanja2022\\\/\",\"name\":\"Mit\u00e4 v\u00e4lii?\",\"description\":\"Taksv\u00e4rkki-kampanja 2022\",\"potentialAction\":[{\"@type\":\"SearchAction\",\"target\":{\"@type\":\"EntryPoint\",\"urlTemplate\":\"https:\\\/\\\/www.taksvarkki.fi\\\/kampanja2022\\\/?s={search_term_string}\"},\"query-input\":{\"@type\":\"PropertyValueSpecification\",\"valueRequired\":true,\"valueName\":\"search_term_string\"}}],\"inLanguage\":\"fi\"}]}<\/script>\n<!-- \/ Yoast SEO plugin. -->","yoast_head_json":{"title":"Videoviestit nuorilta - Mit\u00e4 v\u00e4lii? - Taksv\u00e4rkki 2021\u20132022","description":"Nuoret kertovat vammaisten kohtaamasta syrjinn\u00e4st\u00e4. Kuinka voimme puuttua syrjint\u00e4\u00e4n? N\u00e4in saadaan aikaan muutosta! Katso videoviestit!","robots":{"index":"index","follow":"follow","max-snippet":"max-snippet:-1","max-image-preview":"max-image-preview:large","max-video-preview":"max-video-preview:-1"},"canonical":"https:\/\/www.taksvarkki.fi\/kampanja2022\/videoviestit\/","og_locale":"fi_FI","og_type":"article","og_title":"Videoviestit nuorilta - Mit\u00e4 v\u00e4lii? - Taksv\u00e4rkki 2021\u20132022","og_description":"Nuoret kertovat vammaisten kohtaamasta syrjinn\u00e4st\u00e4. Kuinka voimme puuttua syrjint\u00e4\u00e4n? N\u00e4in saadaan aikaan muutosta! Katso videoviestit!","og_url":"https:\/\/www.taksvarkki.fi\/kampanja2022\/videoviestit\/","og_site_name":"Mit\u00e4 v\u00e4lii?","article_modified_time":"2023-02-16T09:29:14+00:00","twitter_card":"summary_large_image","twitter_misc":{"Arvioitu lukuaika":"1 minuutti"},"schema":{"@context":"https:\/\/schema.org","@graph":[{"@type":"WebPage","@id":"https:\/\/www.taksvarkki.fi\/kampanja2022\/videoviestit\/","url":"https:\/\/www.taksvarkki.fi\/kampanja2022\/videoviestit\/","name":"Videoviestit nuorilta - Mit\u00e4 v\u00e4lii? - Taksv\u00e4rkki 2021\u20132022","isPartOf":{"@id":"https:\/\/www.taksvarkki.fi\/kampanja2022\/#website"},"datePublished":"2020-04-18T05:22:40+00:00","dateModified":"2023-02-16T09:29:14+00:00","description":"Nuoret kertovat vammaisten kohtaamasta syrjinn\u00e4st\u00e4. Kuinka voimme puuttua syrjint\u00e4\u00e4n? N\u00e4in saadaan aikaan muutosta! Katso videoviestit!","breadcrumb":{"@id":"https:\/\/www.taksvarkki.fi\/kampanja2022\/videoviestit\/#breadcrumb"},"inLanguage":"fi","potentialAction":[{"@type":"ReadAction","target":["https:\/\/www.taksvarkki.fi\/kampanja2022\/videoviestit\/"]}]},{"@type":"BreadcrumbList","@id":"https:\/\/www.taksvarkki.fi\/kampanja2022\/videoviestit\/#breadcrumb","itemListElement":[{"@type":"ListItem","position":1,"name":"Home","item":"https:\/\/www.taksvarkki.fi\/kampanja2022\/"},{"@type":"ListItem","position":2,"name":"Videoviestit nuorilta"}]},{"@type":"WebSite","@id":"https:\/\/www.taksvarkki.fi\/kampanja2022\/#website","url":"https:\/\/www.taksvarkki.fi\/kampanja2022\/","name":"Mit\u00e4 v\u00e4lii?","description":"Taksv\u00e4rkki-kampanja 2022","potentialAction":[{"@type":"SearchAction","target":{"@type":"EntryPoint","urlTemplate":"https:\/\/www.taksvarkki.fi\/kampanja2022\/?s={search_term_string}"},"query-input":{"@type":"PropertyValueSpecification","valueRequired":true,"valueName":"search_term_string"}}],"inLanguage":"fi"}]}},"_links":{"self":[{"href":"https:\/\/www.taksvarkki.fi\/kampanja2022\/wp-json\/wp\/v2\/pages\/1810","targetHints":{"allow":["GET"]}}],"collection":[{"href":"https:\/\/www.taksvarkki.fi\/kampanja2022\/wp-json\/wp\/v2\/pages"}],"about":[{"href":"https:\/\/www.taksvarkki.fi\/kampanja2022\/wp-json\/wp\/v2\/types\/page"}],"author":[{"embeddable":true,"href":"https:\/\/www.taksvarkki.fi\/kampanja2022\/wp-json\/wp\/v2\/users\/18"}],"replies":[{"embeddable":true,"href":"https:\/\/www.taksvarkki.fi\/kampanja2022\/wp-json\/wp\/v2\/comments?post=1810"}],"version-history":[{"count":87,"href":"https:\/\/www.taksvarkki.fi\/kampanja2022\/wp-json\/wp\/v2\/pages\/1810\/revisions"}],"predecessor-version":[{"id":3867,"href":"https:\/\/www.taksvarkki.fi\/kampanja2022\/wp-json\/wp\/v2\/pages\/1810\/revisions\/3867"}],"wp:attachment":[{"href":"https:\/\/www.taksvarkki.fi\/kampanja2022\/wp-json\/wp\/v2\/media?parent=1810"}],"curies":[{"name":"wp","href":"https:\/\/api.w.org\/{rel}","templated":true}]}}