{"id":850,"date":"2020-06-21T21:02:39","date_gmt":"2020-06-21T18:02:39","guid":{"rendered":"https:\/\/www.taksvarkki.fi\/nepal2020\/video-gallery\/"},"modified":"2020-06-21T21:02:39","modified_gmt":"2020-06-21T18:02:39","slug":"video-gallery","status":"publish","type":"page","link":"https:\/\/www.taksvarkki.fi\/kampanja2021\/video-gallery\/","title":{"rendered":"Video Gallery"},"content":{"rendered":"<div id=\"integration-video-gallery\" class=\"emd-container emd-integration-wrap\">\n\t\t\t\t<div id='video_items_1_emd_video-cont' class='emd-container '>\n\t\t\t\t\t\t\t\t<div id='video_items_1_emd_video-view' class='emd-view-results'>\n\t\t\t\t\t\t\t\t<input type='hidden' id='emd_entity' name='emd_entity' value='emd_video'>\n\t\t\t\t<input type='hidden' id='emd_view' name='emd_view' value='video_items'>\n\t\t\t\t<input type='hidden' id='emd_view_count' name='emd_view_count' value='1'>\t\n\t\t\t\t<input type='hidden' id='emd_app' name='emd_app' value='youtube_showcase'>\n\t\t\t\t<div data-interval=\"false\" id=\"emdvideos\" class=\"carousel slide article-slide\">\n    <div class=\"carousel-inner cont-slider\"><div id=\"emd-videos\" class=\"item active\">\n\t<div class=\"emd-embed-responsive\">\n\t<iframe data-cookieconsent=\"statistics, marketing\" data-src=\"https:\/\/www.youtube-nocookie.com\/embed\/y-gx_6S5wb4\" frameborder=\"0\" allowfullscreen referrerpolicy=\"strict-origin-when-cross-origin\" allow=\"autoplay; encrypted-media; fullscreen\"><\/iframe><div class=\"cookieconsent-optout-statistics cookieconsent-optout-marketing\"><\/div>\n\t<\/div>\t\n<div class=\"panel panel-default\">\n  <div class=\"video-summary\">\n<p><a title=\"1. Ronja\" href=\"https:\/\/www.taksvarkki.fi\/kampanja2021\/videos\/ronja\/\">1. Ronja<\/a><\/p>\n <div class=\"video-excerpt\"> <\/div>\n  <\/div>\n      <!-- Controls -->\n      <div class=\"controls visible-xs-block\">\n      <a data-slide=\"prev\" role=\"button\" href=\"#emdvideos\" class=\"left carousel-control\">\n        <span class=\"icon-prev\"><\/span>\n        <span class=\"sr-only\">Previous<\/span>\n      <\/a>\n      <a data-slide=\"next\" role=\"button\" href=\"#emdvideos\" class=\"right carousel-control\">\n        <span class=\"icon-next\"><\/span>\n        <span class=\"sr-only\">Next<\/span>\n      <\/a>\n      <\/div>\n<\/div>\n <\/div><div id=\"emd-videos\" class=\"item \">\n\t<div class=\"emd-embed-responsive\">\n\t<iframe data-cookieconsent=\"statistics, marketing\" data-src=\"https:\/\/www.youtube-nocookie.com\/embed\/LwutQ8GvuB4\" frameborder=\"0\" allowfullscreen referrerpolicy=\"strict-origin-when-cross-origin\" allow=\"autoplay; encrypted-media; fullscreen\"><\/iframe><div class=\"cookieconsent-optout-statistics cookieconsent-optout-marketing\"><\/div>\n\t<\/div>\t\n<div class=\"panel panel-default\">\n  <div class=\"video-summary\">\n<p><a title=\"2. Jeff\" href=\"https:\/\/www.taksvarkki.fi\/kampanja2021\/videos\/jeff\/\">2. Jeff<\/a><\/p>\n <div class=\"video-excerpt\"> <\/div>\n  <\/div>\n      <!-- Controls -->\n      <div class=\"controls visible-xs-block\">\n      <a data-slide=\"prev\" role=\"button\" href=\"#emdvideos\" class=\"left carousel-control\">\n        <span class=\"icon-prev\"><\/span>\n        <span class=\"sr-only\">Previous<\/span>\n      <\/a>\n      <a data-slide=\"next\" role=\"button\" href=\"#emdvideos\" class=\"right carousel-control\">\n        <span class=\"icon-next\"><\/span>\n        <span class=\"sr-only\">Next<\/span>\n      <\/a>\n      <\/div>\n<\/div>\n <\/div><div id=\"emd-videos\" class=\"item \">\n\t<div class=\"emd-embed-responsive\">\n\t<iframe data-cookieconsent=\"statistics, marketing\" data-src=\"https:\/\/www.youtube-nocookie.com\/embed\/E70-BglNmic\" frameborder=\"0\" allowfullscreen referrerpolicy=\"strict-origin-when-cross-origin\" allow=\"autoplay; encrypted-media; fullscreen\"><\/iframe><div class=\"cookieconsent-optout-statistics cookieconsent-optout-marketing\"><\/div>\n\t<\/div>\t\n<div class=\"panel panel-default\">\n  <div class=\"video-summary\">\n<p><a title=\"3. Nirjala\" href=\"https:\/\/www.taksvarkki.fi\/kampanja2021\/videos\/nirjala\/\">3. Nirjala<\/a><\/p>\n <div class=\"video-excerpt\"> <\/div>\n  <\/div>\n      <!-- Controls -->\n      <div class=\"controls visible-xs-block\">\n      <a data-slide=\"prev\" role=\"button\" href=\"#emdvideos\" class=\"left carousel-control\">\n        <span class=\"icon-prev\"><\/span>\n        <span class=\"sr-only\">Previous<\/span>\n      <\/a>\n      <a data-slide=\"next\" role=\"button\" href=\"#emdvideos\" class=\"right carousel-control\">\n        <span class=\"icon-next\"><\/span>\n        <span class=\"sr-only\">Next<\/span>\n      <\/a>\n      <\/div>\n<\/div>\n <\/div><div id=\"emd-videos\" class=\"item \">\n\t<div class=\"emd-embed-responsive\">\n\t<iframe data-cookieconsent=\"statistics, marketing\" data-src=\"https:\/\/www.youtube-nocookie.com\/embed\/y54PRUR36xg\" frameborder=\"0\" allowfullscreen referrerpolicy=\"strict-origin-when-cross-origin\" allow=\"autoplay; encrypted-media; fullscreen\"><\/iframe><div class=\"cookieconsent-optout-statistics cookieconsent-optout-marketing\"><\/div>\n\t<\/div>\t\n<div class=\"panel panel-default\">\n  <div class=\"video-summary\">\n<p><a title=\"4. Chifuniro\" href=\"https:\/\/www.taksvarkki.fi\/kampanja2021\/videos\/chifuniro\/\">4. Chifuniro<\/a><\/p>\n <div class=\"video-excerpt\"> <\/div>\n  <\/div>\n      <!-- Controls -->\n      <div class=\"controls visible-xs-block\">\n      <a data-slide=\"prev\" role=\"button\" href=\"#emdvideos\" class=\"left carousel-control\">\n        <span class=\"icon-prev\"><\/span>\n        <span class=\"sr-only\">Previous<\/span>\n      <\/a>\n      <a data-slide=\"next\" role=\"button\" href=\"#emdvideos\" class=\"right carousel-control\">\n        <span class=\"icon-next\"><\/span>\n        <span class=\"sr-only\">Next<\/span>\n      <\/a>\n      <\/div>\n<\/div>\n <\/div><div id=\"emd-videos\" class=\"item \">\n\t<div class=\"emd-embed-responsive\">\n\t<iframe data-cookieconsent=\"statistics, marketing\" data-src=\"https:\/\/www.youtube-nocookie.com\/embed\/xPv9XO_-aSc\" frameborder=\"0\" allowfullscreen referrerpolicy=\"strict-origin-when-cross-origin\" allow=\"autoplay; encrypted-media; fullscreen\"><\/iframe><div class=\"cookieconsent-optout-statistics cookieconsent-optout-marketing\"><\/div>\n\t<\/div>\t\n<div class=\"panel panel-default\">\n  <div class=\"video-summary\">\n<p><a title=\"5. Madalo\" href=\"https:\/\/www.taksvarkki.fi\/kampanja2021\/videos\/madalo\/\">5. Madalo<\/a><\/p>\n <div class=\"video-excerpt\"> <\/div>\n  <\/div>\n      <!-- Controls -->\n      <div class=\"controls visible-xs-block\">\n      <a data-slide=\"prev\" role=\"button\" href=\"#emdvideos\" class=\"left carousel-control\">\n        <span class=\"icon-prev\"><\/span>\n        <span class=\"sr-only\">Previous<\/span>\n      <\/a>\n      <a data-slide=\"next\" role=\"button\" href=\"#emdvideos\" class=\"right carousel-control\">\n        <span class=\"icon-next\"><\/span>\n        <span class=\"sr-only\">Next<\/span>\n      <\/a>\n      <\/div>\n<\/div>\n <\/div><div id=\"emd-videos\" class=\"item \">\n\t<div class=\"emd-embed-responsive\">\n\t<iframe data-cookieconsent=\"statistics, marketing\" data-src=\"https:\/\/www.youtube-nocookie.com\/embed\/XoFGtuv6ciE\" frameborder=\"0\" allowfullscreen referrerpolicy=\"strict-origin-when-cross-origin\" allow=\"autoplay; encrypted-media; fullscreen\"><\/iframe><div class=\"cookieconsent-optout-statistics cookieconsent-optout-marketing\"><\/div>\n\t<\/div>\t\n<div class=\"panel panel-default\">\n  <div class=\"video-summary\">\n<p><a title=\"6. Amalia\" href=\"https:\/\/www.taksvarkki.fi\/kampanja2021\/videos\/amalia\/\">6. Amalia<\/a><\/p>\n <div class=\"video-excerpt\"> <\/div>\n  <\/div>\n      <!-- Controls -->\n      <div class=\"controls visible-xs-block\">\n      <a data-slide=\"prev\" role=\"button\" href=\"#emdvideos\" class=\"left carousel-control\">\n        <span class=\"icon-prev\"><\/span>\n        <span class=\"sr-only\">Previous<\/span>\n      <\/a>\n      <a data-slide=\"next\" role=\"button\" href=\"#emdvideos\" class=\"right carousel-control\">\n        <span class=\"icon-next\"><\/span>\n        <span class=\"sr-only\">Next<\/span>\n      <\/a>\n      <\/div>\n<\/div>\n <\/div><div id=\"emd-videos\" class=\"item \">\n\t<div class=\"emd-embed-responsive\">\n\t<iframe data-cookieconsent=\"statistics, marketing\" data-src=\"https:\/\/www.youtube-nocookie.com\/embed\/O1HHwzgErm8\" frameborder=\"0\" allowfullscreen referrerpolicy=\"strict-origin-when-cross-origin\" allow=\"autoplay; encrypted-media; fullscreen\"><\/iframe><div class=\"cookieconsent-optout-statistics cookieconsent-optout-marketing\"><\/div>\n\t<\/div>\t\n<div class=\"panel panel-default\">\n  <div class=\"video-summary\">\n<p><a title=\"7. Musa\" href=\"https:\/\/www.taksvarkki.fi\/kampanja2021\/videos\/musa\/\">7. Musa<\/a><\/p>\n <div class=\"video-excerpt\"> <\/div>\n  <\/div>\n      <!-- Controls -->\n      <div class=\"controls visible-xs-block\">\n      <a data-slide=\"prev\" role=\"button\" href=\"#emdvideos\" class=\"left carousel-control\">\n        <span class=\"icon-prev\"><\/span>\n        <span class=\"sr-only\">Previous<\/span>\n      <\/a>\n      <a data-slide=\"next\" role=\"button\" href=\"#emdvideos\" class=\"right carousel-control\">\n        <span class=\"icon-next\"><\/span>\n        <span class=\"sr-only\">Next<\/span>\n      <\/a>\n      <\/div>\n<\/div>\n <\/div><div id=\"emd-videos\" class=\"item \">\n\t<div class=\"emd-embed-responsive\">\n\t<iframe data-cookieconsent=\"statistics, marketing\" data-src=\"https:\/\/www.youtube-nocookie.com\/embed\/CWPYN04JnGY\" frameborder=\"0\" allowfullscreen referrerpolicy=\"strict-origin-when-cross-origin\" allow=\"autoplay; encrypted-media; fullscreen\"><\/iframe><div class=\"cookieconsent-optout-statistics cookieconsent-optout-marketing\"><\/div>\n\t<\/div>\t\n<div class=\"panel panel-default\">\n  <div class=\"video-summary\">\n<p><a title=\"8. Ndenda\" href=\"https:\/\/www.taksvarkki.fi\/kampanja2021\/videos\/ndenda\/\">8. Ndenda<\/a><\/p>\n <div class=\"video-excerpt\"> <\/div>\n  <\/div>\n      <!-- Controls -->\n      <div class=\"controls visible-xs-block\">\n      <a data-slide=\"prev\" role=\"button\" href=\"#emdvideos\" class=\"left carousel-control\">\n        <span class=\"icon-prev\"><\/span>\n        <span class=\"sr-only\">Previous<\/span>\n      <\/a>\n      <a data-slide=\"next\" role=\"button\" href=\"#emdvideos\" class=\"right carousel-control\">\n        <span class=\"icon-next\"><\/span>\n        <span class=\"sr-only\">Next<\/span>\n      <\/a>\n      <\/div>\n<\/div>\n <\/div><\/div>\n<\/div>\t\t\t\t\t<div class='pagination-bar' style='clear:both;'>\n\t\t\t\t\t<ul class='emd-pagination hidden'><li class='active'><span aria-current=\"page\" class=\"page-numbers current\">1<\/span><\/li><li><a class=\"page-numbers\" href=\"https:\/\/www.taksvarkki.fi\/kampanja2021\/\/page\/2\/\">2<\/a><\/li><li><a class=\"next page-numbers\" href=\"https:\/\/www.taksvarkki.fi\/kampanja2021\/\/page\/2\/\">Seuraava &raquo;<\/a><\/li><\/ul>\t\t\t\t\t<\/div>\n\t\t\t\t\t\t\t\t<\/div>\n\t\t\t\t<\/div>\n\t\t\t\t\n\t\t\t\t<div id='video_indicators_2_emd_video-cont' class='emd-container '>\n\t\t\t\t\t\t\t\t<div id='video_indicators_2_emd_video-view' class='emd-view-results'>\n\t\t\t\t\t\t\t\t<input type='hidden' id='emd_entity' name='emd_entity' value='emd_video'>\n\t\t\t\t<input type='hidden' id='emd_view' name='emd_view' value='video_indicators'>\n\t\t\t\t<input type='hidden' id='emd_view_count' name='emd_view_count' value='2'>\t\n\t\t\t\t<input type='hidden' id='emd_app' name='emd_app' value='youtube_showcase'>\n\t\t\t\t<div class=\"row hidden-xs\"><div style=\"cursor: pointer;\" class=\"col-lg-3 col-sm-4 col-xs-6 active\" data-slide-to=\"0\" data-target=\"#emdvideos\" onclick=\"[removed]='#emdvideos'\">\n<div class=\"panel panel-info item-video\">\n  <div class=\"panel-body emd-vid\">\n            <div class=\"thumbnail\" style=\"padding:0;border: 0;border-bottom-left-radius: 0;border-bottom-right-radius: 0;\">\n                <img decoding=\"async\" style=\"width:100%;height:auto;\" src=\"https:\/\/img.youtube.com\/vi\/y-gx_6S5wb4\/mqdefault.jpg\" alt=\"1. Ronja\" \/>\n            <\/div>\n  <\/div>\n  <div class=\"panel-footer\" style=\"background-color: rgba(0, 0, 0, 0);\">1. Ronja<\/div>\n<\/div>\n <\/div><div style=\"cursor: pointer;\" class=\"col-lg-3 col-sm-4 col-xs-6 \" data-slide-to=\"1\" data-target=\"#emdvideos\" onclick=\"[removed]='#emdvideos'\">\n<div class=\"panel panel-info item-video\">\n  <div class=\"panel-body emd-vid\">\n            <div class=\"thumbnail\" style=\"padding:0;border: 0;border-bottom-left-radius: 0;border-bottom-right-radius: 0;\">\n                <img decoding=\"async\" style=\"width:100%;height:auto;\" src=\"https:\/\/img.youtube.com\/vi\/LwutQ8GvuB4\/mqdefault.jpg\" alt=\"2. Jeff\" \/>\n            <\/div>\n  <\/div>\n  <div class=\"panel-footer\" style=\"background-color: rgba(0, 0, 0, 0);\">2. Jeff<\/div>\n<\/div>\n <\/div><div style=\"cursor: pointer;\" class=\"col-lg-3 col-sm-4 col-xs-6 \" data-slide-to=\"2\" data-target=\"#emdvideos\" onclick=\"[removed]='#emdvideos'\">\n<div class=\"panel panel-info item-video\">\n  <div class=\"panel-body emd-vid\">\n            <div class=\"thumbnail\" style=\"padding:0;border: 0;border-bottom-left-radius: 0;border-bottom-right-radius: 0;\">\n                <img decoding=\"async\" style=\"width:100%;height:auto;\" src=\"https:\/\/img.youtube.com\/vi\/E70-BglNmic\/mqdefault.jpg\" alt=\"3. Nirjala\" \/>\n            <\/div>\n  <\/div>\n  <div class=\"panel-footer\" style=\"background-color: rgba(0, 0, 0, 0);\">3. Nirjala<\/div>\n<\/div>\n <\/div><div style=\"cursor: pointer;\" class=\"col-lg-3 col-sm-4 col-xs-6 \" data-slide-to=\"3\" data-target=\"#emdvideos\" onclick=\"[removed]='#emdvideos'\">\n<div class=\"panel panel-info item-video\">\n  <div class=\"panel-body emd-vid\">\n            <div class=\"thumbnail\" style=\"padding:0;border: 0;border-bottom-left-radius: 0;border-bottom-right-radius: 0;\">\n                <img decoding=\"async\" style=\"width:100%;height:auto;\" src=\"https:\/\/img.youtube.com\/vi\/y54PRUR36xg\/mqdefault.jpg\" alt=\"4. Chifuniro\" \/>\n            <\/div>\n  <\/div>\n  <div class=\"panel-footer\" style=\"background-color: rgba(0, 0, 0, 0);\">4. Chifuniro<\/div>\n<\/div>\n <\/div><div style=\"cursor: pointer;\" class=\"col-lg-3 col-sm-4 col-xs-6 \" data-slide-to=\"4\" data-target=\"#emdvideos\" onclick=\"[removed]='#emdvideos'\">\n<div class=\"panel panel-info item-video\">\n  <div class=\"panel-body emd-vid\">\n            <div class=\"thumbnail\" style=\"padding:0;border: 0;border-bottom-left-radius: 0;border-bottom-right-radius: 0;\">\n                <img decoding=\"async\" style=\"width:100%;height:auto;\" src=\"https:\/\/img.youtube.com\/vi\/xPv9XO_-aSc\/mqdefault.jpg\" alt=\"5. Madalo\" \/>\n            <\/div>\n  <\/div>\n  <div class=\"panel-footer\" style=\"background-color: rgba(0, 0, 0, 0);\">5. Madalo<\/div>\n<\/div>\n <\/div><div style=\"cursor: pointer;\" class=\"col-lg-3 col-sm-4 col-xs-6 \" data-slide-to=\"5\" data-target=\"#emdvideos\" onclick=\"[removed]='#emdvideos'\">\n<div class=\"panel panel-info item-video\">\n  <div class=\"panel-body emd-vid\">\n            <div class=\"thumbnail\" style=\"padding:0;border: 0;border-bottom-left-radius: 0;border-bottom-right-radius: 0;\">\n                <img decoding=\"async\" style=\"width:100%;height:auto;\" src=\"https:\/\/img.youtube.com\/vi\/XoFGtuv6ciE\/mqdefault.jpg\" alt=\"6. Amalia\" \/>\n            <\/div>\n  <\/div>\n  <div class=\"panel-footer\" style=\"background-color: rgba(0, 0, 0, 0);\">6. Amalia<\/div>\n<\/div>\n <\/div><div style=\"cursor: pointer;\" class=\"col-lg-3 col-sm-4 col-xs-6 \" data-slide-to=\"6\" data-target=\"#emdvideos\" onclick=\"[removed]='#emdvideos'\">\n<div class=\"panel panel-info item-video\">\n  <div class=\"panel-body emd-vid\">\n            <div class=\"thumbnail\" style=\"padding:0;border: 0;border-bottom-left-radius: 0;border-bottom-right-radius: 0;\">\n                <img decoding=\"async\" style=\"width:100%;height:auto;\" src=\"https:\/\/img.youtube.com\/vi\/O1HHwzgErm8\/mqdefault.jpg\" alt=\"7. Musa\" \/>\n            <\/div>\n  <\/div>\n  <div class=\"panel-footer\" style=\"background-color: rgba(0, 0, 0, 0);\">7. Musa<\/div>\n<\/div>\n <\/div><div style=\"cursor: pointer;\" class=\"col-lg-3 col-sm-4 col-xs-6 \" data-slide-to=\"7\" data-target=\"#emdvideos\" onclick=\"[removed]='#emdvideos'\">\n<div class=\"panel panel-info item-video\">\n  <div class=\"panel-body emd-vid\">\n            <div class=\"thumbnail\" style=\"padding:0;border: 0;border-bottom-left-radius: 0;border-bottom-right-radius: 0;\">\n                <img decoding=\"async\" style=\"width:100%;height:auto;\" src=\"https:\/\/img.youtube.com\/vi\/CWPYN04JnGY\/mqdefault.jpg\" alt=\"8. Ndenda\" \/>\n            <\/div>\n  <\/div>\n  <div class=\"panel-footer\" style=\"background-color: rgba(0, 0, 0, 0);\">8. Ndenda<\/div>\n<\/div>\n <\/div><\/div>\t\t\t\t\t<div class='pagination-bar' style='clear:both;'>\n\t\t\t\t\t<ul class='emd-pagination '><li class='active'><span aria-current=\"page\" class=\"page-numbers current\">1<\/span><\/li><li><a class=\"page-numbers\" href=\"https:\/\/www.taksvarkki.fi\/kampanja2021\/\/page\/2\/\">2<\/a><\/li><li><a class=\"next page-numbers\" href=\"https:\/\/www.taksvarkki.fi\/kampanja2021\/\/page\/2\/\">Seuraava &raquo;<\/a><\/li><\/ul>\t\t\t\t\t<\/div>\n\t\t\t\t\t\t\t\t<\/div>\n\t\t\t\t<\/div>\n\t\t\t\t<\/div><!--container-end-->\n","protected":false},"excerpt":{"rendered":"","protected":false},"author":18,"featured_media":0,"parent":0,"menu_order":0,"comment_status":"closed","ping_status":"closed","template":"","meta":{"footnotes":""},"class_list":["post-850","page","type-page","status-publish","hentry"],"yoast_head":"<!-- This site is optimized with the Yoast SEO plugin v27.4 - https:\/\/yoast.com\/product\/yoast-seo-wordpress\/ -->\n<title>Video Gallery - Mik\u00e4 sua est\u00e4\u00e4?<\/title>\n<meta name=\"robots\" content=\"index, follow, max-snippet:-1, max-image-preview:large, max-video-preview:-1\" \/>\n<link rel=\"canonical\" href=\"https:\/\/www.taksvarkki.fi\/kampanja2021\/video-gallery\/\" \/>\n<meta property=\"og:locale\" content=\"fi_FI\" \/>\n<meta property=\"og:type\" content=\"article\" \/>\n<meta property=\"og:title\" content=\"Video Gallery - Mik\u00e4 sua est\u00e4\u00e4?\" \/>\n<meta property=\"og:url\" content=\"https:\/\/www.taksvarkki.fi\/kampanja2021\/video-gallery\/\" \/>\n<meta property=\"og:site_name\" content=\"Mik\u00e4 sua est\u00e4\u00e4?\" \/>\n<meta name=\"twitter:card\" content=\"summary_large_image\" \/>\n<script type=\"application\/ld+json\" class=\"yoast-schema-graph\">{\"@context\":\"https:\\\/\\\/schema.org\",\"@graph\":[{\"@type\":\"WebPage\",\"@id\":\"https:\\\/\\\/www.taksvarkki.fi\\\/kampanja2021\\\/video-gallery\\\/\",\"url\":\"https:\\\/\\\/www.taksvarkki.fi\\\/kampanja2021\\\/video-gallery\\\/\",\"name\":\"Video Gallery - Mik\u00e4 sua est\u00e4\u00e4?\",\"isPartOf\":{\"@id\":\"https:\\\/\\\/www.taksvarkki.fi\\\/kampanja2021\\\/#website\"},\"datePublished\":\"2020-06-21T18:02:39+00:00\",\"breadcrumb\":{\"@id\":\"https:\\\/\\\/www.taksvarkki.fi\\\/kampanja2021\\\/video-gallery\\\/#breadcrumb\"},\"inLanguage\":\"fi\",\"potentialAction\":[{\"@type\":\"ReadAction\",\"target\":[\"https:\\\/\\\/www.taksvarkki.fi\\\/kampanja2021\\\/video-gallery\\\/\"]}]},{\"@type\":\"BreadcrumbList\",\"@id\":\"https:\\\/\\\/www.taksvarkki.fi\\\/kampanja2021\\\/video-gallery\\\/#breadcrumb\",\"itemListElement\":[{\"@type\":\"ListItem\",\"position\":1,\"name\":\"Etusivu\",\"item\":\"https:\\\/\\\/www.taksvarkki.fi\\\/kampanja2021\\\/\"},{\"@type\":\"ListItem\",\"position\":2,\"name\":\"Video Gallery\"}]},{\"@type\":\"WebSite\",\"@id\":\"https:\\\/\\\/www.taksvarkki.fi\\\/kampanja2021\\\/#website\",\"url\":\"https:\\\/\\\/www.taksvarkki.fi\\\/kampanja2021\\\/\",\"name\":\"Mik\u00e4 sua est\u00e4\u00e4?\",\"description\":\"Uusi Taksvarkki ry -sivusto\",\"potentialAction\":[{\"@type\":\"SearchAction\",\"target\":{\"@type\":\"EntryPoint\",\"urlTemplate\":\"https:\\\/\\\/www.taksvarkki.fi\\\/kampanja2021\\\/?s={search_term_string}\"},\"query-input\":{\"@type\":\"PropertyValueSpecification\",\"valueRequired\":true,\"valueName\":\"search_term_string\"}}],\"inLanguage\":\"fi\"}]}<\/script>\n<!-- \/ Yoast SEO plugin. -->","yoast_head_json":{"title":"Video Gallery - Mik\u00e4 sua est\u00e4\u00e4?","robots":{"index":"index","follow":"follow","max-snippet":"max-snippet:-1","max-image-preview":"max-image-preview:large","max-video-preview":"max-video-preview:-1"},"canonical":"https:\/\/www.taksvarkki.fi\/kampanja2021\/video-gallery\/","og_locale":"fi_FI","og_type":"article","og_title":"Video Gallery - Mik\u00e4 sua est\u00e4\u00e4?","og_url":"https:\/\/www.taksvarkki.fi\/kampanja2021\/video-gallery\/","og_site_name":"Mik\u00e4 sua est\u00e4\u00e4?","twitter_card":"summary_large_image","schema":{"@context":"https:\/\/schema.org","@graph":[{"@type":"WebPage","@id":"https:\/\/www.taksvarkki.fi\/kampanja2021\/video-gallery\/","url":"https:\/\/www.taksvarkki.fi\/kampanja2021\/video-gallery\/","name":"Video Gallery - Mik\u00e4 sua est\u00e4\u00e4?","isPartOf":{"@id":"https:\/\/www.taksvarkki.fi\/kampanja2021\/#website"},"datePublished":"2020-06-21T18:02:39+00:00","breadcrumb":{"@id":"https:\/\/www.taksvarkki.fi\/kampanja2021\/video-gallery\/#breadcrumb"},"inLanguage":"fi","potentialAction":[{"@type":"ReadAction","target":["https:\/\/www.taksvarkki.fi\/kampanja2021\/video-gallery\/"]}]},{"@type":"BreadcrumbList","@id":"https:\/\/www.taksvarkki.fi\/kampanja2021\/video-gallery\/#breadcrumb","itemListElement":[{"@type":"ListItem","position":1,"name":"Etusivu","item":"https:\/\/www.taksvarkki.fi\/kampanja2021\/"},{"@type":"ListItem","position":2,"name":"Video Gallery"}]},{"@type":"WebSite","@id":"https:\/\/www.taksvarkki.fi\/kampanja2021\/#website","url":"https:\/\/www.taksvarkki.fi\/kampanja2021\/","name":"Mik\u00e4 sua est\u00e4\u00e4?","description":"Uusi Taksvarkki ry -sivusto","potentialAction":[{"@type":"SearchAction","target":{"@type":"EntryPoint","urlTemplate":"https:\/\/www.taksvarkki.fi\/kampanja2021\/?s={search_term_string}"},"query-input":{"@type":"PropertyValueSpecification","valueRequired":true,"valueName":"search_term_string"}}],"inLanguage":"fi"}]}},"_links":{"self":[{"href":"https:\/\/www.taksvarkki.fi\/kampanja2021\/wp-json\/wp\/v2\/pages\/850","targetHints":{"allow":["GET"]}}],"collection":[{"href":"https:\/\/www.taksvarkki.fi\/kampanja2021\/wp-json\/wp\/v2\/pages"}],"about":[{"href":"https:\/\/www.taksvarkki.fi\/kampanja2021\/wp-json\/wp\/v2\/types\/page"}],"author":[{"embeddable":true,"href":"https:\/\/www.taksvarkki.fi\/kampanja2021\/wp-json\/wp\/v2\/users\/18"}],"replies":[{"embeddable":true,"href":"https:\/\/www.taksvarkki.fi\/kampanja2021\/wp-json\/wp\/v2\/comments?post=850"}],"version-history":[{"count":0,"href":"https:\/\/www.taksvarkki.fi\/kampanja2021\/wp-json\/wp\/v2\/pages\/850\/revisions"}],"wp:attachment":[{"href":"https:\/\/www.taksvarkki.fi\/kampanja2021\/wp-json\/wp\/v2\/media?parent=850"}],"curies":[{"name":"wp","href":"https:\/\/api.w.org\/{rel}","templated":true}]}}