{"id":849,"date":"2020-06-21T21:02:39","date_gmt":"2020-06-21T18:02:39","guid":{"rendered":"https:\/\/www.taksvarkki.fi\/nepal2020\/video-grid-gallery\/"},"modified":"2020-06-21T21:02:39","modified_gmt":"2020-06-21T18:02:39","slug":"video-grid-gallery","status":"publish","type":"page","link":"https:\/\/www.taksvarkki.fi\/kampanja2021\/video-grid-gallery\/","title":{"rendered":"Video Grid Gallery"},"content":{"rendered":"\t\t\t\t<div id='video_grid_1_emd_video-cont' class='emd-container '>\n\t\t\t\t\t\t\t\t<div id='video_grid_1_emd_video-view' class='emd-view-results'>\n\t\t\t\t\t\t\t\t<input type='hidden' id='emd_entity' name='emd_entity' value='emd_video'>\n\t\t\t\t<input type='hidden' id='emd_view' name='emd_view' value='video_grid'>\n\t\t\t\t<input type='hidden' id='emd_view_count' name='emd_view_count' value='1'>\t\n\t\t\t\t<input type='hidden' id='emd_app' name='emd_app' value='youtube_showcase'>\n\t\t\t\t<div class=\"row row-no-gutter\"><a href=\"https:\/\/www.taksvarkki.fi\/kampanja2021\/videos\/ronja\/\" title=\"1. Ronja\">\n<div class=\"col-lg-3 col-sm-4 col-xs-6\">\n<div class=\"panel panel-info item-video\">\n  <div class=\"panel-body emd-vid\">\n            <div class=\"thumbnail\" style=\"padding:0;border: 0;border-bottom-left-radius: 0;border-bottom-right-radius: 0;\">\n                <img decoding=\"async\" style=\"width:100%;height:auto;\" src=\"https:\/\/img.youtube.com\/vi\/y-gx_6S5wb4\/mqdefault.jpg\" alt=\"1. Ronja\" \/>\n            <\/div>\n  <\/div>\n  <div class=\"panel-footer\" style=\"background-color: rgba(0, 0, 0, 0);\">1. Ronja<\/div>\n<\/div>\n <\/div>\n<\/a><a href=\"https:\/\/www.taksvarkki.fi\/kampanja2021\/videos\/jeff\/\" title=\"2. Jeff\">\n<div class=\"col-lg-3 col-sm-4 col-xs-6\">\n<div class=\"panel panel-info item-video\">\n  <div class=\"panel-body emd-vid\">\n            <div class=\"thumbnail\" style=\"padding:0;border: 0;border-bottom-left-radius: 0;border-bottom-right-radius: 0;\">\n                <img decoding=\"async\" style=\"width:100%;height:auto;\" src=\"https:\/\/img.youtube.com\/vi\/LwutQ8GvuB4\/mqdefault.jpg\" alt=\"2. Jeff\" \/>\n            <\/div>\n  <\/div>\n  <div class=\"panel-footer\" style=\"background-color: rgba(0, 0, 0, 0);\">2. Jeff<\/div>\n<\/div>\n <\/div>\n<\/a><a href=\"https:\/\/www.taksvarkki.fi\/kampanja2021\/videos\/nirjala\/\" title=\"3. Nirjala\">\n<div class=\"col-lg-3 col-sm-4 col-xs-6\">\n<div class=\"panel panel-info item-video\">\n  <div class=\"panel-body emd-vid\">\n            <div class=\"thumbnail\" style=\"padding:0;border: 0;border-bottom-left-radius: 0;border-bottom-right-radius: 0;\">\n                <img decoding=\"async\" style=\"width:100%;height:auto;\" src=\"https:\/\/img.youtube.com\/vi\/E70-BglNmic\/mqdefault.jpg\" alt=\"3. Nirjala\" \/>\n            <\/div>\n  <\/div>\n  <div class=\"panel-footer\" style=\"background-color: rgba(0, 0, 0, 0);\">3. Nirjala<\/div>\n<\/div>\n <\/div>\n<\/a><a href=\"https:\/\/www.taksvarkki.fi\/kampanja2021\/videos\/chifuniro\/\" title=\"4. Chifuniro\">\n<div class=\"col-lg-3 col-sm-4 col-xs-6\">\n<div class=\"panel panel-info item-video\">\n  <div class=\"panel-body emd-vid\">\n            <div class=\"thumbnail\" style=\"padding:0;border: 0;border-bottom-left-radius: 0;border-bottom-right-radius: 0;\">\n                <img decoding=\"async\" style=\"width:100%;height:auto;\" src=\"https:\/\/img.youtube.com\/vi\/y54PRUR36xg\/mqdefault.jpg\" alt=\"4. Chifuniro\" \/>\n            <\/div>\n  <\/div>\n  <div class=\"panel-footer\" style=\"background-color: rgba(0, 0, 0, 0);\">4. Chifuniro<\/div>\n<\/div>\n <\/div>\n<\/a><a href=\"https:\/\/www.taksvarkki.fi\/kampanja2021\/videos\/madalo\/\" title=\"5. Madalo\">\n<div class=\"col-lg-3 col-sm-4 col-xs-6\">\n<div class=\"panel panel-info item-video\">\n  <div class=\"panel-body emd-vid\">\n            <div class=\"thumbnail\" style=\"padding:0;border: 0;border-bottom-left-radius: 0;border-bottom-right-radius: 0;\">\n                <img decoding=\"async\" style=\"width:100%;height:auto;\" src=\"https:\/\/img.youtube.com\/vi\/xPv9XO_-aSc\/mqdefault.jpg\" alt=\"5. Madalo\" \/>\n            <\/div>\n  <\/div>\n  <div class=\"panel-footer\" style=\"background-color: rgba(0, 0, 0, 0);\">5. Madalo<\/div>\n<\/div>\n <\/div>\n<\/a><a href=\"https:\/\/www.taksvarkki.fi\/kampanja2021\/videos\/amalia\/\" title=\"6. Amalia\">\n<div class=\"col-lg-3 col-sm-4 col-xs-6\">\n<div class=\"panel panel-info item-video\">\n  <div class=\"panel-body emd-vid\">\n            <div class=\"thumbnail\" style=\"padding:0;border: 0;border-bottom-left-radius: 0;border-bottom-right-radius: 0;\">\n                <img decoding=\"async\" style=\"width:100%;height:auto;\" src=\"https:\/\/img.youtube.com\/vi\/XoFGtuv6ciE\/mqdefault.jpg\" alt=\"6. Amalia\" \/>\n            <\/div>\n  <\/div>\n  <div class=\"panel-footer\" style=\"background-color: rgba(0, 0, 0, 0);\">6. Amalia<\/div>\n<\/div>\n <\/div>\n<\/a><a href=\"https:\/\/www.taksvarkki.fi\/kampanja2021\/videos\/musa\/\" title=\"7. Musa\">\n<div class=\"col-lg-3 col-sm-4 col-xs-6\">\n<div class=\"panel panel-info item-video\">\n  <div class=\"panel-body emd-vid\">\n            <div class=\"thumbnail\" style=\"padding:0;border: 0;border-bottom-left-radius: 0;border-bottom-right-radius: 0;\">\n                <img decoding=\"async\" style=\"width:100%;height:auto;\" src=\"https:\/\/img.youtube.com\/vi\/O1HHwzgErm8\/mqdefault.jpg\" alt=\"7. Musa\" \/>\n            <\/div>\n  <\/div>\n  <div class=\"panel-footer\" style=\"background-color: rgba(0, 0, 0, 0);\">7. Musa<\/div>\n<\/div>\n <\/div>\n<\/a><a href=\"https:\/\/www.taksvarkki.fi\/kampanja2021\/videos\/ndenda\/\" title=\"8. Ndenda\">\n<div class=\"col-lg-3 col-sm-4 col-xs-6\">\n<div class=\"panel panel-info item-video\">\n  <div class=\"panel-body emd-vid\">\n            <div class=\"thumbnail\" style=\"padding:0;border: 0;border-bottom-left-radius: 0;border-bottom-right-radius: 0;\">\n                <img decoding=\"async\" style=\"width:100%;height:auto;\" src=\"https:\/\/img.youtube.com\/vi\/CWPYN04JnGY\/mqdefault.jpg\" alt=\"8. Ndenda\" \/>\n            <\/div>\n  <\/div>\n  <div class=\"panel-footer\" style=\"background-color: rgba(0, 0, 0, 0);\">8. Ndenda<\/div>\n<\/div>\n <\/div>\n<\/a><a href=\"https:\/\/www.taksvarkki.fi\/kampanja2021\/videos\/hashim\/\" title=\"9. Hashim\">\n<div class=\"col-lg-3 col-sm-4 col-xs-6\">\n<div class=\"panel panel-info item-video\">\n  <div class=\"panel-body emd-vid\">\n            <div class=\"thumbnail\" style=\"padding:0;border: 0;border-bottom-left-radius: 0;border-bottom-right-radius: 0;\">\n                <img decoding=\"async\" style=\"width:100%;height:auto;\" src=\"https:\/\/img.youtube.com\/vi\/4Q8roCyKIuk\/mqdefault.jpg\" alt=\"9. Hashim\" \/>\n            <\/div>\n  <\/div>\n  <div class=\"panel-footer\" style=\"background-color: rgba(0, 0, 0, 0);\">9. Hashim<\/div>\n<\/div>\n <\/div>\n<\/a><a href=\"https:\/\/www.taksvarkki.fi\/kampanja2021\/videos\/emma\/\" title=\"10. Emma\">\n<div class=\"col-lg-3 col-sm-4 col-xs-6\">\n<div class=\"panel panel-info item-video\">\n  <div class=\"panel-body emd-vid\">\n            <div class=\"thumbnail\" style=\"padding:0;border: 0;border-bottom-left-radius: 0;border-bottom-right-radius: 0;\">\n                <img decoding=\"async\" style=\"width:100%;height:auto;\" src=\"https:\/\/img.youtube.com\/vi\/wzYJAOfxwq0\/mqdefault.jpg\" alt=\"10. Emma\" \/>\n            <\/div>\n  <\/div>\n  <div class=\"panel-footer\" style=\"background-color: rgba(0, 0, 0, 0);\">10. Emma<\/div>\n<\/div>\n <\/div>\n<\/a><a href=\"https:\/\/www.taksvarkki.fi\/kampanja2021\/videos\/madalitso\/\" title=\"11. Madalitso\">\n<div class=\"col-lg-3 col-sm-4 col-xs-6\">\n<div class=\"panel panel-info item-video\">\n  <div class=\"panel-body emd-vid\">\n            <div class=\"thumbnail\" style=\"padding:0;border: 0;border-bottom-left-radius: 0;border-bottom-right-radius: 0;\">\n                <img decoding=\"async\" style=\"width:100%;height:auto;\" src=\"https:\/\/img.youtube.com\/vi\/xr7fGmNucL0\/mqdefault.jpg\" alt=\"11. Madalitso\" \/>\n            <\/div>\n  <\/div>\n  <div class=\"panel-footer\" style=\"background-color: rgba(0, 0, 0, 0);\">11. Madalitso<\/div>\n<\/div>\n <\/div>\n<\/a><a href=\"https:\/\/www.taksvarkki.fi\/kampanja2021\/videos\/anita\/\" title=\"12. Anita\">\n<div class=\"col-lg-3 col-sm-4 col-xs-6\">\n<div class=\"panel panel-info item-video\">\n  <div class=\"panel-body emd-vid\">\n            <div class=\"thumbnail\" style=\"padding:0;border: 0;border-bottom-left-radius: 0;border-bottom-right-radius: 0;\">\n                <img decoding=\"async\" style=\"width:100%;height:auto;\" src=\"https:\/\/img.youtube.com\/vi\/R0gCe9mbQbQ\/mqdefault.jpg\" alt=\"12. Anita\" \/>\n            <\/div>\n  <\/div>\n  <div class=\"panel-footer\" style=\"background-color: rgba(0, 0, 0, 0);\">12. Anita<\/div>\n<\/div>\n <\/div>\n<\/a><\/div>\t\t\t\t<\/div>\n\t\t\t\t<\/div>\n\t\t\t\t\n","protected":false},"excerpt":{"rendered":"","protected":false},"author":18,"featured_media":0,"parent":0,"menu_order":0,"comment_status":"closed","ping_status":"closed","template":"","meta":{"footnotes":""},"class_list":["post-849","page","type-page","status-publish","hentry"],"yoast_head":"<!-- This site is optimized with the Yoast SEO plugin v27.4 - https:\/\/yoast.com\/product\/yoast-seo-wordpress\/ -->\n<title>Video Grid Gallery - Mik\u00e4 sua est\u00e4\u00e4?<\/title>\n<meta name=\"robots\" content=\"index, follow, max-snippet:-1, max-image-preview:large, max-video-preview:-1\" \/>\n<link rel=\"canonical\" href=\"https:\/\/www.taksvarkki.fi\/kampanja2021\/video-grid-gallery\/\" \/>\n<meta property=\"og:locale\" content=\"fi_FI\" \/>\n<meta property=\"og:type\" content=\"article\" \/>\n<meta property=\"og:title\" content=\"Video Grid Gallery - Mik\u00e4 sua est\u00e4\u00e4?\" \/>\n<meta property=\"og:url\" content=\"https:\/\/www.taksvarkki.fi\/kampanja2021\/video-grid-gallery\/\" \/>\n<meta property=\"og:site_name\" content=\"Mik\u00e4 sua est\u00e4\u00e4?\" \/>\n<meta name=\"twitter:card\" content=\"summary_large_image\" \/>\n<script type=\"application\/ld+json\" class=\"yoast-schema-graph\">{\"@context\":\"https:\\\/\\\/schema.org\",\"@graph\":[{\"@type\":\"WebPage\",\"@id\":\"https:\\\/\\\/www.taksvarkki.fi\\\/kampanja2021\\\/video-grid-gallery\\\/\",\"url\":\"https:\\\/\\\/www.taksvarkki.fi\\\/kampanja2021\\\/video-grid-gallery\\\/\",\"name\":\"Video Grid Gallery - Mik\u00e4 sua est\u00e4\u00e4?\",\"isPartOf\":{\"@id\":\"https:\\\/\\\/www.taksvarkki.fi\\\/kampanja2021\\\/#website\"},\"datePublished\":\"2020-06-21T18:02:39+00:00\",\"breadcrumb\":{\"@id\":\"https:\\\/\\\/www.taksvarkki.fi\\\/kampanja2021\\\/video-grid-gallery\\\/#breadcrumb\"},\"inLanguage\":\"fi\",\"potentialAction\":[{\"@type\":\"ReadAction\",\"target\":[\"https:\\\/\\\/www.taksvarkki.fi\\\/kampanja2021\\\/video-grid-gallery\\\/\"]}]},{\"@type\":\"BreadcrumbList\",\"@id\":\"https:\\\/\\\/www.taksvarkki.fi\\\/kampanja2021\\\/video-grid-gallery\\\/#breadcrumb\",\"itemListElement\":[{\"@type\":\"ListItem\",\"position\":1,\"name\":\"Etusivu\",\"item\":\"https:\\\/\\\/www.taksvarkki.fi\\\/kampanja2021\\\/\"},{\"@type\":\"ListItem\",\"position\":2,\"name\":\"Video Grid Gallery\"}]},{\"@type\":\"WebSite\",\"@id\":\"https:\\\/\\\/www.taksvarkki.fi\\\/kampanja2021\\\/#website\",\"url\":\"https:\\\/\\\/www.taksvarkki.fi\\\/kampanja2021\\\/\",\"name\":\"Mik\u00e4 sua est\u00e4\u00e4?\",\"description\":\"Uusi Taksvarkki ry -sivusto\",\"potentialAction\":[{\"@type\":\"SearchAction\",\"target\":{\"@type\":\"EntryPoint\",\"urlTemplate\":\"https:\\\/\\\/www.taksvarkki.fi\\\/kampanja2021\\\/?s={search_term_string}\"},\"query-input\":{\"@type\":\"PropertyValueSpecification\",\"valueRequired\":true,\"valueName\":\"search_term_string\"}}],\"inLanguage\":\"fi\"}]}<\/script>\n<!-- \/ Yoast SEO plugin. -->","yoast_head_json":{"title":"Video Grid Gallery - Mik\u00e4 sua est\u00e4\u00e4?","robots":{"index":"index","follow":"follow","max-snippet":"max-snippet:-1","max-image-preview":"max-image-preview:large","max-video-preview":"max-video-preview:-1"},"canonical":"https:\/\/www.taksvarkki.fi\/kampanja2021\/video-grid-gallery\/","og_locale":"fi_FI","og_type":"article","og_title":"Video Grid Gallery - Mik\u00e4 sua est\u00e4\u00e4?","og_url":"https:\/\/www.taksvarkki.fi\/kampanja2021\/video-grid-gallery\/","og_site_name":"Mik\u00e4 sua est\u00e4\u00e4?","twitter_card":"summary_large_image","schema":{"@context":"https:\/\/schema.org","@graph":[{"@type":"WebPage","@id":"https:\/\/www.taksvarkki.fi\/kampanja2021\/video-grid-gallery\/","url":"https:\/\/www.taksvarkki.fi\/kampanja2021\/video-grid-gallery\/","name":"Video Grid Gallery - Mik\u00e4 sua est\u00e4\u00e4?","isPartOf":{"@id":"https:\/\/www.taksvarkki.fi\/kampanja2021\/#website"},"datePublished":"2020-06-21T18:02:39+00:00","breadcrumb":{"@id":"https:\/\/www.taksvarkki.fi\/kampanja2021\/video-grid-gallery\/#breadcrumb"},"inLanguage":"fi","potentialAction":[{"@type":"ReadAction","target":["https:\/\/www.taksvarkki.fi\/kampanja2021\/video-grid-gallery\/"]}]},{"@type":"BreadcrumbList","@id":"https:\/\/www.taksvarkki.fi\/kampanja2021\/video-grid-gallery\/#breadcrumb","itemListElement":[{"@type":"ListItem","position":1,"name":"Etusivu","item":"https:\/\/www.taksvarkki.fi\/kampanja2021\/"},{"@type":"ListItem","position":2,"name":"Video Grid Gallery"}]},{"@type":"WebSite","@id":"https:\/\/www.taksvarkki.fi\/kampanja2021\/#website","url":"https:\/\/www.taksvarkki.fi\/kampanja2021\/","name":"Mik\u00e4 sua est\u00e4\u00e4?","description":"Uusi Taksvarkki ry -sivusto","potentialAction":[{"@type":"SearchAction","target":{"@type":"EntryPoint","urlTemplate":"https:\/\/www.taksvarkki.fi\/kampanja2021\/?s={search_term_string}"},"query-input":{"@type":"PropertyValueSpecification","valueRequired":true,"valueName":"search_term_string"}}],"inLanguage":"fi"}]}},"_links":{"self":[{"href":"https:\/\/www.taksvarkki.fi\/kampanja2021\/wp-json\/wp\/v2\/pages\/849","targetHints":{"allow":["GET"]}}],"collection":[{"href":"https:\/\/www.taksvarkki.fi\/kampanja2021\/wp-json\/wp\/v2\/pages"}],"about":[{"href":"https:\/\/www.taksvarkki.fi\/kampanja2021\/wp-json\/wp\/v2\/types\/page"}],"author":[{"embeddable":true,"href":"https:\/\/www.taksvarkki.fi\/kampanja2021\/wp-json\/wp\/v2\/users\/18"}],"replies":[{"embeddable":true,"href":"https:\/\/www.taksvarkki.fi\/kampanja2021\/wp-json\/wp\/v2\/comments?post=849"}],"version-history":[{"count":0,"href":"https:\/\/www.taksvarkki.fi\/kampanja2021\/wp-json\/wp\/v2\/pages\/849\/revisions"}],"wp:attachment":[{"href":"https:\/\/www.taksvarkki.fi\/kampanja2021\/wp-json\/wp\/v2\/media?parent=849"}],"curies":[{"name":"wp","href":"https:\/\/api.w.org\/{rel}","templated":true}]}}